{"id":102,"date":"2024-05-13T00:42:33","date_gmt":"2024-05-12T22:42:33","guid":{"rendered":"https:\/\/newdkas.wpm.hehe.si\/?page_id=102"},"modified":"2025-11-03T17:52:01","modified_gmt":"2025-11-03T16:52:01","slug":"o-stroki","status":"publish","type":"page","link":"https:\/\/dkas.si\/en\/krajinska-arhitektura\/o-stroki\/","title":{"rendered":"O stroki"},"content":{"rendered":"<h2 class=\"title\">O stroki<\/h2>\n<p><strong>Krajinska arhitektura se je kot stroka razvila v \u010dasu hitre rasti mest in razvoja industrije konec 18. stoletja. Z leti si je utrdila polo\u017eaj med in\u017eenirskimi strokami s tem, ko je v urbanizem in urejanje prostora prispevala znanje o delovanju narave in varstvu okolja ter povezala funkcionalnost prostora s podobo. Krajinski arhitekti s svojim znanjem in delom na razli\u010dnih podro\u010djih in ravneh urejanja prostora prispevamo h kakovosti, varstvu in razvoju krajin, javnih in zasebnih, urbanih in kulturnih.<\/strong><\/p>\n<p>Kljub dejavni vlogi krajinske arhitekture pri oblikovanju krajine in urejanju prostora v Sloveniji je njena zaznavnost\u00a0 omejena s sorazmerno malim \u0161tevilom krajinskih arhitektov. Zato pa so ti toliko bolj dejavni na sorazmerno \u0161irokem podro\u010dju oblikovanja in planiranja prostora. In to pomeni, da so dovolj opazni ne samo v strokovnih krogih prostorskih na\u010drtovalcev temve\u010d tudi v \u0161ir\u0161i javnosti. Za stroko je bil nedvomno prelomni trenutek ustanovitev dodiplomskega \u0161tudija krajinske arhitekture na Univerzi v Ljubljani, hkrati pa tudi vklju\u010devanje stroke v za\u010detke okoljevarstvenega delovanja na Slovenskem v 70-tih letih prej\u0161njega stoletja. Morda je prav aktualnost okoljevarstvene problematike bila vzrok, da se je stroka uveljavila s svojimi prispevki pri razre\u0161evanju zelo \u0161irokega razpona razvojnih problemov v prostoru.<\/p>\n<p>Tako so danes podro\u010dja delovanja krajinskih arhitektov v Sloveniji zelo raznolika, od oblikovanja odprtih prostorov v mestih in v zunajmestnem prostoru, do okoljevarstvenega na\u010drtovanja posegov v okolje in vzdr\u017enega prostorskega na\u010drtovanja. Dose\u017eki slovenske krajinske arhitekture v dru\u017ebeni stvarnosti so bili doslej celo za zgled kolegom v drugih de\u017eelah, tudi v bogatej\u0161ih evropskih dr\u017eavah. Na raznolikih podro\u010djih urejanja prostora ima delovanje slovenskih krajinskih arhitektov vendar skupno in povezujo\u010de obele\u017eje. Pomeni prizadevanje za humano, bivanjsko in do\u017eivljajsko prijetno ter dru\u017ebeno sprejemljivo na\u010drtovanje prostorskih ureditev. Pomeni pa tudi prizadevanja za okoljsko vzdr\u017eno na\u010drtovanje rabe prostora, torej tako na\u010drtovanje prostora, ki upo\u0161teva zahteve za varstvo okolja ter ohranjanje narave.<\/p>\n","protected":false},"excerpt":{"rendered":"<p>O stroki Krajinska arhitektura se je kot stroka razvila v \u010dasu hitre rasti mest in razvoja industrije konec 18. stoletja. Z leti si je utrdila polo\u017eaj med in\u017eenirskimi strokami s tem, ko je v urbanizem in urejanje prostora prispevala znanje o delovanju narave in varstvu okolja ter povezala funkcionalnost prostora s podobo. Krajinski arhitekti s [&hellip;]<\/p>\n","protected":false},"author":1,"featured_media":1192,"parent":62,"menu_order":1,"comment_status":"closed","ping_status":"closed","template":"","meta":{"footnotes":""},"class_list":["post-102","page","type-page","status-publish","has-post-thumbnail","hentry"],"_links":{"self":[{"href":"https:\/\/dkas.si\/en\/wp-json\/wp\/v2\/pages\/102","targetHints":{"allow":["GET"]}}],"collection":[{"href":"https:\/\/dkas.si\/en\/wp-json\/wp\/v2\/pages"}],"about":[{"href":"https:\/\/dkas.si\/en\/wp-json\/wp\/v2\/types\/page"}],"author":[{"embeddable":true,"href":"https:\/\/dkas.si\/en\/wp-json\/wp\/v2\/users\/1"}],"replies":[{"embeddable":true,"href":"https:\/\/dkas.si\/en\/wp-json\/wp\/v2\/comments?post=102"}],"version-history":[{"count":18,"href":"https:\/\/dkas.si\/en\/wp-json\/wp\/v2\/pages\/102\/revisions"}],"predecessor-version":[{"id":2778,"href":"https:\/\/dkas.si\/en\/wp-json\/wp\/v2\/pages\/102\/revisions\/2778"}],"up":[{"embeddable":true,"href":"https:\/\/dkas.si\/en\/wp-json\/wp\/v2\/pages\/62"}],"wp:featuredmedia":[{"embeddable":true,"href":"https:\/\/dkas.si\/en\/wp-json\/wp\/v2\/media\/1192"}],"wp:attachment":[{"href":"https:\/\/dkas.si\/en\/wp-json\/wp\/v2\/media?parent=102"}],"curies":[{"name":"wp","href":"https:\/\/api.w.org\/{rel}","templated":true}]}}