{"id":108,"date":"2024-05-13T00:43:28","date_gmt":"2024-05-12T22:43:28","guid":{"rendered":"https:\/\/newdkas.wpm.hehe.si\/?page_id=108"},"modified":"2025-11-03T18:58:50","modified_gmt":"2025-11-03T17:58:50","slug":"sodelovanje-v-zaps","status":"publish","type":"page","link":"https:\/\/dkas.si\/en\/krajinska-arhitektura\/sodelovanje-v-zaps\/","title":{"rendered":"Sodelovanje v ZAPS"},"content":{"rendered":"<h2>Sodelovanje v ZAPS<\/h2>\n<p style=\"font-weight: 400;\"><strong>Dru\u0161tvo skladno s 5. \u010dlenom <a href=\"https:\/\/dkas.si\/drustvo\/statut\/\" target=\"_blank\" rel=\"noopener\">Statuta DKAS<\/a> sodeluje z Zbornico za arhitekturo in prostor Slovenije (<a href=\"https:\/\/zaps.si\/poslanstvo-in-statistika\/\" target=\"_blank\" rel=\"noopener\" data-saferedirecturl=\"https:\/\/www.google.com\/url?q=https:\/\/zaps.si\/poslanstvo-in-statistika\/&amp;source=gmail&amp;ust=1762276083756000&amp;usg=AOvVaw2gxwBcyPIY7E-p_QEEACqW\">ZAPS<\/a>).<\/strong><\/p>\n<p style=\"font-weight: 400;\"><a href=\"https:\/\/zaps.si\/\" target=\"_blank\" rel=\"noopener\" data-saferedirecturl=\"https:\/\/www.google.com\/url?q=https:\/\/zaps.si\/&amp;source=gmail&amp;ust=1762276083756000&amp;usg=AOvVaw3PJhbylvyK6r2RbYpUbC4l\">ZAPS<\/a>\u00a0skladno z javnimi pooblastili (ZAID) vodi\u00a0<a href=\"https:\/\/zaps.si\/clanstvo\/clani-v-zaps\/imenik\/\" target=\"_blank\" rel=\"noopener\" data-saferedirecturl=\"https:\/\/www.google.com\/url?q=https:\/\/zaps.si\/clanstvo\/clani-v-zaps\/imenik\/&amp;source=gmail&amp;ust=1762276083756000&amp;usg=AOvVaw0Cf70m2l2dZYWh3e3C-R2J\">imenik<\/a>\u00a0poobla\u0161\u010denih krajinskih arhitektov, ki imajo opravljen strokovni izpit za PKA &#8211; poobla\u0161\u010den krajinski arhitekt ali PPN &#8211; poobla\u0161\u010den prostorski na\u010drtovalec.<\/p>\n<p style=\"font-weight: 400;\">Krajinski arhitekti so znotraj ZAPS povezani v Mati\u010dni sekciji krajinskih arhitektov (<a href=\"https:\/\/zaps.si\/ekipa\/predstavniska-telesa\/\" target=\"_blank\" rel=\"noopener\" data-saferedirecturl=\"https:\/\/www.google.com\/url?q=https:\/\/zaps.si\/ekipa\/predstavniska-telesa\/&amp;source=gmail&amp;ust=1762276083756000&amp;usg=AOvVaw2ZFbu1oqZZg7ywne4tWaCh\">MSKA<\/a>) in so \u010dlani v razli\u010dnih\u00a0<a href=\"https:\/\/zaps.si\/ekipa\/vodstvo\/\" target=\"_blank\" rel=\"noopener\" data-saferedirecturl=\"https:\/\/www.google.com\/url?q=https:\/\/zaps.si\/ekipa\/vodstvo\/&amp;source=gmail&amp;ust=1762276083756000&amp;usg=AOvVaw3-oo5chHJCyFd61uaVaVLR\">organih<\/a>\u00a0Zbornice za arhitekturo in prostor Slovenije.<\/p>\n","protected":false},"excerpt":{"rendered":"<p>Sodelovanje v ZAPS Dru\u0161tvo skladno s 5. \u010dlenom Statuta DKAS sodeluje z Zbornico za arhitekturo in prostor Slovenije (ZAPS). ZAPS\u00a0skladno z javnimi pooblastili (ZAID) vodi\u00a0imenik\u00a0poobla\u0161\u010denih krajinskih arhitektov, ki imajo opravljen strokovni izpit za PKA &#8211; poobla\u0161\u010den krajinski arhitekt ali PPN &#8211; poobla\u0161\u010den prostorski na\u010drtovalec. Krajinski arhitekti so znotraj ZAPS povezani v Mati\u010dni sekciji krajinskih arhitektov [&hellip;]<\/p>\n","protected":false},"author":1,"featured_media":2150,"parent":62,"menu_order":4,"comment_status":"closed","ping_status":"closed","template":"","meta":{"footnotes":""},"class_list":["post-108","page","type-page","status-publish","has-post-thumbnail","hentry"],"_links":{"self":[{"href":"https:\/\/dkas.si\/en\/wp-json\/wp\/v2\/pages\/108","targetHints":{"allow":["GET"]}}],"collection":[{"href":"https:\/\/dkas.si\/en\/wp-json\/wp\/v2\/pages"}],"about":[{"href":"https:\/\/dkas.si\/en\/wp-json\/wp\/v2\/types\/page"}],"author":[{"embeddable":true,"href":"https:\/\/dkas.si\/en\/wp-json\/wp\/v2\/users\/1"}],"replies":[{"embeddable":true,"href":"https:\/\/dkas.si\/en\/wp-json\/wp\/v2\/comments?post=108"}],"version-history":[{"count":11,"href":"https:\/\/dkas.si\/en\/wp-json\/wp\/v2\/pages\/108\/revisions"}],"predecessor-version":[{"id":2797,"href":"https:\/\/dkas.si\/en\/wp-json\/wp\/v2\/pages\/108\/revisions\/2797"}],"up":[{"embeddable":true,"href":"https:\/\/dkas.si\/en\/wp-json\/wp\/v2\/pages\/62"}],"wp:featuredmedia":[{"embeddable":true,"href":"https:\/\/dkas.si\/en\/wp-json\/wp\/v2\/media\/2150"}],"wp:attachment":[{"href":"https:\/\/dkas.si\/en\/wp-json\/wp\/v2\/media?parent=108"}],"curies":[{"name":"wp","href":"https:\/\/api.w.org\/{rel}","templated":true}]}}