{"id":1237,"date":"2025-09-23T18:14:30","date_gmt":"2025-09-23T16:14:30","guid":{"rendered":"https:\/\/newdkas.wpm.hehe.si\/?page_id=1237"},"modified":"2025-09-23T18:29:30","modified_gmt":"2025-09-23T16:29:30","slug":"mestne-zelene-povrsine-med-ljubiteljstvom-in-stroko","status":"publish","type":"page","link":"https:\/\/dkas.si\/en\/projekti-in-publikacije\/publikacije\/mestne-zelene-povrsine-med-ljubiteljstvom-in-stroko\/","title":{"rendered":"Mestne zelene povr\u0161ine med ljubiteljstvom in stroko"},"content":{"rendered":"<h2>Mestne zelene povr\u0161ine med ljubiteljstvom in stroko<\/h2>\n<p><img loading=\"lazy\" decoding=\"async\" class=\"alignnone size-medium wp-image-1243\" src=\"https:\/\/dkas.si\/wp-content\/uploads\/2025\/09\/mestne_zp-1-258x300.jpg\" alt=\"\" width=\"258\" height=\"300\" srcset=\"https:\/\/dkas.si\/wp-content\/uploads\/2025\/09\/mestne_zp-1-258x300.jpg 258w, https:\/\/dkas.si\/wp-content\/uploads\/2025\/09\/mestne_zp-1.jpg 480w\" sizes=\"auto, (max-width: 258px) 100vw, 258px\" \/><\/p>\n<p>Avtorica: Maja Simoneti<br \/>\nPredgovor: Drago Kos<\/p>\n<p>Izdal:<br \/>\nZnanstveno in publicisti\u010dno sredi\u0161\u010de, Beethovnova 2, Ljubljana<br \/>\nZbirka Spekter 1\/97<br \/>\nLjubljana 1997<\/p>\n<p>Urednica zbirke: Vlasta Vi\u010di\u010d<br \/>\nPrelom.: Jo\u017eica Dolgan<br \/>\nNaslovnica : Ismar Mujezinovi\u010d<br \/>\nTisk: JA GRAFIKA, Ljubljana<br \/>\nNaklada 800 izvodov<\/p>\n<p>CIP &#8211; Katalo\u017eni zapis o publikaciji<br \/>\nNarodna in univerzitetna knji\u017enica, Ljubljana<br \/>\n712.25(497.4 Ljubljana)<\/p>\n<p>Knjiga povzema ugotovitve raziskovalnega dela na temo vklju\u010devanja javnosti v urejanje mestnih zelenih povr\u0161in, ki je bilo opravljeno v \u010dasu podiplomskega \u0161tudija krajinske arhitekture in je bilo predmet avtori\u010dinega magistrskega dela.<\/p>\n<p>Knjiga razvije misel o mo\u017enostih, ki jih participacija ponuja za u\u010dinkovitej\u0161e vzdr\u017eevanje javnih zelenih povr\u0161in v \u0161tirih poglavjih: najprej predstavi pomen narave in mestnih zelenih povr\u0161in za \u010dloveka ter predstavi tezo, da vklju\u010devanje uporabnika postavi v dr\u017eo odgovornosti, ki je vsestransko koristna za rabo in urejanje zelenih povr\u0161in, nato ponudi vpogled v razmerje med javnostjo in stroko v urejanju prostora, predstavi na\u010dine sodelovanja in primere dobre prakse ter opredeli vlogo strokovnjakov pri vklju\u010dujo\u010dem na\u010dinu dela, sledi predstavitev terenske in anketne raziskave o participaciji uporabnikov v urejanju zelenih povr\u0161in izvedene v ljubljanskih stanovanjskih soseskah, za konec pa predstavi mo\u017enosti in ukrepe za produktivno sodelovanje me\u0161\u010danov pri urejanju zelenih povr\u0161in v Ljubljani.<\/p>\n","protected":false},"excerpt":{"rendered":"<p>Mestne zelene povr\u0161ine med ljubiteljstvom in stroko Avtorica: Maja Simoneti Predgovor: Drago Kos Izdal: Znanstveno in publicisti\u010dno sredi\u0161\u010de, Beethovnova 2, Ljubljana Zbirka Spekter 1\/97 Ljubljana 1997 Urednica zbirke: Vlasta Vi\u010di\u010d Prelom.: Jo\u017eica Dolgan Naslovnica : Ismar Mujezinovi\u010d Tisk: JA GRAFIKA, Ljubljana Naklada 800 izvodov CIP &#8211; Katalo\u017eni zapis o publikaciji Narodna in univerzitetna knji\u017enica, Ljubljana [&hellip;]<\/p>\n","protected":false},"author":2,"featured_media":501,"parent":89,"menu_order":0,"comment_status":"closed","ping_status":"closed","template":"","meta":{"footnotes":""},"class_list":["post-1237","page","type-page","status-publish","has-post-thumbnail","hentry"],"_links":{"self":[{"href":"https:\/\/dkas.si\/en\/wp-json\/wp\/v2\/pages\/1237","targetHints":{"allow":["GET"]}}],"collection":[{"href":"https:\/\/dkas.si\/en\/wp-json\/wp\/v2\/pages"}],"about":[{"href":"https:\/\/dkas.si\/en\/wp-json\/wp\/v2\/types\/page"}],"author":[{"embeddable":true,"href":"https:\/\/dkas.si\/en\/wp-json\/wp\/v2\/users\/2"}],"replies":[{"embeddable":true,"href":"https:\/\/dkas.si\/en\/wp-json\/wp\/v2\/comments?post=1237"}],"version-history":[{"count":5,"href":"https:\/\/dkas.si\/en\/wp-json\/wp\/v2\/pages\/1237\/revisions"}],"predecessor-version":[{"id":1248,"href":"https:\/\/dkas.si\/en\/wp-json\/wp\/v2\/pages\/1237\/revisions\/1248"}],"up":[{"embeddable":true,"href":"https:\/\/dkas.si\/en\/wp-json\/wp\/v2\/pages\/89"}],"wp:featuredmedia":[{"embeddable":true,"href":"https:\/\/dkas.si\/en\/wp-json\/wp\/v2\/media\/501"}],"wp:attachment":[{"href":"https:\/\/dkas.si\/en\/wp-json\/wp\/v2\/media?parent=1237"}],"curies":[{"name":"wp","href":"https:\/\/api.w.org\/{rel}","templated":true}]}}