{"id":1266,"date":"2025-09-23T22:18:44","date_gmt":"2025-09-23T20:18:44","guid":{"rendered":"https:\/\/newdkas.wpm.hehe.si\/?page_id=1266"},"modified":"2025-09-23T22:47:25","modified_gmt":"2025-09-23T20:47:25","slug":"evropska-konvencija-o-krajini-izvajanje-v-sloveniji","status":"publish","type":"page","link":"https:\/\/dkas.si\/en\/projekti-in-publikacije\/publikacije\/evropska-konvencija-o-krajini-izvajanje-v-sloveniji\/","title":{"rendered":"Evropska konvencija o krajini \u2013 izvajanje v Sloveniji"},"content":{"rendered":"<h2>Evropska konvencija o krajini \u2013 izvajanje v Sloveniji<\/h2>\n<p><img loading=\"lazy\" decoding=\"async\" class=\"size-medium wp-image-1262\" src=\"https:\/\/dkas.si\/wp-content\/uploads\/2025\/09\/EKK-naslovnica-300x300.jpg\" alt=\"\" width=\"300\" height=\"300\" srcset=\"https:\/\/dkas.si\/wp-content\/uploads\/2025\/09\/EKK-naslovnica-300x300.jpg 300w, https:\/\/dkas.si\/wp-content\/uploads\/2025\/09\/EKK-naslovnica-150x150.jpg 150w, https:\/\/dkas.si\/wp-content\/uploads\/2025\/09\/EKK-naslovnica.jpg 595w\" sizes=\"auto, (max-width: 300px) 100vw, 300px\" \/><img loading=\"lazy\" decoding=\"async\" class=\"alignnone size-medium wp-image-1274\" src=\"https:\/\/dkas.si\/wp-content\/uploads\/2025\/09\/EKKnotranja2V-300x150.jpg\" alt=\"\" width=\"300\" height=\"150\" srcset=\"https:\/\/dkas.si\/wp-content\/uploads\/2025\/09\/EKKnotranja2V-300x150.jpg 300w, https:\/\/dkas.si\/wp-content\/uploads\/2025\/09\/EKKnotranja2V.jpg 720w\" sizes=\"auto, (max-width: 300px) 100vw, 300px\" \/><img loading=\"lazy\" decoding=\"async\" class=\"alignnone size-medium wp-image-1273\" src=\"https:\/\/dkas.si\/wp-content\/uploads\/2025\/09\/EKK-naslovnicaan-300x300.jpg\" alt=\"\" width=\"300\" height=\"300\" srcset=\"https:\/\/dkas.si\/wp-content\/uploads\/2025\/09\/EKK-naslovnicaan-300x300.jpg 300w, https:\/\/dkas.si\/wp-content\/uploads\/2025\/09\/EKK-naslovnicaan-150x150.jpg 150w, https:\/\/dkas.si\/wp-content\/uploads\/2025\/09\/EKK-naslovnicaan.jpg 595w\" sizes=\"auto, (max-width: 300px) 100vw, 300px\" \/><\/p>\n<p><strong><a href=\"https:\/\/dkas.si\/wp-content\/uploads\/2025\/09\/1Evropska_konvencija_o_krajini.pdf\">Evropska konvencija o krajini &#8211; izvajanje v Sloveniji (2008)<\/a><\/strong><\/p>\n<p>Naklada: 1000 izvodov v slovenskem jeziku<\/p>\n<p><strong><a href=\"https:\/\/dkas.si\/wp-content\/uploads\/2025\/09\/1European_landscape_convention.pdf\">European Landscape Convention &#8211; implementation in Slovenia (2010)<\/a><\/strong><\/p>\n<p>Naklada: 1000 izvodov v angle\u0161kem jeziku<br \/>\nIzdalo: Ministrstvo za okolje in prostor<\/p>\n<p>Avtor: mag. Nata\u0161a Bratina Jurkovi\u010d, Allinea plus d.o.o.<br \/>\nUrednik: Jelena Hladnik, Ministrstvo za okolje in prostor<br \/>\nOblikovanje, grafi\u010dna podoba in prelom: Allinea plus d.o.o.<br \/>\nLektoriranje: Optimus d.o.o.<br \/>\nPrevod: King-Videti\u010d, Martin Cregeen<br \/>\nTisk: Schwarz d.o.o., Ljubljana<\/p>\n<p>CIP &#8211; Katalo\u017eni zapis o publikaciji<br \/>\nNarodna in univerzitetna knji\u017enica, Ljubljana<br \/>\n712.2 (497.4)(094.2)<\/p>\n<p>Ministrstvo za okolje in prostor je novembra 2008 izdalo publikacijo z naslovom \u00bbEvropska konvencija o krajini \u2013 izvajanje v Sloveniji\u00ab, in maja 2010 \u0161e dopolnjeno angle\u0161ko razli\u010dico z naslovom \u00bb Eropean Landscape Convention \u2013 Implementation in Slovenia\u00ab. Namen publikacije je seznanjanje strokovne javnosti ter ozave\u0161\u010danje \u0161ir\u0161e javnosti o vrednotah krajin in Evropski konvenciji o krajini.<\/p>\n<p>V publikaciji je predstavljena Evropska konvencija o krajini, njen namen nastanka, cilji konvencije, izhodi\u0161\u010da za varstvo upravljanje in na\u010drtovanje krajin. Opisani so klju\u010dni poudarki konvencije in kak\u0161ne so obveznosti dr\u017eav pogodbenic konvencije pri izvajanju konvencije.<\/p>\n<p>V drugem delu je opisano izvajanje Evropske konvencije o krajini v Sloveniji. Opisano je stanje in kakovost krajin v Sloveniji, predstavljene so krajinske regije Slovenije kot rezultat obse\u017enega projekta prepoznavanja in vrednotenja krajin, navedena je zakonodajna podlaga in vklju\u010denost varstva in razvoja krajine v razli\u010dne sektorske zakone. Po posameznih podro\u010djih delovanja je predstavljeno dosedanje izvajanje konvencije in vklju\u010devanje vsebin krajine v aktivnosti, predpise in dokumente na podro\u010dju urejanja prostora, varstva okolja, ohranjanja narave, varstva kulturne dedi\u0161\u010dine, kmetijstva in gozdarstva, izobra\u017eevanja, mednarodnega sodelovanja, delovanja nevladnih organizacij vklju\u010devanja javnosti in ozave\u0161\u010danja.<\/p>\n<p>Publikacija je iz\u0161la v slovenskem in angle\u0161kem jeziku, vsaka v nakladi 1000 izvodov in je dostopna tudi na spletni strani MOP v obliki za tiskanje.<\/p>\n","protected":false},"excerpt":{"rendered":"<p>Evropska konvencija o krajini \u2013 izvajanje v Sloveniji Evropska konvencija o krajini &#8211; izvajanje v Sloveniji (2008) Naklada: 1000 izvodov v slovenskem jeziku European Landscape Convention &#8211; implementation in Slovenia (2010) Naklada: 1000 izvodov v angle\u0161kem jeziku Izdalo: Ministrstvo za okolje in prostor Avtor: mag. Nata\u0161a Bratina Jurkovi\u010d, Allinea plus d.o.o. Urednik: Jelena Hladnik, Ministrstvo [&hellip;]<\/p>\n","protected":false},"author":2,"featured_media":501,"parent":89,"menu_order":0,"comment_status":"closed","ping_status":"closed","template":"","meta":{"footnotes":""},"class_list":["post-1266","page","type-page","status-publish","has-post-thumbnail","hentry"],"_links":{"self":[{"href":"https:\/\/dkas.si\/en\/wp-json\/wp\/v2\/pages\/1266","targetHints":{"allow":["GET"]}}],"collection":[{"href":"https:\/\/dkas.si\/en\/wp-json\/wp\/v2\/pages"}],"about":[{"href":"https:\/\/dkas.si\/en\/wp-json\/wp\/v2\/types\/page"}],"author":[{"embeddable":true,"href":"https:\/\/dkas.si\/en\/wp-json\/wp\/v2\/users\/2"}],"replies":[{"embeddable":true,"href":"https:\/\/dkas.si\/en\/wp-json\/wp\/v2\/comments?post=1266"}],"version-history":[{"count":18,"href":"https:\/\/dkas.si\/en\/wp-json\/wp\/v2\/pages\/1266\/revisions"}],"predecessor-version":[{"id":1290,"href":"https:\/\/dkas.si\/en\/wp-json\/wp\/v2\/pages\/1266\/revisions\/1290"}],"up":[{"embeddable":true,"href":"https:\/\/dkas.si\/en\/wp-json\/wp\/v2\/pages\/89"}],"wp:featuredmedia":[{"embeddable":true,"href":"https:\/\/dkas.si\/en\/wp-json\/wp\/v2\/media\/501"}],"wp:attachment":[{"href":"https:\/\/dkas.si\/en\/wp-json\/wp\/v2\/media?parent=1266"}],"curies":[{"name":"wp","href":"https:\/\/api.w.org\/{rel}","templated":true}]}}