{"id":1294,"date":"2025-09-23T22:57:52","date_gmt":"2025-09-23T20:57:52","guid":{"rendered":"https:\/\/newdkas.wpm.hehe.si\/?page_id=1294"},"modified":"2025-09-23T23:11:00","modified_gmt":"2025-09-23T21:11:00","slug":"landscape-21-dilemmas-in-contemporary-landscape-architecture","status":"publish","type":"page","link":"https:\/\/dkas.si\/en\/projekti-in-publikacije\/publikacije\/landscape-21-dilemmas-in-contemporary-landscape-architecture\/","title":{"rendered":"Landscape 21 - Dilemmas in Contemporary Landscape Architecture"},"content":{"rendered":"<h2>Landscape 21 &#8211; Dilemmas in Contemporary Landscape Architecture<\/h2>\n<p><img loading=\"lazy\" decoding=\"async\" class=\"alignnone size-medium wp-image-1291\" src=\"https:\/\/dkas.si\/wp-content\/uploads\/2025\/09\/Landscape21-225x300.jpg\" alt=\"\" width=\"225\" height=\"300\" srcset=\"https:\/\/dkas.si\/wp-content\/uploads\/2025\/09\/Landscape21-225x300.jpg 225w, https:\/\/dkas.si\/wp-content\/uploads\/2025\/09\/Landscape21-768x1024.jpg 768w, https:\/\/dkas.si\/wp-content\/uploads\/2025\/09\/Landscape21.jpg 900w\" sizes=\"auto, (max-width: 225px) 100vw, 225px\" \/><\/p>\n<p><strong><a href=\"https:\/\/dkas.si\/wp-content\/uploads\/2025\/09\/Landscape21_WEB.pdf\">Landscape 21 &#8211; Dilemmas in Contemporary Landscape Architecture<\/a><\/strong><\/p>\n<p>&nbsp;<\/p>\n<p>Novembra 2009 je Oddelek za krajinsko arhitekturo Biotehni\u0161ke fakultete v Ljubljani organiziral konferenco z naslovom <em><strong>Dileme v sodobni krajinski arhitekturi<\/strong><\/em>. Vsi prispevki so iz\u0161li v posebni \u0161tevilki revije Landscape21, ki je v polni .pdf verziji: <a href=\"https:\/\/dkas.si\/wp-content\/uploads\/2025\/09\/Landscape21_WEB.pdf\">tukaj<\/a>.<\/p>\n<p>Landscape 21, International Journal for Planning Research and Landspace Design; Special Edition 2010<br \/>\nPublished by: Department of Landscape Architecture, Biotechnical Faculty, University of Ljubljana, Slovenia<\/p>\n<p>&nbsp;<\/p>\n","protected":false},"excerpt":{"rendered":"<p>Landscape 21 &#8211; Dilemmas in Contemporary Landscape Architecture Landscape 21 &#8211; Dilemmas in Contemporary Landscape Architecture &nbsp; Novembra 2009 je Oddelek za krajinsko arhitekturo Biotehni\u0161ke fakultete v Ljubljani organiziral konferenco z naslovom Dileme v sodobni krajinski arhitekturi. Vsi prispevki so iz\u0161li v posebni \u0161tevilki revije Landscape21, ki je v polni .pdf verziji: tukaj. Landscape 21, [&hellip;]<\/p>\n","protected":false},"author":2,"featured_media":501,"parent":89,"menu_order":0,"comment_status":"closed","ping_status":"closed","template":"","meta":{"footnotes":""},"class_list":["post-1294","page","type-page","status-publish","has-post-thumbnail","hentry"],"_links":{"self":[{"href":"https:\/\/dkas.si\/en\/wp-json\/wp\/v2\/pages\/1294","targetHints":{"allow":["GET"]}}],"collection":[{"href":"https:\/\/dkas.si\/en\/wp-json\/wp\/v2\/pages"}],"about":[{"href":"https:\/\/dkas.si\/en\/wp-json\/wp\/v2\/types\/page"}],"author":[{"embeddable":true,"href":"https:\/\/dkas.si\/en\/wp-json\/wp\/v2\/users\/2"}],"replies":[{"embeddable":true,"href":"https:\/\/dkas.si\/en\/wp-json\/wp\/v2\/comments?post=1294"}],"version-history":[{"count":3,"href":"https:\/\/dkas.si\/en\/wp-json\/wp\/v2\/pages\/1294\/revisions"}],"predecessor-version":[{"id":1304,"href":"https:\/\/dkas.si\/en\/wp-json\/wp\/v2\/pages\/1294\/revisions\/1304"}],"up":[{"embeddable":true,"href":"https:\/\/dkas.si\/en\/wp-json\/wp\/v2\/pages\/89"}],"wp:featuredmedia":[{"embeddable":true,"href":"https:\/\/dkas.si\/en\/wp-json\/wp\/v2\/media\/501"}],"wp:attachment":[{"href":"https:\/\/dkas.si\/en\/wp-json\/wp\/v2\/media?parent=1294"}],"curies":[{"name":"wp","href":"https:\/\/api.w.org\/{rel}","templated":true}]}}