{"id":1316,"date":"2025-09-24T09:21:16","date_gmt":"2025-09-24T07:21:16","guid":{"rendered":"https:\/\/newdkas.wpm.hehe.si\/?page_id=1316"},"modified":"2025-09-24T09:21:42","modified_gmt":"2025-09-24T07:21:42","slug":"vrtna-umetnost-sveta","status":"publish","type":"page","link":"https:\/\/dkas.si\/en\/projekti-in-publikacije\/publikacije\/vrtna-umetnost-sveta\/","title":{"rendered":"Vrtna umetnost sveta"},"content":{"rendered":"<h2>Vrtna umetnost sveta<\/h2>\n<p><img loading=\"lazy\" decoding=\"async\" class=\"size-medium wp-image-1314\" src=\"https:\/\/dkas.si\/wp-content\/uploads\/2025\/09\/Vrtna-umetnost-sveta-Ogrin-218x300.jpg\" alt=\"\" width=\"218\" height=\"300\" srcset=\"https:\/\/dkas.si\/wp-content\/uploads\/2025\/09\/Vrtna-umetnost-sveta-Ogrin-218x300.jpg 218w, https:\/\/dkas.si\/wp-content\/uploads\/2025\/09\/Vrtna-umetnost-sveta-Ogrin.jpg 522w\" sizes=\"auto, (max-width: 218px) 100vw, 218px\" \/><\/p>\n<p>Du\u0161an Ogrin: Vrtna umetnost sveta: pregled svetovne dedi\u0161\u010dine<\/p>\n<p>Izdal: Zalo\u017eba Pudon v sodelovanju z EWO, Ljubljana 1993<\/p>\n<p>Besedilo in fotografije: Du\u0161an Ogrin<\/p>\n<p>Tipografska zasnova: Du\u0161an Ogrin<\/p>\n<p>Grafika: Illirska Bistrica<\/p>\n<p>Tisk in vezava: Gorenjski tisk, Kranj<\/p>\n<p>Poro\u010dila, recenzije: Grega Ko\u0161ak, Vladimir Mu\u0161i\u010d<\/p>\n<p>Ljubljana 1993<\/p>\n","protected":false},"excerpt":{"rendered":"<p>Vrtna umetnost sveta Du\u0161an Ogrin: Vrtna umetnost sveta: pregled svetovne dedi\u0161\u010dine Izdal: Zalo\u017eba Pudon v sodelovanju z EWO, Ljubljana 1993 Besedilo in fotografije: Du\u0161an Ogrin Tipografska zasnova: Du\u0161an Ogrin Grafika: Illirska Bistrica Tisk in vezava: Gorenjski tisk, Kranj Poro\u010dila, recenzije: Grega Ko\u0161ak, Vladimir Mu\u0161i\u010d Ljubljana 1993<\/p>\n","protected":false},"author":2,"featured_media":501,"parent":89,"menu_order":0,"comment_status":"closed","ping_status":"closed","template":"","meta":{"footnotes":""},"class_list":["post-1316","page","type-page","status-publish","has-post-thumbnail","hentry"],"_links":{"self":[{"href":"https:\/\/dkas.si\/en\/wp-json\/wp\/v2\/pages\/1316","targetHints":{"allow":["GET"]}}],"collection":[{"href":"https:\/\/dkas.si\/en\/wp-json\/wp\/v2\/pages"}],"about":[{"href":"https:\/\/dkas.si\/en\/wp-json\/wp\/v2\/types\/page"}],"author":[{"embeddable":true,"href":"https:\/\/dkas.si\/en\/wp-json\/wp\/v2\/users\/2"}],"replies":[{"embeddable":true,"href":"https:\/\/dkas.si\/en\/wp-json\/wp\/v2\/comments?post=1316"}],"version-history":[{"count":1,"href":"https:\/\/dkas.si\/en\/wp-json\/wp\/v2\/pages\/1316\/revisions"}],"predecessor-version":[{"id":1317,"href":"https:\/\/dkas.si\/en\/wp-json\/wp\/v2\/pages\/1316\/revisions\/1317"}],"up":[{"embeddable":true,"href":"https:\/\/dkas.si\/en\/wp-json\/wp\/v2\/pages\/89"}],"wp:featuredmedia":[{"embeddable":true,"href":"https:\/\/dkas.si\/en\/wp-json\/wp\/v2\/media\/501"}],"wp:attachment":[{"href":"https:\/\/dkas.si\/en\/wp-json\/wp\/v2\/media?parent=1316"}],"curies":[{"name":"wp","href":"https:\/\/api.w.org\/{rel}","templated":true}]}}