{"id":1322,"date":"2025-09-24T09:30:11","date_gmt":"2025-09-24T07:30:11","guid":{"rendered":"https:\/\/newdkas.wpm.hehe.si\/?page_id=1322"},"modified":"2025-09-24T09:31:01","modified_gmt":"2025-09-24T07:31:01","slug":"vedenjski-zemljevidi-ljubljanskih-trgov-in-parkov","status":"publish","type":"page","link":"https:\/\/dkas.si\/en\/projekti-in-publikacije\/publikacije\/vedenjski-zemljevidi-ljubljanskih-trgov-in-parkov\/","title":{"rendered":"Vedenjski zemljevidi ljubljanskih trgov in parkov"},"content":{"rendered":"<h2>Vedenjski zemljevidi ljubljanskih trgov in parkov: novi izzivi in pogledi na na\u010drtovanje in urejanje prostora<\/h2>\n<p><img loading=\"lazy\" decoding=\"async\" class=\"size-medium wp-image-1320\" src=\"https:\/\/dkas.si\/wp-content\/uploads\/2025\/09\/Vedenjski-zemljevidi_BG-295x300.jpg\" alt=\"\" width=\"295\" height=\"300\" srcset=\"https:\/\/dkas.si\/wp-content\/uploads\/2025\/09\/Vedenjski-zemljevidi_BG-295x300.jpg 295w, https:\/\/dkas.si\/wp-content\/uploads\/2025\/09\/Vedenjski-zemljevidi_BG.jpg 360w\" sizes=\"auto, (max-width: 295px) 100vw, 295px\" \/><\/p>\n<p>Goli\u010dnik Barbara: Vedenjski zemljevidi ljubljanskih trgov in parkov: novi izzivi in pogledi na na\u010drtovanje in urejanje prostora<\/p>\n<p>Izdal: Urbanisti\u010dni in\u0161titut Republike Slovenije, Trnovski pristan 2, 1127 Ljubljana<br \/>\nZanj odgovorna: izr. prof. dr. Kaliopa Dimitrovska Andrews<\/p>\n<p>Zbirka Urbani izziv &#8211; publikacije<br \/>\nUrednik zbirke: Ivan Stani\u010d<\/p>\n<p>Predgovora: prof. Catharine Ward Thompson, Ivan Stani\u010d<br \/>\nRecenzent: red. prof. dr. Marko Poli\u010d<br \/>\nLektorica: Nata\u0161a Simon\u010di\u010d<br \/>\nPortret avtorice knjige: \u017diga Koritnik<br \/>\nKartografija in fotografije: Barbara Goli\u010dnik<br \/>\nObdelava fotografij, oblikovanje in prelom: Biba Tominc<br \/>\nTisk: Je\u017e &amp; Je\u017e<br \/>\nNaklada: 500 izvodov<br \/>\nLjubljana 2006<\/p>\n<p>Izdajo znanstvene monografije je sofinancirala Mestna ob\u010dina Ljubljana, Oddelek za kulturo in raziskovalno dejavnost<\/p>\n<p>Knjiga Vedenjski zemljevidi ljubljanskih trgov in parkov: Novi izzivi in pogledi na na\u010drtovanje in urejanje prostora izhaja iz doktorske disertacije avtorice z naslovom People in Place: A configuration of physical form and the dynamic patterns of spatial occupancy in urban open public space, ki preu\u010duje uporabo, razmestitev in na\u010din zasedbe javnih odprtih prostorov mestnih sredi\u0161\u010d Edinburga (\u0160kotska, Velika Britanija) in Ljubljane (Slovenija). Je prevod in priredba omenjenega angle\u0161kega izvirnika in se posve\u010da izklju\u010dno ljubljanskim primerom: parkoma Tivoli in Zvezda ter Argentinskemu parku; ter trgom: Trgu republike, Ple\u010dnikovemu trgu, Dvornemu, Pre\u0161ernovemu in Mestnemu trgu. Na podlagi podatkov, zbranih z opazovanji in kartiranji dogajanja v obliki vedenjskih zemljevidov (GIS), omenjene javne mestne odprte prostore Ljubljane obravnava v \u0161ir\u0161em in podrobnej\u0161em obsegu, kot so obdelani v osnovnem viru, doktorski disertaciji avtorice. Razdeljena je v \u0161tiri vsebinske sklope. V Uvodu je poudarek na utemeljitvi problematike in opredelitvi pojmov, Utrip ljubljanskih trgov in parkov se nana\u0161a na empiri\u010dne podatke v obliki vedenjskih zemljevidov za izbrane prostore posami\u010d in primerjalno, poglavji Uspe\u0161ni prostori in Uporabnost vedenjskih zemljevidov v na\u010drtovanju in urejanju prostora pa obravnavata zakonitosti odnosov med uporabniki in prostori, vlogo empiri\u010dnega znanja ter s tem vlogo in pomen vedenjskih zemljevidov v na\u010drtovalskih postopkih in procesih odlo\u010danja.<\/p>\n<p>S poznavanjem in povezovanjem dru\u017ebenih razse\u017enosti prostorov z ekolo\u0161kimi, oblikovalskimi in kulturnimi vidiki urbanisti\u010dnega na\u010drtovanja in oblikovanja kot tudi urejanja in programskega opremljanja prostora je publikacija pomemben prispevek k trajnostnemu re\u0161evanju prostorskih in okoljskih problemov mestne krajine. Hkrati je tudi prispevek k ozave\u0161\u010danju o uporabni\u0161ko prostorskih razmerjih tako na\u010drtovalcev kot tistih, ki odlo\u010dajo o na\u010drtovanju in urejanju prostora. Predmet obravnave je vsakdanje \u017eivljenje me\u0161\u010danov, zato je knjiga pomembna tudi z dru\u017eabnega in rekreacijskega vidika, torej s podro\u010dja kulture in zdravja, in tako zanimiva za \u0161ir\u0161i krog bralcev.<\/p>\n<p>Knjigo\u00a0<strong>Vedenjski zemljevidi ljubljanskih trgov in parkov: Novi izzivi in pogledi na na\u010drtovanje in urejanje prostora<\/strong>, avtorice dr. Barbare Goli\u010dnik je mogo\u010de kupiti na spletni strani\u00a0<a href=\"http:\/\/www.uirs.si\" target=\"_blank\" rel=\"noopener\">Urbanisti\u010dnega in\u0161tituta Republike Slovenije<\/a>.<\/p>\n","protected":false},"excerpt":{"rendered":"<p>Vedenjski zemljevidi ljubljanskih trgov in parkov: novi izzivi in pogledi na na\u010drtovanje in urejanje prostora Goli\u010dnik Barbara: Vedenjski zemljevidi ljubljanskih trgov in parkov: novi izzivi in pogledi na na\u010drtovanje in urejanje prostora Izdal: Urbanisti\u010dni in\u0161titut Republike Slovenije, Trnovski pristan 2, 1127 Ljubljana Zanj odgovorna: izr. prof. dr. Kaliopa Dimitrovska Andrews Zbirka Urbani izziv &#8211; publikacije [&hellip;]<\/p>\n","protected":false},"author":2,"featured_media":501,"parent":89,"menu_order":0,"comment_status":"closed","ping_status":"closed","template":"","meta":{"footnotes":""},"class_list":["post-1322","page","type-page","status-publish","has-post-thumbnail","hentry"],"_links":{"self":[{"href":"https:\/\/dkas.si\/en\/wp-json\/wp\/v2\/pages\/1322","targetHints":{"allow":["GET"]}}],"collection":[{"href":"https:\/\/dkas.si\/en\/wp-json\/wp\/v2\/pages"}],"about":[{"href":"https:\/\/dkas.si\/en\/wp-json\/wp\/v2\/types\/page"}],"author":[{"embeddable":true,"href":"https:\/\/dkas.si\/en\/wp-json\/wp\/v2\/users\/2"}],"replies":[{"embeddable":true,"href":"https:\/\/dkas.si\/en\/wp-json\/wp\/v2\/comments?post=1322"}],"version-history":[{"count":1,"href":"https:\/\/dkas.si\/en\/wp-json\/wp\/v2\/pages\/1322\/revisions"}],"predecessor-version":[{"id":1323,"href":"https:\/\/dkas.si\/en\/wp-json\/wp\/v2\/pages\/1322\/revisions\/1323"}],"up":[{"embeddable":true,"href":"https:\/\/dkas.si\/en\/wp-json\/wp\/v2\/pages\/89"}],"wp:featuredmedia":[{"embeddable":true,"href":"https:\/\/dkas.si\/en\/wp-json\/wp\/v2\/media\/501"}],"wp:attachment":[{"href":"https:\/\/dkas.si\/en\/wp-json\/wp\/v2\/media?parent=1322"}],"curies":[{"name":"wp","href":"https:\/\/api.w.org\/{rel}","templated":true}]}}