{"id":1386,"date":"2025-09-24T10:35:57","date_gmt":"2025-09-24T08:35:57","guid":{"rendered":"https:\/\/newdkas.wpm.hehe.si\/?page_id=1386"},"modified":"2025-09-24T10:46:19","modified_gmt":"2025-09-24T08:46:19","slug":"s-kolesom-po-kozjanskem-obsotelju-in-hrvaskem-zagorju","status":"publish","type":"page","link":"https:\/\/dkas.si\/en\/projekti-in-publikacije\/publikacije\/s-kolesom-po-kozjanskem-obsotelju-in-hrvaskem-zagorju\/","title":{"rendered":"S kolesom po Kozjanskem, Obsotelju in Hrva\u0161kem Zagorju"},"content":{"rendered":"<h2>S kolesom po Kozjanskem, Obsotelju in Hrva\u0161kem Zagorju<\/h2>\n<p><img loading=\"lazy\" decoding=\"async\" class=\"alignnone size-medium wp-image-1399\" src=\"https:\/\/dkas.si\/wp-content\/uploads\/2025\/09\/Kozjansko_1in2-300x254.jpg\" alt=\"\" width=\"300\" height=\"254\" srcset=\"https:\/\/dkas.si\/wp-content\/uploads\/2025\/09\/Kozjansko_1in2-300x254.jpg 300w, https:\/\/dkas.si\/wp-content\/uploads\/2025\/09\/Kozjansko_1in2-768x649.jpg 768w, https:\/\/dkas.si\/wp-content\/uploads\/2025\/09\/Kozjansko_1in2.jpg 852w\" sizes=\"auto, (max-width: 300px) 100vw, 300px\" \/><\/p>\n<p>S kolesom po Kozjanskem, Obsotelju in Hrva\u0161kem Zagorju; Turisti\u010dna karta za kolesarje v merilu 1:50.000; karta 1, karta 2<\/p>\n<p>Zalo\u017eila:<br \/>\nRazvojna agencija Kozjansko, \u0160entjur, 2006<\/p>\n<p>Avtorji, sodelavci, konzultanti:<br \/>\nVodja projekta: mag. Zlata Plo\u0161tajner, univ.dipl.polit.<\/p>\n<p>Urednik:<br \/>\nSrdi\u010d Tanja<\/p>\n<p>Kartograf:<br \/>\nPetra Novak, abs.geod.<\/p>\n<p>Oblikovanje:<br \/>\nBorut Brumec, Littera<\/p>\n<p>Tisk: Tiskarna Petri\u010d<\/p>\n<p>Avtor fotografije:<br \/>\nArhivi ob\u010din<br \/>\nNaklada: 20.000 izvodov<br \/>\nISBN: 961-238-729-X<\/p>\n<p>Turisti\u010dna karta S kolesom po Kozjanskem, Obsotelju in Hrva\u0161kem Zagorju prikazuje izbor krajinsko privla\u010dnih tras, primernih za turisti\u010dno in rekreacijsko kolesarjenje. Opisi prikazanih poti so opremljeni z navedbo zanimivosti ob poti, grafi\u010dnim prikazom zahtevnosti poti in posnetki krajine. Podane so tudi informacije o obstoje\u010di turisti\u010dni ponudbi obmo\u010dja(preno\u010di\u0161\u010da, gostinska ponudba, naravne in kulturne znamenitosti), kolesarskih servisih, kolesarskih prireditvah, lokalnih kolesarskih dru\u0161tvih ter informacijskih to\u010dkah. Obravnavano je obmo\u010dje osmih ob\u010din (Bistrica ob Sotli, Dobje, Kozje, Pod\u010detrtek,Roga\u0161ka Slatina Rogatec, \u0160entjur, \u0160marje pri Jel\u0161ah) in del Krapinsko-Zagorske \u017eupanije na Hrva\u0161kem.<\/p>\n<p>Publikacija je bila izdana v okviru projekta &#8220;\u010cezmejno obmo\u010dje kolesarskega omre\u017eja&#8221; (projekt Phare 2003), ki ga je izvajala Razvojna agencija Kozjansko. Natisnjena je v 20.000 izvodih in je brezpla\u010dno dostopna.<\/p>\n","protected":false},"excerpt":{"rendered":"<p>S kolesom po Kozjanskem, Obsotelju in Hrva\u0161kem Zagorju S kolesom po Kozjanskem, Obsotelju in Hrva\u0161kem Zagorju; Turisti\u010dna karta za kolesarje v merilu 1:50.000; karta 1, karta 2 Zalo\u017eila: Razvojna agencija Kozjansko, \u0160entjur, 2006 Avtorji, sodelavci, konzultanti: Vodja projekta: mag. Zlata Plo\u0161tajner, univ.dipl.polit. Urednik: Srdi\u010d Tanja Kartograf: Petra Novak, abs.geod. Oblikovanje: Borut Brumec, Littera Tisk: Tiskarna [&hellip;]<\/p>\n","protected":false},"author":2,"featured_media":501,"parent":89,"menu_order":0,"comment_status":"closed","ping_status":"closed","template":"","meta":{"footnotes":""},"class_list":["post-1386","page","type-page","status-publish","has-post-thumbnail","hentry"],"_links":{"self":[{"href":"https:\/\/dkas.si\/en\/wp-json\/wp\/v2\/pages\/1386","targetHints":{"allow":["GET"]}}],"collection":[{"href":"https:\/\/dkas.si\/en\/wp-json\/wp\/v2\/pages"}],"about":[{"href":"https:\/\/dkas.si\/en\/wp-json\/wp\/v2\/types\/page"}],"author":[{"embeddable":true,"href":"https:\/\/dkas.si\/en\/wp-json\/wp\/v2\/users\/2"}],"replies":[{"embeddable":true,"href":"https:\/\/dkas.si\/en\/wp-json\/wp\/v2\/comments?post=1386"}],"version-history":[{"count":12,"href":"https:\/\/dkas.si\/en\/wp-json\/wp\/v2\/pages\/1386\/revisions"}],"predecessor-version":[{"id":1401,"href":"https:\/\/dkas.si\/en\/wp-json\/wp\/v2\/pages\/1386\/revisions\/1401"}],"up":[{"embeddable":true,"href":"https:\/\/dkas.si\/en\/wp-json\/wp\/v2\/pages\/89"}],"wp:featuredmedia":[{"embeddable":true,"href":"https:\/\/dkas.si\/en\/wp-json\/wp\/v2\/media\/501"}],"wp:attachment":[{"href":"https:\/\/dkas.si\/en\/wp-json\/wp\/v2\/media?parent=1386"}],"curies":[{"name":"wp","href":"https:\/\/api.w.org\/{rel}","templated":true}]}}