{"id":1475,"date":"2025-09-26T23:02:16","date_gmt":"2025-09-26T21:02:16","guid":{"rendered":"https:\/\/newdkas.wpm.hehe.si\/?page_id=1475"},"modified":"2025-09-26T23:12:00","modified_gmt":"2025-09-26T21:12:00","slug":"hladna-mesta-za-vroc-planet-2021","status":"publish","type":"page","link":"https:\/\/dkas.si\/en\/aktivnosti\/posveti-in-konference\/hladna-mesta-za-vroc-planet-2021\/","title":{"rendered":"Hladna mesta za vro\u010d planet 2021"},"content":{"rendered":"<h2 class=\"title\">Hladna mesta za vro\u010d planet 2021: na\u010drtovanje na podnebne spremembe odpornega mesta<\/h2>\n<p><a href=\"https:\/\/dkas.si\/wp-content\/uploads\/2025\/09\/Hladna_mesta_za_vroc_planet_2021_SI.pdf\">Zbornik &#8211; sloven\u0161\u010dina: Hladna_mesta_za_vroc_planet_2021_SI<\/a><\/p>\n<p><a href=\"https:\/\/dkas.si\/wp-content\/uploads\/2025\/09\/Hladna_mesta_za_vroc_planet_2021_ANG.pdf\">Zbornik &#8211; angle\u0161\u010dina: Hladna_mesta_za_vroc_planet_2021_ANG<\/a><\/p>\n<p><b>V torek, 5. oktobra 2021 je Dru\u0161tvo krajinskih arhitektov Slovenije (DKAS) s podporo Mestne ob\u010dine Ljubljana in sponzorskimi sredstvi izvedlo spletni strokovni posvet \u00bbHladna mesta za vro\u010d planet 2021: na\u010drtovanje na podnebne spremembe odpornega mesta\u00ab. Posvet je nadaljeval lansko leto za\u010deto razpravo o pomenu prilagajanja podnebnim spremembam v mestih in o vlogi prostorskega na\u010drtovanja, tokrat s poudarkom na izvedbeni ravni in konkretnih re\u0161itvah v prostoru, ki naslavljajo predvsem uravnavanje mestne mikroklime in ohranjanje biotske pestrosti.<\/b><\/p>\n<p>Tudi letos so \u0161tevilni slu\u0161atelji spremljali nastope treh mednarodnih uvodni\u010darjev in predstavitve, s katerimi je DKAS sku\u0161al predstaviti prenos strate\u0161kih ciljev urbanisti\u010dnega na\u010drtovanja za prilagajanje na podnebne spremembe v prakso izvedbenega na\u010drtovanja. Na posvetu je bilo izpostavljeno:<br \/>\n&#8211; Kako dolo\u010dila prostorskega na\u010drta naslavljajo izzive podnebnih sprememb konkretno, na osnovi prostorskih aktov,<br \/>\n&#8211; Kako se dolo\u010dila prostorskih aktov prena\u0161ajo na izvedbeno raven na\u010drtovanja, ter<br \/>\n&#8211; Kako se re\u0161itve izvajajo v prostoru in kako se razre\u0161ujejo konfliktna dolo\u010dila pri izvedbi.<\/p>\n<p>\u010ce povzamemo, je klju\u010dni izziv urbanih obmo\u010dij kr\u010denje zelenih povr\u0161in v konkurenci za zemlji\u0161\u010da. Naslavljanje tega izziva je na deklarativni, strate\u0161ki ravni razmeroma dobro zastavljeno. Strategija EU za biotsko raznovrstnost \u017eeli ta trend obrniti s konkretnimi orodji, kot so na\u010drti za ozelenitev mest, platforma za izmenjavo informacij, Svetovna zveza za varstvo narave (IUCN) s svojimi pobudami odpira mo\u017enosti za ohranjanje narave v mestih, IFLA Europe pa si prizadeva k bolj dejavnem, bolj politi\u010dnem delovanju krajinskih arhitektov, da se krajina prepozna in vklju\u010di v strategije, ki so povezane s podnembnimi spremembami.<\/p>\n<p>Za prenos strate\u0161kih usmeritev prilagajanja na podnebne spremembe in bla\u017eenje njihovih u\u010dinkov na izvedbeno raven pa se izka\u017ee, da so potrebna ne zgolj jasna in konkretna navodila za izvedbo, temve\u010d tudi sodelovanje javnosti, stroke in dr\u017eavnih organov, poglobljeno strokovno delo ter \u0161ir\u0161i dru\u017ebeni konsenz, volja in zaveza, da se prenesene strate\u0161ke usmeritve v prostorskih aktih tudi uresni\u010dijo. Poseben izziv je vzbuditi voljo in zanimanje zlasti investitorjev, kar pa je povsem dosegljivo z inovativnini in privla\u010dnimi re\u0161itvami, kot so ozelenitve streh, ozelenitve sten in druge mikro ozelenitve ter parkovne ureditve, ki so bile na posvetu tudi podrobneje predstavljene. Zaklju\u010dne vsebine posveta pa so bile zdru\u017eene v prispevku o na\u010drtovanju Povezanega mesta Oberbillwerder, \u0161iritve mesta Hamburg, ki temelji na sodobni, energijsko u\u010dinkoviti obliki bivanja, mobilnosti in dela ter ustvarjanjem soseske kot podnebno ugodnega javnega prostora, ki izhaja iz krajinskih danosti.<\/p>\n<p>Vsebino posveta, ki je bila tudi deljena po neposrednem prenosu, najdete na Facebook strani DKAS:<br \/>\n<a href=\"https:\/\/www.facebook.com\/dkas.drustvokrajinskiharhitektov\/videos\/715133562795274\" target=\"_blank\" rel=\"noopener\">1. del posveta<\/a><br \/>\n<a href=\"https:\/\/www.facebook.com\/dkas.drustvokrajinskiharhitektov\/videos\/588464579268237\" target=\"_blank\" rel=\"noopener\">2. del posveta<\/a><\/p>\n<p>Program posveta je na voljo na povezavi: <a href=\"https:\/\/dkas.si\/wp-content\/uploads\/2025\/09\/Kratek-program.pdf\">kratek program<\/a>.<\/p>\n<p>Zbrane povzetke predstavljenih vsebin s posveta pa si preberite in oglejte v\u00a0<a href=\"https:\/\/dkas.si\/wp-content\/uploads\/2025\/09\/Hladna_mesta_za_vroc_planet_2021_SI.pdf\">zborniku.<\/a><\/p>\n<div id='gallery-1' class='gallery galleryid-1475 gallery-columns-3 gallery-size-thumbnail'><figure class='gallery-item'>\n\t\t\t<div class='gallery-icon portrait'>\n\t\t\t\t<a href='https:\/\/dkas.si\/en\/aktivnosti\/posveti-in-konference\/hladna-mesta-za-vroc-planet-2021\/naslovna\/'><img loading=\"lazy\" decoding=\"async\" width=\"106\" height=\"150\" src=\"https:\/\/dkas.si\/wp-content\/uploads\/2025\/09\/naslovna.jpg\" class=\"attachment-thumbnail size-thumbnail\" alt=\"\" \/><\/a>\n\t\t\t<\/div><\/figure><figure class='gallery-item'>\n\t\t\t<div class='gallery-icon landscape'>\n\t\t\t\t<a href='https:\/\/dkas.si\/en\/aktivnosti\/posveti-in-konference\/hladna-mesta-za-vroc-planet-2021\/hamburg\/'><img loading=\"lazy\" decoding=\"async\" width=\"150\" height=\"150\" src=\"https:\/\/dkas.si\/wp-content\/uploads\/2025\/09\/hamburg-150x150.jpg\" class=\"attachment-thumbnail size-thumbnail\" alt=\"\" \/><\/a>\n\t\t\t<\/div><\/figure>\n\t\t<\/div>\n\n","protected":false},"excerpt":{"rendered":"<p>Hladna mesta za vro\u010d planet 2021: na\u010drtovanje na podnebne spremembe odpornega mesta Zbornik &#8211; sloven\u0161\u010dina: Hladna_mesta_za_vroc_planet_2021_SI Zbornik &#8211; angle\u0161\u010dina: Hladna_mesta_za_vroc_planet_2021_ANG V torek, 5. oktobra 2021 je Dru\u0161tvo krajinskih arhitektov Slovenije (DKAS) s podporo Mestne ob\u010dine Ljubljana in sponzorskimi sredstvi izvedlo spletni strokovni posvet \u00bbHladna mesta za vro\u010d planet 2021: na\u010drtovanje na podnebne spremembe odpornega mesta\u00ab. [&hellip;]<\/p>\n","protected":false},"author":2,"featured_media":1478,"parent":185,"menu_order":0,"comment_status":"closed","ping_status":"closed","template":"","meta":{"footnotes":""},"class_list":["post-1475","page","type-page","status-publish","has-post-thumbnail","hentry"],"_links":{"self":[{"href":"https:\/\/dkas.si\/en\/wp-json\/wp\/v2\/pages\/1475","targetHints":{"allow":["GET"]}}],"collection":[{"href":"https:\/\/dkas.si\/en\/wp-json\/wp\/v2\/pages"}],"about":[{"href":"https:\/\/dkas.si\/en\/wp-json\/wp\/v2\/types\/page"}],"author":[{"embeddable":true,"href":"https:\/\/dkas.si\/en\/wp-json\/wp\/v2\/users\/2"}],"replies":[{"embeddable":true,"href":"https:\/\/dkas.si\/en\/wp-json\/wp\/v2\/comments?post=1475"}],"version-history":[{"count":3,"href":"https:\/\/dkas.si\/en\/wp-json\/wp\/v2\/pages\/1475\/revisions"}],"predecessor-version":[{"id":1486,"href":"https:\/\/dkas.si\/en\/wp-json\/wp\/v2\/pages\/1475\/revisions\/1486"}],"up":[{"embeddable":true,"href":"https:\/\/dkas.si\/en\/wp-json\/wp\/v2\/pages\/185"}],"wp:featuredmedia":[{"embeddable":true,"href":"https:\/\/dkas.si\/en\/wp-json\/wp\/v2\/media\/1478"}],"wp:attachment":[{"href":"https:\/\/dkas.si\/en\/wp-json\/wp\/v2\/media?parent=1475"}],"curies":[{"name":"wp","href":"https:\/\/api.w.org\/{rel}","templated":true}]}}