{"id":1524,"date":"2025-09-30T12:27:28","date_gmt":"2025-09-30T10:27:28","guid":{"rendered":"https:\/\/newdkas.wpm.hehe.si\/?page_id=1524"},"modified":"2025-09-30T12:42:28","modified_gmt":"2025-09-30T10:42:28","slug":"misliti-tivoli-posvet-o-izzivih-celovitega-upravljanja-mestnega-parka","status":"publish","type":"page","link":"https:\/\/dkas.si\/en\/aktivnosti\/posveti-in-konference\/misliti-tivoli-posvet-o-izzivih-celovitega-upravljanja-mestnega-parka\/","title":{"rendered":"Misliti Tivoli - posvet o izzivih celovitega upravljanja mestnega parka"},"content":{"rendered":"<h2>Misliti Tivoli &#8211; posvet o izzivih celovitega upravljanja mestnega parka<\/h2>\n<p><a href=\"https:\/\/dkas.si\/wp-content\/uploads\/2025\/09\/Zbornik-MISLITI_TIVOLI-spletni.pdf\">Zbornik posveta MISLITI TIVOLI .pdf<\/a><\/p>\n<p>Dru\u0161tvo krajinskih arhitektov Slovenije je v petek 12. oktobra v Ustvarjalnem centru \u0160vicarija v Ljubljani, skupaj z MGLC \u2013 Ustvarjalni center \u0160vicarija in Oddelkom za krajinsko arhitekturo Biotehni\u0161ke fakultete Univerze v Ljubljani s podporo Ministrstva za okolje in prostor, Mestne ob\u010dine Ljubljana in donatorjev izvedlo strokovni posvet na katerem so zbrani odprli razpravo o potrebi po celovitem upravljanju parka skozi razli\u010dne vidike upravljanja. Ve\u010d kot 130 udele\u017eencev \u2013 krajinskih arhitektov, prostorskih na\u010drtovalcev, varuhov kulturne dedi\u0161\u010dine in narave, predstavnikov upravljalcev in gospodarskih dru\u017eb ter tudi posameznih zainteresiranih me\u0161\u010danov sta nagovorila Barbara Radovan z Ministrstva za okolje in prostor in pod\u017eupan Mestne ob\u010dine Ljubljana Janez Ko\u017eelj. Sledili so trije sklopi prispevkov doma\u010dih in tujih gostov, v odmorih je zbranim igral Lado Jak\u0161a, v \u010dasu posveta sta bili na ogled razstava arhivskega gradiva o Tivoliju v izboru doc.dr. Marka Dobrilovi\u010da in razstava skic krajinskega arhitekta Alja\u017ea Babi\u010da.<\/p>\n<p>Posvet \u00bbMisliti Tivoli \u2013 izzivi celovitega upravljanja mestnega parka\u00ab, je DKAS organiziral z namenom, da se osvetli razli\u010dne vidike urejanja, opozori na opazno zgo\u0161\u010devanje programov in uporabnikov v parku ter da se tudi s pomo\u010djo tujih primerov odpre razpravo o upravljanju. V izhodi\u0161\u010du posveta stoji spoznanje, da pomen zelenih povr\u0161in v urbanem okolju nara\u0161\u010da, da se koristi urejenih zelenih povr\u0161in zaveda vedno ve\u010d ljudi, da pri\u010dakovanja po urejanju zelenih povr\u0161in izra\u017ea vedno ve\u010d podro\u010dij zaradi \u010desar se povpra\u0161evanje po urejenih zelenih povr\u0161inah pove\u010duje in to narekuje potrebo po celovitem in vklju\u010dujo\u010dem upravljanju. Kot so pokazali prispevki, je Tivoli kot osrednji mestni park \u017ee ve\u010d kot dve stoletji mestna prvina bivalnega, kulturnega in naravo varstvenega pomena. Pri rabi se v njem sre\u010dujejo posamezni prebivalci, dru\u017eine in ve\u010dje organizirane skupine, doma\u010dini in gostje, \u0161portniki, kolesarji in ljubitelji narave. Pri urejanju so v preteklosti lastnike in javno oblast vodili razli\u010dni motivi, park vzdr\u017euje javno podjetje Snaga, letos je park kot sestavni del Krajinskega parka Tivoli, Ro\u017enik, \u0160i\u0161enski hrib dobil novo strokovno vodstvo, ki je zavezano ustanovitvenemu aktu in zakonu o ohranjanju narave. V urejanje parka se aktivno vklju\u010dujeta ob\u010dinska zavoda za turizem in \u0161port, kdo v aktualnem konceptu zagovarja potrebe prebivalcev, vsakdanjih uporabnikov parka iz bli\u017enjih stanovanjskih obmo\u010dij, ni zares jasno.<\/p>\n<p>Po posvetu objavljamo predstavitve predavateljev.<\/p>\n<p><a href=\"https:\/\/dkas.si\/wp-content\/uploads\/2025\/09\/01_Babnik_Tivoli-zgodovina-krajse-Ines.pdf\">01_Babnik Ines<\/a><\/p>\n<p><a href=\"https:\/\/dkas.si\/wp-content\/uploads\/2025\/09\/02_Pergovnik_ZVKDS_Misliti-Tivoli.pdf\">02_Pergovnik_ZVKDS<\/a><\/p>\n<p><a href=\"https:\/\/dkas.si\/wp-content\/uploads\/2025\/09\/04_Jurc_Misliti-Tivoli-M-Jurc-M-Skulj-_12-10-2018_bela_end_compr.pdf\">04_M Jurc M Skulj<\/a><\/p>\n<p><a href=\"https:\/\/dkas.si\/wp-content\/uploads\/2025\/09\/05_Kucan-TIVOLI_DKAS_2.pdf\">05_Ku\u010dan Ana<\/a><\/p>\n<p><a href=\"https:\/\/dkas.si\/wp-content\/uploads\/2025\/09\/07_Promenadenring-Slowenien.pdf\">07_Promenadenring Slowenien<\/a><\/p>\n<p><a href=\"https:\/\/dkas.si\/wp-content\/uploads\/2025\/09\/08_Simoneti_Misliti_Tivoli_102018.pdf\">08_Simoneti Maja<\/a><\/p>\n<p><a href=\"https:\/\/dkas.si\/wp-content\/uploads\/2025\/09\/10_Predstavitev-Snaga-Ljubljana_Nejc-Praznik.pdf\">10_Praznik Nejc<\/a><\/p>\n<p>Mislim predavateljev pa lahko prisluhnete tudi z ogledom <a href=\"https:\/\/www.youtube.com\/playlist?list=PLR61KrUuz9Ys1cWzP34zd0Mh13nPgCjbN\">posnetka posveta.<\/a><\/p>\n<div id='gallery-1' class='gallery galleryid-1524 gallery-columns-3 gallery-size-thumbnail'><figure class='gallery-item'>\n\t\t\t<div class='gallery-icon landscape'>\n\t\t\t\t<a href='https:\/\/dkas.si\/en\/aktivnosti\/posveti-in-konference\/misliti-tivoli-posvet-o-izzivih-celovitega-upravljanja-mestnega-parka\/misliti-tivoli-13-of-248\/'><img loading=\"lazy\" decoding=\"async\" width=\"150\" height=\"150\" src=\"https:\/\/dkas.si\/wp-content\/uploads\/2025\/09\/Misliti-tivoli-13-of-248-150x150.jpg\" class=\"attachment-thumbnail size-thumbnail\" alt=\"\" \/><\/a>\n\t\t\t<\/div><\/figure><figure class='gallery-item'>\n\t\t\t<div class='gallery-icon landscape'>\n\t\t\t\t<a href='https:\/\/dkas.si\/en\/aktivnosti\/posveti-in-konference\/misliti-tivoli-posvet-o-izzivih-celovitega-upravljanja-mestnega-parka\/misliti-tivoli-14-of-248-1\/'><img loading=\"lazy\" decoding=\"async\" width=\"150\" height=\"150\" src=\"https:\/\/dkas.si\/wp-content\/uploads\/2025\/09\/Misliti-tivoli-14-of-248-1-150x150.jpg\" class=\"attachment-thumbnail size-thumbnail\" alt=\"\" \/><\/a>\n\t\t\t<\/div><\/figure><figure class='gallery-item'>\n\t\t\t<div class='gallery-icon landscape'>\n\t\t\t\t<a href='https:\/\/dkas.si\/en\/aktivnosti\/posveti-in-konference\/misliti-tivoli-posvet-o-izzivih-celovitega-upravljanja-mestnega-parka\/misliti-tivoli-51-of-248\/'><img loading=\"lazy\" decoding=\"async\" width=\"150\" height=\"150\" src=\"https:\/\/dkas.si\/wp-content\/uploads\/2025\/09\/Misliti-tivoli-51-of-248-150x150.jpg\" class=\"attachment-thumbnail size-thumbnail\" alt=\"\" \/><\/a>\n\t\t\t<\/div><\/figure><figure class='gallery-item'>\n\t\t\t<div class='gallery-icon landscape'>\n\t\t\t\t<a href='https:\/\/dkas.si\/en\/aktivnosti\/posveti-in-konference\/misliti-tivoli-posvet-o-izzivih-celovitega-upravljanja-mestnega-parka\/misliti-tivoli-74-of-248\/'><img loading=\"lazy\" decoding=\"async\" width=\"150\" height=\"150\" src=\"https:\/\/dkas.si\/wp-content\/uploads\/2025\/09\/Misliti-tivoli-74-of-248-150x150.jpg\" class=\"attachment-thumbnail size-thumbnail\" alt=\"\" \/><\/a>\n\t\t\t<\/div><\/figure><figure class='gallery-item'>\n\t\t\t<div class='gallery-icon landscape'>\n\t\t\t\t<a href='https:\/\/dkas.si\/en\/aktivnosti\/posveti-in-konference\/misliti-tivoli-posvet-o-izzivih-celovitega-upravljanja-mestnega-parka\/misliti-tivoli-85-of-248\/'><img loading=\"lazy\" decoding=\"async\" width=\"150\" height=\"150\" src=\"https:\/\/dkas.si\/wp-content\/uploads\/2025\/09\/Misliti-tivoli-85-of-248-150x150.jpg\" class=\"attachment-thumbnail size-thumbnail\" alt=\"\" \/><\/a>\n\t\t\t<\/div><\/figure><figure class='gallery-item'>\n\t\t\t<div class='gallery-icon landscape'>\n\t\t\t\t<a href='https:\/\/dkas.si\/en\/aktivnosti\/posveti-in-konference\/misliti-tivoli-posvet-o-izzivih-celovitega-upravljanja-mestnega-parka\/misliti-tivoli-94-of-248\/'><img loading=\"lazy\" decoding=\"async\" width=\"150\" height=\"150\" src=\"https:\/\/dkas.si\/wp-content\/uploads\/2025\/09\/Misliti-tivoli-94-of-248-150x150.jpg\" class=\"attachment-thumbnail size-thumbnail\" alt=\"\" \/><\/a>\n\t\t\t<\/div><\/figure><figure class='gallery-item'>\n\t\t\t<div class='gallery-icon landscape'>\n\t\t\t\t<a href='https:\/\/dkas.si\/en\/aktivnosti\/posveti-in-konference\/misliti-tivoli-posvet-o-izzivih-celovitega-upravljanja-mestnega-parka\/misliti-tivoli-238-of-248\/'><img loading=\"lazy\" decoding=\"async\" width=\"150\" height=\"150\" src=\"https:\/\/dkas.si\/wp-content\/uploads\/2025\/09\/Misliti-tivoli-238-of-248-150x150.jpg\" class=\"attachment-thumbnail size-thumbnail\" alt=\"\" \/><\/a>\n\t\t\t<\/div><\/figure><figure class='gallery-item'>\n\t\t\t<div class='gallery-icon landscape'>\n\t\t\t\t<a href='https:\/\/dkas.si\/en\/aktivnosti\/posveti-in-konference\/misliti-tivoli-posvet-o-izzivih-celovitega-upravljanja-mestnega-parka\/misliti-tivoli-245-of-248\/'><img loading=\"lazy\" decoding=\"async\" width=\"150\" height=\"150\" src=\"https:\/\/dkas.si\/wp-content\/uploads\/2025\/09\/Misliti-tivoli-245-of-248-150x150.jpg\" class=\"attachment-thumbnail size-thumbnail\" alt=\"\" \/><\/a>\n\t\t\t<\/div><\/figure>\n\t\t<\/div>\n\n<p>&nbsp;<\/p>\n<p>Za UO DKAS<br \/>\nMaja Simoneti in Tina Trampu\u0161<\/p>\n<p>Foto: Jure Gubanc<\/p>\n","protected":false},"excerpt":{"rendered":"<p>Misliti Tivoli &#8211; posvet o izzivih celovitega upravljanja mestnega parka Zbornik posveta MISLITI TIVOLI .pdf Dru\u0161tvo krajinskih arhitektov Slovenije je v petek 12. oktobra v Ustvarjalnem centru \u0160vicarija v Ljubljani, skupaj z MGLC \u2013 Ustvarjalni center \u0160vicarija in Oddelkom za krajinsko arhitekturo Biotehni\u0161ke fakultete Univerze v Ljubljani s podporo Ministrstva za okolje in prostor, Mestne [&hellip;]<\/p>\n","protected":false},"author":2,"featured_media":1549,"parent":185,"menu_order":0,"comment_status":"closed","ping_status":"closed","template":"","meta":{"footnotes":""},"class_list":["post-1524","page","type-page","status-publish","has-post-thumbnail","hentry"],"_links":{"self":[{"href":"https:\/\/dkas.si\/en\/wp-json\/wp\/v2\/pages\/1524","targetHints":{"allow":["GET"]}}],"collection":[{"href":"https:\/\/dkas.si\/en\/wp-json\/wp\/v2\/pages"}],"about":[{"href":"https:\/\/dkas.si\/en\/wp-json\/wp\/v2\/types\/page"}],"author":[{"embeddable":true,"href":"https:\/\/dkas.si\/en\/wp-json\/wp\/v2\/users\/2"}],"replies":[{"embeddable":true,"href":"https:\/\/dkas.si\/en\/wp-json\/wp\/v2\/comments?post=1524"}],"version-history":[{"count":4,"href":"https:\/\/dkas.si\/en\/wp-json\/wp\/v2\/pages\/1524\/revisions"}],"predecessor-version":[{"id":1546,"href":"https:\/\/dkas.si\/en\/wp-json\/wp\/v2\/pages\/1524\/revisions\/1546"}],"up":[{"embeddable":true,"href":"https:\/\/dkas.si\/en\/wp-json\/wp\/v2\/pages\/185"}],"wp:featuredmedia":[{"embeddable":true,"href":"https:\/\/dkas.si\/en\/wp-json\/wp\/v2\/media\/1549"}],"wp:attachment":[{"href":"https:\/\/dkas.si\/en\/wp-json\/wp\/v2\/media?parent=1524"}],"curies":[{"name":"wp","href":"https:\/\/api.w.org\/{rel}","templated":true}]}}