{"id":1575,"date":"2025-09-30T21:01:06","date_gmt":"2025-09-30T19:01:06","guid":{"rendered":"https:\/\/newdkas.wpm.hehe.si\/?page_id=1575"},"modified":"2025-10-12T13:06:59","modified_gmt":"2025-10-12T11:06:59","slug":"mesec-krajinske-arhitekture-2025","status":"publish","type":"page","link":"https:\/\/dkas.si\/en\/aktivnosti\/mesec-ka\/mesec-krajinske-arhitekture-2025\/","title":{"rendered":"Mesec krajinske arhitekture 2025"},"content":{"rendered":"<h2>Mesec krajinske arhitekture 2025<\/h2>\n<p><strong>\u2013\u00a0<a href=\"https:\/\/dkas.si\/wp-content\/uploads\/2025\/09\/01_Koledar_MKA_april-2025.pdf\" target=\"_blank\" rel=\"noopener\">Program dogodkov in prireditev aprilu 2025<\/a>:<\/strong><\/p>\n<h4><strong>2. 4. &#8211; Predstavitev projekta LIFE OrnamentalIAS o invazivnih rastlinah: Odgovorna izbira okrasnih rastlin<\/strong><\/h4>\n<div class=\"xdj266r x14z9mp xat24cr x1lziwak x1vvkbs x126k92a\">\n<div dir=\"auto\">Predstavitev kako premi\u0161ljeno izbirati rastline za na\u0161e vrtove in okolico in predstavitev mednarodnega slovensko-hrva\u0161kega projekta <em><strong>LIFE OrnamentalIAS<\/strong><\/em>, katerega namen je ubla\u017eiti \u0161kodljive vplive okrasnih invazivnih tujerodnih rastlinskih vrst na ogro\u017eene habitate in vrste, pomembne za EU.<\/div>\n<\/div>\n<div class=\"x14z9mp xat24cr x1lziwak x1vvkbs xtlvy1s x126k92a\">\n<div dir=\"auto\">Ve\u010d o predavanju in prijave na: <span class=\"html-span xdj266r x14z9mp xat24cr x1lziwak xexx8yu xyri2b x18d9i69 x1c1uobl x1hl2dhg x16tdsg8 x1vvkbs\"><a class=\"x1i10hfl xjbqb8w x1ejq31n x18oe1m7 x1sy0etr xstzfhl x972fbf x10w94by x1qhh985 x14e42zd x9f619 x1ypdohk xt0psk2 x3ct3a4 xdj266r x14z9mp xat24cr x1lziwak xexx8yu xyri2b x18d9i69 x1c1uobl x16tdsg8 x1hl2dhg xggy1nq x1a2a7pz xkrqix3 x1sur9pj x1fey0fg x1s688f\" tabindex=\"0\" role=\"link\" href=\"https:\/\/www.arboretum.si\/dogodek\/predstavitev-projekta-life-ornamentalias-o-invazivnih-rastlinah-mesec-krajinske-arhitekture\/\" target=\"_blank\" rel=\"nofollow noopener\">strani Arboretuma<\/a><\/span><\/div>\n<div dir=\"auto\"><\/div>\n<\/div>\n<div dir=\"auto\">\n<div id='gallery-1' class='gallery galleryid-1575 gallery-columns-3 gallery-size-thumbnail'><figure class='gallery-item'>\n\t\t\t<div class='gallery-icon landscape'>\n\t\t\t\t<a href='https:\/\/dkas.si\/en\/aktivnosti\/mesec-ka\/mesec-krajinske-arhitekture-2025\/486664307_710060021375746_3408844007893865732_n\/'><img loading=\"lazy\" decoding=\"async\" width=\"150\" height=\"150\" src=\"https:\/\/dkas.si\/wp-content\/uploads\/2025\/09\/486664307_710060021375746_3408844007893865732_n-150x150.jpg\" class=\"attachment-thumbnail size-thumbnail\" alt=\"\" \/><\/a>\n\t\t\t<\/div><\/figure>\n\t\t<\/div>\n\n<\/div>\n<h4><strong>9. 4. &#8211;\u00a0 Vodstvo po Ple\u010dnikovi zeleni Ljubljani<\/strong><\/h4>\n<div class=\"x14z9mp xat24cr x1lziwak x1vvkbs xtlvy1s x126k92a\">\n<div dir=\"auto\">V okviru meseca krajinske arhitekture smo se v <strong>sredo, 9. 4. 2025<\/strong>, sprehodili po <strong>Ple\u010dnikovih ureditvah odprtega prostora Ljubljane<\/strong>. Sprehod smo pri\u010deli na Kongresnem trgu ter pot nadaljevali po Vegovi ulici, mimo parka pred Glasbeno matico in teras ob NUK-u, do spomenika Ilirskim provincam. Pogledali smo na dvori\u0161\u010da Kri\u017eank, se ozrli na Zoisovo cesto in pot nadaljevali po Emonski cesti do Trnovskega mostu in sprehod zaklju\u010dili z ogledom ureditve Grada\u0161\u010dice.<\/div>\n<\/div>\n<div class=\"x14z9mp xat24cr x1lziwak x1vvkbs xtlvy1s x126k92a\">\n<div dir=\"auto\">Sprehod je vodila <strong>mag. Darja Pergovnik, krajinska arhitektka in konservatorka na ZVKDS,<\/strong> avtorica knjige \u00bbPle\u010dnikova zelena Ljubljana\u00ab, 2024, zalo\u017enik Muzej in galerije mesta Ljubljana.<\/div>\n<div dir=\"auto\"><\/div>\n<div dir=\"auto\">Fotografije: Petra Vertelj Nared<\/div>\n<\/div>\n<div id='gallery-2' class='gallery galleryid-1575 gallery-columns-3 gallery-size-thumbnail'><figure class='gallery-item'>\n\t\t\t<div class='gallery-icon portrait'>\n\t\t\t\t<a href='https:\/\/dkas.si\/en\/aktivnosti\/mesec-ka\/mesec-krajinske-arhitekture-2025\/490726207_18060601709087391_6014380212864267801_n\/'><img loading=\"lazy\" decoding=\"async\" width=\"150\" height=\"150\" src=\"https:\/\/dkas.si\/wp-content\/uploads\/2025\/09\/490726207_18060601709087391_6014380212864267801_n-150x150.jpg\" class=\"attachment-thumbnail size-thumbnail\" alt=\"\" \/><\/a>\n\t\t\t<\/div><\/figure><figure class='gallery-item'>\n\t\t\t<div class='gallery-icon portrait'>\n\t\t\t\t<a href='https:\/\/dkas.si\/en\/aktivnosti\/mesec-ka\/mesec-krajinske-arhitekture-2025\/489685898_18060601700087391_5472471629669390602_n\/'><img loading=\"lazy\" decoding=\"async\" width=\"150\" height=\"150\" src=\"https:\/\/dkas.si\/wp-content\/uploads\/2025\/09\/489685898_18060601700087391_5472471629669390602_n-150x150.jpg\" class=\"attachment-thumbnail size-thumbnail\" alt=\"\" \/><\/a>\n\t\t\t<\/div><\/figure>\n\t\t<\/div>\n\n<div dir=\"auto\">\n<div class=\"xdj266r x14z9mp xat24cr x1lziwak x1vvkbs x126k92a\"><\/div>\n<\/div>\n<h4 dir=\"auto\"><strong>18. 4. &#8211; Kava s skicirko<\/strong><\/h4>\n<div dir=\"auto\">V petek, 18. 4. 2025, smo se zbrali na vstopni to\u010dki pri parkiri\u0161\u010du v Lipici, s skicirkami v roki in risali v \u017eepu.<\/div>\n<div dir=\"auto\">Kljub spremenljivemu aprilu vremenu smo u\u017eivali v risanju, kavi in prijetnem dru\u017eenju.<\/div>\n<div dir=\"auto\"><\/div>\n<div dir=\"auto\"><\/div>\n<div id='gallery-3' class='gallery galleryid-1575 gallery-columns-3 gallery-size-thumbnail'><figure class='gallery-item'>\n\t\t\t<div class='gallery-icon landscape'>\n\t\t\t\t<a href='https:\/\/dkas.si\/en\/aktivnosti\/mesec-ka\/mesec-krajinske-arhitekture-2025\/489660116_725276023187479_7932978917045066424_n\/'><img loading=\"lazy\" decoding=\"async\" width=\"150\" height=\"150\" src=\"https:\/\/dkas.si\/wp-content\/uploads\/2025\/09\/489660116_725276023187479_7932978917045066424_n-150x150.jpg\" class=\"attachment-thumbnail size-thumbnail\" alt=\"\" \/><\/a>\n\t\t\t<\/div><\/figure>\n\t\t<\/div>\n\n<div dir=\"auto\"><\/div>\n","protected":false},"excerpt":{"rendered":"<p>Mesec krajinske arhitekture 2025 \u2013\u00a0Program dogodkov in prireditev aprilu 2025: 2. 4. &#8211; Predstavitev projekta LIFE OrnamentalIAS o invazivnih rastlinah: Odgovorna izbira okrasnih rastlin Predstavitev kako premi\u0161ljeno izbirati rastline za na\u0161e vrtove in okolico in predstavitev mednarodnega slovensko-hrva\u0161kega projekta LIFE OrnamentalIAS, katerega namen je ubla\u017eiti \u0161kodljive vplive okrasnih invazivnih tujerodnih rastlinskih vrst na ogro\u017eene habitate [&hellip;]<\/p>\n","protected":false},"author":7,"featured_media":2135,"parent":178,"menu_order":0,"comment_status":"closed","ping_status":"closed","template":"","meta":{"footnotes":""},"class_list":["post-1575","page","type-page","status-publish","has-post-thumbnail","hentry"],"_links":{"self":[{"href":"https:\/\/dkas.si\/en\/wp-json\/wp\/v2\/pages\/1575","targetHints":{"allow":["GET"]}}],"collection":[{"href":"https:\/\/dkas.si\/en\/wp-json\/wp\/v2\/pages"}],"about":[{"href":"https:\/\/dkas.si\/en\/wp-json\/wp\/v2\/types\/page"}],"author":[{"embeddable":true,"href":"https:\/\/dkas.si\/en\/wp-json\/wp\/v2\/users\/7"}],"replies":[{"embeddable":true,"href":"https:\/\/dkas.si\/en\/wp-json\/wp\/v2\/comments?post=1575"}],"version-history":[{"count":7,"href":"https:\/\/dkas.si\/en\/wp-json\/wp\/v2\/pages\/1575\/revisions"}],"predecessor-version":[{"id":1597,"href":"https:\/\/dkas.si\/en\/wp-json\/wp\/v2\/pages\/1575\/revisions\/1597"}],"up":[{"embeddable":true,"href":"https:\/\/dkas.si\/en\/wp-json\/wp\/v2\/pages\/178"}],"wp:featuredmedia":[{"embeddable":true,"href":"https:\/\/dkas.si\/en\/wp-json\/wp\/v2\/media\/2135"}],"wp:attachment":[{"href":"https:\/\/dkas.si\/en\/wp-json\/wp\/v2\/media?parent=1575"}],"curies":[{"name":"wp","href":"https:\/\/api.w.org\/{rel}","templated":true}]}}