{"id":1708,"date":"2025-10-01T08:31:40","date_gmt":"2025-10-01T06:31:40","guid":{"rendered":"https:\/\/newdkas.wpm.hehe.si\/?page_id=1708"},"modified":"2025-10-01T09:14:38","modified_gmt":"2025-10-01T07:14:38","slug":"mednarodna-konferenca-zelena-infrastruktura","status":"publish","type":"page","link":"https:\/\/dkas.si\/en\/aktivnosti\/posveti-in-konference\/mednarodna-konferenca-zelena-infrastruktura\/","title":{"rendered":"Mednarodna konferenca Zelena infrastruktura"},"content":{"rendered":"<h2>Mednarodna konferenca Zelena infrastruktura<\/h2>\n<p><a href=\"https:\/\/dkas.si\/wp-content\/uploads\/2025\/10\/ZI-booklet_20160512.pdf\">Bro\u0161ura konference: Zelena infrastruktura &#8211; novi izzivi na\u010drtovanja mestne krajine<\/a><\/p>\n<p>DKAS, Oddelek za krajinsko arhitekturo Biotehni\u0161ke fakultete in Regionalna razvojna agencija Ljubljanske urbane regije (RRA LUR) smo 17. maja 2016 v Ljubljani, Zeleni prestolnici Evrope 2016 uspe\u0161no izvedli mednarodno konferenco Zelena infrastruktura \u2013 novi izzivi na\u010drtovanja mestne krajine.<\/p>\n<p>Zbralo se je ve\u010d kot 180 udele\u017eencev iz Belgije, Nem\u010dije, Bolgarije, ZDA, Velike Britanije, Islandije, Hrva\u0161ke, Srbije in Slovenije. Nagovoru predstavnice Ministrstva za okolje in prostor Barbare Radovan, hrva\u0161ke veleposlanice v Ljubljani Vesne Terzi\u0107, podpredsednika IFLA Europe Hermanna Georga Gunnlaugssona, direktorice RRA LUR mag. Lilijane Madjar, podpredsednice HDKA (Hrvatsko dru\u0161tvo krajobraznih arhitekata) Andree Knez, predsednika UPAS (Udru\u017eenje pejza\u017enih arhitekata Srbije) Du\u0161ana Todorovi\u0107a, predsednika DKAS Jo\u017eeta Novaka in \u017eupana Mestne ob\u010dine Ljubljana Zorana Jankovi\u010da so sledili prispevki trinajstih predavateljev iz Velike Britanije, Nem\u010dije, Portugalske, Hrva\u0161ke, Srbije in Slovenije ter okrogla miza s predstavniki \u0161estih slovenskih ob\u010din (Ljubljana, Celje, Novo Mesto, Slovenj Gradec, Nova Gorica, Ko\u010devje), MOP in ZKD.<\/p>\n<p><a href=\"https:\/\/www.sta.si\/2263825\/v-ljubljani-o-izzivih-nacrtovanja-mestne-krajine\" target=\"_blank\" rel=\"noopener\">OBJAVA STA<\/a><\/p>\n<p><a href=\"http:\/\/radioprvi.rtvslo.si\/2016\/05\/mednarodna-konferenca-o-izzivih-nacrtovanja-mestne-krajine\/\" target=\"_blank\" rel=\"noopener\">OBJAVA RTV SLO<\/a><\/p>\n<p><a href=\"https:\/\/www.dnevnik.si\/1042735923\/lokalno\/ljubljana\/robert-schafer-krajinski-arhitekt-mesto-ne-sme-postati-muzej-ki-se-ga-samo-obiskuje\" target=\"_blank\" rel=\"noopener\">OBJAVA DNEVNIK<\/a><\/p>\n<div id='gallery-1' class='gallery galleryid-1708 gallery-columns-3 gallery-size-thumbnail'><figure class='gallery-item'>\n\t\t\t<div class='gallery-icon landscape'>\n\t\t\t\t<a href='https:\/\/dkas.si\/en\/aktivnosti\/posveti-in-konference\/mednarodna-konferenca-zelena-infrastruktura\/zelena-infrastruktura\/'><img loading=\"lazy\" decoding=\"async\" width=\"150\" height=\"150\" src=\"https:\/\/dkas.si\/wp-content\/uploads\/2025\/10\/2DKAS_konferenca2016_001-150x150.jpg\" class=\"attachment-thumbnail size-thumbnail\" alt=\"\" \/><\/a>\n\t\t\t<\/div><\/figure><figure class='gallery-item'>\n\t\t\t<div class='gallery-icon portrait'>\n\t\t\t\t<a href='https:\/\/dkas.si\/en\/aktivnosti\/posveti-in-konference\/mednarodna-konferenca-zelena-infrastruktura\/zelena-infrastruktura-2\/'><img loading=\"lazy\" decoding=\"async\" width=\"150\" height=\"150\" src=\"https:\/\/dkas.si\/wp-content\/uploads\/2025\/10\/DKAS_konferenca2016_002-150x150.jpg\" class=\"attachment-thumbnail size-thumbnail\" alt=\"\" \/><\/a>\n\t\t\t<\/div><\/figure><figure class='gallery-item'>\n\t\t\t<div class='gallery-icon landscape'>\n\t\t\t\t<a href='https:\/\/dkas.si\/en\/aktivnosti\/posveti-in-konference\/mednarodna-konferenca-zelena-infrastruktura\/zelena-infrastruktura-3\/'><img loading=\"lazy\" decoding=\"async\" width=\"150\" height=\"150\" src=\"https:\/\/dkas.si\/wp-content\/uploads\/2025\/10\/DKAS_konferenca2016_003-150x150.jpg\" class=\"attachment-thumbnail size-thumbnail\" alt=\"\" \/><\/a>\n\t\t\t<\/div><\/figure><figure class='gallery-item'>\n\t\t\t<div class='gallery-icon landscape'>\n\t\t\t\t<a href='https:\/\/dkas.si\/en\/aktivnosti\/posveti-in-konference\/mednarodna-konferenca-zelena-infrastruktura\/zelena-infrastruktura-4\/'><img loading=\"lazy\" decoding=\"async\" width=\"150\" height=\"150\" src=\"https:\/\/dkas.si\/wp-content\/uploads\/2025\/10\/DKAS_konferenca2016_005-150x150.jpg\" class=\"attachment-thumbnail size-thumbnail\" alt=\"\" \/><\/a>\n\t\t\t<\/div><\/figure><figure class='gallery-item'>\n\t\t\t<div class='gallery-icon landscape'>\n\t\t\t\t<a href='https:\/\/dkas.si\/en\/aktivnosti\/posveti-in-konference\/mednarodna-konferenca-zelena-infrastruktura\/zelena-infrastruktura-5\/'><img loading=\"lazy\" decoding=\"async\" width=\"150\" height=\"150\" src=\"https:\/\/dkas.si\/wp-content\/uploads\/2025\/10\/DKAS_konferenca2016_006-150x150.jpg\" class=\"attachment-thumbnail size-thumbnail\" alt=\"\" \/><\/a>\n\t\t\t<\/div><\/figure><figure class='gallery-item'>\n\t\t\t<div class='gallery-icon landscape'>\n\t\t\t\t<a href='https:\/\/dkas.si\/en\/aktivnosti\/posveti-in-konference\/mednarodna-konferenca-zelena-infrastruktura\/zelena-infrastruktura-6\/'><img loading=\"lazy\" decoding=\"async\" width=\"150\" height=\"150\" src=\"https:\/\/dkas.si\/wp-content\/uploads\/2025\/10\/DKAS_konferenca2016_007-150x150.jpg\" class=\"attachment-thumbnail size-thumbnail\" alt=\"\" \/><\/a>\n\t\t\t<\/div><\/figure><figure class='gallery-item'>\n\t\t\t<div class='gallery-icon landscape'>\n\t\t\t\t<a href='https:\/\/dkas.si\/en\/aktivnosti\/posveti-in-konference\/mednarodna-konferenca-zelena-infrastruktura\/zelena-infrastruktura-7\/'><img loading=\"lazy\" decoding=\"async\" width=\"150\" height=\"150\" src=\"https:\/\/dkas.si\/wp-content\/uploads\/2025\/10\/DKAS_konferenca2016_009-150x150.jpg\" class=\"attachment-thumbnail size-thumbnail\" alt=\"\" \/><\/a>\n\t\t\t<\/div><\/figure><figure class='gallery-item'>\n\t\t\t<div class='gallery-icon landscape'>\n\t\t\t\t<a href='https:\/\/dkas.si\/en\/aktivnosti\/posveti-in-konference\/mednarodna-konferenca-zelena-infrastruktura\/zelena-infrastruktura-8\/'><img loading=\"lazy\" decoding=\"async\" width=\"150\" height=\"150\" src=\"https:\/\/dkas.si\/wp-content\/uploads\/2025\/10\/DKAS_konferenca2016_011-150x150.jpg\" class=\"attachment-thumbnail size-thumbnail\" alt=\"\" \/><\/a>\n\t\t\t<\/div><\/figure><figure class='gallery-item'>\n\t\t\t<div class='gallery-icon landscape'>\n\t\t\t\t<a href='https:\/\/dkas.si\/en\/aktivnosti\/posveti-in-konference\/mednarodna-konferenca-zelena-infrastruktura\/zelena-infrastruktura-9\/'><img loading=\"lazy\" decoding=\"async\" width=\"150\" height=\"150\" src=\"https:\/\/dkas.si\/wp-content\/uploads\/2025\/10\/DKAS_konferenca2016_012-150x150.jpg\" class=\"attachment-thumbnail size-thumbnail\" alt=\"\" \/><\/a>\n\t\t\t<\/div><\/figure><figure class='gallery-item'>\n\t\t\t<div class='gallery-icon landscape'>\n\t\t\t\t<a href='https:\/\/dkas.si\/en\/aktivnosti\/posveti-in-konference\/mednarodna-konferenca-zelena-infrastruktura\/zelena-infrastruktura-10\/'><img loading=\"lazy\" decoding=\"async\" width=\"150\" height=\"150\" src=\"https:\/\/dkas.si\/wp-content\/uploads\/2025\/10\/DKAS_konferenca2016_014-150x150.jpg\" class=\"attachment-thumbnail size-thumbnail\" alt=\"\" \/><\/a>\n\t\t\t<\/div><\/figure><figure class='gallery-item'>\n\t\t\t<div class='gallery-icon landscape'>\n\t\t\t\t<a href='https:\/\/dkas.si\/en\/aktivnosti\/posveti-in-konference\/mednarodna-konferenca-zelena-infrastruktura\/zelena-infrastruktura-11\/'><img loading=\"lazy\" decoding=\"async\" width=\"150\" height=\"150\" src=\"https:\/\/dkas.si\/wp-content\/uploads\/2025\/10\/DKAS_konferenca2016_015-150x150.jpg\" class=\"attachment-thumbnail size-thumbnail\" alt=\"\" \/><\/a>\n\t\t\t<\/div><\/figure><figure class='gallery-item'>\n\t\t\t<div class='gallery-icon landscape'>\n\t\t\t\t<a href='https:\/\/dkas.si\/en\/aktivnosti\/posveti-in-konference\/mednarodna-konferenca-zelena-infrastruktura\/zelena-infrastruktura-12\/'><img loading=\"lazy\" decoding=\"async\" width=\"150\" height=\"150\" src=\"https:\/\/dkas.si\/wp-content\/uploads\/2025\/10\/DKAS_konferenca2016_017-150x150.jpg\" class=\"attachment-thumbnail size-thumbnail\" alt=\"\" \/><\/a>\n\t\t\t<\/div><\/figure><figure class='gallery-item'>\n\t\t\t<div class='gallery-icon landscape'>\n\t\t\t\t<a href='https:\/\/dkas.si\/en\/aktivnosti\/posveti-in-konference\/mednarodna-konferenca-zelena-infrastruktura\/zelena-infrastruktura-13\/'><img loading=\"lazy\" decoding=\"async\" width=\"150\" height=\"150\" src=\"https:\/\/dkas.si\/wp-content\/uploads\/2025\/10\/DKAS_konferenca2016_018-150x150.jpg\" class=\"attachment-thumbnail size-thumbnail\" alt=\"\" \/><\/a>\n\t\t\t<\/div><\/figure><figure class='gallery-item'>\n\t\t\t<div class='gallery-icon portrait'>\n\t\t\t\t<a href='https:\/\/dkas.si\/en\/aktivnosti\/posveti-in-konference\/mednarodna-konferenca-zelena-infrastruktura\/zelena-infrastruktura-14\/'><img loading=\"lazy\" decoding=\"async\" width=\"150\" height=\"150\" src=\"https:\/\/dkas.si\/wp-content\/uploads\/2025\/10\/DKAS_konferenca2016_019-150x150.jpg\" class=\"attachment-thumbnail size-thumbnail\" alt=\"\" \/><\/a>\n\t\t\t<\/div><\/figure><figure class='gallery-item'>\n\t\t\t<div class='gallery-icon portrait'>\n\t\t\t\t<a href='https:\/\/dkas.si\/en\/aktivnosti\/posveti-in-konference\/mednarodna-konferenca-zelena-infrastruktura\/zelena-infrastruktura-15\/'><img loading=\"lazy\" decoding=\"async\" width=\"150\" height=\"150\" src=\"https:\/\/dkas.si\/wp-content\/uploads\/2025\/10\/DKAS_konferenca2016_020-150x150.jpg\" class=\"attachment-thumbnail size-thumbnail\" alt=\"\" \/><\/a>\n\t\t\t<\/div><\/figure><figure class='gallery-item'>\n\t\t\t<div class='gallery-icon landscape'>\n\t\t\t\t<a href='https:\/\/dkas.si\/en\/aktivnosti\/posveti-in-konference\/mednarodna-konferenca-zelena-infrastruktura\/zelena-infrastruktura-16\/'><img loading=\"lazy\" decoding=\"async\" width=\"150\" height=\"150\" src=\"https:\/\/dkas.si\/wp-content\/uploads\/2025\/10\/DKAS_konferenca2016_022-150x150.jpg\" class=\"attachment-thumbnail size-thumbnail\" alt=\"\" \/><\/a>\n\t\t\t<\/div><\/figure><figure class='gallery-item'>\n\t\t\t<div class='gallery-icon landscape'>\n\t\t\t\t<a href='https:\/\/dkas.si\/en\/aktivnosti\/posveti-in-konference\/mednarodna-konferenca-zelena-infrastruktura\/zelena-infrastruktura-17\/'><img loading=\"lazy\" decoding=\"async\" width=\"150\" height=\"150\" src=\"https:\/\/dkas.si\/wp-content\/uploads\/2025\/10\/DKAS_konferenca2016_023a-150x150.jpg\" class=\"attachment-thumbnail size-thumbnail\" alt=\"\" \/><\/a>\n\t\t\t<\/div><\/figure><figure class='gallery-item'>\n\t\t\t<div class='gallery-icon landscape'>\n\t\t\t\t<a href='https:\/\/dkas.si\/en\/aktivnosti\/posveti-in-konference\/mednarodna-konferenca-zelena-infrastruktura\/zelena-infrastruktura-18\/'><img loading=\"lazy\" decoding=\"async\" width=\"150\" height=\"150\" src=\"https:\/\/dkas.si\/wp-content\/uploads\/2025\/10\/DKAS_konferenca2016_024-150x150.jpg\" class=\"attachment-thumbnail size-thumbnail\" alt=\"\" \/><\/a>\n\t\t\t<\/div><\/figure><figure class='gallery-item'>\n\t\t\t<div class='gallery-icon landscape'>\n\t\t\t\t<a href='https:\/\/dkas.si\/en\/aktivnosti\/posveti-in-konference\/mednarodna-konferenca-zelena-infrastruktura\/zelena-infrastruktura-19\/'><img loading=\"lazy\" decoding=\"async\" width=\"150\" height=\"150\" src=\"https:\/\/dkas.si\/wp-content\/uploads\/2025\/10\/DKAS_konferenca2016_026-150x150.jpg\" class=\"attachment-thumbnail size-thumbnail\" alt=\"\" \/><\/a>\n\t\t\t<\/div><\/figure><figure class='gallery-item'>\n\t\t\t<div class='gallery-icon landscape'>\n\t\t\t\t<a href='https:\/\/dkas.si\/en\/aktivnosti\/posveti-in-konference\/mednarodna-konferenca-zelena-infrastruktura\/zelena-infrastruktura-20\/'><img loading=\"lazy\" decoding=\"async\" width=\"150\" height=\"150\" src=\"https:\/\/dkas.si\/wp-content\/uploads\/2025\/10\/DKAS_konferenca2016_027-150x150.jpg\" class=\"attachment-thumbnail size-thumbnail\" alt=\"\" \/><\/a>\n\t\t\t<\/div><\/figure><figure class='gallery-item'>\n\t\t\t<div class='gallery-icon landscape'>\n\t\t\t\t<a href='https:\/\/dkas.si\/en\/aktivnosti\/posveti-in-konference\/mednarodna-konferenca-zelena-infrastruktura\/zelena-infrastruktura-21\/'><img loading=\"lazy\" decoding=\"async\" width=\"150\" height=\"150\" src=\"https:\/\/dkas.si\/wp-content\/uploads\/2025\/10\/DKAS_konferenca2016_028-150x150.jpg\" class=\"attachment-thumbnail size-thumbnail\" alt=\"\" \/><\/a>\n\t\t\t<\/div><\/figure><figure class='gallery-item'>\n\t\t\t<div class='gallery-icon landscape'>\n\t\t\t\t<a href='https:\/\/dkas.si\/en\/aktivnosti\/posveti-in-konference\/mednarodna-konferenca-zelena-infrastruktura\/zelena-infrastruktura-22\/'><img loading=\"lazy\" decoding=\"async\" width=\"150\" height=\"150\" src=\"https:\/\/dkas.si\/wp-content\/uploads\/2025\/10\/DKAS_konferenca2016_029-150x150.jpg\" class=\"attachment-thumbnail size-thumbnail\" alt=\"\" \/><\/a>\n\t\t\t<\/div><\/figure><figure class='gallery-item'>\n\t\t\t<div class='gallery-icon landscape'>\n\t\t\t\t<a href='https:\/\/dkas.si\/en\/aktivnosti\/posveti-in-konference\/mednarodna-konferenca-zelena-infrastruktura\/zelena-infrastruktura-23\/'><img loading=\"lazy\" decoding=\"async\" width=\"150\" height=\"150\" src=\"https:\/\/dkas.si\/wp-content\/uploads\/2025\/10\/DKAS_konferenca2016_032-1-150x150.jpg\" class=\"attachment-thumbnail size-thumbnail\" alt=\"\" \/><\/a>\n\t\t\t<\/div><\/figure><figure class='gallery-item'>\n\t\t\t<div class='gallery-icon landscape'>\n\t\t\t\t<a href='https:\/\/dkas.si\/en\/aktivnosti\/posveti-in-konference\/mednarodna-konferenca-zelena-infrastruktura\/zelena-infrastruktura-24\/'><img loading=\"lazy\" decoding=\"async\" width=\"150\" height=\"150\" src=\"https:\/\/dkas.si\/wp-content\/uploads\/2025\/10\/DKAS_konferenca2016_032-150x150.jpg\" class=\"attachment-thumbnail size-thumbnail\" alt=\"\" aria-describedby=\"gallery-1-1735\" \/><\/a>\n\t\t\t<\/div>\n\t\t\t\t<figcaption class='wp-caption-text gallery-caption' id='gallery-1-1735'>\n\t\t\t\tD\n\t\t\t\t<\/figcaption><\/figure>\n\t\t<\/div>\n\n<p>Foto: Luka Vidic<\/p>\n","protected":false},"excerpt":{"rendered":"<p>Mednarodna konferenca Zelena infrastruktura Bro\u0161ura konference: Zelena infrastruktura &#8211; novi izzivi na\u010drtovanja mestne krajine DKAS, Oddelek za krajinsko arhitekturo Biotehni\u0161ke fakultete in Regionalna razvojna agencija Ljubljanske urbane regije (RRA LUR) smo 17. maja 2016 v Ljubljani, Zeleni prestolnici Evrope 2016 uspe\u0161no izvedli mednarodno konferenco Zelena infrastruktura \u2013 novi izzivi na\u010drtovanja mestne krajine. Zbralo se je [&hellip;]<\/p>\n","protected":false},"author":2,"featured_media":1744,"parent":185,"menu_order":0,"comment_status":"closed","ping_status":"closed","template":"","meta":{"footnotes":""},"class_list":["post-1708","page","type-page","status-publish","has-post-thumbnail","hentry"],"_links":{"self":[{"href":"https:\/\/dkas.si\/en\/wp-json\/wp\/v2\/pages\/1708","targetHints":{"allow":["GET"]}}],"collection":[{"href":"https:\/\/dkas.si\/en\/wp-json\/wp\/v2\/pages"}],"about":[{"href":"https:\/\/dkas.si\/en\/wp-json\/wp\/v2\/types\/page"}],"author":[{"embeddable":true,"href":"https:\/\/dkas.si\/en\/wp-json\/wp\/v2\/users\/2"}],"replies":[{"embeddable":true,"href":"https:\/\/dkas.si\/en\/wp-json\/wp\/v2\/comments?post=1708"}],"version-history":[{"count":4,"href":"https:\/\/dkas.si\/en\/wp-json\/wp\/v2\/pages\/1708\/revisions"}],"predecessor-version":[{"id":1746,"href":"https:\/\/dkas.si\/en\/wp-json\/wp\/v2\/pages\/1708\/revisions\/1746"}],"up":[{"embeddable":true,"href":"https:\/\/dkas.si\/en\/wp-json\/wp\/v2\/pages\/185"}],"wp:featuredmedia":[{"embeddable":true,"href":"https:\/\/dkas.si\/en\/wp-json\/wp\/v2\/media\/1744"}],"wp:attachment":[{"href":"https:\/\/dkas.si\/en\/wp-json\/wp\/v2\/media?parent=1708"}],"curies":[{"name":"wp","href":"https:\/\/api.w.org\/{rel}","templated":true}]}}