{"id":178,"date":"2024-11-12T14:40:12","date_gmt":"2024-11-12T13:40:12","guid":{"rendered":"https:\/\/newdkas.wpm.hehe.si\/?page_id=178"},"modified":"2026-03-30T21:06:23","modified_gmt":"2026-03-30T19:06:23","slug":"mesec-ka","status":"publish","type":"page","link":"https:\/\/dkas.si\/en\/aktivnosti\/mesec-ka\/","title":{"rendered":"Mesec KA"},"content":{"rendered":"<h2 class=\"title\">April, mesec krajinske arhitekture<\/h2>\n<p><strong>Mednarodna zveza krajinskih arhitektov (<a href=\"https:\/\/www.iflaworld.com\/\" target=\"_blank\" rel=\"noopener\">IFLA<\/a>) je v letu 2007 sledila zgledu Ameri\u0161ke zveze (<a href=\"https:\/\/www.asla.org\/\" target=\"_blank\" rel=\"noopener\">ASLA<\/a>) in razglasila april za mesec krajinske arhitekture, ko smo se praznovanju pridru\u017eili tudi slovenski krajinski arhitekti. Vsako leto v aprilu organiziramo \u0161tevilne dogodke v razli\u010dnih krajih po Sloveniji, v sklopu katerih predstavljamo svoje prispevke h kakovostnemu urejanju prostora, s \u010dimer si v slovenski javnosti prizadevamo \u0161iriti razumevanje ter poslanstvo na\u0161e stroke.<\/strong><\/p>\n<p>V letu 2017 je bilo praznovanje povezano s praznovanjem 25. obletnice delovanja dru\u0161tva in 70-letnice delovanja Biotehni\u0161ke fakultete, v okviru katere \u017ee od leta 1972 poteka \u0161tudij krajinske arhitekture v Sloveniji. Ve\u010d o posameznih edicijah meseca KA si lahko preberete s klikom na posamezno letnico v nadaljevanju.<\/p>\n<p><a href=\"https:\/\/dkas.si\/aktivnosti\/mesec-ka\/mesec-krajinske-arhitekture-2026\/\"><img loading=\"lazy\" decoding=\"async\" class=\"alignleft wp-image-3008 size-medium\" src=\"https:\/\/dkas.si\/wp-content\/uploads\/2026\/03\/leto2026-300x84.jpg\" alt=\"\" width=\"300\" height=\"84\" srcset=\"https:\/\/dkas.si\/wp-content\/uploads\/2026\/03\/leto2026-300x84.jpg 300w, https:\/\/dkas.si\/wp-content\/uploads\/2026\/03\/leto2026-1024x288.jpg 1024w, https:\/\/dkas.si\/wp-content\/uploads\/2026\/03\/leto2026-768x216.jpg 768w, https:\/\/dkas.si\/wp-content\/uploads\/2026\/03\/leto2026-1536x432.jpg 1536w, https:\/\/dkas.si\/wp-content\/uploads\/2026\/03\/leto2026-2048x577.jpg 2048w\" sizes=\"auto, (max-width: 300px) 100vw, 300px\" \/><\/a><\/p>\n<p><a href=\"https:\/\/dkas.si\/aktivnosti\/mesec-ka\/mesec-krajinske-arhitekture-2025\/\"><img loading=\"lazy\" decoding=\"async\" class=\"size-medium wp-image-786 alignnone\" src=\"https:\/\/dkas.si\/wp-content\/uploads\/2025\/09\/leto2025-300x84.jpg\" alt=\"\" width=\"300\" height=\"84\" srcset=\"https:\/\/dkas.si\/wp-content\/uploads\/2025\/09\/leto2025-300x84.jpg 300w, https:\/\/dkas.si\/wp-content\/uploads\/2025\/09\/leto2025-1024x288.jpg 1024w, https:\/\/dkas.si\/wp-content\/uploads\/2025\/09\/leto2025-768x216.jpg 768w, https:\/\/dkas.si\/wp-content\/uploads\/2025\/09\/leto2025-1536x432.jpg 1536w, https:\/\/dkas.si\/wp-content\/uploads\/2025\/09\/leto2025-2048x577.jpg 2048w\" sizes=\"auto, (max-width: 300px) 100vw, 300px\" \/><\/a><\/p>\n<p><a href=\"https:\/\/dkas.si\/aktivnosti\/mesec-ka\/mesec-krajinske-arhitekture-2024\/\"><img loading=\"lazy\" decoding=\"async\" class=\"size-medium wp-image-785 alignnone\" src=\"https:\/\/dkas.si\/wp-content\/uploads\/2025\/09\/leto2024-300x84.jpg\" alt=\"\" width=\"300\" height=\"84\" srcset=\"https:\/\/dkas.si\/wp-content\/uploads\/2025\/09\/leto2024-300x84.jpg 300w, https:\/\/dkas.si\/wp-content\/uploads\/2025\/09\/leto2024-1024x288.jpg 1024w, https:\/\/dkas.si\/wp-content\/uploads\/2025\/09\/leto2024-768x216.jpg 768w, https:\/\/dkas.si\/wp-content\/uploads\/2025\/09\/leto2024-1536x432.jpg 1536w, https:\/\/dkas.si\/wp-content\/uploads\/2025\/09\/leto2024-2048x577.jpg 2048w\" sizes=\"auto, (max-width: 300px) 100vw, 300px\" \/><\/a><\/p>\n<p><a href=\"https:\/\/dkas.si\/aktivnosti\/mesec-ka\/mesec-krajinske-arhitekture-2023\/\"><img loading=\"lazy\" decoding=\"async\" class=\"size-medium wp-image-784 alignnone\" src=\"https:\/\/dkas.si\/wp-content\/uploads\/2025\/09\/leto2023-300x84.jpg\" alt=\"\" width=\"300\" height=\"84\" srcset=\"https:\/\/dkas.si\/wp-content\/uploads\/2025\/09\/leto2023-300x84.jpg 300w, https:\/\/dkas.si\/wp-content\/uploads\/2025\/09\/leto2023-1024x288.jpg 1024w, https:\/\/dkas.si\/wp-content\/uploads\/2025\/09\/leto2023-768x216.jpg 768w, https:\/\/dkas.si\/wp-content\/uploads\/2025\/09\/leto2023-1536x432.jpg 1536w, https:\/\/dkas.si\/wp-content\/uploads\/2025\/09\/leto2023-2048x577.jpg 2048w\" sizes=\"auto, (max-width: 300px) 100vw, 300px\" \/><\/a><\/p>\n<p><a href=\"https:\/\/dkas.si\/aktivnosti\/mesec-ka\/1220-2\/\"><img loading=\"lazy\" decoding=\"async\" class=\"alignnone wp-image-783 size-medium\" src=\"https:\/\/dkas.si\/wp-content\/uploads\/2025\/09\/leto2022-300x84.jpg\" alt=\"\" width=\"300\" height=\"84\" srcset=\"https:\/\/dkas.si\/wp-content\/uploads\/2025\/09\/leto2022-300x84.jpg 300w, https:\/\/dkas.si\/wp-content\/uploads\/2025\/09\/leto2022-1024x288.jpg 1024w, https:\/\/dkas.si\/wp-content\/uploads\/2025\/09\/leto2022-768x216.jpg 768w, https:\/\/dkas.si\/wp-content\/uploads\/2025\/09\/leto2022-1536x432.jpg 1536w, https:\/\/dkas.si\/wp-content\/uploads\/2025\/09\/leto2022-2048x577.jpg 2048w\" sizes=\"auto, (max-width: 300px) 100vw, 300px\" \/><\/a><\/p>\n<p><a href=\"https:\/\/dkas.si\/aktivnosti\/mesec-ka\/mesec-krajinske-arhitekture-2021\/\"><img loading=\"lazy\" decoding=\"async\" class=\"size-medium wp-image-782 alignnone\" src=\"https:\/\/dkas.si\/wp-content\/uploads\/2025\/09\/leto2021-300x84.jpg\" alt=\"\" width=\"300\" height=\"84\" srcset=\"https:\/\/dkas.si\/wp-content\/uploads\/2025\/09\/leto2021-300x84.jpg 300w, https:\/\/dkas.si\/wp-content\/uploads\/2025\/09\/leto2021-1024x288.jpg 1024w, https:\/\/dkas.si\/wp-content\/uploads\/2025\/09\/leto2021-768x216.jpg 768w, https:\/\/dkas.si\/wp-content\/uploads\/2025\/09\/leto2021-1536x432.jpg 1536w, https:\/\/dkas.si\/wp-content\/uploads\/2025\/09\/leto2021-2048x577.jpg 2048w\" sizes=\"auto, (max-width: 300px) 100vw, 300px\" \/><\/a><\/p>\n<p><a href=\"https:\/\/dkas.si\/aktivnosti\/mesec-ka\/mesec-krajinske-arhitekture-2020\/\"><img loading=\"lazy\" decoding=\"async\" class=\"size-medium wp-image-781 alignnone\" src=\"https:\/\/dkas.si\/wp-content\/uploads\/2025\/09\/leto2020-300x84.jpg\" alt=\"\" width=\"300\" height=\"84\" srcset=\"https:\/\/dkas.si\/wp-content\/uploads\/2025\/09\/leto2020-300x84.jpg 300w, https:\/\/dkas.si\/wp-content\/uploads\/2025\/09\/leto2020-1024x288.jpg 1024w, https:\/\/dkas.si\/wp-content\/uploads\/2025\/09\/leto2020-768x216.jpg 768w, https:\/\/dkas.si\/wp-content\/uploads\/2025\/09\/leto2020-1536x432.jpg 1536w, https:\/\/dkas.si\/wp-content\/uploads\/2025\/09\/leto2020-2048x577.jpg 2048w\" sizes=\"auto, (max-width: 300px) 100vw, 300px\" \/><\/a><\/p>\n<p><a href=\"https:\/\/dkas.si\/aktivnosti\/mesec-ka\/mesec-krajinske-arhitekture-2019\/\"><img loading=\"lazy\" decoding=\"async\" class=\"size-medium wp-image-780 alignnone\" src=\"https:\/\/dkas.si\/wp-content\/uploads\/2025\/09\/leto2019-300x84.jpg\" alt=\"\" width=\"300\" height=\"84\" srcset=\"https:\/\/dkas.si\/wp-content\/uploads\/2025\/09\/leto2019-300x84.jpg 300w, https:\/\/dkas.si\/wp-content\/uploads\/2025\/09\/leto2019-1024x288.jpg 1024w, https:\/\/dkas.si\/wp-content\/uploads\/2025\/09\/leto2019-768x216.jpg 768w, https:\/\/dkas.si\/wp-content\/uploads\/2025\/09\/leto2019-1536x432.jpg 1536w, https:\/\/dkas.si\/wp-content\/uploads\/2025\/09\/leto2019-2048x577.jpg 2048w\" sizes=\"auto, (max-width: 300px) 100vw, 300px\" \/><\/a><\/p>\n<p><a href=\"https:\/\/dkas.si\/aktivnosti\/mesec-ka\/mesec-krajinske-arhitekture-2018\/\"><img loading=\"lazy\" decoding=\"async\" class=\"size-medium wp-image-779 alignnone\" src=\"https:\/\/dkas.si\/wp-content\/uploads\/2025\/09\/leto2018-300x84.jpg\" alt=\"\" width=\"300\" height=\"84\" srcset=\"https:\/\/dkas.si\/wp-content\/uploads\/2025\/09\/leto2018-300x84.jpg 300w, https:\/\/dkas.si\/wp-content\/uploads\/2025\/09\/leto2018-1024x288.jpg 1024w, https:\/\/dkas.si\/wp-content\/uploads\/2025\/09\/leto2018-768x216.jpg 768w, https:\/\/dkas.si\/wp-content\/uploads\/2025\/09\/leto2018-1536x432.jpg 1536w, https:\/\/dkas.si\/wp-content\/uploads\/2025\/09\/leto2018-2048x577.jpg 2048w\" sizes=\"auto, (max-width: 300px) 100vw, 300px\" \/><\/a><\/p>\n<p><a href=\"https:\/\/dkas.si\/aktivnosti\/mesec-ka\/mesec-krajinske-arhitekture-2017\/\"><img loading=\"lazy\" decoding=\"async\" class=\"size-medium wp-image-778 alignnone\" src=\"https:\/\/dkas.si\/wp-content\/uploads\/2025\/09\/leto2017-300x84.jpg\" alt=\"\" width=\"300\" height=\"84\" srcset=\"https:\/\/dkas.si\/wp-content\/uploads\/2025\/09\/leto2017-300x84.jpg 300w, https:\/\/dkas.si\/wp-content\/uploads\/2025\/09\/leto2017-1024x288.jpg 1024w, https:\/\/dkas.si\/wp-content\/uploads\/2025\/09\/leto2017-768x216.jpg 768w, https:\/\/dkas.si\/wp-content\/uploads\/2025\/09\/leto2017-1536x432.jpg 1536w, https:\/\/dkas.si\/wp-content\/uploads\/2025\/09\/leto2017-2048x577.jpg 2048w\" sizes=\"auto, (max-width: 300px) 100vw, 300px\" \/><\/a><\/p>\n<p><a href=\"https:\/\/dkas.si\/aktivnosti\/mesec-ka\/mesec-krajinske-arhitekture-2016\/\"><img loading=\"lazy\" decoding=\"async\" class=\"size-medium wp-image-777 alignnone\" src=\"https:\/\/dkas.si\/wp-content\/uploads\/2025\/09\/leto2016-300x84.jpg\" alt=\"\" width=\"300\" height=\"84\" srcset=\"https:\/\/dkas.si\/wp-content\/uploads\/2025\/09\/leto2016-300x84.jpg 300w, https:\/\/dkas.si\/wp-content\/uploads\/2025\/09\/leto2016-1024x288.jpg 1024w, https:\/\/dkas.si\/wp-content\/uploads\/2025\/09\/leto2016-768x216.jpg 768w, https:\/\/dkas.si\/wp-content\/uploads\/2025\/09\/leto2016-1536x432.jpg 1536w, https:\/\/dkas.si\/wp-content\/uploads\/2025\/09\/leto2016-2048x577.jpg 2048w\" sizes=\"auto, (max-width: 300px) 100vw, 300px\" \/><\/a><\/p>\n<p><a href=\"https:\/\/dkas.si\/aktivnosti\/mesec-ka\/mesec-krajinske-arhitekture-2015\/\"><img loading=\"lazy\" decoding=\"async\" class=\"size-medium wp-image-776 alignnone\" src=\"https:\/\/dkas.si\/wp-content\/uploads\/2025\/09\/leto2015-300x84.jpg\" alt=\"\" width=\"300\" height=\"84\" srcset=\"https:\/\/dkas.si\/wp-content\/uploads\/2025\/09\/leto2015-300x84.jpg 300w, https:\/\/dkas.si\/wp-content\/uploads\/2025\/09\/leto2015-1024x288.jpg 1024w, https:\/\/dkas.si\/wp-content\/uploads\/2025\/09\/leto2015-768x216.jpg 768w, https:\/\/dkas.si\/wp-content\/uploads\/2025\/09\/leto2015-1536x432.jpg 1536w, https:\/\/dkas.si\/wp-content\/uploads\/2025\/09\/leto2015-2048x577.jpg 2048w\" sizes=\"auto, (max-width: 300px) 100vw, 300px\" \/><\/a><\/p>\n<p><a href=\"https:\/\/dkas.si\/aktivnosti\/mesec-ka\/mesec-krajinske-arhitekture-2014\/\"><img loading=\"lazy\" decoding=\"async\" class=\"wp-image-775 size-medium alignnone\" src=\"https:\/\/dkas.si\/wp-content\/uploads\/2025\/09\/leto2014-300x84.jpg\" alt=\"\" width=\"300\" height=\"84\" srcset=\"https:\/\/dkas.si\/wp-content\/uploads\/2025\/09\/leto2014-300x84.jpg 300w, https:\/\/dkas.si\/wp-content\/uploads\/2025\/09\/leto2014-1024x288.jpg 1024w, https:\/\/dkas.si\/wp-content\/uploads\/2025\/09\/leto2014-768x216.jpg 768w, https:\/\/dkas.si\/wp-content\/uploads\/2025\/09\/leto2014-1536x432.jpg 1536w, https:\/\/dkas.si\/wp-content\/uploads\/2025\/09\/leto2014-2048x577.jpg 2048w\" sizes=\"auto, (max-width: 300px) 100vw, 300px\" \/><\/a><\/p>\n<p><a href=\"https:\/\/dkas.si\/aktivnosti\/mesec-ka\/mesec-krajinske-arhitekture-2013\/\"><img loading=\"lazy\" decoding=\"async\" class=\"wp-image-774 size-medium alignnone\" src=\"https:\/\/dkas.si\/wp-content\/uploads\/2025\/09\/leto2013-300x84.jpg\" alt=\"\" width=\"300\" height=\"84\" srcset=\"https:\/\/dkas.si\/wp-content\/uploads\/2025\/09\/leto2013-300x84.jpg 300w, https:\/\/dkas.si\/wp-content\/uploads\/2025\/09\/leto2013-1024x288.jpg 1024w, https:\/\/dkas.si\/wp-content\/uploads\/2025\/09\/leto2013-768x216.jpg 768w, https:\/\/dkas.si\/wp-content\/uploads\/2025\/09\/leto2013-1536x432.jpg 1536w, https:\/\/dkas.si\/wp-content\/uploads\/2025\/09\/leto2013-2048x577.jpg 2048w\" sizes=\"auto, (max-width: 300px) 100vw, 300px\" \/><\/a><\/p>\n<p><a href=\"https:\/\/dkas.si\/aktivnosti\/mesec-ka\/mesec-krajinske-arhitekture-2012\/\"><img loading=\"lazy\" decoding=\"async\" class=\"alignnone wp-image-773 size-medium\" src=\"https:\/\/dkas.si\/wp-content\/uploads\/2025\/09\/leto2012-300x84.jpg\" alt=\"\" width=\"300\" height=\"84\" srcset=\"https:\/\/dkas.si\/wp-content\/uploads\/2025\/09\/leto2012-300x84.jpg 300w, https:\/\/dkas.si\/wp-content\/uploads\/2025\/09\/leto2012-1024x288.jpg 1024w, https:\/\/dkas.si\/wp-content\/uploads\/2025\/09\/leto2012-768x216.jpg 768w, https:\/\/dkas.si\/wp-content\/uploads\/2025\/09\/leto2012-1536x432.jpg 1536w, https:\/\/dkas.si\/wp-content\/uploads\/2025\/09\/leto2012-2048x577.jpg 2048w\" sizes=\"auto, (max-width: 300px) 100vw, 300px\" \/><\/a><\/p>\n<p><a href=\"https:\/\/dkas.si\/mesec-krajinske-arhitekture-2011\/\"><img loading=\"lazy\" decoding=\"async\" class=\"size-medium wp-image-772 alignnone\" src=\"https:\/\/dkas.si\/wp-content\/uploads\/2025\/09\/leto2011-300x84.jpg\" alt=\"\" width=\"300\" height=\"84\" srcset=\"https:\/\/dkas.si\/wp-content\/uploads\/2025\/09\/leto2011-300x84.jpg 300w, https:\/\/dkas.si\/wp-content\/uploads\/2025\/09\/leto2011-1024x288.jpg 1024w, https:\/\/dkas.si\/wp-content\/uploads\/2025\/09\/leto2011-768x216.jpg 768w, https:\/\/dkas.si\/wp-content\/uploads\/2025\/09\/leto2011-1536x432.jpg 1536w, https:\/\/dkas.si\/wp-content\/uploads\/2025\/09\/leto2011-2048x577.jpg 2048w\" sizes=\"auto, (max-width: 300px) 100vw, 300px\" \/><\/a><\/p>\n<p><a href=\"https:\/\/dkas.si\/mesec-krajinske-arhitekture-2010\/\"><img loading=\"lazy\" decoding=\"async\" class=\"size-medium wp-image-771 alignnone\" src=\"https:\/\/dkas.si\/wp-content\/uploads\/2025\/09\/leto2010-300x84.jpg\" alt=\"\" width=\"300\" height=\"84\" srcset=\"https:\/\/dkas.si\/wp-content\/uploads\/2025\/09\/leto2010-300x84.jpg 300w, https:\/\/dkas.si\/wp-content\/uploads\/2025\/09\/leto2010-1024x288.jpg 1024w, https:\/\/dkas.si\/wp-content\/uploads\/2025\/09\/leto2010-768x216.jpg 768w, https:\/\/dkas.si\/wp-content\/uploads\/2025\/09\/leto2010-1536x432.jpg 1536w, https:\/\/dkas.si\/wp-content\/uploads\/2025\/09\/leto2010-2048x577.jpg 2048w\" sizes=\"auto, (max-width: 300px) 100vw, 300px\" \/><\/a><\/p>\n<p>&nbsp;<\/p>\n<p>&nbsp;<\/p>\n","protected":false},"excerpt":{"rendered":"<p>April, mesec krajinske arhitekture Mednarodna zveza krajinskih arhitektov (IFLA) je v letu 2007 sledila zgledu Ameri\u0161ke zveze (ASLA) in razglasila april za mesec krajinske arhitekture, ko smo se praznovanju pridru\u017eili tudi slovenski krajinski arhitekti. Vsako leto v aprilu organiziramo \u0161tevilne dogodke v razli\u010dnih krajih po Sloveniji, v sklopu katerih predstavljamo svoje prispevke h kakovostnemu urejanju [&hellip;]<\/p>\n","protected":false},"author":1,"featured_media":635,"parent":173,"menu_order":2,"comment_status":"closed","ping_status":"closed","template":"","meta":{"footnotes":""},"class_list":["post-178","page","type-page","status-publish","has-post-thumbnail","hentry"],"_links":{"self":[{"href":"https:\/\/dkas.si\/en\/wp-json\/wp\/v2\/pages\/178","targetHints":{"allow":["GET"]}}],"collection":[{"href":"https:\/\/dkas.si\/en\/wp-json\/wp\/v2\/pages"}],"about":[{"href":"https:\/\/dkas.si\/en\/wp-json\/wp\/v2\/types\/page"}],"author":[{"embeddable":true,"href":"https:\/\/dkas.si\/en\/wp-json\/wp\/v2\/users\/1"}],"replies":[{"embeddable":true,"href":"https:\/\/dkas.si\/en\/wp-json\/wp\/v2\/comments?post=178"}],"version-history":[{"count":34,"href":"https:\/\/dkas.si\/en\/wp-json\/wp\/v2\/pages\/178\/revisions"}],"predecessor-version":[{"id":3010,"href":"https:\/\/dkas.si\/en\/wp-json\/wp\/v2\/pages\/178\/revisions\/3010"}],"up":[{"embeddable":true,"href":"https:\/\/dkas.si\/en\/wp-json\/wp\/v2\/pages\/173"}],"wp:featuredmedia":[{"embeddable":true,"href":"https:\/\/dkas.si\/en\/wp-json\/wp\/v2\/media\/635"}],"wp:attachment":[{"href":"https:\/\/dkas.si\/en\/wp-json\/wp\/v2\/media?parent=178"}],"curies":[{"name":"wp","href":"https:\/\/api.w.org\/{rel}","templated":true}]}}