{"id":1873,"date":"2025-10-01T16:03:53","date_gmt":"2025-10-01T14:03:53","guid":{"rendered":"https:\/\/newdkas.wpm.hehe.si\/?page_id=1873"},"modified":"2025-10-01T16:03:53","modified_gmt":"2025-10-01T14:03:53","slug":"degradacije-v-prostoru","status":"publish","type":"page","link":"https:\/\/dkas.si\/en\/aktivnosti\/posveti-in-konference\/degradacije-v-prostoru\/","title":{"rendered":"Degradacije v prostoru"},"content":{"rendered":"<h2>Degradacije v prostoru<\/h2>\n<p>2. strokovno sre\u010danje DKAS<br \/>\nTopol\u0161ica, 27. in 28. oktober 1995<\/p>\n<p><a href=\"https:\/\/dkas.si\/wp-content\/uploads\/2025\/10\/zbornik_1995_prve_strani_mini.pdf\">Zbornik: Degradacije v prostoru- prve strani<\/a><\/p>\n<p><strong>Organizacijski odbor<\/strong><br \/>\n<strong>Jelka Habjan, Sa\u0161a Piano, Nata\u0161a Bratina, Igor Vu\u010der in Maja Simoneti<\/strong><\/p>\n<p><strong>Prispevki<\/strong><\/p>\n<p><strong>\u017divana Meja\u010d<\/strong>: Obravnava degradacij v prostorskem planiranju<br \/>\n<strong>mag. Jelka Hudoklin<\/strong>: Splo\u0161no o degradacijah prostora<br \/>\n<strong>prof. Janez Ko\u017eelj<\/strong>: Degradirana urbana obmo\u010dja<br \/>\n<strong>prof. dr. Milan Veseli\u010d<\/strong>: Degradacije podtalnice (prispevek v zborniku ni objavljen)<br \/>\n<strong>mag. Jasna Koblar<\/strong>: Prostorska zasnova obmo\u010dij mineralnih surovin<br \/>\n<strong>dr. Franc Poto\u010dnik<\/strong>: Vplivi degradacij na \u017eivi svet<br \/>\n<strong>prof. Marko Poli\u010d<\/strong>: Vedenjske pasti in okolje, njihovi vzroki in na\u010dini preseganja (psiholo\u0161ki vidik degradacij)<br \/>\n<strong>Marjan Tam\u0161e<\/strong>: Odkopavanje premoga v \u0160ale\u0161ki dolini<br \/>\n<strong>Sa\u0161a Piano<\/strong>: Posledice eksploatacije v \u0160ale\u0161ki dolini<br \/>\n<strong>Marjana Kopitar<\/strong>: Na\u010dini re\u0161evanja ugrezninskega polja s prostorskimi akti<br \/>\n<strong>Emil \u0160terbenk<\/strong>: Spremembe vodne mre\u017ee v \u0160ale\u0161ki dolini zaradi premogovni\u0161tva<br \/>\n<strong>Jo\u017ee Lenart, Zmago Logar<\/strong>: Vplivi na okolje pri izvedbi programa trajnega prenehanja izkori\u0161\u010danja uranove rude (zapiranje rudnika urana \u017dirovski vrh)<br \/>\n<strong>Igor Buser<\/strong>: Odlagali\u0161\u010de hidrometalur\u0161ke jalovine Bor\u0161t (\u017dirovski vrh)<br \/>\n<strong>Toma\u017e Begu\u0161, doc. dr. Mihael Ribi\u010di\u010d, Marko Ko\u010devar, Andrej \u0160ubej<\/strong>: Vplivi odkopavanja premoga na degradacijo povr\u0161ine (Kani\u017earica)<\/p>\n<p><strong>Predgovor v zborniku<\/strong><\/p>\n<p>Obravnava degradacij v prostoru, ki se je prete\u017eno omejevala na razli\u010dne oblike onesna\u017eevanja, v novih pogojih dru\u017ebene ob\u010dutljivosti do prostorskih vrednosti, ne zadostuje. V prostoru so zaznavne razli\u010dne oblike degradacij, ki so neposredno in posredno posledica \u010dlovekovih posegov in njegovega delovanja. Nemalokrat so degradacije ozna\u010dene spremembe, ki so posledica delovanja naravnih sil, spodbujene s posegi v prostor. Degradacije lahko razlikujemo po izvoru, zunanjih vidnih znakih, kvalitativnih spremembah zna\u010dilnosti prostorskih sestavin, mo\u017enostih sanacije, starosti, mo\u017enosti prepre\u010devanja, pogostosti pojavljanja, prostorskem kontekstu, navezavi na druge prostorske rabe in probleme. Kak\u0161ne so mo\u017enosti za vklju\u010ditev degradacij v sistemsko re\u0161evanje prostorskih problemov? Degradacije je na dolo\u010denih podro\u010djih mogo\u010de izmeriti, dokazati in izraziti v \u0161tevilkah; zato za tovrstna onesna\u017eevanja obstajajo normativi in standardi, ki dolo\u010dajo mejne vrednosti. Kako pa vrednotimo spremembe v prostoru, za katere ni normiranih mejnih vrednosti, pa smo kljub temu sposobni oceniti, da odstopajo od pri\u010dakovane podobe in jih je potrebno sanirati? Zdi se, da je mo\u017enosti za strokovno razpravo veliko.<\/p>\n<p>V zadnjih letih so se v skladu z novej\u0161o okoljevarstveno in prostorsko zakonodajo uvedli postopki, s katerimi se na ravni preventive presojajo pri\u010dakovani vplivi na okolje, opredeljuje ranljivost prostora in i\u0161\u010dejo bolj\u0161e tehnolo\u0161ke in prostorske re\u0161itve. Potrebno pa je vzpostaviti tudi mehanizme za re\u0161evanje okoljskih (prostorskih) problemov na ravni kurative kot vzporedne veje okoljevarstvenih prizadevanj. Z ustreznimi na\u010dini evidentiranja in vrednotenja pojavov degradacij ter s pretehtanimi sanacijskimi ukrepi je namre\u010d mogo\u010de zmanj\u0161ati obseg in te\u017eo po\u0161kodb v prostoru in odkriti nove prostorske potenciale ter s tem izbolj\u0161ati stanje okolja nasploh.<\/p>\n<p>Namen sre\u010danja je osvetliti razse\u017enosti problematike degradacij prostora in ob tem podrobneje predstaviti ve\u010dplastnost re\u0161evanja prostorskih problemov v sklopu rudni\u0161kega obmo\u010dja v Velenju. Zato so k sodelovanju povabljeni strokovnjaki, ki se soo\u010dajo s tovrstnimi problemi na razli\u010dnih podro\u010djih in lahko prispevajo k oblikovanju novih spoznanj. Z uveljavitvijo meril za opredeljevanje in vrednotenje degradiranosti naj bi namre\u010d omogo\u010dili kriti\u010den pogled prostorskih na\u010drtovalcev na obstoje\u010de stanje v prostoru, s tem pa zagotovili ustrezne sanacijske postopke in re\u0161itve, s katerimi bo prepre\u010den nastanek novih degradacij.<\/p>\n<p>Jelka Hudoklin<\/p>\n","protected":false},"excerpt":{"rendered":"<p>Degradacije v prostoru 2. strokovno sre\u010danje DKAS Topol\u0161ica, 27. in 28. oktober 1995 Zbornik: Degradacije v prostoru- prve strani Organizacijski odbor Jelka Habjan, Sa\u0161a Piano, Nata\u0161a Bratina, Igor Vu\u010der in Maja Simoneti Prispevki \u017divana Meja\u010d: Obravnava degradacij v prostorskem planiranju mag. Jelka Hudoklin: Splo\u0161no o degradacijah prostora prof. Janez Ko\u017eelj: Degradirana urbana obmo\u010dja prof. dr. [&hellip;]<\/p>\n","protected":false},"author":2,"featured_media":1875,"parent":185,"menu_order":0,"comment_status":"closed","ping_status":"closed","template":"","meta":{"footnotes":""},"class_list":["post-1873","page","type-page","status-publish","has-post-thumbnail","hentry"],"_links":{"self":[{"href":"https:\/\/dkas.si\/en\/wp-json\/wp\/v2\/pages\/1873","targetHints":{"allow":["GET"]}}],"collection":[{"href":"https:\/\/dkas.si\/en\/wp-json\/wp\/v2\/pages"}],"about":[{"href":"https:\/\/dkas.si\/en\/wp-json\/wp\/v2\/types\/page"}],"author":[{"embeddable":true,"href":"https:\/\/dkas.si\/en\/wp-json\/wp\/v2\/users\/2"}],"replies":[{"embeddable":true,"href":"https:\/\/dkas.si\/en\/wp-json\/wp\/v2\/comments?post=1873"}],"version-history":[{"count":1,"href":"https:\/\/dkas.si\/en\/wp-json\/wp\/v2\/pages\/1873\/revisions"}],"predecessor-version":[{"id":1876,"href":"https:\/\/dkas.si\/en\/wp-json\/wp\/v2\/pages\/1873\/revisions\/1876"}],"up":[{"embeddable":true,"href":"https:\/\/dkas.si\/en\/wp-json\/wp\/v2\/pages\/185"}],"wp:featuredmedia":[{"embeddable":true,"href":"https:\/\/dkas.si\/en\/wp-json\/wp\/v2\/media\/1875"}],"wp:attachment":[{"href":"https:\/\/dkas.si\/en\/wp-json\/wp\/v2\/media?parent=1873"}],"curies":[{"name":"wp","href":"https:\/\/api.w.org\/{rel}","templated":true}]}}