{"id":1882,"date":"2025-10-01T16:12:37","date_gmt":"2025-10-01T14:12:37","guid":{"rendered":"https:\/\/newdkas.wpm.hehe.si\/?page_id=1882"},"modified":"2025-10-01T16:13:05","modified_gmt":"2025-10-01T14:13:05","slug":"aktualna-dejavnost-stroke","status":"publish","type":"page","link":"https:\/\/dkas.si\/en\/aktivnosti\/posveti-in-konference\/aktualna-dejavnost-stroke\/","title":{"rendered":"Aktualna dejavnost stroke"},"content":{"rendered":"<h2>Aktualna dejavnost stroke<\/h2>\n<p>1. letno strokovno sre\u010danje DKAS<br \/>\nLendava, september 1994<\/p>\n<p><a href=\"https:\/\/dkas.si\/wp-content\/uploads\/2025\/10\/Aktualna-dej_zbornik_1994_prve_strani_mini.pdf\">Zbornik: Aktualna dejavnost stroke &#8211; prve strani<\/a><\/p>\n<p><strong>Organizacijski odbor<\/strong><br \/>\n<strong>Ale\u0161 Hafner, Stanka De\u0161nik, Jo\u017ee Novak in Jelka Habjan<\/strong><\/p>\n<p><strong>Prispevki<\/strong><\/p>\n<p><strong>Jo\u017ee Novak, \u017divana Meja\u010d<\/strong>: Razvojni trendi in pri\u010dakovani konflikti v prostoru<br \/>\n<strong>Igor Vu\u010der<\/strong>: Varovalno planiranje<br \/>\n<strong>dr. Ivan Janez Maru\u0161i\u010d<\/strong>: Delovna podro\u010dja krajinske arhitekture<br \/>\n<strong>Ale\u0161 Hafner, Suzana Simi\u010d<\/strong>: Varstvo narave in krajine<br \/>\n<strong>dr. Nikolaja Kravanja, mag. Jelka Hudoklin, Sa\u0161a Piano<\/strong>: Posegi v krajino<br \/>\n<strong>mag. Janez Poga\u010dnik<\/strong>: Urejanje gozdnega prostora<br \/>\n<strong>Janja Kokolj<\/strong>: CRPOV<br \/>\n<strong>mag. Niko Stare<\/strong>: Zeleni sistem Maribora<br \/>\n<strong>Jelena Hladnik, Helena Matoz<\/strong>: Splo\u0161na problematika voda<br \/>\n<strong>mag. Alenka Kocuvan Polutnik<\/strong>: Konkretne naloge<br \/>\n<strong>Janez Ori, Stanka De\u0161nik, Miran Gaj\u0161ek, Rok Fazarinc in Janko Urbanek<\/strong>: Problematika varovanja in razvoja ob Muri<\/p>\n<p><strong>Uvodnik v zborniku<\/strong><\/p>\n<p>Dru\u0161tvo krajinskih arhitektov je po dveletnem delovanju organiziralo dvodnevno posvetovanje v Lendavi.<\/p>\n<p>Ob prvem posvetu, ki ga je organiziralo dru\u0161tvo, smo si organizatorji zadali precej obse\u017eno nalogo &#8211; predstaviti raznolikost dela krajinskih arhitektov v sedanjem trenutku. Prvi dan so bili na programu referati, ki so se nana\u0161ali na razvojne trende in konflikte v prostoru, na delovna podro\u010dja krajinske arhitekture &#8211; s posebnim poudarkom na varstvu narave ter posegih v krajino; vodilna nit drugega dne pa je bila povezana z vodo. Splo\u0161nej\u0161i del je obravnaval pomen in vlogo vode kot sestavine prostora, posebni del pa problematiko varovanja in razvoja ob reki Muri. Posvet je bil zaklju\u010den z vo\u017enjo po reki Muri, ko je bila prilo\u017enost za dodatne pogovore in izmenjavo mnenj in izku\u0161enj.<\/p>\n<p>Jelka Habjan<\/p>\n<p>&nbsp;<\/p>\n","protected":false},"excerpt":{"rendered":"<p>Aktualna dejavnost stroke 1. letno strokovno sre\u010danje DKAS Lendava, september 1994 Zbornik: Aktualna dejavnost stroke &#8211; prve strani Organizacijski odbor Ale\u0161 Hafner, Stanka De\u0161nik, Jo\u017ee Novak in Jelka Habjan Prispevki Jo\u017ee Novak, \u017divana Meja\u010d: Razvojni trendi in pri\u010dakovani konflikti v prostoru Igor Vu\u010der: Varovalno planiranje dr. Ivan Janez Maru\u0161i\u010d: Delovna podro\u010dja krajinske arhitekture Ale\u0161 Hafner, [&hellip;]<\/p>\n","protected":false},"author":2,"featured_media":1885,"parent":185,"menu_order":0,"comment_status":"closed","ping_status":"closed","template":"","meta":{"footnotes":""},"class_list":["post-1882","page","type-page","status-publish","has-post-thumbnail","hentry"],"_links":{"self":[{"href":"https:\/\/dkas.si\/en\/wp-json\/wp\/v2\/pages\/1882","targetHints":{"allow":["GET"]}}],"collection":[{"href":"https:\/\/dkas.si\/en\/wp-json\/wp\/v2\/pages"}],"about":[{"href":"https:\/\/dkas.si\/en\/wp-json\/wp\/v2\/types\/page"}],"author":[{"embeddable":true,"href":"https:\/\/dkas.si\/en\/wp-json\/wp\/v2\/users\/2"}],"replies":[{"embeddable":true,"href":"https:\/\/dkas.si\/en\/wp-json\/wp\/v2\/comments?post=1882"}],"version-history":[{"count":1,"href":"https:\/\/dkas.si\/en\/wp-json\/wp\/v2\/pages\/1882\/revisions"}],"predecessor-version":[{"id":1884,"href":"https:\/\/dkas.si\/en\/wp-json\/wp\/v2\/pages\/1882\/revisions\/1884"}],"up":[{"embeddable":true,"href":"https:\/\/dkas.si\/en\/wp-json\/wp\/v2\/pages\/185"}],"wp:featuredmedia":[{"embeddable":true,"href":"https:\/\/dkas.si\/en\/wp-json\/wp\/v2\/media\/1885"}],"wp:attachment":[{"href":"https:\/\/dkas.si\/en\/wp-json\/wp\/v2\/media?parent=1882"}],"curies":[{"name":"wp","href":"https:\/\/api.w.org\/{rel}","templated":true}]}}