{"id":1937,"date":"2025-10-01T20:58:45","date_gmt":"2025-10-01T18:58:45","guid":{"rendered":"https:\/\/newdkas.wpm.hehe.si\/?page_id=1937"},"modified":"2025-10-05T17:16:49","modified_gmt":"2025-10-05T15:16:49","slug":"nagrada-za-zivljenjsko-delo-2022-joze-novak","status":"publish","type":"page","link":"https:\/\/dkas.si\/en\/nagrade\/nagrade-in-priznanja\/nagrada-za-zivljenjsko-delo\/nagrada-za-zivljenjsko-delo-2022-joze-novak\/","title":{"rendered":"Nagrada za \u017eivljenjsko delo 2022: Jo\u017ee Novak"},"content":{"rendered":"<h4>Jo\u017ee Novak (2022)<\/h4>\n<p><img loading=\"lazy\" decoding=\"async\" class=\"alignnone size-full wp-image-2341\" src=\"https:\/\/dkas.si\/wp-content\/uploads\/2025\/10\/DKAS-nagrada_Joze-Novak.jpg\" alt=\"\" width=\"289\" height=\"289\" srcset=\"https:\/\/dkas.si\/wp-content\/uploads\/2025\/10\/DKAS-nagrada_Joze-Novak.jpg 289w, https:\/\/dkas.si\/wp-content\/uploads\/2025\/10\/DKAS-nagrada_Joze-Novak-150x150.jpg 150w\" sizes=\"auto, (max-width: 289px) 100vw, 289px\" \/><\/p>\n<p>Jo\u017ee Novak, predstavnik prve generacije slovenskih krajinskih arhitektov, je (in \u0161e vedno) deloval na \u0161tevilnih podro\u010djih, povezanih s prostorskim na\u010drtovanjem in urejanjem krajine. Bil je direktor Zavoda RS za prostorsko planiranje, kasneje Urada RS za prostorsko planiranje, dr\u017eavni sekretar na Ministrstvu za okolje in prostor, direktor Stanovanjskega sklada RS, pomo\u010dnik direktorja in nato predsednik uprave Imos Holding d.d., vodja projekta prenove sistema obdav\u010ditve nepremi\u010dnin na Ministrstvu za finance ter koordinator ume\u0161\u010danja \u017eelezni\u0161kih projektov v podjetju DRI.<\/p>\n<p>Med delom na omenjenih podro\u010djih je umerjal pripravo prostorske dokumentacije za velike infrastrukturne projekte, uvajal celovite pristope k prostorskemu na\u010drtovanju, pomembno prispeval k oblikovanju prostorsko-na\u010drtovalskih predpisov ter pripravi \u0161tevilnih, \u0161e danes aktualnih strokovnih gradiv, konferenc in posvetov. Bil je pobudnik in gibalo \u0161tevilnih aktivnosti, povezanih z uveljavljanjem krajinske arhitekture, nenazadnje tudi kot aktivni \u010dlan in predsednik Dru\u0161tva krajinskih arhitektov Slovenije v letih 2016 in 2017.<\/p>\n<p>Jo\u017ee Novak je s svojim delom bistveno prispeval tako k razvoju, uveljavitvi in popularizacije stroke kot h celovitemu prostorskemu razvoju Slovenije.<\/p>\n","protected":false},"excerpt":{"rendered":"<p>Jo\u017ee Novak (2022) Jo\u017ee Novak, predstavnik prve generacije slovenskih krajinskih arhitektov, je (in \u0161e vedno) deloval na \u0161tevilnih podro\u010djih, povezanih s prostorskim na\u010drtovanjem in urejanjem krajine. Bil je direktor Zavoda RS za prostorsko planiranje, kasneje Urada RS za prostorsko planiranje, dr\u017eavni sekretar na Ministrstvu za okolje in prostor, direktor Stanovanjskega sklada RS, pomo\u010dnik direktorja in [&hellip;]<\/p>\n","protected":false},"author":3,"featured_media":0,"parent":203,"menu_order":0,"comment_status":"closed","ping_status":"closed","template":"","meta":{"footnotes":""},"class_list":["post-1937","page","type-page","status-publish","hentry"],"_links":{"self":[{"href":"https:\/\/dkas.si\/en\/wp-json\/wp\/v2\/pages\/1937","targetHints":{"allow":["GET"]}}],"collection":[{"href":"https:\/\/dkas.si\/en\/wp-json\/wp\/v2\/pages"}],"about":[{"href":"https:\/\/dkas.si\/en\/wp-json\/wp\/v2\/types\/page"}],"author":[{"embeddable":true,"href":"https:\/\/dkas.si\/en\/wp-json\/wp\/v2\/users\/3"}],"replies":[{"embeddable":true,"href":"https:\/\/dkas.si\/en\/wp-json\/wp\/v2\/comments?post=1937"}],"version-history":[{"count":5,"href":"https:\/\/dkas.si\/en\/wp-json\/wp\/v2\/pages\/1937\/revisions"}],"predecessor-version":[{"id":2344,"href":"https:\/\/dkas.si\/en\/wp-json\/wp\/v2\/pages\/1937\/revisions\/2344"}],"up":[{"embeddable":true,"href":"https:\/\/dkas.si\/en\/wp-json\/wp\/v2\/pages\/203"}],"wp:attachment":[{"href":"https:\/\/dkas.si\/en\/wp-json\/wp\/v2\/media?parent=1937"}],"curies":[{"name":"wp","href":"https:\/\/api.w.org\/{rel}","templated":true}]}}