{"id":2233,"date":"2025-10-05T12:06:08","date_gmt":"2025-10-05T10:06:08","guid":{"rendered":"https:\/\/newdkas.wpm.hehe.si\/?page_id=2233"},"modified":"2025-10-05T17:20:05","modified_gmt":"2025-10-05T15:20:05","slug":"nagrada-za-zivljenjsko-delo-2011-prof-dr-janez-marusic","status":"publish","type":"page","link":"https:\/\/dkas.si\/en\/nagrade\/nagrade-in-priznanja\/nagrada-za-zivljenjsko-delo\/nagrada-za-zivljenjsko-delo-2011-prof-dr-janez-marusic\/","title":{"rendered":"Nagrada za \u017eivljenjsko delo 2011: prof. dr. Janez Maru\u0161i\u010d"},"content":{"rendered":"<h4>prof. dr. Janez Maru\u0161i\u010d (2011)<\/h4>\n<p><img loading=\"lazy\" decoding=\"async\" class=\"alignnone size-medium wp-image-2339\" src=\"https:\/\/dkas.si\/wp-content\/uploads\/2025\/10\/DKAS-nagrada_Janez-Marusic-300x300.jpg\" alt=\"\" width=\"300\" height=\"300\" srcset=\"https:\/\/dkas.si\/wp-content\/uploads\/2025\/10\/DKAS-nagrada_Janez-Marusic-300x300.jpg 300w, https:\/\/dkas.si\/wp-content\/uploads\/2025\/10\/DKAS-nagrada_Janez-Marusic-150x150.jpg 150w, https:\/\/dkas.si\/wp-content\/uploads\/2025\/10\/DKAS-nagrada_Janez-Marusic.jpg 480w\" sizes=\"auto, (max-width: 300px) 100vw, 300px\" \/><\/p>\n<p>Profesor Maru\u0161i\u010d je v okviru \u0161tudija krajinske arhitekture na Biotehni\u0161ki fakulteti zasnoval in vodil podro\u010dje krajinskega in varstvenega planiranja in s tem odlo\u010dilno vplival tudi na razvoj prostorskega na\u010drtovanja pri nas. Nadgradil je takrat najnaprednej\u0161e ameri\u0161ke metode. V planerski postopek je vpeljal presoje vplivov na okolje in tako \u017ee pred desetletji za\u010del z uveljavljanjem na\u010del vzdr\u017enega razvoja, ki so se v na\u010drtovanje prostora na slovenskem vpeljale v veliki meri prav skozi krajinsko na\u010drtovanje. S \u0161tevilnimi strokovnimi in znanstvenimi deli in s pronicljivimi odzivi na aktualno problematiko urejanja prostora je v preteklih desetletjih soustvaril sistem vrednot na podro\u010dju prostorskega na\u010drtovanja, pri \u010demer je dosledno izpostavljal potrebo po utemeljeni presoji, iskanju alternativ in transparentnosti.<\/p>\n<p>Svojo strokovno pot je za\u010del kot kmetijski in\u017eenir na Komunali v Novi Gorici, kjer je skrbel za vzdr\u017eevanje javnih zelenih povr\u0161in v mestu. Skrb za urbanisti\u010dno urejanje mesta in pragmati\u010dnost komunale sta ga gnala naprej in z u\u010denjem smu\u010danja si je prislu\u017eil pot v ZDA. Po izku\u0161njah, ki jih je pridobil v ZDA, kjer sta nanj odlo\u010dilno vplivala prof. Lewis in prof. McHarg, se je v dogovoru s profesorjem Du\u0161anom Ogrinom zaposlil na Biotehni\u0161ki fakulteti kot strokovni sodelavec na danes \u017ee legendarni nalogi \u00bbMetodologija krajinskega planiranja na primeru Gori\u0161kih Brd\u00ab. Zaradi raziskovalne narave naloge se je iz specialisti\u010dnega \u0161tudija prepisal na magistrski \u0161tudij krajinske arhitekture. S tem je bila za\u010drtana njegova strokovna pot v krajinsko in prostorsko planiranje, ki je prerasla v \u017eivo in strastno skrb za urejanje prostora. To strast v vsem iz\u017eareva \u0161e danes.<\/p>\n<p>Iz ob\u0161irnega opusa del izstopa njegovo sodelovanje pri pripravi prostorske zakonodaje, zlasti tiste iz leta 1984, ki je bila takrat najnaprednej\u0161a v Evropi. Najnaprednej\u0161a zato, ker je v sistem na\u010drtovanja prostora vgradila optimizacijo, to je usklajevanje in iskanje najbolj\u0161e mo\u017ene poti prostorskega razvoja. Metode in pristope, ki bi to omogo\u010dali je profesor Maru\u0161i\u010d s kolegi iz Oddelka za krajinsko arhitekturo na BF nenehno izpopolnjeval in dopolnjeval. Prav v tem prizadevanju za demokrati\u010dnost odlo\u010danja o rabi prostora je skrito te\u017ei\u0161\u010de vsega, kar je v dolgih letih prispeval k razvoju stroke.<\/p>\n","protected":false},"excerpt":{"rendered":"<p>prof. dr. Janez Maru\u0161i\u010d (2011) Profesor Maru\u0161i\u010d je v okviru \u0161tudija krajinske arhitekture na Biotehni\u0161ki fakulteti zasnoval in vodil podro\u010dje krajinskega in varstvenega planiranja in s tem odlo\u010dilno vplival tudi na razvoj prostorskega na\u010drtovanja pri nas. Nadgradil je takrat najnaprednej\u0161e ameri\u0161ke metode. V planerski postopek je vpeljal presoje vplivov na okolje in tako \u017ee pred [&hellip;]<\/p>\n","protected":false},"author":3,"featured_media":0,"parent":203,"menu_order":0,"comment_status":"closed","ping_status":"closed","template":"","meta":{"footnotes":""},"class_list":["post-2233","page","type-page","status-publish","hentry"],"_links":{"self":[{"href":"https:\/\/dkas.si\/en\/wp-json\/wp\/v2\/pages\/2233","targetHints":{"allow":["GET"]}}],"collection":[{"href":"https:\/\/dkas.si\/en\/wp-json\/wp\/v2\/pages"}],"about":[{"href":"https:\/\/dkas.si\/en\/wp-json\/wp\/v2\/types\/page"}],"author":[{"embeddable":true,"href":"https:\/\/dkas.si\/en\/wp-json\/wp\/v2\/users\/3"}],"replies":[{"embeddable":true,"href":"https:\/\/dkas.si\/en\/wp-json\/wp\/v2\/comments?post=2233"}],"version-history":[{"count":3,"href":"https:\/\/dkas.si\/en\/wp-json\/wp\/v2\/pages\/2233\/revisions"}],"predecessor-version":[{"id":2348,"href":"https:\/\/dkas.si\/en\/wp-json\/wp\/v2\/pages\/2233\/revisions\/2348"}],"up":[{"embeddable":true,"href":"https:\/\/dkas.si\/en\/wp-json\/wp\/v2\/pages\/203"}],"wp:attachment":[{"href":"https:\/\/dkas.si\/en\/wp-json\/wp\/v2\/media?parent=2233"}],"curies":[{"name":"wp","href":"https:\/\/api.w.org\/{rel}","templated":true}]}}