{"id":2237,"date":"2025-10-05T12:09:59","date_gmt":"2025-10-05T10:09:59","guid":{"rendered":"https:\/\/newdkas.wpm.hehe.si\/?page_id=2237"},"modified":"2025-10-08T21:12:22","modified_gmt":"2025-10-08T19:12:22","slug":"nagrada-za-zivljenjsko-delo-2017-prof-dr-aleksander-siftar","status":"publish","type":"page","link":"https:\/\/dkas.si\/en\/nagrade\/nagrade-in-priznanja\/nagrada-za-zivljenjsko-delo\/nagrada-za-zivljenjsko-delo-2017-prof-dr-aleksander-siftar\/","title":{"rendered":"Nagrada za \u017eivljenjsko delo 2017: prof. dr. Aleksander \u0160iftar"},"content":{"rendered":"<h4>prof. dr. Aleksander \u0160iftar (2017)<\/h4>\n<p><img loading=\"lazy\" decoding=\"async\" class=\"alignnone size-medium wp-image-2502\" src=\"https:\/\/dkas.si\/wp-content\/uploads\/2025\/10\/DKAS-nagrada_Aleksander-Siftar-300x300.jpg\" alt=\"\" width=\"300\" height=\"300\" srcset=\"https:\/\/dkas.si\/wp-content\/uploads\/2025\/10\/DKAS-nagrada_Aleksander-Siftar-300x300.jpg 300w, https:\/\/dkas.si\/wp-content\/uploads\/2025\/10\/DKAS-nagrada_Aleksander-Siftar-1024x1024.jpg 1024w, https:\/\/dkas.si\/wp-content\/uploads\/2025\/10\/DKAS-nagrada_Aleksander-Siftar-150x150.jpg 150w, https:\/\/dkas.si\/wp-content\/uploads\/2025\/10\/DKAS-nagrada_Aleksander-Siftar-768x768.jpg 768w, https:\/\/dkas.si\/wp-content\/uploads\/2025\/10\/DKAS-nagrada_Aleksander-Siftar-1536x1536.jpg 1536w, https:\/\/dkas.si\/wp-content\/uploads\/2025\/10\/DKAS-nagrada_Aleksander-Siftar.jpg 2008w\" sizes=\"auto, (max-width: 300px) 100vw, 300px\" \/><\/p>\n<p>Dr. Aleksander \u0160iftar sodi med najpomembnej\u0161e slovenske strokovnjake za drevnine in grmovnice.\u00a0 Je diplomirani kmetijski in\u017eenir, agronom specialist za parkovno vrtnarstvo, doktor agronomskih znanosti, upokojeni izredni profesor Biotehni\u010dne fakultete Univerze v Ljubljani. Dr. \u0160iftar je iz generacije, ki je \u0161e delovala na podro\u010dju urejanja vrtov in javnih odprtih zemlji\u0161\u010d v duhu urbane hortikulture in na katero je vplivala privr\u017eenost dedi\u0161\u010dini prof. Cirila Jegli\u010da, izra\u017eeni skozi odnos do \u2018na\u0161ih prijateljic\u2019 kot je to privr\u017eenost metafori\u010dno ozna\u010dil\u00a0 prof. Jegli\u010d sam.<\/p>\n<p>Toda bogato delovanje dr. Aleksandra \u0160iftarja ne sodi v ljubiteljsko \u010dustveni odnos do rastlin, naravnega okolja in krajine.\u00a0 Njegovo delovanje bi bolje opisali kot prizadevanje za ohranjanje mostu med sodobno krajinsko arhitekturo in\u00a0 bolj dale\u010d nazaj v zgodovino segajo\u010do tradicijo \u010dlovekovega odnosa do rastlinja. To je tradicija, ki sledi tako staremu izro\u010dilu, kot ga lahko prepoznamo v raziskovalni ekspediciji faraonice Hat\u010depsut, ki je ekspedicijo hrabrih in vedo\u017eeljnih poslala preko ju\u017enih meja svojega kraljestva z nalogo, da poi\u0161\u010dejo v dolini Nila neznane, a za takratne potrebe njenega kraljestva morda zanimive rastline. Pri tej, kot pravimo, starodavni tradiciji gre za raziskovanje sveta in za obliko ustvarjalnosti, ki se izra\u017ea z iskanjem, preizku\u0161anjem in uvajanjem novih motivov in spodbud v bivalno okolje.\u00a0 Gre za v \u010dasu vedno spreminjajo\u010d se in vedno na novo obnavljajo\u010di se pomen rastlinja in nasploh narave v \u010dlovekovem bivalnem okolju. Pri tem gre za povezovanje biolo\u0161ko in\u017eenirskih nalog s kulturolo\u0161kimi ali sploh humanimi potrebami, kar je v najbolj temeljni plasti vgrajeno tudi v krajinsko oblikovanje. Dr. \u0160iftar Aleksander s svojim delovanjem\u00a0 zdru\u017euje prav to.<\/p>\n<p>Svoje raziskovalno je delo uspe\u0161no udejanjal tudi v vrtnarskem komunalnem podjetju Vrtnarstvo Murska Sobota, ki ga je uspe\u0161no vodil ve\u010d kot 30 let. Zaradi visoke strokovnosti dela in kakovostnih rastlin je podjetje dolga leta veljalo za vodilnega pridelovalca okrasne drevnine v Sloveniji, pred tem pa tudi v nekdanji Jugoslaviji. Dober rastlinski material je izjemnega pomena za kvaliteto krajinskih ureditev in funkcije, ki jih okrasno rastlinje opravlja v mestnem prostoru, \u010desar se je dr. \u0160iftar izjemno dobro zavedal. V okviru drevesni\u010darstva je\u00a0 preizku\u0161al nove tehnolo\u0161ke postopke, prina\u0161al je v Slovenijo nove sorte.\u00a0 Pedago\u0161ko delo je izvajal na Biotehni\u0161ki fakulteti Univerze v Ljubljani, kjer je predaval\u00a0 tudi \u0161tudentom krajinske arhitekture, in bil mentor mnogim mladim strokovnjakom, na Fakulteti za kmetijstvo in biosistemske vede v Mariboru ter kot gostujo\u010di predavatelj na Agronomski fakulteti v Zagrebu. Urednikoval je in pisal v razli\u010dne \u010dasopise, popularne in resne znanstvene \u010dasopise ter s tem prispeval k krepitvi znanja o uporabi drevnine v odprtem prostoru mest in naselij.<\/p>\n","protected":false},"excerpt":{"rendered":"<p>prof. dr. Aleksander \u0160iftar (2017) Dr. Aleksander \u0160iftar sodi med najpomembnej\u0161e slovenske strokovnjake za drevnine in grmovnice.\u00a0 Je diplomirani kmetijski in\u017eenir, agronom specialist za parkovno vrtnarstvo, doktor agronomskih znanosti, upokojeni izredni profesor Biotehni\u010dne fakultete Univerze v Ljubljani. Dr. \u0160iftar je iz generacije, ki je \u0161e delovala na podro\u010dju urejanja vrtov in javnih odprtih zemlji\u0161\u010d v [&hellip;]<\/p>\n","protected":false},"author":3,"featured_media":0,"parent":203,"menu_order":0,"comment_status":"closed","ping_status":"closed","template":"","meta":{"footnotes":""},"class_list":["post-2237","page","type-page","status-publish","hentry"],"_links":{"self":[{"href":"https:\/\/dkas.si\/en\/wp-json\/wp\/v2\/pages\/2237","targetHints":{"allow":["GET"]}}],"collection":[{"href":"https:\/\/dkas.si\/en\/wp-json\/wp\/v2\/pages"}],"about":[{"href":"https:\/\/dkas.si\/en\/wp-json\/wp\/v2\/types\/page"}],"author":[{"embeddable":true,"href":"https:\/\/dkas.si\/en\/wp-json\/wp\/v2\/users\/3"}],"replies":[{"embeddable":true,"href":"https:\/\/dkas.si\/en\/wp-json\/wp\/v2\/comments?post=2237"}],"version-history":[{"count":2,"href":"https:\/\/dkas.si\/en\/wp-json\/wp\/v2\/pages\/2237\/revisions"}],"predecessor-version":[{"id":2504,"href":"https:\/\/dkas.si\/en\/wp-json\/wp\/v2\/pages\/2237\/revisions\/2504"}],"up":[{"embeddable":true,"href":"https:\/\/dkas.si\/en\/wp-json\/wp\/v2\/pages\/203"}],"wp:attachment":[{"href":"https:\/\/dkas.si\/en\/wp-json\/wp\/v2\/media?parent=2237"}],"curies":[{"name":"wp","href":"https:\/\/api.w.org\/{rel}","templated":true}]}}