{"id":2250,"date":"2025-10-05T12:31:30","date_gmt":"2025-10-05T10:31:30","guid":{"rendered":"https:\/\/newdkas.wpm.hehe.si\/?page_id=2250"},"modified":"2025-10-05T17:25:34","modified_gmt":"2025-10-05T15:25:34","slug":"priznanje-za-aktivnost-v-stroki-oz-drustvu-2017-mag-jelka-hudoklin","status":"publish","type":"page","link":"https:\/\/dkas.si\/en\/nagrade\/nagrade-in-priznanja\/priznanje-za-aktivnost-v-stroki-in-drustvu\/priznanje-za-aktivnost-v-stroki-oz-drustvu-2017-mag-jelka-hudoklin\/","title":{"rendered":"Priznanje za aktivnost v stroki oz. dru\u0161tvu 2017: mag. Jelka Hudoklin"},"content":{"rendered":"<h4>mag. Jelka Hudoklin (2017)<\/h4>\n<p><img loading=\"lazy\" decoding=\"async\" class=\"alignnone size-full wp-image-2340\" src=\"https:\/\/dkas.si\/wp-content\/uploads\/2025\/10\/DKAS-nagrada_Jelka-Hudoklin.jpg\" alt=\"\" width=\"240\" height=\"240\" srcset=\"https:\/\/dkas.si\/wp-content\/uploads\/2025\/10\/DKAS-nagrada_Jelka-Hudoklin.jpg 240w, https:\/\/dkas.si\/wp-content\/uploads\/2025\/10\/DKAS-nagrada_Jelka-Hudoklin-150x150.jpg 150w\" sizes=\"auto, (max-width: 240px) 100vw, 240px\" \/><\/p>\n<p>Jelka Hudoklin se je po kon\u010dani gimnaziji v Novem mestu leta 1980 vpisala na \u0161tudij urejanja krajine in ga kot <u>prva<\/u> v generaciji uspe\u0161no zaklju\u010dila, kasneje pa je na Oddelku za krajinsko arhitekturo tudi magistrirala.<\/p>\n<p>Po prvih zaposlitvah v Pionirju, Razvojno raziskovalnem centru in na ob\u010dini Novo mesto, se je zaposlila v podjetju Acer Novo mesto, kjer deluje \u0161e danes.<\/p>\n<p>V svoji izjemno bogati karieri prakti\u010dno ni izpustila nobene prilo\u017enosti za to, da bi, ob rednem delu, sodelovala \u0161e pri uveljavljanju strokovnih standardov, dobre prakse urejanja prostora na formalni in neformalni ravni ter \u0161e posebej varstva in razvoja krajine na razli\u010dnih strokovnih dogodkih na\u0161ega dru\u0161tva ter drugih stanovskih organizacij in skupin. Svoje izku\u0161nje in znanje radodarno prena\u0161a na mlaj\u0161e strokovnjake, saj je bila mnogim zahtevna\u00a0 a po\u017ertvovalna in predana mentorica. Deluje tudi v okviru Dru\u0161tva urbanistov in prostorskih planerjev Slovenije in\u00a0 Dru\u0161tva arhitektov Dolenjske, posebej pa tudi v pobudi Odgovorno do prostora!, pri kateri je bila med ustanovnimi \u010dlani. Poleg tega je zelo aktivna v Zborniciza arhitekturo in prostor Slovenije, v kateri je \u010dlanica strokovnega sveta, \u010dlanica mati\u010dne sekcije prostorskih na\u010drtovalcev ter \u010dlanica komisije za opravljanje strokovnih izpitov pri ZAPS za podro\u010dje krajinske arhitekture.<\/p>\n<p>Za svoje delo je prejela vrsto priznanj in nagrad.\u00a0 Kot vodja projekta je prejela nagrado Maks Fabiani 2015 za Regionalno zasnovo prostorskega razvoja JV Slovenije, nagrado Maks Fabiani 2010 za Urbanisti\u010dni na\u010drt Novo mesto ter nagradi zbornice in sicer Zlati svin\u010dnik 2007 za Dr\u017eavni lokacijski na\u010drt za HE Kr\u0161ko in v letu 2013 Zlati svin\u010dnik za Dr\u017eavni prostorski na\u010drt za obmo\u010dje HE Bre\u017eice.<\/p>\n<p>Jelko zaznamujejo velika strokovnost ter predanost stroki, skupnosti in prostoru, ki dale\u010d presegata obi\u010dajno, zaradi \u010desar je njen prispevek k razvoju in ugledu na\u0161e stroke v slovenskem in tudi v mednarodnem okolju zelo pomemben. S svojim na\u010dinom dela predstavlja zgled in navdih svojim kolegicam in kolegom ter tudi drugim, ki delujejo na \u0161ir\u0161em podro\u010dju urejanju prostora.<\/p>\n","protected":false},"excerpt":{"rendered":"<p>mag. Jelka Hudoklin (2017) Jelka Hudoklin se je po kon\u010dani gimnaziji v Novem mestu leta 1980 vpisala na \u0161tudij urejanja krajine in ga kot prva v generaciji uspe\u0161no zaklju\u010dila, kasneje pa je na Oddelku za krajinsko arhitekturo tudi magistrirala. Po prvih zaposlitvah v Pionirju, Razvojno raziskovalnem centru in na ob\u010dini Novo mesto, se je zaposlila [&hellip;]<\/p>\n","protected":false},"author":3,"featured_media":0,"parent":210,"menu_order":0,"comment_status":"closed","ping_status":"closed","template":"","meta":{"footnotes":""},"class_list":["post-2250","page","type-page","status-publish","hentry"],"_links":{"self":[{"href":"https:\/\/dkas.si\/en\/wp-json\/wp\/v2\/pages\/2250","targetHints":{"allow":["GET"]}}],"collection":[{"href":"https:\/\/dkas.si\/en\/wp-json\/wp\/v2\/pages"}],"about":[{"href":"https:\/\/dkas.si\/en\/wp-json\/wp\/v2\/types\/page"}],"author":[{"embeddable":true,"href":"https:\/\/dkas.si\/en\/wp-json\/wp\/v2\/users\/3"}],"replies":[{"embeddable":true,"href":"https:\/\/dkas.si\/en\/wp-json\/wp\/v2\/comments?post=2250"}],"version-history":[{"count":3,"href":"https:\/\/dkas.si\/en\/wp-json\/wp\/v2\/pages\/2250\/revisions"}],"predecessor-version":[{"id":2332,"href":"https:\/\/dkas.si\/en\/wp-json\/wp\/v2\/pages\/2250\/revisions\/2332"}],"up":[{"embeddable":true,"href":"https:\/\/dkas.si\/en\/wp-json\/wp\/v2\/pages\/210"}],"wp:attachment":[{"href":"https:\/\/dkas.si\/en\/wp-json\/wp\/v2\/media?parent=2250"}],"curies":[{"name":"wp","href":"https:\/\/api.w.org\/{rel}","templated":true}]}}