{"id":3050,"date":"2026-04-23T21:03:24","date_gmt":"2026-04-23T19:03:24","guid":{"rendered":"https:\/\/dkas.si\/?page_id=3050"},"modified":"2026-04-24T06:32:59","modified_gmt":"2026-04-24T04:32:59","slug":"pravilnik-o-nagradah-in-priznanjih","status":"publish","type":"page","link":"https:\/\/dkas.si\/en\/drustvo\/pravilnik-o-nagradah-in-priznanjih\/","title":{"rendered":"Pravilnik o nagradah in priznanjih"},"content":{"rendered":"<h2><strong>Pravilnik o nagradah in priznanjih<\/strong><\/h2>\n<p>&nbsp;<\/p>\n<p>Na podlagi 43. \u010dlena Statuta Dru\u0161tva krajinskih arhitektov Slovenije je 10. Skup\u0161\u010dina dru\u0161tva, dne 5. februarja 2002 sprejela ter 25. skup\u0161\u010dina, dne 14. decembra 2017 in 32. skup\u0161\u010dina, dne 14. decembra 2023 dopolnila in sprejela<\/p>\n<p><strong>PRAVILNIK O NAGRADAH IN PRIZNANJIH DRU\u0160TVA KRAJINSKIH ARHITEKTOV SLOVENIJE<\/strong><\/p>\n<p><strong>I. Uvodne dolo\u010dbe<\/strong><\/p>\n<p><strong>1. \u010dlen<\/strong><br \/>\nTa pravilnik ureja postopek, pogoje in na\u010din podelitve nagrad in priznanj, ki jih v skladu s Statutom podeljuje Dru\u0161tvo krajinskih arhitektov Slovenije (v nadaljevanju: DKAS ali tudi dru\u0161tvo).<\/p>\n<p><strong>2. \u010dlen<\/strong><br \/>\nDru\u0161tvo podeljuje nagrade in priznanja dolo\u010dene s Statutom DKAS in sicer:<br \/>\n\u2022 nagrada za \u017eivljenjsko delo,<br \/>\n\u2022 priznanje za pomembnej\u0161o aktivnost v stroki ali dru\u0161tvu,<br \/>\n\u2022 priznanje za pomemben krajinsko arhitekturni dose\u017eek.<\/p>\n<p>Sredstva za nagrade in priznanja zagotavlja DKAS.<\/p>\n<p><strong>II. Postopek podelitve nagrad in priznanj<\/strong><\/p>\n<p><strong>3. \u010dlen<\/strong><br \/>\nTri\u010dlanski Odbor za nagrade in priznanja (v nadaljevanju tudi: odbor) izvede najmanj enkrat v \u0161tirih letih postopek razpisa za zbiranje predlogov za nagrade in priznanja DKAS.<\/p>\n<p>Postopek lahko Odbor pri\u010dne tudi na predlog Upravnega odbora dru\u0161tva.<\/p>\n<p>Razpis mora biti objavljen najmanj 3 (tri) mesece pred podelitvijo nagrad in priznanj.<\/p>\n<p>O razpisu in pogojih za podelitev nagrad in priznanj Odbor za nagrade in priznanja obvesti Upravni odbor DKAS, vse \u010dlane dru\u0161tva in ostale krajinsko arhitekturne institucije v Sloveniji.<\/p>\n<p>Razpis se objavi na spletni strani dru\u0161tva, lahko pa tudi v dnevnem \u010dasopisu, o \u010demer se obvesti tudi vse, ki po tem pravilniku lahko dajo nominacije.<\/p>\n<p><strong>4. \u010dlen<\/strong><br \/>\nRazpis ima vsebine predpisane s tem pravilnikom, predvsem pa:<br \/>\n\u2022 ime dru\u0161tva in njegov sede\u017e,<br \/>\n\u2022 predmet razpisa z navedbo pogojev za izbiro,<br \/>\n\u2022 obdobje, za katero se nagrada oziroma priznanje podeljuje,<br \/>\n\u2022 mo\u017eni predlagatelji v skladu z dolo\u010dbami tega pravilnika (9. \u010dlen),<br \/>\n\u2022 \u010dlani \u017eirije (11. \u010dlen)<br \/>\n\u2022 obvezne sestavine nominacije po dolo\u010dbah tega pravilnika in zahtevana dokumentacija (10. \u010dlen),<br \/>\n\u2022 rok za dostavo predlogov,<br \/>\n\u2022 naslov, na katerega je potrebno dostaviti predloge.<\/p>\n<p><strong>III. Pogoji za podelitev nagrad in priznanj<\/strong><\/p>\n<p><strong>5. \u010dlen<\/strong><br \/>\nPogoji za podelitev posamezne nagrade ali priznanja in podrobnej\u0161a merila za oceno nominacij so dolo\u010deni s tem pravilnikom (6. in 7. \u010dlen).<\/p>\n<p>\u010clani Odbora za nagrade in priznanja ter \u010dlani \u017eirije v \u010dasu trajanja mandata ne morejo kandidirati za nagrade in priznanja.<\/p>\n<p><strong>6. \u010dlen<\/strong><br \/>\nPri odlo\u010ditvah o nagradah in priznanjih se upo\u0161teva zlasti:<br \/>\n\u2022 da se podeljujejo aktivnim \u010dlanom dru\u0161tva in tistim, ki prispevajo k napredku krajinsko arhitekturne stroke, njene afirmacije in popularizacije;<br \/>\n\u2022 da se podeljujejo za posebno pomembne strokovne ali znanstvene dose\u017eke na podro\u010dju krajinske arhitekture;<br \/>\n\u2022 da morajo predlagana dela vsebovati izvirne dose\u017eke, ki so pomemben prispevek k razvoju krajinsko arhitekturne stroke;<br \/>\n\u2022 da se podeljujejo za dela na podro\u010dju krajinske arhitekture oziroma dela na podro\u010dju prostorskega planiranja, urbanisti\u010dnega in krajinskega na\u010drtovanja, krajinskega oblikovanja, varstva in ohranjanja krajine, varstva okolja, ohranjanja narave in teorije krajinske arhitekture.<\/p>\n<p>Pri odlo\u010ditvah o podeljevanju nagrad za \u017eivljenjsko delo, priznanj za pomembnej\u0161o aktivnost v stroki ali dru\u0161tvu in priznanj za pomemben krajinskoarhitekturni dose\u017eek se upo\u0161tevajo dose\u017eki pri uresni\u010devanju ciljev DKAS, dolo\u010denih s Statutom dru\u0161tva.<\/p>\n<p><strong>7. \u010dlen<\/strong><br \/>\nMerila za podelitev nagrade so:<br \/>\n\u2022 da prina\u0161ajo nove ideje, pomembne za nadaljnji razvoj znanosti ali krajinskoarhitekturne stroke na svojem podro\u010dju pri nas ali v svetu,<br \/>\n\u2022 da prina\u0161ajo nove in izvirne metode,<br \/>\n\u2022 da uvajajo najnovej\u0161e znanstvene ali strokovne izsledke,<br \/>\n\u2022 da izstopajo po svoji izvirnosti in domiselnosti,<br \/>\n\u2022 da pomenijo odmeven prispevek v mednarodnem merilu,<br \/>\n\u2022 da prina\u0161ajo pomembne pozitivne u\u010dinke za doseganje dru\u0161tvenih, krajinskoarhitekturnih, prostorskih, okoljskih, naravovarstvenih in podnebnih ciljev,<br \/>\n\u2022 da so pomembno obogatila kulturo naroda, regije ali kraja.<\/p>\n<p><strong>8. \u010dlen<\/strong><br \/>\nNagrada za \u017eivljenjsko delo se lahko podeli strokovnjaku, ki je s svojim strokovnim delom bistveno prispeval k razvoju stroke. Za to nagrado je lahko predlagan strokovnjak, ki je \u017ee dopolnil 60 let starosti.<\/p>\n<p>Priznanja za aktivnost v stroki ali dru\u0161tvu se podeljujejo \u010dlanom dru\u0161tva, ki s svojim delom utirajo nove perspektive krajinsko arhitekturni stroki ali krepijo njen polo\u017eaj v dru\u017ebi, ali \u010dlanom dru\u0161tva, ki s svojim inovativnim in ve\u010dletnim delom pomembno krepijo ali raz\u0161irjajo razvoj dru\u0161tvene dejavnosti in prepoznavnost dru\u0161tva v dru\u017ebi.<\/p>\n<p>Priznanja za pomemben dose\u017eek se podeljujejo za dela, ki pomenijo vrhunske dose\u017eke na podro\u010dju krajinsko arhitekturne stroke, znanosti ali oblikovanja prostora.<\/p>\n<p><strong>IV. Na\u010din podeljevanja nagrad in priznanj<\/strong><\/p>\n<p><strong>9. \u010dlen<\/strong><br \/>\nNominacije za nagrade in priznanja DKAS lahko predlagajo Odboru za nagrade in priznanja \u010dlani, organi dru\u0161tva, Slovenska akademija znanosti in umetnosti, visoko\u0161olske organizacije, raziskovalne organizacije, nevladne organizacije s podro\u010dja prostora, strokovna zdru\u017eenja, gospodarske dru\u017ebe in posamezniki.<\/p>\n<p>Posamezna nominacija mora biti podprta s pismom podpore vsaj dveh strokovnjakov s podro\u010dja prostorskega planiranja, urbanisti\u010dnega na\u010drtovanja, krajinskega na\u010drtovanja, krajinskega oblikovanja, varstva okolja, ohranjanja krajine, ohranjanja narave ali teorije krajinske arhitekture. Podrobnej\u0161o obliko pisma podpore dolo\u010di Odbor v razpisu za nagrade in priznanja.<\/p>\n<p><strong>10. \u010dlen<\/strong><\/p>\n<p>Podrobnej\u0161o vsebino posameznih nominacij za nagrade in priznanja dolo\u010di Odbor v razpisu za nagrade in priznanja, vsebovati pa morajo najmanj:<br \/>\n\u2022 navedbo nagrade ali priznanja, na katero se predlog nana\u0161a,<br \/>\n\u2022 ime predlaganega kandidata ali dela in njegovih avtorjev<br \/>\n\u2022 strokovna utemeljitev predloga<\/p>\n<p>Vse nominacije morajo biti posredovane preko elektronske po\u0161te na spletni naslov dru\u0161tva.<\/p>\n<p><strong>11. \u010dlen<\/strong><br \/>\nSkup\u0161\u010dina DKAS na predlog Odbora za nagrade in priznanja pred razpisom imenuje strokovno \u017eirijo, ki pripravi predlog za sprejem sklepa o podelitvi nagrad in priznanj.<\/p>\n<p>\u017dirijo sestavlja 5 \u010dlanov. Vsaj trije \u010dlani \u017eirije se imenujejo iz \u010dlanov dru\u0161tva.<\/p>\n<p>Sestava \u017eirije se navede v razpisu za nagrade in priznanja.<\/p>\n<p><strong>12. \u010dlen<\/strong><br \/>\nOdbor za nagrade in priznanja vse prispele nominacije pregleda in posreduje \u017eiriji. So\u010dasno odbor dolo\u010di rok za predlo\u017eitev predloga za sprejem sklepa o podelitvi nagrad in priznanj, ki ga pripravi \u017eirija.<\/p>\n<p>\u017dirija na podlagi prejetih nominacij in v skladu z dolo\u010dili tega pravilnika, pregleda nominacije in utemeljitve, ter na podlagi meril za vsako kategorijo nagrade pripravi predlog za sprejem sklepa o podelitev nagrad in priznanj, ki mora vsebovati utemeljitve predlogov.<\/p>\n<p>\u017dirija o predlogu za sprejem sklepa o podelitvi nagrad in priznanj odlo\u010da s konsenzom.<\/p>\n<p><strong>13. \u010dlen<\/strong><br \/>\n\u017dirija predlog za sprejem sklepa za nagrade in priznanja posreduje Odboru za nagrade in priznanja, ki ga pregleda in posreduje Upravnemu odboru DKAS v sprejem.<\/p>\n<p>V primeru ugotovljenih pomanjkljivosti predloga za sprejem sklepa za nagrade in priznanja, Odbor za nagrade in priznanja pozove \u017eirijo k popravkom in dolo\u010di rok za predlo\u017eitev popravljenega predloga za sprejem sklepa.<\/p>\n<p><strong>V. Kon\u010dne dolo\u010dbe<\/strong><\/p>\n<p><strong>14. \u010dlen<\/strong><br \/>\nNagrade in priznanja se podeljujejo na Skup\u0161\u010dini DKAS, strokovnih sre\u010danjih ali drugih prireditvah, ki jih pripravi dru\u0161tvo.<\/p>\n<p>O kraju in \u010dasu podelitve nagrad in priznanj odlo\u010da Upravni odbor dru\u0161tva.<\/p>\n<p><strong>15. \u010dlen<\/strong><br \/>\nDobitniki nagrad in priznanj prejmejo posebno listino, ki jo podpi\u0161eta predsednik DKAS in predsednik Odbora za nagrade in priznanja.<\/p>\n<p>V listino iz prej\u0161njega odstavka se vpi\u0161e:<br \/>\n\u2022 vrsta nagrade ali priznanja,<br \/>\n\u2022 naslov nagrajenega dela, \u010de se nagrajuje delo, oziroma opredelitev nagrade ali priznanja,<br \/>\n\u2022 ime nagrajenca ali prejemnika priznanja oziroma imena nagrajencev ali prejemnikov priznanj.<br \/>\nPodrobnej\u0161o vsebino in obliko listine in nagrade dolo\u010di Odbor za nagrade in priznanja v soglasju z Upravnim odborom.<\/p>\n<p><strong>16. \u010dlen<\/strong><br \/>\nPravilnik o nagradah in priznanjih Dru\u0161tva krajinskih arhitektov Slovenije pri\u010dne veljati in se uporablja z dnem, ko ga sprejme Skup\u0161\u010dina dru\u0161tva.<\/p>\n<p>Ljubljana, 5. februar 2002, predsednica<br \/>\nDru\u0161tva krajinskih arhitektov Slovenije:<br \/>\nmag. Alenka KOL\u0160EK, l.r.<br \/>\nSpremembe in dopolnitve, Ljubljana, 14. december 2017, predsednik<br \/>\nDru\u0161tva krajinskih arhitektov Slovenije:<br \/>\nJo\u017ee NOVAK, l.r.<br \/>\nSpremembe in dopolnitve, Ljubljana, 14. december 2023, predsednica<br \/>\nDru\u0161tva krajinskih arhitektov Slovenije:<br \/>\nJana Kozamernik, l.r.<\/p>\n<p>&nbsp;<\/p>\n","protected":false},"excerpt":{"rendered":"<p>Pravilnik o nagradah in priznanjih &nbsp; Na podlagi 43. \u010dlena Statuta Dru\u0161tva krajinskih arhitektov Slovenije je 10. Skup\u0161\u010dina dru\u0161tva, dne 5. februarja 2002 sprejela ter 25. skup\u0161\u010dina, dne 14. decembra 2017 in 32. skup\u0161\u010dina, dne 14. decembra 2023 dopolnila in sprejela PRAVILNIK O NAGRADAH IN PRIZNANJIH DRU\u0160TVA KRAJINSKIH ARHITEKTOV SLOVENIJE I. Uvodne dolo\u010dbe 1. \u010dlen [&hellip;]<\/p>\n","protected":false},"author":7,"featured_media":0,"parent":58,"menu_order":0,"comment_status":"closed","ping_status":"closed","template":"","meta":{"footnotes":""},"class_list":["post-3050","page","type-page","status-publish","hentry"],"_links":{"self":[{"href":"https:\/\/dkas.si\/en\/wp-json\/wp\/v2\/pages\/3050","targetHints":{"allow":["GET"]}}],"collection":[{"href":"https:\/\/dkas.si\/en\/wp-json\/wp\/v2\/pages"}],"about":[{"href":"https:\/\/dkas.si\/en\/wp-json\/wp\/v2\/types\/page"}],"author":[{"embeddable":true,"href":"https:\/\/dkas.si\/en\/wp-json\/wp\/v2\/users\/7"}],"replies":[{"embeddable":true,"href":"https:\/\/dkas.si\/en\/wp-json\/wp\/v2\/comments?post=3050"}],"version-history":[{"count":5,"href":"https:\/\/dkas.si\/en\/wp-json\/wp\/v2\/pages\/3050\/revisions"}],"predecessor-version":[{"id":3058,"href":"https:\/\/dkas.si\/en\/wp-json\/wp\/v2\/pages\/3050\/revisions\/3058"}],"up":[{"embeddable":true,"href":"https:\/\/dkas.si\/en\/wp-json\/wp\/v2\/pages\/58"}],"wp:attachment":[{"href":"https:\/\/dkas.si\/en\/wp-json\/wp\/v2\/media?parent=3050"}],"curies":[{"name":"wp","href":"https:\/\/api.w.org\/{rel}","templated":true}]}}