{"id":601,"date":"2025-04-12T20:41:27","date_gmt":"2025-04-12T18:41:27","guid":{"rendered":"https:\/\/newdkas.wpm.hehe.si\/?page_id=601"},"modified":"2025-09-24T09:10:43","modified_gmt":"2025-09-24T07:10:43","slug":"25-let-dkas","status":"publish","type":"page","link":"https:\/\/dkas.si\/en\/projekti-in-publikacije\/publikacije\/25-let-dkas\/","title":{"rendered":"25 let DKAS"},"content":{"rendered":"<h2>25 let DKAS<\/h2>\n<p><img loading=\"lazy\" decoding=\"async\" class=\"alignnone wp-image-604 size-medium\" src=\"https:\/\/dkas.si\/wp-content\/uploads\/2025\/04\/DKAS25_knjiga_splet_-300x300.jpg\" alt=\"\" width=\"300\" height=\"300\" srcset=\"https:\/\/dkas.si\/wp-content\/uploads\/2025\/04\/DKAS25_knjiga_splet_-300x300.jpg 300w, https:\/\/dkas.si\/wp-content\/uploads\/2025\/04\/DKAS25_knjiga_splet_-1024x1024.jpg 1024w, https:\/\/dkas.si\/wp-content\/uploads\/2025\/04\/DKAS25_knjiga_splet_-150x150.jpg 150w, https:\/\/dkas.si\/wp-content\/uploads\/2025\/04\/DKAS25_knjiga_splet_-768x768.jpg 768w, https:\/\/dkas.si\/wp-content\/uploads\/2025\/04\/DKAS25_knjiga_splet_.jpg 1200w\" sizes=\"auto, (max-width: 300px) 100vw, 300px\" \/><\/p>\n<p><a href=\"https:\/\/dkas.si\/wp-content\/uploads\/2025\/04\/DKAS25_knjiga_splet_.pdf\">Publikacija: 25 let DKAS.pdf<\/a><\/p>\n<p>DKAS je v jubilejnem letu 2017, ob 25-letnici praznovanja dru\u0161tva, pripravilo knji\u017eico, v kateri je prikazan kratek pregled delovanja dru\u0161tva v vseh mandatih, od za\u010detka do danes. V tem \u010dasu se je zvrstilo 13 mandatov z upravnimi odbori in predsedniki. Poleg zapisov predsednikov knji\u017eica vsebuje tudi seznam vseh strokovnih posvetov, razstav, okroglih miz in projektov, ki jih je organiziralo dru\u0161tvo, ter navedbo nagrajencev dru\u0161tva.<\/p>\n<p>Pri pripravi so sodelovali:<br \/>\nPetra Vertelj Nared (zasnovala, zbrala in uredila)<br \/>\nTina Verbi\u010d (oblikovanje in prelom)<\/p>\n<p>Prispevke pripravili (kronolo\u0161ko glede na mandate): Ale\u0161 Hafner, Nata\u0161a Bratina, Jelka Habjan, Andreja Vu\u010der, Marko Prem, Ale\u0161 Bizjak, Sa\u0161a Piano, Blanka Bartol, Andrej Strgar, Nata\u0161a Bu\u010dar Draksler, Andreja Ba\u0161kov\u010d, Jasna Koblar, Maja Simoneti, Barbara Goli\u010dnik Maru\u0161i\u0107, Suzana Simi\u010d, Nevenka \u017dvokelj, Jo\u017ee Novak, Petra Vertelj Nared<\/p>\n<p>Fotografije predsednikov: Luka Vidic (J. Novak), arhiv DKAS (A. Kol\u0161ek, I. Vu\u010der), Robert Balen (M. Simoneti), Sa\u0161a Fuis (N. Bu\u010dar Draksler), arhiv Univerze na Primorskem (M. Prem), osebni arhiv (A. Hafner, N. Bratina, A. Bizjak, A. Strgar, B. Goli\u010dnik Maru\u0161i\u0107, S. Simi\u010d, N. \u017dvokelj)<\/p>\n<p>Fotografija na naslovnici: Luka Vidic<br \/>\nOstale fotografije: Luka Vidic (str.: 3, 54, 58, 59, 62, 63), Tanja Murko (str.: 6, 66), Jure Gubanc (str.: 66), arhiv DKAS (str.: 40, 46, 50, 66)<br \/>\nKnji\u017eica je iz\u0161la decembra 2017, v nakladi 200 kom. Ve\u010d:\u00a0<a href=\"mailto:info@dkas.si\">info@dkas.si<\/a>.<\/p>\n<p><a href=\"https:\/\/dkas.si\/wp-content\/uploads\/2025\/04\/DKAS25_knjiga_splet_.pdf\">DKAS25_knjiga.pdf<\/a><\/p>\n","protected":false},"excerpt":{"rendered":"<p>25 let DKAS Publikacija: 25 let DKAS.pdf DKAS je v jubilejnem letu 2017, ob 25-letnici praznovanja dru\u0161tva, pripravilo knji\u017eico, v kateri je prikazan kratek pregled delovanja dru\u0161tva v vseh mandatih, od za\u010detka do danes. V tem \u010dasu se je zvrstilo 13 mandatov z upravnimi odbori in predsedniki. Poleg zapisov predsednikov knji\u017eica vsebuje tudi seznam vseh [&hellip;]<\/p>\n","protected":false},"author":2,"featured_media":501,"parent":89,"menu_order":0,"comment_status":"closed","ping_status":"closed","template":"","meta":{"footnotes":""},"class_list":["post-601","page","type-page","status-publish","has-post-thumbnail","hentry"],"_links":{"self":[{"href":"https:\/\/dkas.si\/en\/wp-json\/wp\/v2\/pages\/601","targetHints":{"allow":["GET"]}}],"collection":[{"href":"https:\/\/dkas.si\/en\/wp-json\/wp\/v2\/pages"}],"about":[{"href":"https:\/\/dkas.si\/en\/wp-json\/wp\/v2\/types\/page"}],"author":[{"embeddable":true,"href":"https:\/\/dkas.si\/en\/wp-json\/wp\/v2\/users\/2"}],"replies":[{"embeddable":true,"href":"https:\/\/dkas.si\/en\/wp-json\/wp\/v2\/comments?post=601"}],"version-history":[{"count":5,"href":"https:\/\/dkas.si\/en\/wp-json\/wp\/v2\/pages\/601\/revisions"}],"predecessor-version":[{"id":1307,"href":"https:\/\/dkas.si\/en\/wp-json\/wp\/v2\/pages\/601\/revisions\/1307"}],"up":[{"embeddable":true,"href":"https:\/\/dkas.si\/en\/wp-json\/wp\/v2\/pages\/89"}],"wp:featuredmedia":[{"embeddable":true,"href":"https:\/\/dkas.si\/en\/wp-json\/wp\/v2\/media\/501"}],"wp:attachment":[{"href":"https:\/\/dkas.si\/en\/wp-json\/wp\/v2\/media?parent=601"}],"curies":[{"name":"wp","href":"https:\/\/api.w.org\/{rel}","templated":true}]}}