{"id":642,"date":"2025-04-12T22:17:42","date_gmt":"2025-04-12T20:17:42","guid":{"rendered":"https:\/\/newdkas.wpm.hehe.si\/?page_id=642"},"modified":"2025-11-03T19:18:03","modified_gmt":"2025-11-03T18:18:03","slug":"eticni-kodeks","status":"publish","type":"page","link":"https:\/\/dkas.si\/en\/drustvo\/eticni-kodeks\/","title":{"rendered":"Eti\u010dni kodeks"},"content":{"rendered":"<h2>Eti\u010dni kodeks DKAS<\/h2>\n<p><strong>Aktivno in ustvarjalno uveljavljanje\u00a0eti\u010dnih na\u010del krajinskih arhitektov Slovenije, ki so zapisana v\u00a0Eti\u010dnem kodeksu dru\u0161tva, je temeljno poslanstvo na\u0161ega poklica. Odgovornost od nas zahteva, da spremljamo razmere v prostoru in dru\u017ebi, da se javno odzivamo na prostorske in okoljske probleme ter se vklju\u010dujemo v sistemske razprave o urejanju prostora. Pogosto ugotavljamo, da pri sprejemanju zakonodajnih re\u0161itev priporo\u010dila stroke niso upo\u0161tevana v celoti in da se vplivov, ki jih te odlo\u010ditve povzro\u010dajo v okolju in dru\u017ebi, ne obravnava celostno. Zato si prizadevamo razlagati probleme na razumljiv na\u010din in v razpravo vklju\u010diti tudi \u0161ir\u0161o zainteresirano javnost.<\/strong><\/p>\n<h4>Etika in morala<\/h4>\n<ol type=\"1\">\n<li>Spo\u0161tuj dostojanstvo vsakega \u010dloveka.<\/li>\n<li>Spo\u0161tuj naravo.<\/li>\n<li>Spo\u0161tuj kulturne vrednote.<\/li>\n<li>Zavedaj se, da mora biti raba naravnih virov vzdr\u017ena.<\/li>\n<li>Deluj na na\u010din ustvarjalnega varovanja in i\u0161\u010di najbolj\u0161e alternative.<\/li>\n<li>Moralno odgovarja\u0161 za posledice svojega dela.<\/li>\n<li>Pri svojem delu upo\u0161tevaj danosti; zavedaj se, da so znanja o okolju nepopolna.<\/li>\n<li>V delo vklju\u010duj tehnike in proizvode, ki temeljijo oziroma so v skladu z na\u010deli vzdr\u017enega razvoja.<\/li>\n<li>Izbolj\u0161uj svoje vedenje o etiki do ljudi in okolja.<\/li>\n<li>Aktivno sodeluj pri odlo\u010ditvah dru\u017ebe in s svojim dru\u017ebenim delovanjem prispevaj k svojemu vzdr\u017enemu razvoju.<\/li>\n<\/ol>\n<h4>Poklicna odgovornost<\/h4>\n<ol type=\"1\">\n<li>Spo\u0161tuj zakone.<\/li>\n<li>Spo\u0161tuj delo poklicnih in drugih kolegov.<\/li>\n<li>Spo\u0161tuj argumentirano kritiko svojega dela.<\/li>\n<li>Ne kopiraj in ne reproduciraj avtorsko za\u0161\u010ditenih del drugih kolegov brez njihovega pisnega dovoljenja.<\/li>\n<li>Povzete vire drugih avtorjev pravilno navedi.<\/li>\n<li>Svoje delo opravljaj v skladu s pravili poklicne zbornice in statutom DKAS.<\/li>\n<li>Svoje delo opravljaj verodostojno.<\/li>\n<li>Obve\u0161\u010daj javnost in strokovna okolja o rezultatih svojega dela.<\/li>\n<li>Stalno se izobra\u017euj in izmenjuj svoje poglede s poklicnimi kolegi in drugimi sogovorniki.<\/li>\n<li>Sodeluj v strokovnih glasilih in drugih oblikah izobra\u017eevanja.<\/li>\n<li>Opravljaj samo tista dela, za katera si ti in tvoji sodelavci ustrezno kvalificiran.<\/li>\n<li>Trudi se pove\u010devati lastno ustvarjalno, estetsko, ekolo\u0161ko in kulturno odli\u010dnost.<\/li>\n<li>Spo\u0161tuj \u017eelje naro\u010dnika do tiste mere, ki ne pomeni zanikanja splo\u0161nih eti\u010dnih na\u010del, zakonov ali \u0161kode za druge \u010dlane skupnosti.<\/li>\n<li>S svojim delom prispevaj k varstvu in pove\u010devanju kakovosti prostora in okolja ter pri tem upo\u0161tevaj raznolikost izbire ljudi in drugih \u017eivih bitij.<\/li>\n<li>Ne sodeluj v zaposlitveni praksi, ki lo\u010duje ljudi na podlagi rase, vere, politi\u010dnega prepri\u010danja, spola, narodne ali jezikovne pripadnosti, starosti, invalidnosti in spolne usmerjenosti.<\/li>\n<li>Nesebi\u010dno pomagaj mlaj\u0161im pri njihovi strokovni rasti in drugim kolegom pri poklicnem uveljavljanju.<\/li>\n<\/ol>\n<p>Celotni Eti\u010dni kodeks krajinskih arhitektov Slovenije, sprejet na 10. redni letni skup\u0161\u010dini DKAS, je na voljo v <a href=\"https:\/\/dkas.si\/wp-content\/uploads\/2025\/11\/DKAS_eticni_kodeks.pdf\" target=\"_blank\" rel=\"noopener\">PDF razli\u010dici<\/a>.<\/p>\n","protected":false},"excerpt":{"rendered":"<p>Eti\u010dni kodeks DKAS Aktivno in ustvarjalno uveljavljanje\u00a0eti\u010dnih na\u010del krajinskih arhitektov Slovenije, ki so zapisana v\u00a0Eti\u010dnem kodeksu dru\u0161tva, je temeljno poslanstvo na\u0161ega poklica. Odgovornost od nas zahteva, da spremljamo razmere v prostoru in dru\u017ebi, da se javno odzivamo na prostorske in okoljske probleme ter se vklju\u010dujemo v sistemske razprave o urejanju prostora. Pogosto ugotavljamo, da pri [&hellip;]<\/p>\n","protected":false},"author":2,"featured_media":1212,"parent":58,"menu_order":3,"comment_status":"closed","ping_status":"closed","template":"","meta":{"footnotes":""},"class_list":["post-642","page","type-page","status-publish","has-post-thumbnail","hentry"],"_links":{"self":[{"href":"https:\/\/dkas.si\/en\/wp-json\/wp\/v2\/pages\/642","targetHints":{"allow":["GET"]}}],"collection":[{"href":"https:\/\/dkas.si\/en\/wp-json\/wp\/v2\/pages"}],"about":[{"href":"https:\/\/dkas.si\/en\/wp-json\/wp\/v2\/types\/page"}],"author":[{"embeddable":true,"href":"https:\/\/dkas.si\/en\/wp-json\/wp\/v2\/users\/2"}],"replies":[{"embeddable":true,"href":"https:\/\/dkas.si\/en\/wp-json\/wp\/v2\/comments?post=642"}],"version-history":[{"count":6,"href":"https:\/\/dkas.si\/en\/wp-json\/wp\/v2\/pages\/642\/revisions"}],"predecessor-version":[{"id":2802,"href":"https:\/\/dkas.si\/en\/wp-json\/wp\/v2\/pages\/642\/revisions\/2802"}],"up":[{"embeddable":true,"href":"https:\/\/dkas.si\/en\/wp-json\/wp\/v2\/pages\/58"}],"wp:featuredmedia":[{"embeddable":true,"href":"https:\/\/dkas.si\/en\/wp-json\/wp\/v2\/media\/1212"}],"wp:attachment":[{"href":"https:\/\/dkas.si\/en\/wp-json\/wp\/v2\/media?parent=642"}],"curies":[{"name":"wp","href":"https:\/\/api.w.org\/{rel}","templated":true}]}}