{"id":87,"date":"2024-05-13T00:39:48","date_gmt":"2024-05-12T22:39:48","guid":{"rendered":"https:\/\/newdkas.wpm.hehe.si\/?page_id=87"},"modified":"2025-10-05T17:57:48","modified_gmt":"2025-10-05T15:57:48","slug":"krajinska-politika","status":"publish","type":"page","link":"https:\/\/dkas.si\/en\/projekti-in-publikacije\/projekti\/krajinska-politika\/","title":{"rendered":"Krajinska politika"},"content":{"rendered":"<h2>Krajinska politika za u\u010dinkovito varstvo in razvoj slovenske krajine<\/h2>\n<p><strong>DKAS &#8211; Dru\u0161tvo krajinskih arhitektov Slovenije, IPoP &#8211; In\u0161titut za politike prostora in Dru\u0161tvo za varstvo Alp CIPRA Slovenija so poleti 2018 na javnem razpisu Ministrstva za okolje in prostor za sofinanciranje projektov nevladnih organizacij pridobili sredstva za izvedbo projekta Varstvo in razvoj slovenske krajine: izhodi\u0161\u010da za oblikovanje Krajinske politike.\u00a0<\/strong><\/p>\n<p>Krajinska politika naj bi zagotovila pogoje za skladno varstvo in razvoj krajine, povezala in uskladila pri\u010dakovanja, cilje in ukrepe razli\u010dnih podro\u010dij in akterjev v krajini ter omogo\u010dila, da razvijamo krajino kot na\u0161o skupno dedi\u0161\u010dino in pomembno prvino osebne in narodove identitete. Pripravo nacionalne krajinske politike predvideva Evropska konvencija o krajini (EKK, 2000), ki jo je Slovenija sprejela marca 2001 in ratificirala med prvimi v Evropi, julija 2003. Namen projekta je spro\u017eiti informiran proces priprave tega za dr\u017eavo Slovenijo pomembnega dokumenta in aktivno vklju\u010diti v pripravo vse relevantne dele\u017enike, predvsem predstavnike sektorjev na dr\u017eavni ravni, in spodbuditi zanimanje prebivalcev za urejanje krajine in soudele\u017ebo v upravljanju.<\/p>\n<h4><strong>Zakaj potrebujemo Krajinsko politiko Slovenije?<\/strong><\/h4>\n<ul>\n<li>Za dvig pomena krajine v dru\u017ebi in zagotovitev pravice u\u017eivati kakovostno krajino.<\/li>\n<li>Za vzpostavitev celovitega sistema varstva, na\u010drtovanja in upravljanja krajine.<\/li>\n<li>Za odgovorno ravnanje s krajino, ki upo\u0161teva njen pomen za dru\u017ebo.<\/li>\n<li>Za ohranjanje in dvig kakovosti slovenske krajine.<\/li>\n<li>Za sistemsko urejeno, povezano in koordinirano delovanje vseh dele\u017enikov v zvezi z varstvom, na\u010drtovanjem in upravljanjem krajine.<\/li>\n<li>Za promocijo in ozave\u0161\u010danje o krajini.<\/li>\n<li>Za u\u010dinkovito izvajanje Evropske konvencije o krajini.<\/li>\n<li>Za uresni\u010devanje obvez Agende za trajnostni razvoj 2030.<\/li>\n<li>Za uvrstitev med ugledne dr\u017eave, ki na podro\u010dju urejanja krajine uveljavljajo napredne re\u0161itve.<\/li>\n<\/ul>\n<p>Ve\u010d lahko preberete na <a href=\"https:\/\/www.krajinskapolitika.si\/\">uradni spletni strani projekta<\/a>.<\/p>\n<p><strong>Projekt Varstvo in razvoj slovenske krajine: Izhodi\u0161\u010da za oblikovanje krajinske politike je bil kot vzor\u010dni primer nagrajen na slovesni podelitvi nagrade Sveta Evrope za krajino, ki je 27. junija 2025 potekala v Lousi na Portugalskem.<\/strong><\/p>\n","protected":false},"excerpt":{"rendered":"<p>Krajinska politika za u\u010dinkovito varstvo in razvoj slovenske krajine DKAS &#8211; Dru\u0161tvo krajinskih arhitektov Slovenije, IPoP &#8211; In\u0161titut za politike prostora in Dru\u0161tvo za varstvo Alp CIPRA Slovenija so poleti 2018 na javnem razpisu Ministrstva za okolje in prostor za sofinanciranje projektov nevladnih organizacij pridobili sredstva za izvedbo projekta Varstvo in razvoj slovenske krajine: izhodi\u0161\u010da [&hellip;]<\/p>\n","protected":false},"author":1,"featured_media":637,"parent":2352,"menu_order":2,"comment_status":"closed","ping_status":"closed","template":"","meta":{"footnotes":""},"class_list":["post-87","page","type-page","status-publish","has-post-thumbnail","hentry"],"_links":{"self":[{"href":"https:\/\/dkas.si\/en\/wp-json\/wp\/v2\/pages\/87","targetHints":{"allow":["GET"]}}],"collection":[{"href":"https:\/\/dkas.si\/en\/wp-json\/wp\/v2\/pages"}],"about":[{"href":"https:\/\/dkas.si\/en\/wp-json\/wp\/v2\/types\/page"}],"author":[{"embeddable":true,"href":"https:\/\/dkas.si\/en\/wp-json\/wp\/v2\/users\/1"}],"replies":[{"embeddable":true,"href":"https:\/\/dkas.si\/en\/wp-json\/wp\/v2\/comments?post=87"}],"version-history":[{"count":10,"href":"https:\/\/dkas.si\/en\/wp-json\/wp\/v2\/pages\/87\/revisions"}],"predecessor-version":[{"id":1618,"href":"https:\/\/dkas.si\/en\/wp-json\/wp\/v2\/pages\/87\/revisions\/1618"}],"up":[{"embeddable":true,"href":"https:\/\/dkas.si\/en\/wp-json\/wp\/v2\/pages\/2352"}],"wp:featuredmedia":[{"embeddable":true,"href":"https:\/\/dkas.si\/en\/wp-json\/wp\/v2\/media\/637"}],"wp:attachment":[{"href":"https:\/\/dkas.si\/en\/wp-json\/wp\/v2\/media?parent=87"}],"curies":[{"name":"wp","href":"https:\/\/api.w.org\/{rel}","templated":true}]}}