{"id":100,"date":"2024-05-13T00:42:15","date_gmt":"2024-05-12T22:42:15","guid":{"rendered":"https:\/\/newdkas.wpm.hehe.si\/?page_id=100"},"modified":"2025-10-28T19:34:57","modified_gmt":"2025-10-28T18:34:57","slug":"nagrade-in-priznanja","status":"publish","type":"page","link":"https:\/\/dkas.si\/fr\/nagrade\/nagrade-in-priznanja\/","title":{"rendered":"Nagrade DKAS"},"content":{"rendered":"<h2>Nagrade DKAS<\/h2>\n<p><strong>Dru\u0161tvo krajinskih arhitektov Slovenije \u017eeli s podelitvijo nagrad prepoznati in promovirati izstopajo\u010de posameznike in pomembne dose\u017eke s podro\u010dja krajinske arhitekture. Nagrade in priznanja se podeljujejo v skladu s Pravilnikom o nagradah in priznanjih DKAS za dela s podro\u010dja krajinske arhitekture, prostorskega planiranja, urbanisti\u010dnega in krajinskega na\u010drtovanja, krajinskega oblikovanja, varstva in ohranjanja krajine in teorije krajinske arhitekture.<\/strong><\/p>\n<p>Namen podeljevanja nagrad je zdru\u017eevanje strokovnjakov, krepitev prepoznavnosti in vloge krajinskoarhitekturne stroke v Sloveniji, pa tudi osve\u0161\u010danja strokovne in splo\u0161ne javnosti o prostorskem na\u010drtovanju v \u0161ir\u0161em pomenu, v smislu sporo\u010danja o na\u010delih urejanja prostora ter dru\u017ebenem pomenu prostorskega na\u010drtovanja, stremljenju k izbolj\u0161anju kakovosti urejanja prostora in promociji primerov dobre prakse.<\/p>\n<p>Izbor nagrajencev naslavlja namene, vezane na krepitev prepoznavnosti stroke (predvsem nagrada za \u017eivljenjsko delo ter priznanji za aktivnost v stroki in dru\u0161tvu), kot tudi \u0161ir\u0161e namene vezane na prostorsko na\u010drtovanje. Podeljena nagrada za pomemben dose\u017eek izpostavlja primer dobre prakse, vsi prejemniki nagrad in priznanj pa s svojim strokovnim delom stremijo k skladnemu in inovativnemu razvoju prostora in s svojim ve\u010dletnim delovanjem posredno, nekateri pa tudi neposredno, s publicisti\u010dnim delom, skrbijo za uveljavljanje stroke ter ozave\u0161\u010danje o pomenu prostorskega na\u010drtovanja.<\/p>\n<h4>Nagrada za \u017eivljenjsko delo<\/h4>\n<p>Nagrada za \u017eivljenjsko delo se lahko podeli strokovnjaku, ki je s svojim strokovnim delom bistveno prispeval k razvoju stroke. Za to nagrado je lahko predlagan strokovnjak, ki je \u017ee dopolnil 60 let starosti.<\/p>\n<p><strong><span style=\"color: #99cc00;\">2022 <\/span><\/strong><a href=\"https:\/\/dkas.si\/nagrade\/nagrade-in-priznanja\/nagrada-za-zivljenjsko-delo\/nagrada-za-zivljenjsko-delo-2022-joze-novak\/\">Jo\u017ee Novak<\/a><br \/>\n<strong><span style=\"color: #99cc00;\">2017\u00a0<\/span><\/strong><a href=\"https:\/\/dkas.si\/nagrade\/nagrade-in-priznanja\/nagrada-za-zivljenjsko-delo\/nagrada-za-zivljenjsko-delo-2017-doc-dr-nikolaja-kravanja\/\">doc. dr. Nikolaja Kravanja<\/a><br \/>\n<strong><span style=\"color: #99cc00;\">2017\u00a0<\/span><\/strong><a href=\"https:\/\/dkas.si\/nagrade\/nagrade-in-priznanja\/nagrada-za-zivljenjsko-delo\/nagrada-za-zivljenjsko-delo-2017-prof-dr-aleksander-siftar\/\">prof. dr. Aleksander \u0160iftar<\/a><br \/>\n<strong><span style=\"color: #99cc00;\">2017 <\/span><\/strong><a href=\"https:\/\/dkas.si\/nagrade\/nagrade-in-priznanja\/nagrada-za-zivljenjsko-delo\/nagrada-za-zivljenjsko-delo-2017-mag-alenka-kolsek-posthumno\/\">mag. Alenka Kol\u0161ek (posthumno)<\/a><br \/>\n<strong><span style=\"color: #99cc00;\">2016\u00a0<\/span><\/strong><a href=\"https:\/\/dkas.si\/nagrade\/nagrade-in-priznanja\/nagrada-za-zivljenjsko-delo\/nagrada-za-zivljenjsko-delo-2016-mag-alenka-polutnik\/\">mag. Alenka Polutnik<\/a><br \/>\n<strong><span style=\"color: #99cc00;\">2016 <\/span><\/strong><a href=\"https:\/\/dkas.si\/nagrade\/nagrade-in-priznanja\/nagrada-za-zivljenjsko-delo\/nagrada-za-zivljenjsko-delo-2016-mag-niko-stare\/\">mag. Niko Stare<\/a><br \/>\n<strong><span style=\"color: #99cc00;\">2011 <\/span><\/strong><a href=\"https:\/\/dkas.si\/nagrade\/nagrade-in-priznanja\/nagrada-za-zivljenjsko-delo\/nagrada-za-zivljenjsko-delo-2011-prof-dr-janez-marusic\/\">prof. dr. Janez Maru\u0161i\u010d<\/a><br \/>\n<strong><span style=\"color: #99cc00;\">2002 <\/span><\/strong><a href=\"https:\/\/dkas.si\/nagrade\/nagrade-in-priznanja\/nagrada-za-zivljenjsko-delo\/nagrada-za-zivljenjsko-delo-2002-prof-dusan-ogrin\/\">prof. Du\u0161an Ogrin<\/a><\/p>\n<div id='gallery-1' class='gallery galleryid-100 gallery-columns-4 gallery-size-thumbnail'><figure class='gallery-item'>\n\t\t\t<div class='gallery-icon landscape'>\n\t\t\t\t<a href='https:\/\/dkas.si\/fr\/nagrade\/nagrade-in-priznanja\/nagrada-za-zivljenjsko-delo\/nagrada-za-zivljenjsko-delo-2022-joze-novak\/dkas-nagrada_joze-novak\/'><img loading=\"lazy\" decoding=\"async\" width=\"150\" height=\"150\" src=\"https:\/\/dkas.si\/wp-content\/uploads\/2025\/10\/DKAS-nagrada_Joze-Novak-150x150.jpg\" class=\"attachment-thumbnail size-thumbnail\" alt=\"\" srcset=\"https:\/\/dkas.si\/wp-content\/uploads\/2025\/10\/DKAS-nagrada_Joze-Novak-150x150.jpg 150w, https:\/\/dkas.si\/wp-content\/uploads\/2025\/10\/DKAS-nagrada_Joze-Novak.jpg 289w\" sizes=\"auto, (max-width: 150px) 100vw, 150px\" \/><\/a>\n\t\t\t<\/div><\/figure><figure class='gallery-item'>\n\t\t\t<div class='gallery-icon landscape'>\n\t\t\t\t<a href='https:\/\/dkas.si\/fr\/nagrade\/nagrade-in-priznanja\/nagrada-za-zivljenjsko-delo\/nagrada-za-zivljenjsko-delo-2017-doc-dr-nikolaja-kravanja\/dkas-nagrada_nikolaja-kravanja\/'><img loading=\"lazy\" decoding=\"async\" width=\"150\" height=\"150\" src=\"https:\/\/dkas.si\/wp-content\/uploads\/2025\/10\/DKAS-nagrada_Nikolaja-Kravanja-150x150.jpg\" class=\"attachment-thumbnail size-thumbnail\" alt=\"\" srcset=\"https:\/\/dkas.si\/wp-content\/uploads\/2025\/10\/DKAS-nagrada_Nikolaja-Kravanja-150x150.jpg 150w, https:\/\/dkas.si\/wp-content\/uploads\/2025\/10\/DKAS-nagrada_Nikolaja-Kravanja-300x300.jpg 300w, https:\/\/dkas.si\/wp-content\/uploads\/2025\/10\/DKAS-nagrada_Nikolaja-Kravanja-1024x1024.jpg 1024w, https:\/\/dkas.si\/wp-content\/uploads\/2025\/10\/DKAS-nagrada_Nikolaja-Kravanja-768x768.jpg 768w, https:\/\/dkas.si\/wp-content\/uploads\/2025\/10\/DKAS-nagrada_Nikolaja-Kravanja.jpg 1536w\" sizes=\"auto, (max-width: 150px) 100vw, 150px\" \/><\/a>\n\t\t\t<\/div><\/figure><figure class='gallery-item'>\n\t\t\t<div class='gallery-icon portrait'>\n\t\t\t\t<a href='https:\/\/dkas.si\/fr\/nagrade\/nagrade-in-priznanja\/nagrada-za-zivljenjsko-delo\/nagrada-za-zivljenjsko-delo-2017-prof-dr-aleksander-siftar\/dkas-nagrada_aleksander-siftar\/'><img loading=\"lazy\" decoding=\"async\" width=\"150\" height=\"150\" src=\"https:\/\/dkas.si\/wp-content\/uploads\/2025\/10\/DKAS-nagrada_Aleksander-Siftar-150x150.jpg\" class=\"attachment-thumbnail size-thumbnail\" alt=\"\" srcset=\"https:\/\/dkas.si\/wp-content\/uploads\/2025\/10\/DKAS-nagrada_Aleksander-Siftar-150x150.jpg 150w, https:\/\/dkas.si\/wp-content\/uploads\/2025\/10\/DKAS-nagrada_Aleksander-Siftar-300x300.jpg 300w, https:\/\/dkas.si\/wp-content\/uploads\/2025\/10\/DKAS-nagrada_Aleksander-Siftar-1024x1024.jpg 1024w, https:\/\/dkas.si\/wp-content\/uploads\/2025\/10\/DKAS-nagrada_Aleksander-Siftar-768x768.jpg 768w, https:\/\/dkas.si\/wp-content\/uploads\/2025\/10\/DKAS-nagrada_Aleksander-Siftar-1536x1536.jpg 1536w, https:\/\/dkas.si\/wp-content\/uploads\/2025\/10\/DKAS-nagrada_Aleksander-Siftar.jpg 2008w\" sizes=\"auto, (max-width: 150px) 100vw, 150px\" \/><\/a>\n\t\t\t<\/div><\/figure><figure class='gallery-item'>\n\t\t\t<div class='gallery-icon landscape'>\n\t\t\t\t<a href='https:\/\/dkas.si\/fr\/aktivnosti\/kvadratki50proc\/'><img loading=\"lazy\" decoding=\"async\" width=\"150\" height=\"150\" src=\"https:\/\/dkas.si\/wp-content\/uploads\/2024\/12\/kvadratki50proc-150x150.png\" class=\"attachment-thumbnail size-thumbnail\" alt=\"\" \/><\/a>\n\t\t\t<\/div><\/figure><figure class='gallery-item'>\n\t\t\t<div class='gallery-icon landscape'>\n\t\t\t\t<a href='https:\/\/dkas.si\/fr\/aktivnosti\/kvadratki\/'><img loading=\"lazy\" decoding=\"async\" width=\"150\" height=\"150\" src=\"https:\/\/dkas.si\/wp-content\/uploads\/2024\/12\/kvadratki-150x150.png\" class=\"attachment-thumbnail size-thumbnail\" alt=\"\" \/><\/a>\n\t\t\t<\/div><\/figure><figure class='gallery-item'>\n\t\t\t<div class='gallery-icon landscape'>\n\t\t\t\t<a href='https:\/\/dkas.si\/fr\/nagrade\/nagrade-in-priznanja\/nagrada-za-zivljenjsko-delo\/nagrada-za-zivljenjsko-delo-2016-mag-niko-stare\/dkas-nagrada_niko-stare\/'><img loading=\"lazy\" decoding=\"async\" width=\"150\" height=\"150\" src=\"https:\/\/dkas.si\/wp-content\/uploads\/2025\/10\/DKAS-nagrada_Niko-Stare-150x150.jpg\" class=\"attachment-thumbnail size-thumbnail\" alt=\"\" srcset=\"https:\/\/dkas.si\/wp-content\/uploads\/2025\/10\/DKAS-nagrada_Niko-Stare-150x150.jpg 150w, https:\/\/dkas.si\/wp-content\/uploads\/2025\/10\/DKAS-nagrada_Niko-Stare-300x300.jpg 300w, https:\/\/dkas.si\/wp-content\/uploads\/2025\/10\/DKAS-nagrada_Niko-Stare.jpg 553w\" sizes=\"auto, (max-width: 150px) 100vw, 150px\" \/><\/a>\n\t\t\t<\/div><\/figure><figure class='gallery-item'>\n\t\t\t<div class='gallery-icon landscape'>\n\t\t\t\t<a href='https:\/\/dkas.si\/fr\/nagrade\/nagrade-in-priznanja\/nagrada-za-zivljenjsko-delo\/nagrada-za-zivljenjsko-delo-2011-prof-dr-janez-marusic\/dkas-nagrada_janez-marusic\/'><img loading=\"lazy\" decoding=\"async\" width=\"150\" height=\"150\" src=\"https:\/\/dkas.si\/wp-content\/uploads\/2025\/10\/DKAS-nagrada_Janez-Marusic-150x150.jpg\" class=\"attachment-thumbnail size-thumbnail\" alt=\"\" srcset=\"https:\/\/dkas.si\/wp-content\/uploads\/2025\/10\/DKAS-nagrada_Janez-Marusic-150x150.jpg 150w, https:\/\/dkas.si\/wp-content\/uploads\/2025\/10\/DKAS-nagrada_Janez-Marusic-300x300.jpg 300w, https:\/\/dkas.si\/wp-content\/uploads\/2025\/10\/DKAS-nagrada_Janez-Marusic.jpg 480w\" sizes=\"auto, (max-width: 150px) 100vw, 150px\" \/><\/a>\n\t\t\t<\/div><\/figure><figure class='gallery-item'>\n\t\t\t<div class='gallery-icon landscape'>\n\t\t\t\t<a href='https:\/\/dkas.si\/fr\/nagrade\/nagrade-in-priznanja\/nagrada-za-zivljenjsko-delo\/dusan-ogrin\/'><img loading=\"lazy\" decoding=\"async\" width=\"150\" height=\"150\" src=\"https:\/\/dkas.si\/wp-content\/uploads\/2025\/09\/Dusan-Ogrin-150x150.jpg\" class=\"attachment-thumbnail size-thumbnail\" alt=\"\" srcset=\"https:\/\/dkas.si\/wp-content\/uploads\/2025\/09\/Dusan-Ogrin-150x150.jpg 150w, https:\/\/dkas.si\/wp-content\/uploads\/2025\/09\/Dusan-Ogrin.jpg 240w\" sizes=\"auto, (max-width: 150px) 100vw, 150px\" \/><\/a>\n\t\t\t<\/div><\/figure>\n\t\t<\/div>\n\n<h4>Priznanje za aktivnost v stroki in dru\u0161tvu<\/h4>\n<p>Priznanja za aktivnost v stroki ali dru\u0161tvu (prej Priznanje za ve\u010dletno aktivnost v stroki in pomembne dose\u017eke) se podeljujejo \u010dlanom dru\u0161tva, ki s svojim delom utirajo nove perspektive krajinskoarhitekturni stroki ali krepijo njen polo\u017eaj v dru\u017ebi, ali \u010dlanom dru\u0161tva, ki s svojim inovativnim in ve\u010dletnim delom pomembno krepijo ali raz\u0161irjajo razvoj dru\u0161tvene dejavnosti in prepoznavnost dru\u0161tva v dru\u017ebi.<\/p>\n<p><strong><span style=\"color: #99cc00;\">2022 <\/span><\/strong><a href=\"https:\/\/dkas.si\/?page_id=2254&amp;preview=true\">prof. dr. Ana Ku\u010dan<\/a><br \/>\n<strong><span style=\"color: #99cc00;\">2022 <\/span><\/strong><a href=\"https:\/\/dkas.si\/?page_id=2252&amp;preview=true\">Radovan Romih<\/a><br \/>\n<strong><span style=\"color: #99cc00;\">2017 <\/span><\/strong><a href=\"https:\/\/dkas.si\/?page_id=2250&amp;preview=true\">mag. Jelka Hudoklin<\/a><br \/>\n<strong><span style=\"color: #99cc00;\">2017 <\/span><\/strong><a href=\"https:\/\/dkas.si\/?page_id=2247&amp;preview=true\">doc. dr. Ale\u0161 Mlakar<\/a><br \/>\n<strong><span style=\"color: #99cc00;\">2016 <\/span><\/strong><a href=\"https:\/\/dkas.si\/?page_id=2245&amp;preview=true\">dr. Maja Simoneti<\/a><\/p>\n<div id='gallery-2' class='gallery galleryid-100 gallery-columns-5 gallery-size-thumbnail'><figure class='gallery-item'>\n\t\t\t<div class='gallery-icon landscape'>\n\t\t\t\t<a href='https:\/\/dkas.si\/fr\/nagrade\/nagrade-in-priznanja\/priznanje-za-aktivnost-v-stroki-in-drustvu\/ana-kucan_foto-g-jakovac\/'><img loading=\"lazy\" decoding=\"async\" width=\"150\" height=\"150\" src=\"https:\/\/dkas.si\/wp-content\/uploads\/2025\/09\/Ana-Kucan_foto-G.Jakovac-150x150.jpeg\" class=\"attachment-thumbnail size-thumbnail\" alt=\"\" srcset=\"https:\/\/dkas.si\/wp-content\/uploads\/2025\/09\/Ana-Kucan_foto-G.Jakovac-150x150.jpeg 150w, https:\/\/dkas.si\/wp-content\/uploads\/2025\/09\/Ana-Kucan_foto-G.Jakovac.jpeg 243w\" sizes=\"auto, (max-width: 150px) 100vw, 150px\" \/><\/a>\n\t\t\t<\/div><\/figure><figure class='gallery-item'>\n\t\t\t<div class='gallery-icon landscape'>\n\t\t\t\t<a href='https:\/\/dkas.si\/fr\/nagrade\/nagrade-in-priznanja\/priznanje-za-aktivnost-v-stroki-in-drustvu\/rado-romih_foto-g-jakovac\/'><img loading=\"lazy\" decoding=\"async\" width=\"150\" height=\"150\" src=\"https:\/\/dkas.si\/wp-content\/uploads\/2025\/09\/Rado-Romih_foto-G.Jakovac-150x150.jpg\" class=\"attachment-thumbnail size-thumbnail\" alt=\"\" srcset=\"https:\/\/dkas.si\/wp-content\/uploads\/2025\/09\/Rado-Romih_foto-G.Jakovac-150x150.jpg 150w, https:\/\/dkas.si\/wp-content\/uploads\/2025\/09\/Rado-Romih_foto-G.Jakovac.jpg 165w\" sizes=\"auto, (max-width: 150px) 100vw, 150px\" \/><\/a>\n\t\t\t<\/div><\/figure><figure class='gallery-item'>\n\t\t\t<div class='gallery-icon landscape'>\n\t\t\t\t<a href='https:\/\/dkas.si\/fr\/nagrade\/nagrade-in-priznanja\/priznanje-za-aktivnost-v-stroki-in-drustvu\/priznanje-za-aktivnost-v-stroki-oz-drustvu-2017-mag-jelka-hudoklin\/dkas-nagrada_jelka-hudoklin\/'><img loading=\"lazy\" decoding=\"async\" width=\"150\" height=\"150\" src=\"https:\/\/dkas.si\/wp-content\/uploads\/2025\/10\/DKAS-nagrada_Jelka-Hudoklin-150x150.jpg\" class=\"attachment-thumbnail size-thumbnail\" alt=\"\" srcset=\"https:\/\/dkas.si\/wp-content\/uploads\/2025\/10\/DKAS-nagrada_Jelka-Hudoklin-150x150.jpg 150w, https:\/\/dkas.si\/wp-content\/uploads\/2025\/10\/DKAS-nagrada_Jelka-Hudoklin.jpg 240w\" sizes=\"auto, (max-width: 150px) 100vw, 150px\" \/><\/a>\n\t\t\t<\/div><\/figure><figure class='gallery-item'>\n\t\t\t<div class='gallery-icon landscape'>\n\t\t\t\t<a href='https:\/\/dkas.si\/fr\/nagrade\/nagrade-in-priznanja\/priznanje-za-aktivnost-v-stroki-in-drustvu\/priznanje-za-aktivnost-v-stroki-oz-drustvu-2017-doc-dr-ales-mlakar\/dkas-nagrada_ales-mlakar\/'><img loading=\"lazy\" decoding=\"async\" width=\"150\" height=\"150\" src=\"https:\/\/dkas.si\/wp-content\/uploads\/2025\/10\/DKAS-nagrada_Ales-Mlakar-150x150.jpg\" class=\"attachment-thumbnail size-thumbnail\" alt=\"\" srcset=\"https:\/\/dkas.si\/wp-content\/uploads\/2025\/10\/DKAS-nagrada_Ales-Mlakar-150x150.jpg 150w, https:\/\/dkas.si\/wp-content\/uploads\/2025\/10\/DKAS-nagrada_Ales-Mlakar-300x300.jpg 300w, https:\/\/dkas.si\/wp-content\/uploads\/2025\/10\/DKAS-nagrada_Ales-Mlakar.jpg 370w\" sizes=\"auto, (max-width: 150px) 100vw, 150px\" \/><\/a>\n\t\t\t<\/div><\/figure><figure class='gallery-item'>\n\t\t\t<div class='gallery-icon landscape'>\n\t\t\t\t<a href='https:\/\/dkas.si\/fr\/nagrade\/nagrade-in-priznanja\/priznanje-za-aktivnost-v-stroki-in-drustvu\/priznanje-za-aktivnost-v-stroki-oz-drustvu-2016-dr-maja-simoneti\/dkas-nagrada_maja-simoneti\/'><img loading=\"lazy\" decoding=\"async\" width=\"150\" height=\"150\" src=\"https:\/\/dkas.si\/wp-content\/uploads\/2025\/10\/DKAS-nagrada_Maja-Simoneti-150x150.jpg\" class=\"attachment-thumbnail size-thumbnail\" alt=\"\" srcset=\"https:\/\/dkas.si\/wp-content\/uploads\/2025\/10\/DKAS-nagrada_Maja-Simoneti-150x150.jpg 150w, https:\/\/dkas.si\/wp-content\/uploads\/2025\/10\/DKAS-nagrada_Maja-Simoneti-300x300.jpg 300w, https:\/\/dkas.si\/wp-content\/uploads\/2025\/10\/DKAS-nagrada_Maja-Simoneti.jpg 392w\" sizes=\"auto, (max-width: 150px) 100vw, 150px\" \/><\/a>\n\t\t\t<\/div><\/figure>\n\t\t<\/div>\n\n<h4>Priznanje za pomemben krajinskoarhitekturni dose\u017eek<\/h4>\n<p>Priznanja za pomembne dose\u017eke se v DKAS podeljujejo od leta 2022 dalje, in sicer za dela, ki pomenijo vrhunske dose\u017eke na podro\u010dju krajinskoarhitekturne stroke, znanosti ali oblikovanja prostora.<\/p>\n<p><strong><span style=\"color: #99cc00;\">2022 <\/span><\/strong><a href=\"https:\/\/dkas.si\/nagrade\/nagrade-in-priznanja\/priznanje-za-pomemben-krajinskoarhitekturni-dosezek\/priznanje-za-pomemben-krajinskoarhitekturni-dosezek-2022-projekt-in-izvedba-ureditve-slovenske-ulice-trga-zmage-in-luthrovega-drevoreda-v-murski-soboti\/\">Projekt in izvedba Ureditve Slovenske ulice, Trga zmage in Luthrovega drevoreda v Murski Soboti<\/a><\/p>\n<div id='gallery-3' class='gallery galleryid-100 gallery-columns-5 gallery-size-thumbnail'><figure class='gallery-item'>\n\t\t\t<div class='gallery-icon landscape'>\n\t\t\t\t<a href='https:\/\/dkas.si\/fr\/nagrade\/nagrade-in-priznanja\/priznanje-za-pomemben-krajinskoarhitekturni-dosezek\/ekipa-ms_foto-g-jakovac\/'><img loading=\"lazy\" decoding=\"async\" width=\"150\" height=\"150\" src=\"https:\/\/dkas.si\/wp-content\/uploads\/2025\/09\/Ekipa-MS_foto-G.Jakovac-150x150.jpg\" class=\"attachment-thumbnail size-thumbnail\" alt=\"\" srcset=\"https:\/\/dkas.si\/wp-content\/uploads\/2025\/09\/Ekipa-MS_foto-G.Jakovac-150x150.jpg 150w, https:\/\/dkas.si\/wp-content\/uploads\/2025\/09\/Ekipa-MS_foto-G.Jakovac.jpg 264w\" sizes=\"auto, (max-width: 150px) 100vw, 150px\" \/><\/a>\n\t\t\t<\/div><\/figure>\n\t\t<\/div>\n\n","protected":false},"excerpt":{"rendered":"<p>Nagrade DKAS Dru\u0161tvo krajinskih arhitektov Slovenije \u017eeli s podelitvijo nagrad prepoznati in promovirati izstopajo\u010de posameznike in pomembne dose\u017eke s podro\u010dja krajinske arhitekture. Nagrade in priznanja se podeljujejo v skladu s Pravilnikom o nagradah in priznanjih DKAS za dela s podro\u010dja krajinske arhitekture, prostorskega planiranja, urbanisti\u010dnega in krajinskega na\u010drtovanja, krajinskega oblikovanja, varstva in ohranjanja krajine in [&hellip;]<\/p>\n","protected":false},"author":1,"featured_media":530,"parent":61,"menu_order":2,"comment_status":"closed","ping_status":"closed","template":"","meta":{"footnotes":""},"class_list":["post-100","page","type-page","status-publish","has-post-thumbnail","hentry"],"_links":{"self":[{"href":"https:\/\/dkas.si\/fr\/wp-json\/wp\/v2\/pages\/100","targetHints":{"allow":["GET"]}}],"collection":[{"href":"https:\/\/dkas.si\/fr\/wp-json\/wp\/v2\/pages"}],"about":[{"href":"https:\/\/dkas.si\/fr\/wp-json\/wp\/v2\/types\/page"}],"author":[{"embeddable":true,"href":"https:\/\/dkas.si\/fr\/wp-json\/wp\/v2\/users\/1"}],"replies":[{"embeddable":true,"href":"https:\/\/dkas.si\/fr\/wp-json\/wp\/v2\/comments?post=100"}],"version-history":[{"count":11,"href":"https:\/\/dkas.si\/fr\/wp-json\/wp\/v2\/pages\/100\/revisions"}],"predecessor-version":[{"id":2642,"href":"https:\/\/dkas.si\/fr\/wp-json\/wp\/v2\/pages\/100\/revisions\/2642"}],"up":[{"embeddable":true,"href":"https:\/\/dkas.si\/fr\/wp-json\/wp\/v2\/pages\/61"}],"wp:featuredmedia":[{"embeddable":true,"href":"https:\/\/dkas.si\/fr\/wp-json\/wp\/v2\/media\/530"}],"wp:attachment":[{"href":"https:\/\/dkas.si\/fr\/wp-json\/wp\/v2\/media?parent=100"}],"curies":[{"name":"wp","href":"https:\/\/api.w.org\/{rel}","templated":true}]}}