{"id":1310,"date":"2025-09-24T09:14:42","date_gmt":"2025-09-24T07:14:42","guid":{"rendered":"https:\/\/newdkas.wpm.hehe.si\/?page_id=1310"},"modified":"2025-09-24T09:16:39","modified_gmt":"2025-09-24T07:16:39","slug":"slovenske-krajine","status":"publish","type":"page","link":"https:\/\/dkas.si\/fr\/projekti-in-publikacije\/publikacije\/slovenske-krajine\/","title":{"rendered":"Slovenske krajine"},"content":{"rendered":"<h2>Slovenske krajine<\/h2>\n<p><img loading=\"lazy\" decoding=\"async\" class=\"size-medium wp-image-1308\" src=\"https:\/\/dkas.si\/wp-content\/uploads\/2025\/09\/Slovenske-krajine-Ogrin-218x300.jpg\" alt=\"\" width=\"218\" height=\"300\" srcset=\"https:\/\/dkas.si\/wp-content\/uploads\/2025\/09\/Slovenske-krajine-Ogrin-218x300.jpg 218w, https:\/\/dkas.si\/wp-content\/uploads\/2025\/09\/Slovenske-krajine-Ogrin.jpg 524w\" sizes=\"auto, (max-width: 218px) 100vw, 218px\" \/><\/p>\n<p>Du\u0161an Ogrin: Slovenske krajine<\/p>\n<p>Besedilo, fotografije, oblikovanje knjige: Du\u0161an Ogrin<\/p>\n<p>Jezikovni pregled: Alenka Kobler in Nu\u0161a Mastnak<\/p>\n<p>Angle\u0161ki prevod podpisov in povzetka: Wyne Tuttle<\/p>\n<p>Nem\u0161ki prevod povzetka: Marina Einspiller<\/p>\n<p>Nem\u0161ki prevod podpisov: Peter Wicher<\/p>\n<p>Likovno &#8211; grafi\u010dni urednik: Vili Vrhovec<\/p>\n<p>Urednik: Ale\u0161 Poga\u010dnik<\/p>\n<p>Zalo\u017eila: DZS, d.d<\/p>\n<p>Za DZS, d.d. : Adi Rogelj<\/p>\n<p>Za zalo\u017eni\u0161tvo literature: Mima \u0160u\u0161tar\u0161i\u010d Hvastija<\/p>\n<p>Glavni urednik: Andrej Gogala<\/p>\n<p>Ljubljana 1997<\/p>\n<p>Separacije in tisk: Gorenjski tisk, Kranj<\/p>\n<p>&nbsp;<\/p>\n","protected":false},"excerpt":{"rendered":"<p>Slovenske krajine Du\u0161an Ogrin: Slovenske krajine Besedilo, fotografije, oblikovanje knjige: Du\u0161an Ogrin Jezikovni pregled: Alenka Kobler in Nu\u0161a Mastnak Angle\u0161ki prevod podpisov in povzetka: Wyne Tuttle Nem\u0161ki prevod povzetka: Marina Einspiller Nem\u0161ki prevod podpisov: Peter Wicher Likovno &#8211; grafi\u010dni urednik: Vili Vrhovec Urednik: Ale\u0161 Poga\u010dnik Zalo\u017eila: DZS, d.d Za DZS, d.d. : Adi Rogelj Za [&hellip;]<\/p>\n","protected":false},"author":2,"featured_media":501,"parent":89,"menu_order":0,"comment_status":"closed","ping_status":"closed","template":"","meta":{"footnotes":""},"class_list":["post-1310","page","type-page","status-publish","has-post-thumbnail","hentry"],"_links":{"self":[{"href":"https:\/\/dkas.si\/fr\/wp-json\/wp\/v2\/pages\/1310","targetHints":{"allow":["GET"]}}],"collection":[{"href":"https:\/\/dkas.si\/fr\/wp-json\/wp\/v2\/pages"}],"about":[{"href":"https:\/\/dkas.si\/fr\/wp-json\/wp\/v2\/types\/page"}],"author":[{"embeddable":true,"href":"https:\/\/dkas.si\/fr\/wp-json\/wp\/v2\/users\/2"}],"replies":[{"embeddable":true,"href":"https:\/\/dkas.si\/fr\/wp-json\/wp\/v2\/comments?post=1310"}],"version-history":[{"count":2,"href":"https:\/\/dkas.si\/fr\/wp-json\/wp\/v2\/pages\/1310\/revisions"}],"predecessor-version":[{"id":1312,"href":"https:\/\/dkas.si\/fr\/wp-json\/wp\/v2\/pages\/1310\/revisions\/1312"}],"up":[{"embeddable":true,"href":"https:\/\/dkas.si\/fr\/wp-json\/wp\/v2\/pages\/89"}],"wp:featuredmedia":[{"embeddable":true,"href":"https:\/\/dkas.si\/fr\/wp-json\/wp\/v2\/media\/501"}],"wp:attachment":[{"href":"https:\/\/dkas.si\/fr\/wp-json\/wp\/v2\/media?parent=1310"}],"curies":[{"name":"wp","href":"https:\/\/api.w.org\/{rel}","templated":true}]}}