{"id":1332,"date":"2025-09-24T09:46:56","date_gmt":"2025-09-24T07:46:56","guid":{"rendered":"https:\/\/newdkas.wpm.hehe.si\/?page_id=1332"},"modified":"2025-09-24T09:46:56","modified_gmt":"2025-09-24T07:46:56","slug":"pot-najvecja-nacrtovana-javna-zelena-povrsina-v-ljubljani","status":"publish","type":"page","link":"https:\/\/dkas.si\/fr\/projekti-in-publikacije\/publikacije\/pot-najvecja-nacrtovana-javna-zelena-povrsina-v-ljubljani\/","title":{"rendered":"POT, najve\u010dja na\u010drtovana javna zelena povr\u0161ina v Ljubljani"},"content":{"rendered":"<p>POT, najve\u010dja na\u010drtovana javna zelena povr\u0161ina v Ljubljani<\/p>\n<p><img loading=\"lazy\" decoding=\"async\" class=\"size-medium wp-image-1330\" src=\"https:\/\/dkas.si\/wp-content\/uploads\/2025\/09\/pot-214x300.jpg\" alt=\"\" width=\"214\" height=\"300\" srcset=\"https:\/\/dkas.si\/wp-content\/uploads\/2025\/09\/pot-214x300.jpg 214w, https:\/\/dkas.si\/wp-content\/uploads\/2025\/09\/pot.jpg 342w\" sizes=\"auto, (max-width: 214px) 100vw, 214px\" \/><\/p>\n<p>Raziskava na\u010drtovalske ideje z izhodi\u0161\u010di za prostorsko in programsko nadgradnjo<br \/>\nLjubljana<\/p>\n<p>Avtorji raziskave:<br \/>\nKranjc Ur\u0161ka<br \/>\nSimoneti Maja<br \/>\nLuka Vidic<\/p>\n<p>Sodelavki:<br \/>\nElvira Juji\u010d<\/p>\n<p>Zasnova razstave:<br \/>\nUr\u0161ka Kranjc<br \/>\nMa\u0161a \u0160orn<br \/>\nLuka Vidic<\/p>\n<p>Fotografije:<br \/>\nLuka Vidic<\/p>\n<p>Konzultanti:<br \/>\nTonka Grgi\u010d<br \/>\nProf.Janez Ko\u017eelj<br \/>\nNu\u0161a Ker\u0161evan<br \/>\nDr.Milan Naprudnik<br \/>\nDarja Pergovnik Coti\u010d<\/p>\n<p>Naro\u010dnik: Mestna ob\u010dina Ljubljana, Mestna uprava, Oddelek za kulturo in raziskovalno dejavnost<\/p>\n<p>Leto projekta: 2006<\/p>\n<p>Besedilo, risbe in fotografije predstavljajo ugotovitve iz raziskave o POTi. Zna\u010dilnosti in razvoj te na\u010drtovalske poteze ter njenega odnosa do drugih mestnih povr\u0161in so prou\u010dene v naravi, skozi vire, ki pri\u010dajo o nastanku in izbrano literaturo. S pomo\u010djo intervjujev so dolo\u010deni problemi stanja in urejanja. Posebej je izpostavljeno pomanjkanje podatkov o uporabi ter povezanih potrebah in navadah me\u0161\u010danov. Analiti\u010dne ugotovitve so primerjane z zna\u010dilnostmi urejanja drugih mestnih zelenih povr\u0161in in s podatki iz izbranih virov. Raziskava je potrdila tezo o pomenu dolgoro\u010dnega prostorskega na\u010drtovanja mestnih zelenih povr\u0161in in o razvojnih mo\u017enostih velikopoteznih, ve\u010dpomenskih mestnih ureditev ter poudarila vlogo strokovnega vzdr\u017eevanja in urejanja za trajno uporabnost. Ugotovitve so potrdile pomen in vlogo POTi v Zelenem sistemu Ljubljane in odkrile nekatere na\u010drtovalske mo\u017enosti za njeno kakovostno fizi\u010dno in vsebinsko nadgradnjo. Naloga je opremljena s \u0161tevilnimi referen\u010dnimi viri in izborom virov s povzetki. Kakovost je nalogi priznana s strokovno recenzijo, ki delu priznava tudi \u0161ir\u0161o uporabno vrednost. Objava poro\u010dila v obliki publikacije je skladna z namero po promociji te ureditve, ki se bo nadaljevala tudi z razstavo, zasnovano v okviru naloge.<\/p>\n<p>&nbsp;<\/p>\n<p>&nbsp;<\/p>\n<div id='gallery-1' class='gallery galleryid-1332 gallery-columns-3 gallery-size-thumbnail'><figure class='gallery-item'>\n\t\t\t<div class='gallery-icon landscape'>\n\t\t\t\t<a href='https:\/\/dkas.si\/fr\/projekti-in-publikacije\/publikacije\/pot-najvecja-nacrtovana-javna-zelena-povrsina-v-ljubljani\/1pot_5_l\/'><img loading=\"lazy\" decoding=\"async\" width=\"150\" height=\"150\" src=\"https:\/\/dkas.si\/wp-content\/uploads\/2025\/09\/1pot_5_L-150x150.jpg\" class=\"attachment-thumbnail size-thumbnail\" alt=\"\" \/><\/a>\n\t\t\t<\/div><\/figure><figure class='gallery-item'>\n\t\t\t<div class='gallery-icon landscape'>\n\t\t\t\t<a href='https:\/\/dkas.si\/fr\/projekti-in-publikacije\/publikacije\/pot-najvecja-nacrtovana-javna-zelena-povrsina-v-ljubljani\/1pot_3_l\/'><img loading=\"lazy\" decoding=\"async\" width=\"150\" height=\"150\" src=\"https:\/\/dkas.si\/wp-content\/uploads\/2025\/09\/1pot_3_L-150x150.jpg\" class=\"attachment-thumbnail size-thumbnail\" alt=\"\" \/><\/a>\n\t\t\t<\/div><\/figure><figure class='gallery-item'>\n\t\t\t<div class='gallery-icon landscape'>\n\t\t\t\t<a href='https:\/\/dkas.si\/fr\/projekti-in-publikacije\/publikacije\/pot-najvecja-nacrtovana-javna-zelena-povrsina-v-ljubljani\/1pot_2_l\/'><img loading=\"lazy\" decoding=\"async\" width=\"150\" height=\"150\" src=\"https:\/\/dkas.si\/wp-content\/uploads\/2025\/09\/1pot_2_L-150x150.jpg\" class=\"attachment-thumbnail size-thumbnail\" alt=\"\" \/><\/a>\n\t\t\t<\/div><\/figure><figure class='gallery-item'>\n\t\t\t<div class='gallery-icon landscape'>\n\t\t\t\t<a href='https:\/\/dkas.si\/fr\/projekti-in-publikacije\/publikacije\/pot-najvecja-nacrtovana-javna-zelena-povrsina-v-ljubljani\/1pot_1_l\/'><img loading=\"lazy\" decoding=\"async\" width=\"150\" height=\"150\" src=\"https:\/\/dkas.si\/wp-content\/uploads\/2025\/09\/1pot_1_L-150x150.jpg\" class=\"attachment-thumbnail size-thumbnail\" alt=\"\" \/><\/a>\n\t\t\t<\/div><\/figure>\n\t\t<\/div>\n\n","protected":false},"excerpt":{"rendered":"<p>POT, najve\u010dja na\u010drtovana javna zelena povr\u0161ina v Ljubljani Raziskava na\u010drtovalske ideje z izhodi\u0161\u010di za prostorsko in programsko nadgradnjo Ljubljana Avtorji raziskave: Kranjc Ur\u0161ka Simoneti Maja Luka Vidic Sodelavki: Elvira Juji\u010d Zasnova razstave: Ur\u0161ka Kranjc Ma\u0161a \u0160orn Luka Vidic Fotografije: Luka Vidic Konzultanti: Tonka Grgi\u010d Prof.Janez Ko\u017eelj Nu\u0161a Ker\u0161evan Dr.Milan Naprudnik Darja Pergovnik Coti\u010d Naro\u010dnik: Mestna [&hellip;]<\/p>\n","protected":false},"author":2,"featured_media":501,"parent":89,"menu_order":0,"comment_status":"closed","ping_status":"closed","template":"","meta":{"footnotes":""},"class_list":["post-1332","page","type-page","status-publish","has-post-thumbnail","hentry"],"_links":{"self":[{"href":"https:\/\/dkas.si\/fr\/wp-json\/wp\/v2\/pages\/1332","targetHints":{"allow":["GET"]}}],"collection":[{"href":"https:\/\/dkas.si\/fr\/wp-json\/wp\/v2\/pages"}],"about":[{"href":"https:\/\/dkas.si\/fr\/wp-json\/wp\/v2\/types\/page"}],"author":[{"embeddable":true,"href":"https:\/\/dkas.si\/fr\/wp-json\/wp\/v2\/users\/2"}],"replies":[{"embeddable":true,"href":"https:\/\/dkas.si\/fr\/wp-json\/wp\/v2\/comments?post=1332"}],"version-history":[{"count":1,"href":"https:\/\/dkas.si\/fr\/wp-json\/wp\/v2\/pages\/1332\/revisions"}],"predecessor-version":[{"id":1337,"href":"https:\/\/dkas.si\/fr\/wp-json\/wp\/v2\/pages\/1332\/revisions\/1337"}],"up":[{"embeddable":true,"href":"https:\/\/dkas.si\/fr\/wp-json\/wp\/v2\/pages\/89"}],"wp:featuredmedia":[{"embeddable":true,"href":"https:\/\/dkas.si\/fr\/wp-json\/wp\/v2\/media\/501"}],"wp:attachment":[{"href":"https:\/\/dkas.si\/fr\/wp-json\/wp\/v2\/media?parent=1332"}],"curies":[{"name":"wp","href":"https:\/\/api.w.org\/{rel}","templated":true}]}}