{"id":1404,"date":"2025-09-24T10:50:08","date_gmt":"2025-09-24T08:50:08","guid":{"rendered":"https:\/\/newdkas.wpm.hehe.si\/?page_id=1404"},"modified":"2025-09-24T10:50:08","modified_gmt":"2025-09-24T08:50:08","slug":"stanovanjske-krajine-2","status":"publish","type":"page","link":"https:\/\/dkas.si\/fr\/projekti-in-publikacije\/publikacije\/stanovanjske-krajine-2\/","title":{"rendered":"Stanovanjske krajine"},"content":{"rendered":"<h2>Stanovanjske krajine<\/h2>\n<p><img loading=\"lazy\" decoding=\"async\" class=\"size-medium wp-image-1402\" src=\"https:\/\/dkas.si\/wp-content\/uploads\/2025\/09\/Stanovanjske-krajine-212x300.jpg\" alt=\"\" width=\"212\" height=\"300\" srcset=\"https:\/\/dkas.si\/wp-content\/uploads\/2025\/09\/Stanovanjske-krajine-212x300.jpg 212w, https:\/\/dkas.si\/wp-content\/uploads\/2025\/09\/Stanovanjske-krajine.jpg 480w\" sizes=\"auto, (max-width: 212px) 100vw, 212px\" \/><\/p>\n<p class=\"title\">Stanovanjske krajine<\/p>\n<p>Publikacija:<br \/>\nZbornik v nakladi 500 izvodov<br \/>\nCIP &#8211; Katalo\u017eni zapis o publikaciji<br \/>\nNarodna in univerzitetna knji\u017enica, Ljubljana<br \/>\n712(082)<\/p>\n<p>ime projekta:<br \/>\nStanovanjske krajine: trendi, perspektive<br \/>\n\u00bbZbornik predavanj in prispevkov\u00ab<\/p>\n<p>lokacija: Ljubljana<\/p>\n<p>podjetje \/ avtorji, sodelavci, konzultanti:<br \/>\nBiotehni\u0161ka fakulteta, Oddelek za krajinsko arhitekturo<br \/>\nTrajekt, Zavod za prostorsko kulturo, Ljubljana<\/p>\n<p>Urednika:<br \/>\nDavorin Gazvoda<br \/>\nMaja Simoneti<\/p>\n<p>Oblikovanje, grafi\u010dna podoba in prelom<br \/>\nSergej Hiti, abs.kraj.arh.<\/p>\n<p>Predgovor:<br \/>\nMag. Maja Simoneti, Trajekt, Zavod za prostorsko kulturo \/ LUZ, d.d.<br \/>\nIzr.Prof. dr. Davorin Gazvoda, Biotehni\u0161ka fakulteta, Oddelek za krajinsko arhitekturo<br \/>\nProf. Janez Ko\u017eelj, Fakulteta za arhitekturo<\/p>\n<p>Sofinancer: Stanovanjski sklad Republike Slovenije<\/p>\n<p>leto projekta: 2006<\/p>\n<p>obrazlo\u017eitev:<br \/>\nZbornik je rezultat strokovne konference o odprtem prostoru ob stanovanjski gradnji. Poleg vsebinsko kompleksnega uvodnika in dodatka, prina\u0161a \u0161tirinajst tematskih prispevkov, katerih avtorji so arhitekti, urbanisti, krajinski arhitekti, sociologi in gradbeni in\u017eenirji. Uvodnik problematizira dejstvo, da v Sloveniji na\u010drtujemo izjemno \u0161tevilo novih stanovanj in se pri tem ne ukvarjamo dovolj s prostorskimi razse\u017enostih zidave. Novogradnje so zato manj premi\u0161ljeno vklju\u010dene v prostor in nove stanovanjske krajine so zelo razli\u010dne kakovosti. Objavljene razprave opozarjajo na to, da so urbanisti\u010dna izhodi\u0161\u010da odrinjena iz razprav o novogradnji zaradi pretirane pozornosti odgovornih, kupcev in investitorjev do \u0161tevila novih stanovanj ter opozarjajo na dolgoro\u010dne posledice takega razvoja. Posebna vrednost publikacije je, da skozi interdisciplinarni strokovni diskurz povzema v prerezu \u010dasa zaznan pogled na problematiko nove stanovanjske gradnje, jo povezuje z vplivi na stanovanjsko prenovo in kakovost bivalnega okolja.<\/p>\n<p>&nbsp;<\/p>\n","protected":false},"excerpt":{"rendered":"<p>Stanovanjske krajine Stanovanjske krajine Publikacija: Zbornik v nakladi 500 izvodov CIP &#8211; Katalo\u017eni zapis o publikaciji Narodna in univerzitetna knji\u017enica, Ljubljana 712(082) ime projekta: Stanovanjske krajine: trendi, perspektive \u00bbZbornik predavanj in prispevkov\u00ab lokacija: Ljubljana podjetje \/ avtorji, sodelavci, konzultanti: Biotehni\u0161ka fakulteta, Oddelek za krajinsko arhitekturo Trajekt, Zavod za prostorsko kulturo, Ljubljana Urednika: Davorin Gazvoda Maja [&hellip;]<\/p>\n","protected":false},"author":2,"featured_media":501,"parent":89,"menu_order":0,"comment_status":"closed","ping_status":"closed","template":"","meta":{"footnotes":""},"class_list":["post-1404","page","type-page","status-publish","has-post-thumbnail","hentry"],"_links":{"self":[{"href":"https:\/\/dkas.si\/fr\/wp-json\/wp\/v2\/pages\/1404","targetHints":{"allow":["GET"]}}],"collection":[{"href":"https:\/\/dkas.si\/fr\/wp-json\/wp\/v2\/pages"}],"about":[{"href":"https:\/\/dkas.si\/fr\/wp-json\/wp\/v2\/types\/page"}],"author":[{"embeddable":true,"href":"https:\/\/dkas.si\/fr\/wp-json\/wp\/v2\/users\/2"}],"replies":[{"embeddable":true,"href":"https:\/\/dkas.si\/fr\/wp-json\/wp\/v2\/comments?post=1404"}],"version-history":[{"count":1,"href":"https:\/\/dkas.si\/fr\/wp-json\/wp\/v2\/pages\/1404\/revisions"}],"predecessor-version":[{"id":1405,"href":"https:\/\/dkas.si\/fr\/wp-json\/wp\/v2\/pages\/1404\/revisions\/1405"}],"up":[{"embeddable":true,"href":"https:\/\/dkas.si\/fr\/wp-json\/wp\/v2\/pages\/89"}],"wp:featuredmedia":[{"embeddable":true,"href":"https:\/\/dkas.si\/fr\/wp-json\/wp\/v2\/media\/501"}],"wp:attachment":[{"href":"https:\/\/dkas.si\/fr\/wp-json\/wp\/v2\/media?parent=1404"}],"curies":[{"name":"wp","href":"https:\/\/api.w.org\/{rel}","templated":true}]}}