{"id":1411,"date":"2025-09-24T10:58:40","date_gmt":"2025-09-24T08:58:40","guid":{"rendered":"https:\/\/newdkas.wpm.hehe.si\/?page_id=1411"},"modified":"2025-09-24T10:58:40","modified_gmt":"2025-09-24T08:58:40","slug":"zelenje-v-nasem-okolju","status":"publish","type":"page","link":"https:\/\/dkas.si\/fr\/projekti-in-publikacije\/publikacije\/zelenje-v-nasem-okolju\/","title":{"rendered":"Zelenje v na\u0161em okolju"},"content":{"rendered":"<h2>Zelenje v na\u0161em okolju<\/h2>\n<p><img loading=\"lazy\" decoding=\"async\" class=\"size-medium wp-image-1409\" src=\"https:\/\/dkas.si\/wp-content\/uploads\/2025\/09\/Zelenje-v-nasem-okolju-Ogrin-2-205x300.jpg\" alt=\"\" width=\"205\" height=\"300\" srcset=\"https:\/\/dkas.si\/wp-content\/uploads\/2025\/09\/Zelenje-v-nasem-okolju-Ogrin-2-205x300.jpg 205w, https:\/\/dkas.si\/wp-content\/uploads\/2025\/09\/Zelenje-v-nasem-okolju-Ogrin-2.jpg 346w\" sizes=\"auto, (max-width: 205px) 100vw, 205px\" \/><\/p>\n<p>Du\u0161an Ogrin: Zelenje v na\u0161em okolju<\/p>\n<p>1964<br \/>\nRedna knjiga Pre\u0161ernove dru\u017ebe za leto 1965<\/p>\n<p>Izdal Glavni odbor Pre\u0161ernove dru\u017ebe v Ljubljani<br \/>\nNatisnila in vezala \u010cZP \u00bbLjudska pravica\u00ab v Ljubljani<\/p>\n","protected":false},"excerpt":{"rendered":"<p>Zelenje v na\u0161em okolju Du\u0161an Ogrin: Zelenje v na\u0161em okolju 1964 Redna knjiga Pre\u0161ernove dru\u017ebe za leto 1965 Izdal Glavni odbor Pre\u0161ernove dru\u017ebe v Ljubljani Natisnila in vezala \u010cZP \u00bbLjudska pravica\u00ab v Ljubljani<\/p>\n","protected":false},"author":2,"featured_media":501,"parent":89,"menu_order":0,"comment_status":"closed","ping_status":"closed","template":"","meta":{"footnotes":""},"class_list":["post-1411","page","type-page","status-publish","has-post-thumbnail","hentry"],"_links":{"self":[{"href":"https:\/\/dkas.si\/fr\/wp-json\/wp\/v2\/pages\/1411","targetHints":{"allow":["GET"]}}],"collection":[{"href":"https:\/\/dkas.si\/fr\/wp-json\/wp\/v2\/pages"}],"about":[{"href":"https:\/\/dkas.si\/fr\/wp-json\/wp\/v2\/types\/page"}],"author":[{"embeddable":true,"href":"https:\/\/dkas.si\/fr\/wp-json\/wp\/v2\/users\/2"}],"replies":[{"embeddable":true,"href":"https:\/\/dkas.si\/fr\/wp-json\/wp\/v2\/comments?post=1411"}],"version-history":[{"count":1,"href":"https:\/\/dkas.si\/fr\/wp-json\/wp\/v2\/pages\/1411\/revisions"}],"predecessor-version":[{"id":1412,"href":"https:\/\/dkas.si\/fr\/wp-json\/wp\/v2\/pages\/1411\/revisions\/1412"}],"up":[{"embeddable":true,"href":"https:\/\/dkas.si\/fr\/wp-json\/wp\/v2\/pages\/89"}],"wp:featuredmedia":[{"embeddable":true,"href":"https:\/\/dkas.si\/fr\/wp-json\/wp\/v2\/media\/501"}],"wp:attachment":[{"href":"https:\/\/dkas.si\/fr\/wp-json\/wp\/v2\/media?parent=1411"}],"curies":[{"name":"wp","href":"https:\/\/api.w.org\/{rel}","templated":true}]}}