{"id":1749,"date":"2025-10-01T09:33:18","date_gmt":"2025-10-01T07:33:18","guid":{"rendered":"https:\/\/newdkas.wpm.hehe.si\/?page_id=1749"},"modified":"2025-10-01T14:03:21","modified_gmt":"2025-10-01T12:03:21","slug":"podezelska-krajina-kot-razvojni-potencial","status":"publish","type":"page","link":"https:\/\/dkas.si\/fr\/aktivnosti\/posveti-in-konference\/podezelska-krajina-kot-razvojni-potencial\/","title":{"rendered":"Pode\u017eelska krajina kot razvojni potencial"},"content":{"rendered":"<h2>Pode\u017eelska krajina kot razvojni potencial<\/h2>\n<p>V \u010detrtek, 18. aprila 2013, je v Muzeju za arhitekturo in oblikovanje v Ljubljani potekal\u00a0<strong>posvet PODE\u017dELSKA KRAJINA KOT RAZVOJNI POTENCIAL<\/strong>, s katerim je Dru\u0161tvo krajinskih arhitektov Slovenije odprlo interdisciplinarno razpravo o stanju in razvoju slovenske krajine. Dobrih 150 udele\u017eencev posveta je uvodoma nagovoril tudi minister za kmetijstvo in okolje mag. Dejan \u017didan.<\/p>\n<p>Problematiko pode\u017eelja, ki izgublja svojo prepoznavno podobo in premalo izkori\u0161\u010da svoje potenciale, so osvetlili uveljavljeni strokovnjaki s podro\u010dja kmetijstva, geodezije, sociologije, umetnostne zgodovine, energetike, turizma ter krajinske arhitekture, arhitekture in prostorskega na\u010drtovanja , ki so tudi nakazali mo\u017ene poti k razre\u0161evanju nastalih razmer, pri \u010demer so se jim pridru\u017eili udele\u017eenci posveta.<\/p>\n<p>V plenarnem delu posveta so bili oblikovani naslednji zaklju\u010dki, s katerimi \u017eelimo \u0161ir\u0161o javnost in pristojne opozoriti na problematiko urejanja sodobnega pode\u017eelja in spreminjanja krajin zaradi nejasne vizije urejanja prostora in neustreznih posegov v prostor.<\/p>\n<p><strong>Zaklju\u010dki posveta:<\/strong><\/p>\n<ul>\n<li>Sodobno pode\u017eelje je tako kot urbano okolje izrazito ve\u010dplastno, v njem se sre\u010dujejo raznoliki interesi, od primarnega &#8211; za pridelavo hrane &#8211; pa do ohranjanja narave, razvoja turizma, upravljanja z vodami, ume\u0161\u010danja infrastrukturnih objektov v prostor in ne nazadnje do skrbi za podobo dr\u017eave.\u00a0<strong>V zadnjih dveh desetletjih se je podoba pode\u017eelske krajine spreminjala hitro, nepremi\u0161ljeno in temeljito ter v ve\u010d ozirih tudi problemati\u010dno.\u00a0<\/strong>Predvsem jo je zaznamovalo vse preve\u010d razpr\u0161ene pozidave, neustreznih tipologij gradnje in slabo usklajenih posegov v prostor. Obseg in zna\u010daj teh sprememb sta \u017ee tako prevelika, da je treba ukrepati.<\/li>\n<li>Pode\u017eelje je v zadnjih dveh desetletjih za\u010delo\u00a0<strong>izgubljati zna\u010dilno prepoznavnost<\/strong>, kar pomembno prispeva k zni\u017eevanju njegovega razvojnega potenciala za lokalno in \u0161ir\u0161o dru\u017ebeno skupnost. Razvojne koristi so omejene, tiste, ki izvirajo iz prepoznavnosti (turizem, identiteta) pa ogro\u017eene. Tak\u0161no stanje je posledica\u00a0<strong>slabe prostorske politike in nesposobnosti za upravljanje krajine kot vredne kompleksne dru\u017ebene\/prostorske kategorije<\/strong>.<\/li>\n<li>Pode\u017eelje je treba razvijati tako, da <strong>ohranja svoj potencial za primarno rabo, to je pridelavo hrane, pridobivanje energije, ohranjanje kakovostnih vodnih virov in narave, s tem pa bo lahko ohranilo in razvilo tudi prepoznavno podobo in izkoristilo svoje razvojne potenciale<\/strong>. Vse nove programe je treba zato pravo\u010dasno vsestransko strokovno in okoljsko preverjati.<\/li>\n<li><strong>Skladen razvoj pode\u017eelja<\/strong>\u00a0je mogo\u010de zagotavljati le na osnovi\u00a0<strong>jasne vizije in integralne strategije razvoja<\/strong>. Oboje je treba oblikovati z vklju\u010devanjem vseh dele\u017enikov in vpeti v druge dr\u017eavne in lokalne politike, plane in programe. Za njihovo uresni\u010devanje je treba sistemsko zagotoviti u\u010dinkovite mehanizme izvajanja ter ob tem okrepiti vlogo prostorskega na\u010drtovanja ter finan\u010dnih instrumentov po na\u010delu \u00ab\u00a0onesna\u017eevalec pla\u010da\u00a0\u00bb.<\/li>\n<li>Izbolj\u0161ati je treba <strong>poznavanje stanja, procesov in kakovosti naravnih in ustvarjenih virov pode\u017eelja<\/strong>\u00a0ter hkrati spodbujati\u00a0<strong>inovacije rab, ki ohranjajo potenciale pode\u017eelja<\/strong>.<\/li>\n<li>Pode\u017eelje je treba v razvojnih politikah opredeliti kot\u00a0<strong>nacionalno pomemben razvojni vir in pomembno prvino nacionalne identitete<\/strong> ter zagotoviti ustrezne ukrepe za njeno bolj\u0161e vodeno in nadzorovano upravljanje. Izvajanje razvojnih politik je potrebno spremljati in stalno prilagajati glede na doseganje zastavljenih ciljev.<\/li>\n<\/ul>\n<p>Zaklju\u010dke smo posredovali odgovornim za nadaljnji prostorski razvoj dr\u017eave in medijem, saj menimo, da gre za tematiko, ki zanima \u0161ir\u0161o javnost.<\/p>\n<p><strong>Sporo\u010dilo za medije je dostopno na <a href=\"https:\/\/dkas.si\/wp-content\/uploads\/2025\/10\/Posvet_PKRP_sporocilo_za_medije.pdf\">tej povezavi.<\/a><\/strong><\/p>\n<p><strong>Uvodne strani zbornika so dostopne na <a href=\"https:\/\/dkas.si\/wp-content\/uploads\/2025\/10\/ZBORNIK_Podezelska-krajina-kot-rp-uvodne_strani.pdf\">tej povezavi: Pode\u017eelska krajina kot razvojni potencial &#8211; uvodne_strani.<\/a><\/strong><\/p>\n<p><strong>Prispevki s posveta so zbrani v zborniku, ki ga po ceni 15 \u20ac lahko naro\u010dite na <a href=\"mailto:info@dkas.si\">info@dkas.si<\/a><\/strong><\/p>\n<div id='gallery-1' class='gallery galleryid-1749 gallery-columns-3 gallery-size-thumbnail'><figure class='gallery-item'>\n\t\t\t<div class='gallery-icon landscape'>\n\t\t\t\t<a href='https:\/\/dkas.si\/fr\/aktivnosti\/posveti-in-konference\/podezelska-krajina-kot-razvojni-potencial\/1l\/'><img loading=\"lazy\" decoding=\"async\" width=\"150\" height=\"150\" src=\"https:\/\/dkas.si\/wp-content\/uploads\/2025\/10\/1l-150x150.jpg\" class=\"attachment-thumbnail size-thumbnail\" alt=\"\" \/><\/a>\n\t\t\t<\/div><\/figure><figure class='gallery-item'>\n\t\t\t<div class='gallery-icon landscape'>\n\t\t\t\t<a href='https:\/\/dkas.si\/fr\/aktivnosti\/posveti-in-konference\/podezelska-krajina-kot-razvojni-potencial\/1mka6l\/'><img loading=\"lazy\" decoding=\"async\" width=\"150\" height=\"150\" src=\"https:\/\/dkas.si\/wp-content\/uploads\/2025\/10\/1mka6L-150x150.jpg\" class=\"attachment-thumbnail size-thumbnail\" alt=\"\" \/><\/a>\n\t\t\t<\/div><\/figure><figure class='gallery-item'>\n\t\t\t<div class='gallery-icon landscape'>\n\t\t\t\t<a href='https:\/\/dkas.si\/fr\/aktivnosti\/posveti-in-konference\/podezelska-krajina-kot-razvojni-potencial\/2l\/'><img loading=\"lazy\" decoding=\"async\" width=\"150\" height=\"150\" src=\"https:\/\/dkas.si\/wp-content\/uploads\/2025\/10\/2l-150x150.jpg\" class=\"attachment-thumbnail size-thumbnail\" alt=\"\" \/><\/a>\n\t\t\t<\/div><\/figure><figure class='gallery-item'>\n\t\t\t<div class='gallery-icon landscape'>\n\t\t\t\t<a href='https:\/\/dkas.si\/fr\/aktivnosti\/posveti-in-konference\/podezelska-krajina-kot-razvojni-potencial\/3l\/'><img loading=\"lazy\" decoding=\"async\" width=\"150\" height=\"150\" src=\"https:\/\/dkas.si\/wp-content\/uploads\/2025\/10\/3l-150x150.jpg\" class=\"attachment-thumbnail size-thumbnail\" alt=\"\" \/><\/a>\n\t\t\t<\/div><\/figure><figure class='gallery-item'>\n\t\t\t<div class='gallery-icon landscape'>\n\t\t\t\t<a href='https:\/\/dkas.si\/fr\/aktivnosti\/posveti-in-konference\/podezelska-krajina-kot-razvojni-potencial\/4l\/'><img loading=\"lazy\" decoding=\"async\" width=\"150\" height=\"150\" src=\"https:\/\/dkas.si\/wp-content\/uploads\/2025\/10\/4l-150x150.jpg\" class=\"attachment-thumbnail size-thumbnail\" alt=\"\" \/><\/a>\n\t\t\t<\/div><\/figure><figure class='gallery-item'>\n\t\t\t<div class='gallery-icon landscape'>\n\t\t\t\t<a href='https:\/\/dkas.si\/fr\/aktivnosti\/posveti-in-konference\/podezelska-krajina-kot-razvojni-potencial\/5l\/'><img loading=\"lazy\" decoding=\"async\" width=\"150\" height=\"150\" src=\"https:\/\/dkas.si\/wp-content\/uploads\/2025\/10\/5l-150x150.jpg\" class=\"attachment-thumbnail size-thumbnail\" alt=\"\" \/><\/a>\n\t\t\t<\/div><\/figure><figure class='gallery-item'>\n\t\t\t<div class='gallery-icon landscape'>\n\t\t\t\t<a href='https:\/\/dkas.si\/fr\/aktivnosti\/posveti-in-konference\/podezelska-krajina-kot-razvojni-potencial\/6l\/'><img loading=\"lazy\" decoding=\"async\" width=\"150\" height=\"150\" src=\"https:\/\/dkas.si\/wp-content\/uploads\/2025\/10\/6l-150x150.jpg\" class=\"attachment-thumbnail size-thumbnail\" alt=\"\" \/><\/a>\n\t\t\t<\/div><\/figure><figure class='gallery-item'>\n\t\t\t<div class='gallery-icon landscape'>\n\t\t\t\t<a href='https:\/\/dkas.si\/fr\/aktivnosti\/posveti-in-konference\/podezelska-krajina-kot-razvojni-potencial\/7l\/'><img loading=\"lazy\" decoding=\"async\" width=\"150\" height=\"150\" src=\"https:\/\/dkas.si\/wp-content\/uploads\/2025\/10\/7l-150x150.jpg\" class=\"attachment-thumbnail size-thumbnail\" alt=\"\" \/><\/a>\n\t\t\t<\/div><\/figure><figure class='gallery-item'>\n\t\t\t<div class='gallery-icon landscape'>\n\t\t\t\t<a href='https:\/\/dkas.si\/fr\/aktivnosti\/posveti-in-konference\/podezelska-krajina-kot-razvojni-potencial\/mka5l\/'><img loading=\"lazy\" decoding=\"async\" width=\"150\" height=\"150\" src=\"https:\/\/dkas.si\/wp-content\/uploads\/2025\/10\/mka5L-150x150.jpg\" class=\"attachment-thumbnail size-thumbnail\" alt=\"\" \/><\/a>\n\t\t\t<\/div><\/figure>\n\t\t<\/div>\n\n","protected":false},"excerpt":{"rendered":"<p>Pode\u017eelska krajina kot razvojni potencial V \u010detrtek, 18. aprila 2013, je v Muzeju za arhitekturo in oblikovanje v Ljubljani potekal\u00a0posvet PODE\u017dELSKA KRAJINA KOT RAZVOJNI POTENCIAL, s katerim je Dru\u0161tvo krajinskih arhitektov Slovenije odprlo interdisciplinarno razpravo o stanju in razvoju slovenske krajine. Dobrih 150 udele\u017eencev posveta je uvodoma nagovoril tudi minister za kmetijstvo in okolje mag. [&hellip;]<\/p>\n","protected":false},"author":2,"featured_media":1752,"parent":185,"menu_order":0,"comment_status":"closed","ping_status":"closed","template":"","meta":{"footnotes":""},"class_list":["post-1749","page","type-page","status-publish","has-post-thumbnail","hentry"],"_links":{"self":[{"href":"https:\/\/dkas.si\/fr\/wp-json\/wp\/v2\/pages\/1749","targetHints":{"allow":["GET"]}}],"collection":[{"href":"https:\/\/dkas.si\/fr\/wp-json\/wp\/v2\/pages"}],"about":[{"href":"https:\/\/dkas.si\/fr\/wp-json\/wp\/v2\/types\/page"}],"author":[{"embeddable":true,"href":"https:\/\/dkas.si\/fr\/wp-json\/wp\/v2\/users\/2"}],"replies":[{"embeddable":true,"href":"https:\/\/dkas.si\/fr\/wp-json\/wp\/v2\/comments?post=1749"}],"version-history":[{"count":1,"href":"https:\/\/dkas.si\/fr\/wp-json\/wp\/v2\/pages\/1749\/revisions"}],"predecessor-version":[{"id":1762,"href":"https:\/\/dkas.si\/fr\/wp-json\/wp\/v2\/pages\/1749\/revisions\/1762"}],"up":[{"embeddable":true,"href":"https:\/\/dkas.si\/fr\/wp-json\/wp\/v2\/pages\/185"}],"wp:featuredmedia":[{"embeddable":true,"href":"https:\/\/dkas.si\/fr\/wp-json\/wp\/v2\/media\/1752"}],"wp:attachment":[{"href":"https:\/\/dkas.si\/fr\/wp-json\/wp\/v2\/media?parent=1749"}],"curies":[{"name":"wp","href":"https:\/\/api.w.org\/{rel}","templated":true}]}}