{"id":176,"date":"2024-11-12T14:39:55","date_gmt":"2024-11-12T13:39:55","guid":{"rendered":"https:\/\/newdkas.wpm.hehe.si\/?page_id=176"},"modified":"2025-11-03T17:58:33","modified_gmt":"2025-11-03T16:58:33","slug":"praktikum","status":"publish","type":"page","link":"https:\/\/dkas.si\/fr\/aktivnosti\/praktikum\/","title":{"rendered":"Praktikum"},"content":{"rendered":"<h2>Praktikum<\/h2>\n<p><strong>S ciljem izmenjave izku\u0161enj pri pripravi strokovnih gradiv in aktov Dru\u0161tvo krajinskih arhitektov Slovenije za svoje \u010dlane v sklopu aktivnosti organizira praktikume s podro\u010dja prostorskega na\u010drtovanja, krajinske arhitekture in varstva naravnih virov, narave, kulturne dedi\u0161\u010dine.<\/strong><\/p>\n<p><strong><span style=\"color: #99cc00;\">2023<\/span>\u00a0<a href=\"https:\/\/dkas.si\/aktivnosti\/praktikum\/mestna-drevesa-in-zelene-povrsine-2023\/\">Mestna drevesa in zelene povr\u0161ine &#8211; dolo\u010dila prostorskih aktov, prenos v prakso in izzivi pri projektiranju<\/a><\/strong>, Biotehni\u0161ka fakulteta, 9. 11. 2023<\/p>\n<p><strong><span style=\"color: #99cc00;\">2021<\/span>\u00a0<a href=\"https:\/\/dkas.si\/aktivnosti\/praktikum\/ove-praktikum-2021\/\">Praktikum na temo ume\u0161\u010danja infrastrukture za kori\u0161\u010denje obnovljivih virov energije v prostor<\/a><\/strong>, Biotehni\u0161ka fakulteta, 27.5.2021<\/p>\n<p><strong><span style=\"color: #99cc00;\">2019<\/span>\u00a0<a href=\"https:\/\/dkas.si\/aktivnosti\/praktikum\/praktikum-izhodisca-za-krajinsko-politiko-2019\/\">Praktikum o projektu Izhodi\u0161\u010da za Krajinsko politiko<\/a><\/strong>, Biotehni\u0161ka fakulteta, 24.1.2019<\/p>\n<p><strong><span style=\"color: #99cc00;\">2018<\/span><\/strong>\u00a0<a href=\"https:\/\/dkas.si\/aktivnosti\/praktikum\/praktikum-kz-2018\/\"><strong>Krajinska zasnova \u2013 Kdaj in kako jo pripraviti?<\/strong><\/a>, Biotehni\u0161ka fakulteta, 17.4.2018<\/p>\n","protected":false},"excerpt":{"rendered":"<p>Praktikum S ciljem izmenjave izku\u0161enj pri pripravi strokovnih gradiv in aktov Dru\u0161tvo krajinskih arhitektov Slovenije za svoje \u010dlane v sklopu aktivnosti organizira praktikume s podro\u010dja prostorskega na\u010drtovanja, krajinske arhitekture in varstva naravnih virov, narave, kulturne dedi\u0161\u010dine. 2023\u00a0Mestna drevesa in zelene povr\u0161ine &#8211; dolo\u010dila prostorskih aktov, prenos v prakso in izzivi pri projektiranju, Biotehni\u0161ka fakulteta, 9. [&hellip;]<\/p>\n","protected":false},"author":1,"featured_media":2177,"parent":173,"menu_order":1,"comment_status":"closed","ping_status":"closed","template":"","meta":{"footnotes":""},"class_list":["post-176","page","type-page","status-publish","has-post-thumbnail","hentry"],"_links":{"self":[{"href":"https:\/\/dkas.si\/fr\/wp-json\/wp\/v2\/pages\/176","targetHints":{"allow":["GET"]}}],"collection":[{"href":"https:\/\/dkas.si\/fr\/wp-json\/wp\/v2\/pages"}],"about":[{"href":"https:\/\/dkas.si\/fr\/wp-json\/wp\/v2\/types\/page"}],"author":[{"embeddable":true,"href":"https:\/\/dkas.si\/fr\/wp-json\/wp\/v2\/users\/1"}],"replies":[{"embeddable":true,"href":"https:\/\/dkas.si\/fr\/wp-json\/wp\/v2\/comments?post=176"}],"version-history":[{"count":14,"href":"https:\/\/dkas.si\/fr\/wp-json\/wp\/v2\/pages\/176\/revisions"}],"predecessor-version":[{"id":2781,"href":"https:\/\/dkas.si\/fr\/wp-json\/wp\/v2\/pages\/176\/revisions\/2781"}],"up":[{"embeddable":true,"href":"https:\/\/dkas.si\/fr\/wp-json\/wp\/v2\/pages\/173"}],"wp:featuredmedia":[{"embeddable":true,"href":"https:\/\/dkas.si\/fr\/wp-json\/wp\/v2\/media\/2177"}],"wp:attachment":[{"href":"https:\/\/dkas.si\/fr\/wp-json\/wp\/v2\/media?parent=176"}],"curies":[{"name":"wp","href":"https:\/\/api.w.org\/{rel}","templated":true}]}}