{"id":182,"date":"2024-11-12T14:40:40","date_gmt":"2024-11-12T13:40:40","guid":{"rendered":"https:\/\/newdkas.wpm.hehe.si\/?page_id=182"},"modified":"2025-10-08T21:23:57","modified_gmt":"2025-10-08T19:23:57","slug":"odzivi","status":"publish","type":"page","link":"https:\/\/dkas.si\/fr\/aktivnosti\/odzivi\/","title":{"rendered":"Odzivi"},"content":{"rendered":"<h2>Odzivi<\/h2>\n<p><strong>Krajinski arhitekti se zaznavno in ustvarjalno, kriti\u010dno in v\u010dasih tudi polemi\u010dno odzivamo na dogajanje v prostoru in na dru\u017ebene spremembe, ki se odra\u017eajo tudi v krajini. Pri tem se praviloma povezujemo s sorodnimi organizacijami in i\u0161\u010demo na\u010dine za u\u010dinkovito posredovanje v na\u010drtovalsko in bivanjsko prakso. Skladno z navedenim dru\u0161tvo dosledno zavzema aktivno dr\u017eo v procesu sprejemanja prostorske, gradbene, okoljske in druge sektorske zakonodaje, dejavno sodeluje s stanovskimi dru\u0161tvi in z Zbornico za arhitekturo in prostor Slovenije.<\/strong><\/p>\n<p><strong><span style=\"color: #99cc00;\">2023<\/span><\/strong> <a href=\"https:\/\/dkas.si\/wp-content\/uploads\/2025\/10\/odzivi-2023_poziv-za-ZAPS-projektiranje-KA.pdf\" target=\"_blank\" rel=\"noopener\">Dopis DKAS na ZAPS o razmerah na podro\u010dju krajinskoarhitekturnega projektiranja<\/a><b><\/b><\/p>\n<p><strong><span style=\"color: #99cc00;\">2022 <\/span><\/strong><a href=\"https:\/\/dkas.si\/wp-content\/uploads\/2025\/10\/odzivi-2022_Sanacija-kraske-krajine-po-pozaru.pdf\" target=\"_blank\" rel=\"noopener\">Sanacija kra\u0161ke krajine po po\u017earu, vezano na javno razpravo o Na\u010drtu sanacije po\u0161kodovanih gozdov v po\u017earu na Gori\u0161kem Krasu<\/a><\/p>\n<p><strong><span style=\"color: #99cc00;\">2022<\/span><\/strong> <a href=\"https:\/\/dkas.si\/wp-content\/uploads\/2025\/10\/odzivi-2022_ZUOVE.pdf\" target=\"_blank\" rel=\"noopener\">Odziv na osnutek Zakona o ume\u0161\u010danju naprav za proizvodnjo elektri\u010dne energije iz obnovljivih virov energije \u2013 ZUOVE<\/a> + <a href=\"https:\/\/dkas.si\/wp-content\/uploads\/2025\/10\/odzivi-2022_pripombe_ZUOVE.pdf\" target=\"_blank\" rel=\"noopener\">obrazec s pripombami<\/a><\/p>\n<p><b><strong><span style=\"color: #99cc00;\">2021<\/span> <\/strong><\/b><a href=\"https:\/\/dkas.si\/wp-content\/uploads\/2025\/10\/odzivi-2021_apel_natecaji.pdf\" target=\"_blank\" rel=\"noopener\">Apel za ohranitev obveznosti izvedbe javnih arhitekturnih nate\u010dajev<\/a><\/p>\n<p><strong><span style=\"color: #99cc00;\">2021<\/span><\/strong> Problematika novele Zakona o vodah in poziv na referendum 11. julija 2021<b><\/b><\/p>\n<p><b><strong><span style=\"color: #99cc00;\">2020 <\/span><\/strong><\/b><a href=\"https:\/\/dkas.si\/wp-content\/uploads\/2025\/10\/odzivi-2020_ZKZ.pdf\" target=\"_blank\" rel=\"noopener\">Pripombe in predlogi Dru\u0161tva krajinskih arhitektov Slovenije k Osnutku zakona o spremembah in dopolnitvah Zakona o kmetijskih zemlji\u0161\u010dih \u2013 ZKZ<\/a><b><\/b><\/p>\n<p><b><strong><span style=\"color: #99cc00;\">2020 <\/span><\/strong><\/b><a href=\"https:\/\/dkas.si\/wp-content\/uploads\/2025\/10\/odzivi-2020_dopis_ZUREP.pdf\" target=\"_blank\" rel=\"noopener\">Odziv Dru\u0161tva krajinskih arhitektov Slovenije na predlog novega Zakona o urejanju prostora &#8211; ZUreP-2<\/a> + <a href=\"https:\/\/dkas.si\/wp-content\/uploads\/2025\/10\/odzivi-2020_pripombe_ZUREP.pdf\" target=\"_blank\" rel=\"noopener\">obrazec s pripombami<\/a><b><\/b><\/p>\n<p><b><strong><span style=\"color: #99cc00;\">2020<\/span><\/strong><\/b> <a href=\"https:\/\/dkas.si\/wp-content\/uploads\/2025\/10\/odzivi-2020_dopis-pripombe-k-prostorski-zakonodaji_ZAID-ZUREP-GZ.pdf\" target=\"_blank\" rel=\"noopener\">Pripombe in predlogi k prostorski zakonodaji (ZAID, ZUreP, GZ, Pravilnik o podrobnej\u0161i vsebini dokumentacije in obrazcih, povezanih z gradnjo objektov in Uredba o razvr\u0161\u010danju objektov)<\/a><b><\/b><\/p>\n<p><b><strong><span style=\"color: #99cc00;\">2020 <\/span><\/strong><\/b><a href=\"https:\/\/dkas.si\/wp-content\/uploads\/2025\/10\/odzivi-2020_podpora_ustavni_presoji_ZIUZEOP.pdf\" target=\"_blank\" rel=\"noopener\">Podpora ustavni presoji 42. \u010dlena ZIUZEOP-A: Nesprejemljivost spreminjanja pogojev za pridobitev integralnega gradbenega dovoljenja za objekte, ki imajo ve\u010dje vplive na okolje brez strokovne in javne razprave<\/a><\/p>\n<p><b><strong><span style=\"color: #99cc00;\">2017 <\/span><\/strong><\/b><a href=\"https:\/\/dkas.si\/wp-content\/uploads\/2025\/10\/odzivi-2017_pripombe_ZVO2.pdf\" target=\"_blank\" rel=\"noopener\">Pripombe na osnutek Zakona o varstvu okolja (ZVO-2)<\/a><b><\/b><\/p>\n<p><b><strong><span style=\"color: #99cc00;\">2016 <\/span><\/strong><\/b><a href=\"https:\/\/dkas.si\/wp-content\/uploads\/2025\/10\/odzivi-2016_pripombe_OPPN_kamensnica_MS.pdf\" target=\"_blank\" rel=\"noopener\">Pripombe na OPPN za Sobo\u0161ko kamen\u0161nico ob Bakovski ulici v Murski Soboti (OPPN)<\/a><\/p>\n<p><b><strong><span style=\"color: #99cc00;\">2013 <\/span><\/strong><\/b><a href=\"https:\/\/dkas.si\/wp-content\/uploads\/2025\/10\/odzivi-2013_OdP-odziv-na-teze-za-prenovo-prostorske-in-gradbene-zakonodaje.pdf\" target=\"_blank\" rel=\"noopener\">Odziv skupine Odgovorno do prostora! na delovne teze za prenovo prostorske in gradbene zakonodaje<\/a> + <a href=\"https:\/\/dkas.si\/wp-content\/uploads\/2025\/10\/odzivi-2013_OdP-odziv-na-teze-za-prenovo-prostorske-in-gradbene-zakonodaje_priloga1.pdf\" target=\"_blank\" rel=\"noopener\">priloga 1<\/a> + <a href=\"https:\/\/dkas.si\/wp-content\/uploads\/2025\/10\/odzivi-2013_OdP-odziv-na-teze-za-prenovo-prostorske-in-gradbene-zakonodaje_priloga2.pdf\" target=\"_blank\" rel=\"noopener\">priloga 2<\/a><\/p>\n<p><b><strong><span style=\"color: #99cc00;\">2012 <\/span><\/strong><\/b><a href=\"https:\/\/dkas.si\/wp-content\/uploads\/2025\/10\/odzivi-2012_OdP-pripombe_ZGO-1E.pdf\" target=\"_blank\" rel=\"noopener\">Pripombe skupine Odgovorno do prostora! na zakon o spremembah in dopolnitvah Zakona o graditvi objektov (ZGO 1E)<\/a><\/p>\n<p><b><strong><span style=\"color: #99cc00;\">2012 <\/span><\/strong><\/b><a href=\"https:\/\/dkas.si\/wp-content\/uploads\/2025\/10\/odzivi-2012_OdP-pripombe_ZPNacrt.pdf\" target=\"_blank\" rel=\"noopener\">Pripombe skupine Odgovorno do prostora! na spremembe ZPNa\u010drt<\/a><\/p>\n<p><b><strong><span style=\"color: #99cc00;\">2012 <\/span><\/strong><\/b><a href=\"https:\/\/dkas.si\/wp-content\/uploads\/2025\/10\/odzivi-2012_OdP-stalisce_sprememba_ZKZ-C.pdf\" target=\"_blank\" rel=\"noopener\">Odziv skupine Odgovorno do prostora! na predlagane spremembe Zakona o kmetijskih zemlji\u0161\u010dih (ZKZ-C)<\/a><\/p>\n<p><b><strong><span style=\"color: #99cc00;\">2012 <\/span><\/strong><\/b><a href=\"https:\/\/dkas.si\/wp-content\/uploads\/2025\/10\/odzivi-2012_OdP-poziv_organizacijske-spremembe-podrocje-urejanja-prostora.pdf\" target=\"_blank\" rel=\"noopener\">Poziv skupine Odgovorno do prostora! Vladi RS k premisleku o organizacijskih spremembah na podro\u010dju urejanja prostora<\/a><\/p>\n<p><b><strong><span style=\"color: #99cc00;\">2010 <\/span><\/strong><\/b><a href=\"https:\/\/dkas.si\/wp-content\/uploads\/2025\/10\/odzivi-2010_mnenje-pripombe-predlogi_ZKZ-C.pdf\" target=\"_blank\" rel=\"noopener\">Mnenje s pripombami in predlogi na osnutek Zakona o spremembah in dopolnitvah Zakona o kmetijskih zemlji\u0161\u010dih (ZKZ-C)<\/a> + <a href=\"https:\/\/dkas.si\/wp-content\/uploads\/2025\/10\/odzivi-2010_pripombe-z-obrazlozitvami_ZKZ-C.pdf\" target=\"_blank\" rel=\"noopener\">pripombe z obrazlo\u017eitvami<\/a> + <a href=\"https:\/\/dkas.si\/wp-content\/uploads\/2025\/10\/odzivi-2010_prispevek-J.Marusic_ZKZ-C.pdf\" target=\"_blank\" rel=\"noopener\">prispevek prof. dr. J. Maru\u0161i\u010da<\/a><\/p>\n<p><b><strong><span style=\"color: #99cc00;\">2010 <\/span><\/strong><\/b>Odziv DKAS na aktualne dogodke v Lipici<\/p>\n<p><b><strong><span style=\"color: #99cc00;\">2009 <\/span><\/strong><\/b><a href=\"https:\/\/dkas.si\/wp-content\/uploads\/2025\/10\/odzivi-2009_mnenje-in-pripombe_ZKZ-C.pdf\" target=\"_blank\" rel=\"noopener\">Mnenje in pripombe na osnutek Zakona o spremembah in dopolnitvah Zakona o kmetijskih zemlji\u0161\u010dih (ZKZ-C)<\/a><\/p>\n<p><b><strong><span style=\"color: #99cc00;\">2008 <\/span><\/strong><\/b><a href=\"https:\/\/dkas.si\/wp-content\/uploads\/2025\/10\/odzivi-2008_poziv-Vladi-Lipica.pdf\" target=\"_blank\" rel=\"noopener\">Poziv za za\u0161\u010dito celovitosti izjemne krajine posestva Lipica<\/a><\/p>\n<p><b><strong><span style=\"color: #99cc00;\">2007 <\/span><\/strong><\/b><a href=\"https:\/\/dkas.si\/wp-content\/uploads\/2025\/10\/odzivi-2007_okvirna-stalisca-MSKA_ZAID.pdf\" target=\"_blank\" rel=\"noopener\">Okvirna stali\u0161\u010da MSKA do ZAID<\/a><\/p>\n","protected":false},"excerpt":{"rendered":"<p>Odzivi Krajinski arhitekti se zaznavno in ustvarjalno, kriti\u010dno in v\u010dasih tudi polemi\u010dno odzivamo na dogajanje v prostoru in na dru\u017ebene spremembe, ki se odra\u017eajo tudi v krajini. Pri tem se praviloma povezujemo s sorodnimi organizacijami in i\u0161\u010demo na\u010dine za u\u010dinkovito posredovanje v na\u010drtovalsko in bivanjsko prakso. Skladno z navedenim dru\u0161tvo dosledno zavzema aktivno dr\u017eo v [&hellip;]<\/p>\n","protected":false},"author":1,"featured_media":1211,"parent":173,"menu_order":4,"comment_status":"closed","ping_status":"closed","template":"","meta":{"footnotes":""},"class_list":["post-182","page","type-page","status-publish","has-post-thumbnail","hentry"],"_links":{"self":[{"href":"https:\/\/dkas.si\/fr\/wp-json\/wp\/v2\/pages\/182","targetHints":{"allow":["GET"]}}],"collection":[{"href":"https:\/\/dkas.si\/fr\/wp-json\/wp\/v2\/pages"}],"about":[{"href":"https:\/\/dkas.si\/fr\/wp-json\/wp\/v2\/types\/page"}],"author":[{"embeddable":true,"href":"https:\/\/dkas.si\/fr\/wp-json\/wp\/v2\/users\/1"}],"replies":[{"embeddable":true,"href":"https:\/\/dkas.si\/fr\/wp-json\/wp\/v2\/comments?post=182"}],"version-history":[{"count":20,"href":"https:\/\/dkas.si\/fr\/wp-json\/wp\/v2\/pages\/182\/revisions"}],"predecessor-version":[{"id":2508,"href":"https:\/\/dkas.si\/fr\/wp-json\/wp\/v2\/pages\/182\/revisions\/2508"}],"up":[{"embeddable":true,"href":"https:\/\/dkas.si\/fr\/wp-json\/wp\/v2\/pages\/173"}],"wp:featuredmedia":[{"embeddable":true,"href":"https:\/\/dkas.si\/fr\/wp-json\/wp\/v2\/media\/1211"}],"wp:attachment":[{"href":"https:\/\/dkas.si\/fr\/wp-json\/wp\/v2\/media?parent=182"}],"curies":[{"name":"wp","href":"https:\/\/api.w.org\/{rel}","templated":true}]}}