{"id":1853,"date":"2025-10-01T15:41:19","date_gmt":"2025-10-01T13:41:19","guid":{"rendered":"https:\/\/newdkas.wpm.hehe.si\/?page_id=1853"},"modified":"2025-10-01T15:42:35","modified_gmt":"2025-10-01T13:42:35","slug":"presoja-vplivov-na-okolje-kot-nacrtovalski-postopek-za-varstvo-okolja","status":"publish","type":"page","link":"https:\/\/dkas.si\/fr\/aktivnosti\/posveti-in-konference\/presoja-vplivov-na-okolje-kot-nacrtovalski-postopek-za-varstvo-okolja\/","title":{"rendered":"Presoja vplivov na okolje kot na\u010drtovalski postopek za varstvo okolja"},"content":{"rendered":"<h2>Presoja vplivov na okolje kot na\u010drtovalski postopek za varstvo okolja<\/h2>\n<p>4. letno sre\u010danje DKAS<br \/>\nLjubljana, december 1997<\/p>\n<p>&nbsp;<\/p>\n<p><a href=\"https:\/\/dkas.si\/wp-content\/uploads\/2025\/10\/PVO-zbornik_1997_prve_strani_mini.pdf\">Zbornik: Presoja vplivov na okolje kot na\u010drtovalski postopek za varstvo okolja &#8211; prve strani<\/a><\/p>\n<p>&nbsp;<\/p>\n<p><strong>Prispevki<\/strong><\/p>\n<p>Prispevki obravnavajo problematiko presoj vplivov na okolje z razli\u010dnih vidikov. V sklopu splo\u0161nej\u0161ih obravnav je presoja obdelana v lu\u010di eti\u010dnih na\u010del varstva okolja in zdr\u017enega razvoja, zakonitosti vklju\u010devanja javnosti, metodologije dela v posameznih korakih, aktualnega pravnega okvira, tujih izku\u0161enj in trendov v prihodnje. Presoja je predstavljena kot instrument varstva okolja, ki nudi vrsto mo\u017enosti za okoljsko bolj sprejemljive odlo\u010ditve. V sklopu izku\u0161enj izbranih avtorjev so izpostavljeni konkretni problemi pri izdelavi \u0161tudij vplivov na okolje in poro\u010dil o vplivih na okolje. Obravnavani so problemi opredeljevanja obsega osnovnih raziskav, zagotavljanja kakovosti izdelkov in nadzora nad njimi.<\/p>\n<p><strong>prof. dr. Janez Maru\u0161i\u010d<\/strong>: Vgrajevanje eti\u010dnih na\u010del v presoje vplivov na okolje<br \/>\n<strong>doc. dr. Drago Ko<\/strong>s: Javnost v postopkih PVO<br \/>\n<strong>mag. Jasna Koblar<\/strong>: PVO in sistem soglasij<br \/>\n<strong>Zoran Stoji\u010d<\/strong>: Sistematika vrednotenja vplivov na okolje<br \/>\n<strong>Andrej Ur\u0161i\u010d<\/strong>: Okoljski pregled in dolo\u010ditev zate\u010denega stanja okolja v okviru priprave poro\u010dila o vplivih na okolje<br \/>\n<strong>Bransko Konti\u010d<\/strong>: Analiza zdravstvenega in okoljskega tveganja v okviru poro\u010dil o vplivih na okolje<br \/>\n<strong>Rob Verheem<\/strong>: Some aspects of Dutch EIA<br \/>\n<strong>Igor Vu\u010der<\/strong>: Postopek presoje vplivov na okolje<br \/>\n<strong>mag. Barbara Likar<\/strong>: Postopek vklju\u010devanja PV0 pri izdelavi lokacijskih na\u010drtov in investicijsko tehni\u010dne dokumentacije za graditev avtocest<br \/>\n<strong>mag. Jelka Hudoklin, Ale\u0161 Mlakar<\/strong>: Pogled izdelovalcev poro\u010dil vplivov na okolje<br \/>\n<strong>Andreja Ogulin Iskra, Andreja \u0160ubic<\/strong>: Vrednotenje funkcij gozda kot osnova za presojo vplivov posegov na gozd<br \/>\n<strong>Olga Urbanc Ber\u010di\u010d<\/strong>: Vodno okolje in posegi v prostor<br \/>\n<strong>Katja Pobolj\u0161aj<\/strong>: Ali je presoja vplivov na okolje dovolj u\u010dinkovito orodje za varstvo narave?<br \/>\n<strong>Meta Pov\u017e, Da\u0161a Zabric, Natalija Budihna<\/strong>: Drtij\u0161\u010dica &#8211; primer presoje vplivov gradnje AC na vodno okolje<br \/>\n<strong>Darinka Ignjatovi\u010d<\/strong>: Poro\u010dilo o vplivih izgradnje igri\u0161\u010da za golf na Ptuju<br \/>\n<strong>Suzana Simi\u010d<\/strong>: Ocene vplivov na okolje kot pripomo\u010dek pri odlo\u010danju o sprejemljivosti posegov v okolje<\/p>\n<p><strong>Predgovor v zborniku<\/strong><\/p>\n<p>Pionirsko delo na podro\u010dju presoj vplivov na okolje je bilo v slovenskem prostoru opravljeno v sedemdesetih letih, ko metoda dela \u0161e ni bila institucionalizirana v nobenem od prostorskih zakonskih dokumentov. Zato so zaslu\u017eni posamezniki, ki so se z na\u010dinom dela sre\u010dali v Zdru\u017eenih dr\u017eavah Amerike, kjer je izdelava presoj postala obvezna s sprejetjem National Envi\u00acronmental Policy Act leta 1970. Nastajati so pri\u010dele pasamezne \u0161tudije, ki so na osnovi nove metode vredno\u00actile prostor v odvisnosti od na\u010drtovanih posegov. Leta 1975 je bila ustanovljena skupina za evaluacijo pose\u00acgov v prostor (SEPO) pri In\u0161titutu Jo\u017eef Stefan, ki je okoli sebe zbrala ve\u010d desetin slovenskih strokovnjakov, ekspertov za posamezna podro\u010dja in izdelovala presoje vplivov na okolje skoraj dve desetletji pred sprejetjem Zakona o varstvu okolja z ustreznimi podzakonskimi akti. SEPO je prvenstveno izdelovala presoje kot garancijo za kreditiranje velikih posegov v prostor. Ob svoji petnajstletnici so ugotavljali, da je eden bistvenih problemov njihovega strokovnega dela prepozno spoznanje o vplivih posega na okolje ter s tem povezane minimalne mo\u017enosti za pomembne spremembe na\u010drtovanih posegov, predvsem v smislu izbora lokacaije in manj v smislu prilagoditve tehnologije. Posameznaki iz istega kroga so prou\u010devali metodo dela kot enega od instrumentov varovalnega planiranja in se zavezali za njeno naj\u0161ir\u0161o uporabo v zgodnej\u0161ih fazah plani\u00acranja in v formalizirani obliki v sklepnem delu spre\u00acjemanja prostorske dokumentacije. Vedno znova so poudarjali tudi potrebo po institucionalizaciji na\u010dina dela, ki je eden od mehanizmov za bolj\u0161i nadzor nad posegi vprostor.<\/p>\n<p>Dokumenti, ki so institucionalizirali izdelavo Poro\u010dil o vplivih na okolje v devetdesetih letih, so tako le nadaljevanje bogate strokovne prakse. Vendar pa je potrebno ugotoviti, da \u0161ele z njimi presoje vplivov na okolje pre\u00achajajo meje o\u017ejega kroga strokovnjakov in izobra\u017ee\u00acvanja ustanov s prostorsko naravnanimi programi. Presoje vplivov na okolje kon\u010dno tudi pri nas zadevajo \u0161irok krog posameznikov, od upravnih delavcev ob\u010din in dr\u017eave, prostorskih na\u010drtovalcev in ekspertov s posameznih podro\u010dij in predstavnikov investitorjev. Predvsem pa s Poro\u010dili o vplivih na\u010drtovanega posega na okolje presoje odlo\u010dilno prestopajo mejo stroko\u00acvnega in se podajajo na polje sre\u010devanja z lai\u010dno javnostjo.<\/p>\n<p>Razmah, ki smo mu pri\u010da na podro\u010dju presoj vplivov na okolje, sam na sebi kli\u010de po oceni stanja. Strokovno sre\u010danje, ki metodo dela obravnava tako s teoreti\u010dnih vidikov mo\u017enega razvoja in \u0161iroke uporabe v prid var\u00acstva in razvoja okolja, kot s povsem prakti\u010dnega vidika izdelave poro\u010dil, je lahko koristno iz ve\u010d vidikov. Predstavlja mo\u017enost za \u0161irjenje poznavanja presoj vplivov na okolje kot na\u010drtovalske metode dela in razpravo o vpra\u0161anjih obsega osnovnih raziskav, zagotavljanja kakovosti izdelkov in nadzora nad izvajanjem okoljevarstvenih ukrepov. Predvsem pa sre\u010danje formalno in strokovno vpletenih v izdelavo in prou\u010devanje presoj vplivov na okolje ponuja mo\u017enost izmenjave izku\u0161enj in \u0161irjenje znanja. Koliko in kak\u0161nega izobra\u017eevanja potrebujemo, da se bomo vpleteni na razli\u010dnih nivojih med sabo razumeli? Kdo je odgovoren za izvajanje okoljevarstvenih ukrepov, ki jih opredeli poro\u010dilo? Kako se bodo razporedile pristojnosti v postopku izdelave Poro\u010dil in predvsem kdaj? Kako zagotoviti laikom razumljivo vsebino poro\u010dil in ne iznakaziti njene strokovnosti ter kako sploh prenesti zavest o pomenu in dometu Poro\u010dila med lai\u010dno javnost? Kak\u0161ne sposobnosti mora imeti izdelovalec presoj in kako oblikovati osnovno delovno skupino v majhnosti slovenskega prostora in pomanjkanju strokovnega kadra? Ta in podobna vpra\u0161anja, ki jila bodo udele\u017eenci razpravljali na okrogli mizi in med odmori, predstavljajo korak na poti k redni izmenjavi izku\u0161enj na tem dinami\u010dnem podro\u010dju dela, ki v svetu zdru\u017euje strokovnjake najrazli\u010dnej\u0161ih profilov, od prostorskih na\u010drtovalcev do pravnikov, sociologov, antropologov, zdravnikov in ekologov. Sre\u010danje se ne more primerjati s sre\u010danji svetovne zveze (International Association for Impaci Assessment), kjer se vsako leto zbere ve\u010d sto udele\u017eencev z vsega sveta. Je pa vsekakor del tega gibanja in po njem povzema predvsem eno pomembno sporo\u010dilo, da je pridobljeno znanje na tem podro\u010dju potrebno brezkompromisno in dinami\u010dno izmenjevati, ker smo le tako lahko u\u010dinkovitej\u0161i v prizadevanju za bolj\u0161e okoljevarstvene in prostorske re\u0161itve.<\/p>\n<p>Maja Simoneti<\/p>\n","protected":false},"excerpt":{"rendered":"<p>Presoja vplivov na okolje kot na\u010drtovalski postopek za varstvo okolja 4. letno sre\u010danje DKAS Ljubljana, december 1997 &nbsp; Zbornik: Presoja vplivov na okolje kot na\u010drtovalski postopek za varstvo okolja &#8211; prve strani &nbsp; Prispevki Prispevki obravnavajo problematiko presoj vplivov na okolje z razli\u010dnih vidikov. V sklopu splo\u0161nej\u0161ih obravnav je presoja obdelana v lu\u010di eti\u010dnih na\u010del [&hellip;]<\/p>\n","protected":false},"author":2,"featured_media":1854,"parent":185,"menu_order":0,"comment_status":"closed","ping_status":"closed","template":"","meta":{"footnotes":""},"class_list":["post-1853","page","type-page","status-publish","has-post-thumbnail","hentry"],"_links":{"self":[{"href":"https:\/\/dkas.si\/fr\/wp-json\/wp\/v2\/pages\/1853","targetHints":{"allow":["GET"]}}],"collection":[{"href":"https:\/\/dkas.si\/fr\/wp-json\/wp\/v2\/pages"}],"about":[{"href":"https:\/\/dkas.si\/fr\/wp-json\/wp\/v2\/types\/page"}],"author":[{"embeddable":true,"href":"https:\/\/dkas.si\/fr\/wp-json\/wp\/v2\/users\/2"}],"replies":[{"embeddable":true,"href":"https:\/\/dkas.si\/fr\/wp-json\/wp\/v2\/comments?post=1853"}],"version-history":[{"count":3,"href":"https:\/\/dkas.si\/fr\/wp-json\/wp\/v2\/pages\/1853\/revisions"}],"predecessor-version":[{"id":1858,"href":"https:\/\/dkas.si\/fr\/wp-json\/wp\/v2\/pages\/1853\/revisions\/1858"}],"up":[{"embeddable":true,"href":"https:\/\/dkas.si\/fr\/wp-json\/wp\/v2\/pages\/185"}],"wp:featuredmedia":[{"embeddable":true,"href":"https:\/\/dkas.si\/fr\/wp-json\/wp\/v2\/media\/1854"}],"wp:attachment":[{"href":"https:\/\/dkas.si\/fr\/wp-json\/wp\/v2\/media?parent=1853"}],"curies":[{"name":"wp","href":"https:\/\/api.w.org\/{rel}","templated":true}]}}