{"id":187,"date":"2024-11-12T14:44:42","date_gmt":"2024-11-12T13:44:42","guid":{"rendered":"https:\/\/newdkas.wpm.hehe.si\/?page_id=187"},"modified":"2025-10-05T17:58:20","modified_gmt":"2025-10-05T15:58:20","slug":"mesto-dreves","status":"publish","type":"page","link":"https:\/\/dkas.si\/fr\/projekti-in-publikacije\/projekti\/mesto-dreves\/","title":{"rendered":"Mesto dreves"},"content":{"rendered":"<h2>Mesto dreves<\/h2>\n<p><strong>Dru\u0161tvo krajinskih arhitektov Slovenije je v \u017eelji, da prispeva k razvoju dobre prakse upravljanja dreves v urbanem okolju, s podporo Podnebnega programa Mre\u017ee za prostor v letu 2023 pripravilo in izvedlo projekt Mesto dreves. Cilj projekta je bil spodbuditi razvoj in rabo evidence dreves kot orodja za celovito in povezano upravljanje dreves v urbanem okolju. V ta namen je delovna skupina DKAS pripravila pregled o ob\u010dinskih evidencah dreves in uvid v njihovo rabo, izpostavila dobre prakse in oblikovala priporo\u010dila za ukrepanje.<\/strong><\/p>\n<div id='gallery-1' class='gallery galleryid-187 gallery-columns-4 gallery-size-thumbnail'><figure class='gallery-item'>\n\t\t\t<div class='gallery-icon landscape'>\n\t\t\t\t<a href='https:\/\/dkas.si\/fr\/projekti-in-publikacije\/projekti\/mesto-dreves\/dkas-mesto-dreves-vabilo\/'><img loading=\"lazy\" decoding=\"async\" width=\"150\" height=\"150\" src=\"https:\/\/dkas.si\/wp-content\/uploads\/2025\/03\/DKAS-mesto-dreves-vabilo-150x150.jpg\" class=\"attachment-thumbnail size-thumbnail\" alt=\"\" \/><\/a>\n\t\t\t<\/div><\/figure><figure class='gallery-item'>\n\t\t\t<div class='gallery-icon landscape'>\n\t\t\t\t<a href='https:\/\/dkas.si\/fr\/projekti-in-publikacije\/projekti\/mesto-dreves\/projekti_mestodreves\/'><img loading=\"lazy\" decoding=\"async\" width=\"150\" height=\"150\" src=\"https:\/\/dkas.si\/wp-content\/uploads\/2025\/03\/PROJEKTI_mestodreves-150x150.jpg\" class=\"attachment-thumbnail size-thumbnail\" alt=\"\" \/><\/a>\n\t\t\t<\/div><\/figure><figure class='gallery-item'>\n\t\t\t<div class='gallery-icon landscape'>\n\t\t\t\t<a href='https:\/\/dkas.si\/fr\/projekti-in-publikacije\/projekti\/mesto-dreves\/mestodreves_07\/'><img loading=\"lazy\" decoding=\"async\" width=\"150\" height=\"150\" src=\"https:\/\/dkas.si\/wp-content\/uploads\/2025\/03\/mestodreves_07-150x150.jpg\" class=\"attachment-thumbnail size-thumbnail\" alt=\"\" \/><\/a>\n\t\t\t<\/div><\/figure><figure class='gallery-item'>\n\t\t\t<div class='gallery-icon landscape'>\n\t\t\t\t<a href='https:\/\/dkas.si\/fr\/projekti-in-publikacije\/projekti\/mesto-dreves\/mestodreves_03\/'><img loading=\"lazy\" decoding=\"async\" width=\"150\" height=\"150\" src=\"https:\/\/dkas.si\/wp-content\/uploads\/2025\/03\/mestodreves_03-150x150.jpg\" class=\"attachment-thumbnail size-thumbnail\" alt=\"\" \/><\/a>\n\t\t\t<\/div><\/figure>\n\t\t<\/div>\n\n<p>Projekt je bil javno prvi\u010d predstavljen na dogodku <strong>\u00ab\u00a0Mesto dreves: vloga evidence dreves\u00a0\u00bb<\/strong>, namenjenemu predstavnikom ob\u010din ter drugi zainteresirani javnosti, ki je potekal v prostorih ZAPS v Ljubljani (in prek spleta) 21. novembra 2023. Uvodoma so bile predstavljene ugotovitve ankete, ki v ve\u010d delih nakazujejo odstopanje stanja evidenc dreves v Sloveniji od na\u010delnih priporo\u010dil, hkrati pa ka\u017eejo na splo\u0161no naklonjenost in zainteresiranost ob\u010din do navedene tematike, v nadaljevanju pa so sodelujo\u010di strokovnjaki na okrogli mizi predstavili koristnost delujo\u010dih evidenc dreves za njihovo delo \u2013 tako za redno vzdr\u017eevanje in upravljanje kot tudi na\u010drtovanje prihodnjih zasaditev ter na podlagi izku\u0161enj podali usmeritve za izbolj\u0161anje stanja. Izsledki projekta so bili kasneje predstavljeni \u0161e na strokovni mednarodni konferenci <strong>\u00ab\u00a0Krajobraz-krajina-pejza\u017e: Smart landscapes\u00a0\u00bb<\/strong> 4. decembra 2023 v Zagrebu ter mednarodni konferenci <strong>\u00ab\u00a0Mi spreminjamo, premikamo in rastemo\u00a0\u00bb,<\/strong> organizirani ob podelitvi priznanja Zeleni list, 15. februarja 2024 v Velenju.<\/p>\n<p>Klju\u010dne ugotovitve glede stanja evidenc dreves v Sloveniji smo skupaj s pregledom (dobrih) praks gospodarjenja mestnih dreves in naborom priporo\u010dil za nadaljnje ukrepanje zbrali v publikaciji <strong><a href=\"https:\/\/dkas.si\/wp-content\/uploads\/2024\/11\/Brosura-DKAS2023-Mesto-Dreves_low.pdf\">Evidenca dreves kot orodje za celovito in povezano upravljanje dreves v urbanem okolju<\/a><\/strong> \u2013 stanje v slovenskih ob\u010dinah. Publikacija je namenjena spodbujanju razprave o pomenu evidence ter ozave\u0161\u010danju o pomenu strokovnega na\u010drtovanja in upravljanja dreves v urbanem okolju in je kot taka prednostno namenjena predstavnikom ob\u010din, zadol\u017eenim za upravljanje zelenih povr\u0161in, ter odlo\u010devalcem tako na lokalni, kot tudi na dr\u017eavni ravni.<\/p>\n<p><a href=\"https:\/\/dkas.si\/wp-content\/uploads\/2024\/11\/Brosura-DKAS2023-Mesto-Dreves_low.pdf\">Bro\u0161ura Mesto Dreves 2023.pdf<\/a><\/p>\n<p><a href=\"https:\/\/dkas.si\/wp-content\/uploads\/2025\/03\/prezentacija-SLO.pdf\">Predstavitev projekta Mesto dreves.pdf<\/a><\/p>\n<p>&nbsp;<\/p>\n<p>&nbsp;<\/p>\n<div id='gallery-2' class='gallery galleryid-187 gallery-columns-4 gallery-size-thumbnail'><figure class='gallery-item'>\n\t\t\t<div class='gallery-icon landscape'>\n\t\t\t\t<a href='https:\/\/dkas.si\/fr\/projekti-in-publikacije\/projekti\/mesto-dreves\/prezentacija-slo_page_01\/'><img loading=\"lazy\" decoding=\"async\" width=\"150\" height=\"150\" src=\"https:\/\/dkas.si\/wp-content\/uploads\/2025\/03\/prezentacija-SLO_Page_01-150x150.jpg\" class=\"attachment-thumbnail size-thumbnail\" alt=\"\" \/><\/a>\n\t\t\t<\/div><\/figure><figure class='gallery-item'>\n\t\t\t<div class='gallery-icon landscape'>\n\t\t\t\t<a href='https:\/\/dkas.si\/fr\/projekti-in-publikacije\/projekti\/mesto-dreves\/prezentacija-slo_page_03\/'><img loading=\"lazy\" decoding=\"async\" width=\"150\" height=\"150\" src=\"https:\/\/dkas.si\/wp-content\/uploads\/2025\/03\/prezentacija-SLO_Page_03-150x150.jpg\" class=\"attachment-thumbnail size-thumbnail\" alt=\"\" \/><\/a>\n\t\t\t<\/div><\/figure><figure class='gallery-item'>\n\t\t\t<div class='gallery-icon landscape'>\n\t\t\t\t<a href='https:\/\/dkas.si\/fr\/projekti-in-publikacije\/projekti\/mesto-dreves\/prezentacija-slo_page_06\/'><img loading=\"lazy\" decoding=\"async\" width=\"150\" height=\"150\" src=\"https:\/\/dkas.si\/wp-content\/uploads\/2025\/03\/prezentacija-SLO_Page_06-150x150.jpg\" class=\"attachment-thumbnail size-thumbnail\" alt=\"\" \/><\/a>\n\t\t\t<\/div><\/figure><figure class='gallery-item'>\n\t\t\t<div class='gallery-icon landscape'>\n\t\t\t\t<a href='https:\/\/dkas.si\/fr\/projekti-in-publikacije\/projekti\/mesto-dreves\/prezentacija-slo_page_07\/'><img loading=\"lazy\" decoding=\"async\" width=\"150\" height=\"150\" src=\"https:\/\/dkas.si\/wp-content\/uploads\/2025\/03\/prezentacija-SLO_Page_07-150x150.jpg\" class=\"attachment-thumbnail size-thumbnail\" alt=\"\" \/><\/a>\n\t\t\t<\/div><\/figure><figure class='gallery-item'>\n\t\t\t<div class='gallery-icon landscape'>\n\t\t\t\t<a href='https:\/\/dkas.si\/fr\/projekti-in-publikacije\/projekti\/mesto-dreves\/prezentacija-slo_page_08\/'><img loading=\"lazy\" decoding=\"async\" width=\"150\" height=\"150\" src=\"https:\/\/dkas.si\/wp-content\/uploads\/2025\/03\/prezentacija-SLO_Page_08-150x150.jpg\" class=\"attachment-thumbnail size-thumbnail\" alt=\"\" \/><\/a>\n\t\t\t<\/div><\/figure><figure class='gallery-item'>\n\t\t\t<div class='gallery-icon landscape'>\n\t\t\t\t<a href='https:\/\/dkas.si\/fr\/projekti-in-publikacije\/projekti\/mesto-dreves\/prezentacija-slo_page_09\/'><img loading=\"lazy\" decoding=\"async\" width=\"150\" height=\"150\" src=\"https:\/\/dkas.si\/wp-content\/uploads\/2025\/03\/prezentacija-SLO_Page_09-150x150.jpg\" class=\"attachment-thumbnail size-thumbnail\" alt=\"\" \/><\/a>\n\t\t\t<\/div><\/figure><figure class='gallery-item'>\n\t\t\t<div class='gallery-icon landscape'>\n\t\t\t\t<a href='https:\/\/dkas.si\/fr\/projekti-in-publikacije\/projekti\/mesto-dreves\/prezentacija-slo_page_10\/'><img loading=\"lazy\" decoding=\"async\" width=\"150\" height=\"150\" src=\"https:\/\/dkas.si\/wp-content\/uploads\/2025\/03\/prezentacija-SLO_Page_10-150x150.jpg\" class=\"attachment-thumbnail size-thumbnail\" alt=\"\" \/><\/a>\n\t\t\t<\/div><\/figure><figure class='gallery-item'>\n\t\t\t<div class='gallery-icon landscape'>\n\t\t\t\t<a href='https:\/\/dkas.si\/fr\/projekti-in-publikacije\/projekti\/mesto-dreves\/prezentacija-slo_page_11\/'><img loading=\"lazy\" decoding=\"async\" width=\"150\" height=\"150\" src=\"https:\/\/dkas.si\/wp-content\/uploads\/2025\/03\/prezentacija-SLO_Page_11-150x150.jpg\" class=\"attachment-thumbnail size-thumbnail\" alt=\"\" \/><\/a>\n\t\t\t<\/div><\/figure><figure class='gallery-item'>\n\t\t\t<div class='gallery-icon landscape'>\n\t\t\t\t<a href='https:\/\/dkas.si\/fr\/projekti-in-publikacije\/projekti\/mesto-dreves\/prezentacija-slo_page_12\/'><img loading=\"lazy\" decoding=\"async\" width=\"150\" height=\"150\" src=\"https:\/\/dkas.si\/wp-content\/uploads\/2025\/03\/prezentacija-SLO_Page_12-150x150.jpg\" class=\"attachment-thumbnail size-thumbnail\" alt=\"\" \/><\/a>\n\t\t\t<\/div><\/figure><figure class='gallery-item'>\n\t\t\t<div class='gallery-icon landscape'>\n\t\t\t\t<a href='https:\/\/dkas.si\/fr\/projekti-in-publikacije\/projekti\/mesto-dreves\/prezentacija-slo_page_13\/'><img loading=\"lazy\" decoding=\"async\" width=\"150\" height=\"150\" src=\"https:\/\/dkas.si\/wp-content\/uploads\/2025\/03\/prezentacija-SLO_Page_13-150x150.jpg\" class=\"attachment-thumbnail size-thumbnail\" alt=\"\" \/><\/a>\n\t\t\t<\/div><\/figure><figure class='gallery-item'>\n\t\t\t<div class='gallery-icon landscape'>\n\t\t\t\t<a href='https:\/\/dkas.si\/fr\/projekti-in-publikacije\/projekti\/mesto-dreves\/prezentacija-slo_page_16\/'><img loading=\"lazy\" decoding=\"async\" width=\"150\" height=\"150\" src=\"https:\/\/dkas.si\/wp-content\/uploads\/2025\/03\/prezentacija-SLO_Page_16-150x150.jpg\" class=\"attachment-thumbnail size-thumbnail\" alt=\"\" \/><\/a>\n\t\t\t<\/div><\/figure><figure class='gallery-item'>\n\t\t\t<div class='gallery-icon landscape'>\n\t\t\t\t<a href='https:\/\/dkas.si\/fr\/projekti-in-publikacije\/projekti\/mesto-dreves\/prezentacija-slo_page_17\/'><img loading=\"lazy\" decoding=\"async\" width=\"150\" height=\"150\" src=\"https:\/\/dkas.si\/wp-content\/uploads\/2025\/03\/prezentacija-SLO_Page_17-150x150.jpg\" class=\"attachment-thumbnail size-thumbnail\" alt=\"\" \/><\/a>\n\t\t\t<\/div><\/figure>\n\t\t<\/div>\n\n<div id=\"gtx-trans\" style=\"position: absolute; left: 385px; top: 514.5px;\">\n<div class=\"gtx-trans-icon\"><\/div>\n<div><\/div>\n<div><\/div>\n<div><\/div>\n<div><\/div>\n<div><\/div>\n<div><\/div>\n<\/div>\n","protected":false},"excerpt":{"rendered":"<p>Mesto dreves Dru\u0161tvo krajinskih arhitektov Slovenije je v \u017eelji, da prispeva k razvoju dobre prakse upravljanja dreves v urbanem okolju, s podporo Podnebnega programa Mre\u017ee za prostor v letu 2023 pripravilo in izvedlo projekt Mesto dreves. Cilj projekta je bil spodbuditi razvoj in rabo evidence dreves kot orodja za celovito in povezano upravljanje dreves v [&hellip;]<\/p>\n","protected":false},"author":1,"featured_media":2318,"parent":2352,"menu_order":1,"comment_status":"closed","ping_status":"closed","template":"","meta":{"footnotes":""},"class_list":["post-187","page","type-page","status-publish","has-post-thumbnail","hentry"],"_links":{"self":[{"href":"https:\/\/dkas.si\/fr\/wp-json\/wp\/v2\/pages\/187","targetHints":{"allow":["GET"]}}],"collection":[{"href":"https:\/\/dkas.si\/fr\/wp-json\/wp\/v2\/pages"}],"about":[{"href":"https:\/\/dkas.si\/fr\/wp-json\/wp\/v2\/types\/page"}],"author":[{"embeddable":true,"href":"https:\/\/dkas.si\/fr\/wp-json\/wp\/v2\/users\/1"}],"replies":[{"embeddable":true,"href":"https:\/\/dkas.si\/fr\/wp-json\/wp\/v2\/comments?post=187"}],"version-history":[{"count":30,"href":"https:\/\/dkas.si\/fr\/wp-json\/wp\/v2\/pages\/187\/revisions"}],"predecessor-version":[{"id":2336,"href":"https:\/\/dkas.si\/fr\/wp-json\/wp\/v2\/pages\/187\/revisions\/2336"}],"up":[{"embeddable":true,"href":"https:\/\/dkas.si\/fr\/wp-json\/wp\/v2\/pages\/2352"}],"wp:featuredmedia":[{"embeddable":true,"href":"https:\/\/dkas.si\/fr\/wp-json\/wp\/v2\/media\/2318"}],"wp:attachment":[{"href":"https:\/\/dkas.si\/fr\/wp-json\/wp\/v2\/media?parent=187"}],"curies":[{"name":"wp","href":"https:\/\/api.w.org\/{rel}","templated":true}]}}