{"id":1942,"date":"2025-10-01T21:10:26","date_gmt":"2025-10-01T19:10:26","guid":{"rendered":"https:\/\/newdkas.wpm.hehe.si\/?page_id=1942"},"modified":"2025-10-05T16:45:43","modified_gmt":"2025-10-05T14:45:43","slug":"nagrada-za-zivljenjsko-delo-2016-mag-alenka-polutnik","status":"publish","type":"page","link":"https:\/\/dkas.si\/fr\/nagrade\/nagrade-in-priznanja\/nagrada-za-zivljenjsko-delo\/nagrada-za-zivljenjsko-delo-2016-mag-alenka-polutnik\/","title":{"rendered":"Nagrada za \u017eivljenjsko delo 2016: mag. Alenka Polutnik"},"content":{"rendered":"<h4>mag. Alenka Polutnik (2016)<\/h4>\n<p>Mag. Alenka Polutnik je zaznamovala urbanisti\u010dno in na\u010drtovalsko prakso na \u0161ir\u0161em Celjskem obmo\u010dju ter drugih delih Slovenije. V mno\u017eici projektov izstopajo projekti prenove starih mestnih jeder (Celja, \u0160kofje Loke, Vojnika, La\u0161kega, Slovenskih Konjic, Ljutomera) ter ureditev in prenov parkov (mestnega parka v Celju, parka v Zdravili\u0161\u010du La\u0161ko, Son\u010dnega parka v Celju, parka Zre\u010de), urbanisti\u010dni na\u010drti za mesta in naselja ter obmo\u010dja (Celja, Sel\u0161ke doline, \u0160kofje Loke, Slovenskih Konjic), prostorska dokumentacija in projekti znanih turisti\u010dnih in \u0161portnih obmo\u010dij (v \u010cate\u017eu, La\u0161kem, Celju, Rogli, Zre\u010dah, Mokricah in Slovenskih Konjicah v Sloveniji), prostorska dokumentacija in projekti za razvoj vodnega in obvodnega prostora, predvsem na povodju rek Savinje in Save ter \u0160martinskega jezera, \u0161tudije variant, prostorski in krajinski na\u010drti in presoja vplivov na okolje za avtocestne odseke in druge infrastrukturne objekte. Udele\u017eena je bila tudi pri pripravi prostorske dokumentacije in projektov za znana turisti\u010dna obmo\u010dja na obmo\u010dju nekdanje Jugoslavije, v Budvi, Petrovcu na moru, Ulcinju, Vrsarju, na otoku Rab, Adi Bojani.<\/p>\n<p>Njen opus pa ni le na\u010drtovalski in projektantski, poglobljeno se je posve\u010dala tudi raziskovanju, zlasti vodnemu in obvodnemu prostoru, ugotovitve pa uspe\u0161no vgradila v predloge za pripravo Strategije prostorskega razvoja Slovenije iz leta 2004 in druge aplikativne naloge. Svoje znanje, obogateno s \u0161tevilnimi prakti\u010dnimi izku\u0161njami, je nenehno in nesebi\u010dno prena\u0161ala na mlaj\u0161e rodove krajinskih arhitektov, bodisi v podjetju, kjer je bila zaposlena, bodisi kot mentorica in \u010dlanica izpitne komisije za opravljanje strokovnih izpitov. Prav Alenki gre zahvala, da lahko opravljamo strokovne izpite. Aktivno je sodelovala v takratni In\u017eenirski zbornici \u2013 mati\u010dni sekciji za arhitekturo in krajinsko arhitekturo in je med prvimi izpolnjevala pogoje za \u010dlanico izpitne komisije s podro\u010dja krajinske arhitekture.<\/p>\n<p>Je prejemnica ve\u010d nagrad na nate\u010dajih, kot vodja projekta Urbanisti\u010dne zasnove mesta Celje pa je leta 2007 skupaj s sodelavci prejela priznanje Zbornice za arhitekturo in prostor Zlati svin\u010dnik. Tudi po upokojitvi ostaja zavzeta v stroki, saj je njena ureditev Japonskega vrta v Mozirskem gaju prerasla v strokovno zanimanje ter poglobljen \u0161tudij umetnosti japonskega vrta, o \u010demer predava tudi v okviru japonskega veleposlani\u0161tva.<\/p>\n","protected":false},"excerpt":{"rendered":"<p>mag. Alenka Polutnik (2016) Mag. Alenka Polutnik je zaznamovala urbanisti\u010dno in na\u010drtovalsko prakso na \u0161ir\u0161em Celjskem obmo\u010dju ter drugih delih Slovenije. V mno\u017eici projektov izstopajo projekti prenove starih mestnih jeder (Celja, \u0160kofje Loke, Vojnika, La\u0161kega, Slovenskih Konjic, Ljutomera) ter ureditev in prenov parkov (mestnega parka v Celju, parka v Zdravili\u0161\u010du La\u0161ko, Son\u010dnega parka v Celju, [&hellip;]<\/p>\n","protected":false},"author":3,"featured_media":0,"parent":203,"menu_order":0,"comment_status":"closed","ping_status":"closed","template":"","meta":{"footnotes":""},"class_list":["post-1942","page","type-page","status-publish","hentry"],"_links":{"self":[{"href":"https:\/\/dkas.si\/fr\/wp-json\/wp\/v2\/pages\/1942","targetHints":{"allow":["GET"]}}],"collection":[{"href":"https:\/\/dkas.si\/fr\/wp-json\/wp\/v2\/pages"}],"about":[{"href":"https:\/\/dkas.si\/fr\/wp-json\/wp\/v2\/types\/page"}],"author":[{"embeddable":true,"href":"https:\/\/dkas.si\/fr\/wp-json\/wp\/v2\/users\/3"}],"replies":[{"embeddable":true,"href":"https:\/\/dkas.si\/fr\/wp-json\/wp\/v2\/comments?post=1942"}],"version-history":[{"count":4,"href":"https:\/\/dkas.si\/fr\/wp-json\/wp\/v2\/pages\/1942\/revisions"}],"predecessor-version":[{"id":2333,"href":"https:\/\/dkas.si\/fr\/wp-json\/wp\/v2\/pages\/1942\/revisions\/2333"}],"up":[{"embeddable":true,"href":"https:\/\/dkas.si\/fr\/wp-json\/wp\/v2\/pages\/203"}],"wp:attachment":[{"href":"https:\/\/dkas.si\/fr\/wp-json\/wp\/v2\/media?parent=1942"}],"curies":[{"name":"wp","href":"https:\/\/api.w.org\/{rel}","templated":true}]}}