{"id":2115,"date":"2025-10-03T22:08:30","date_gmt":"2025-10-03T20:08:30","guid":{"rendered":"https:\/\/newdkas.wpm.hehe.si\/?page_id=2115"},"modified":"2025-10-03T22:08:30","modified_gmt":"2025-10-03T20:08:30","slug":"pogledi-v-prihodnost","status":"publish","type":"page","link":"https:\/\/dkas.si\/fr\/aktivnosti\/posveti-in-konference\/pogledi-v-prihodnost\/","title":{"rendered":"Pogledi v prihodnost"},"content":{"rendered":"<h2>Pogledi v prihodnost<\/h2>\n<p>Okrogla miza v okviru prve pregledne razstave \u010dlanov DKAS<br \/>\n13. januar 2004, AML, Jakopi\u010deva galerija, Ljubljana<\/p>\n<p>Koliko je vloga krajinskega arhitekta posebna in v \u010dem je hkrati univerzalna? Ustvaritev zamisli v krajinski arhitekturi namre\u010d ni mogo\u010da brez podrobne preu\u010ditve zna\u010dilnosti prostora in procesov, ki ga dolo\u010dajo. Prav zato kulturne in naravne poteze prostora, v katerem bo nova krajina nastala, klju\u010dno vplivajo na njeno strukturo in oblike. Razpravljajo\u010di na prireditvi bodo s kriti\u010dno analizo preteklosti in sedanjosti, ter s pogledom v prihodnost krajinske arhitekture osvetlili posamezna obdobja njenega uveljavljanja in raznolika podro\u010dja dela ter oblikovali predstavo o vlogi krajinske arhitekture doma in v svetu.<\/p>\n<p>Okroglo mizo je vodila <strong>dr. Ana Ku\u010dan<\/strong>, na njej pa sodelujejo:<\/p>\n<p><strong>Catharine Ward Thompson<\/strong>\u00a0(Velika Britanija) &#8211; direktorica Open Space Research Centre,<\/p>\n<p><strong>Robert Schaeffer<\/strong>\u00a0(Nem\u010dija) &#8211; urednik revije Topos,<\/p>\n<p><strong>Toma\u017e Brate<\/strong>\u00a0&#8211; arhitekturni kritik in<\/p>\n<p><strong>Maja Simoneti<\/strong>.<\/p>\n","protected":false},"excerpt":{"rendered":"<p>Pogledi v prihodnost Okrogla miza v okviru prve pregledne razstave \u010dlanov DKAS 13. januar 2004, AML, Jakopi\u010deva galerija, Ljubljana Koliko je vloga krajinskega arhitekta posebna in v \u010dem je hkrati univerzalna? Ustvaritev zamisli v krajinski arhitekturi namre\u010d ni mogo\u010da brez podrobne preu\u010ditve zna\u010dilnosti prostora in procesov, ki ga dolo\u010dajo. Prav zato kulturne in naravne poteze [&hellip;]<\/p>\n","protected":false},"author":2,"featured_media":2116,"parent":185,"menu_order":0,"comment_status":"closed","ping_status":"closed","template":"","meta":{"footnotes":""},"class_list":["post-2115","page","type-page","status-publish","has-post-thumbnail","hentry"],"_links":{"self":[{"href":"https:\/\/dkas.si\/fr\/wp-json\/wp\/v2\/pages\/2115","targetHints":{"allow":["GET"]}}],"collection":[{"href":"https:\/\/dkas.si\/fr\/wp-json\/wp\/v2\/pages"}],"about":[{"href":"https:\/\/dkas.si\/fr\/wp-json\/wp\/v2\/types\/page"}],"author":[{"embeddable":true,"href":"https:\/\/dkas.si\/fr\/wp-json\/wp\/v2\/users\/2"}],"replies":[{"embeddable":true,"href":"https:\/\/dkas.si\/fr\/wp-json\/wp\/v2\/comments?post=2115"}],"version-history":[{"count":1,"href":"https:\/\/dkas.si\/fr\/wp-json\/wp\/v2\/pages\/2115\/revisions"}],"predecessor-version":[{"id":2117,"href":"https:\/\/dkas.si\/fr\/wp-json\/wp\/v2\/pages\/2115\/revisions\/2117"}],"up":[{"embeddable":true,"href":"https:\/\/dkas.si\/fr\/wp-json\/wp\/v2\/pages\/185"}],"wp:featuredmedia":[{"embeddable":true,"href":"https:\/\/dkas.si\/fr\/wp-json\/wp\/v2\/media\/2116"}],"wp:attachment":[{"href":"https:\/\/dkas.si\/fr\/wp-json\/wp\/v2\/media?parent=2115"}],"curies":[{"name":"wp","href":"https:\/\/api.w.org\/{rel}","templated":true}]}}