{"id":2170,"date":"2025-10-03T23:03:37","date_gmt":"2025-10-03T21:03:37","guid":{"rendered":"https:\/\/newdkas.wpm.hehe.si\/?page_id=2170"},"modified":"2025-10-07T22:51:05","modified_gmt":"2025-10-07T20:51:05","slug":"mestna-drevesa-in-zelene-povrsine-2023","status":"publish","type":"page","link":"https:\/\/dkas.si\/fr\/aktivnosti\/praktikum\/mestna-drevesa-in-zelene-povrsine-2023\/","title":{"rendered":"Mestna drevesa in zelene povr\u0161ine 2023"},"content":{"rendered":"<h3><strong>Praktikum:<\/strong><\/h3>\n<h2>Mestna drevesa in zelene povr\u0161ine &#8211; dolo\u010dila prostorskih aktov, prenos v prakso in izzivi pri projektiranju<\/h2>\n<p>9. 11. 2023 ob 17h je potekal praktikum na temo mestnih dreves in zelenih povr\u0161in, s poudarkom na dolo\u010dilih prostorskih aktov in njihovega prenosa v prakso ter sodobnih izzivih pri projektiranju.<\/p>\n<p>Praktikum bo izveden na Biotehni\u0161ki fakulteti, Jamnikarjeva 101, v predavalnici A6.<\/p>\n<p>V prvem delu je podpredsednica dru\u0161tva, Petra Grmek, na kratko predstavila prve rezultate ankete na temo evidenc dreves v slovenskih ob\u010dinah, ki smo jo v sklopu DKAS projekta &lsquo;Mesto dreves&rsquo; izvedli v septembru in oktobru. Nato smo se skozi kratke predstavitve od \u0161ir\u0161e do detajlne ravni (Petra Vertelj Nared\/Karla Jankovi\u010d, Nejc Florjanc, Urban \u0160vegl, Ur\u0161ka Kranjc, Andrej Strgar) seznanili s primeri praks, problemov in vpra\u0161anj, sledila pa je interna strokovna razprava.<\/p>\n<div id='gallery-1' class='gallery galleryid-2170 gallery-columns-3 gallery-size-thumbnail'><figure class='gallery-item'>\n\t\t\t<div class='gallery-icon portrait'>\n\t\t\t\t<a href='https:\/\/dkas.si\/fr\/aktivnosti\/praktikum\/mestna-drevesa-in-zelene-povrsine-2023\/dkas-praktikum_\/'><img loading=\"lazy\" decoding=\"async\" width=\"150\" height=\"150\" src=\"https:\/\/dkas.si\/wp-content\/uploads\/2025\/10\/DKAS-praktikum_-150x150.jpg\" class=\"attachment-thumbnail size-thumbnail\" alt=\"\" \/><\/a>\n\t\t\t<\/div><\/figure>\n\t\t<\/div>\n\n","protected":false},"excerpt":{"rendered":"<p>Praktikum: Mestna drevesa in zelene povr\u0161ine &#8211; dolo\u010dila prostorskih aktov, prenos v prakso in izzivi pri projektiranju 9. 11. 2023 ob 17h je potekal praktikum na temo mestnih dreves in zelenih povr\u0161in, s poudarkom na dolo\u010dilih prostorskih aktov in njihovega prenosa v prakso ter sodobnih izzivih pri projektiranju. Praktikum bo izveden na Biotehni\u0161ki fakulteti, Jamnikarjeva [&hellip;]<\/p>\n","protected":false},"author":2,"featured_media":510,"parent":176,"menu_order":0,"comment_status":"closed","ping_status":"closed","template":"","meta":{"footnotes":""},"class_list":["post-2170","page","type-page","status-publish","has-post-thumbnail","hentry"],"_links":{"self":[{"href":"https:\/\/dkas.si\/fr\/wp-json\/wp\/v2\/pages\/2170","targetHints":{"allow":["GET"]}}],"collection":[{"href":"https:\/\/dkas.si\/fr\/wp-json\/wp\/v2\/pages"}],"about":[{"href":"https:\/\/dkas.si\/fr\/wp-json\/wp\/v2\/types\/page"}],"author":[{"embeddable":true,"href":"https:\/\/dkas.si\/fr\/wp-json\/wp\/v2\/users\/2"}],"replies":[{"embeddable":true,"href":"https:\/\/dkas.si\/fr\/wp-json\/wp\/v2\/comments?post=2170"}],"version-history":[{"count":3,"href":"https:\/\/dkas.si\/fr\/wp-json\/wp\/v2\/pages\/2170\/revisions"}],"predecessor-version":[{"id":2194,"href":"https:\/\/dkas.si\/fr\/wp-json\/wp\/v2\/pages\/2170\/revisions\/2194"}],"up":[{"embeddable":true,"href":"https:\/\/dkas.si\/fr\/wp-json\/wp\/v2\/pages\/176"}],"wp:featuredmedia":[{"embeddable":true,"href":"https:\/\/dkas.si\/fr\/wp-json\/wp\/v2\/media\/510"}],"wp:attachment":[{"href":"https:\/\/dkas.si\/fr\/wp-json\/wp\/v2\/media?parent=2170"}],"curies":[{"name":"wp","href":"https:\/\/api.w.org\/{rel}","templated":true}]}}