{"id":2179,"date":"2025-10-03T23:31:14","date_gmt":"2025-10-03T21:31:14","guid":{"rendered":"https:\/\/newdkas.wpm.hehe.si\/?page_id=2179"},"modified":"2025-10-07T22:45:29","modified_gmt":"2025-10-07T20:45:29","slug":"ove-praktikum-2021","status":"publish","type":"page","link":"https:\/\/dkas.si\/fr\/aktivnosti\/praktikum\/ove-praktikum-2021\/","title":{"rendered":"OVE praktikum 2021"},"content":{"rendered":"<h3 class=\"title\">Praktikum:<\/h3>\n<h2 class=\"title\">Ume\u0161\u010danje infrastrukture za kori\u0161\u010denje obnovljivih virov energije v prostor<\/h2>\n<p>V sklopu Meseca krajinske arhitekture je DKAS izvedel praktikum za \u010dlane dru\u0161tva. Naslovili smo temo ume\u0161\u010danja infrastrukture za kori\u0161\u010denje obnovljivih virov energije v prostor (v nadaljevanju OVE) v povezavi z vplivi na krajino.<\/p>\n<p>O ume\u0161\u010danju infrastrukture za kori\u0161\u010denje OVE so \u010dlani DKAS na podlagi izku\u0161enj predstavili svoje ugotovitve: Vesna Kolar Planin\u0161i\u010d (MOP, SSPVO) je predstavila strate\u0161ki vidik ume\u0161\u010danja infrastrukture za kori\u0161\u010denje OVE v prostor, Eva Harmel (ZaVita, d.o.o.) je na primeru celovite presoje vplivov na okolje za Nacionalni energetsko podnebni na\u010drt predstavila vrednotenje vplivov na krajino, Tadej Bevk (UL BF, Oddelek KA) je delil zaklju\u010dke raziskovalnih nalog na temo do\u017eivljanja OVE v krajini, Blanka Bartol (MOP, DP) pa je poudarila pomen celostnega pristopa pri opredeljevanju ustreznih obmo\u010dij ter vlogo akcijskih na\u010drtov, vezanih na ume\u0161\u010danje te infrastrukture pri izvedbi Strategije prostorskega razvoja Slovenije.<\/p>\n<p>V okviru vodene razprave, ki jo je moderirala Jelka Hudoklin (Acer Novo mesto d.o.o.) so za posamezno vrsto infrastrukture za kori\u0161\u010denje OVE izku\u0161nje iz izvedbe razli\u010dnih projektov delili Tadej Bevk (son\u010dne elektrarne), Jelka Hudoklin (hidroelektrarne), Rado Romih (vetrne elektrarne) ter Ale\u0161 Mlakar (vetrne elektrarne).<\/p>\n<p>Klju\u010dne ugotovitve razprave v okviru Praktikuma so povzete v <a href=\"https:\/\/dkas.si\/wp-content\/uploads\/2025\/10\/zakljucki_Praktikuma_OVE.pdf\">sporo\u010dilu za javnost: Zaklju\u010dki praktikuma o OVE<\/a><\/p>\n<p>Eva Harmel, Barbara Kostanj\u0161ek, mag. Jelka Hudoklin<\/p>\n","protected":false},"excerpt":{"rendered":"<p>Praktikum: Ume\u0161\u010danje infrastrukture za kori\u0161\u010denje obnovljivih virov energije v prostor V sklopu Meseca krajinske arhitekture je DKAS izvedel praktikum za \u010dlane dru\u0161tva. Naslovili smo temo ume\u0161\u010danja infrastrukture za kori\u0161\u010denje obnovljivih virov energije v prostor (v nadaljevanju OVE) v povezavi z vplivi na krajino. O ume\u0161\u010danju infrastrukture za kori\u0161\u010denje OVE so \u010dlani DKAS na podlagi izku\u0161enj [&hellip;]<\/p>\n","protected":false},"author":2,"featured_media":2480,"parent":176,"menu_order":0,"comment_status":"closed","ping_status":"closed","template":"","meta":{"footnotes":""},"class_list":["post-2179","page","type-page","status-publish","has-post-thumbnail","hentry"],"_links":{"self":[{"href":"https:\/\/dkas.si\/fr\/wp-json\/wp\/v2\/pages\/2179","targetHints":{"allow":["GET"]}}],"collection":[{"href":"https:\/\/dkas.si\/fr\/wp-json\/wp\/v2\/pages"}],"about":[{"href":"https:\/\/dkas.si\/fr\/wp-json\/wp\/v2\/types\/page"}],"author":[{"embeddable":true,"href":"https:\/\/dkas.si\/fr\/wp-json\/wp\/v2\/users\/2"}],"replies":[{"embeddable":true,"href":"https:\/\/dkas.si\/fr\/wp-json\/wp\/v2\/comments?post=2179"}],"version-history":[{"count":2,"href":"https:\/\/dkas.si\/fr\/wp-json\/wp\/v2\/pages\/2179\/revisions"}],"predecessor-version":[{"id":2191,"href":"https:\/\/dkas.si\/fr\/wp-json\/wp\/v2\/pages\/2179\/revisions\/2191"}],"up":[{"embeddable":true,"href":"https:\/\/dkas.si\/fr\/wp-json\/wp\/v2\/pages\/176"}],"wp:featuredmedia":[{"embeddable":true,"href":"https:\/\/dkas.si\/fr\/wp-json\/wp\/v2\/media\/2480"}],"wp:attachment":[{"href":"https:\/\/dkas.si\/fr\/wp-json\/wp\/v2\/media?parent=2179"}],"curies":[{"name":"wp","href":"https:\/\/api.w.org\/{rel}","templated":true}]}}