{"id":2185,"date":"2025-10-03T23:38:43","date_gmt":"2025-10-03T21:38:43","guid":{"rendered":"https:\/\/newdkas.wpm.hehe.si\/?page_id=2185"},"modified":"2025-10-03T23:43:29","modified_gmt":"2025-10-03T21:43:29","slug":"praktikum-izhodisca-za-krajinsko-politiko-2019","status":"publish","type":"page","link":"https:\/\/dkas.si\/fr\/aktivnosti\/praktikum\/praktikum-izhodisca-za-krajinsko-politiko-2019\/","title":{"rendered":"Praktikum  Izhodi\u0161\u010da za Krajinsko politiko 2019"},"content":{"rendered":"<div class=\"contentItem\">\n<h3 class=\"title\">Praktikum:<\/h3>\n<h2 class=\"title\">O projektu Izhodi\u0161\u010da za Krajinsko politiko<\/h2>\n<p>V \u010detrtek, 24. 1. 2019 ob 17h je v predavalnici A4 na Biotehni\u0161ki fakulteti potekal praktikum o projektu <a href=\"http:\/\/www.krajinskapolitika.si\/\" target=\"_blank\" rel=\"noopener\">Izhodi\u0161\u010da za Krajinsko politiko.<\/a><\/p>\n<p>Na kratko je bil predstavljen dosedanji projekt nato pa organizirana razprava o izhodi\u0161\u010dih, ciljih in ukrepih Krajinske politike. Ob koncu je beseda tekla \u0161e o na\u010dinih promocije urejanja krajine in Evropske konvencije o krajini.<\/p>\n<\/div>\n","protected":false},"excerpt":{"rendered":"<p>Praktikum: O projektu Izhodi\u0161\u010da za Krajinsko politiko V \u010detrtek, 24. 1. 2019 ob 17h je v predavalnici A4 na Biotehni\u0161ki fakulteti potekal praktikum o projektu Izhodi\u0161\u010da za Krajinsko politiko. Na kratko je bil predstavljen dosedanji projekt nato pa organizirana razprava o izhodi\u0161\u010dih, ciljih in ukrepih Krajinske politike. Ob koncu je beseda tekla \u0161e o na\u010dinih [&hellip;]<\/p>\n","protected":false},"author":2,"featured_media":2186,"parent":176,"menu_order":0,"comment_status":"closed","ping_status":"closed","template":"","meta":{"footnotes":""},"class_list":["post-2185","page","type-page","status-publish","has-post-thumbnail","hentry"],"_links":{"self":[{"href":"https:\/\/dkas.si\/fr\/wp-json\/wp\/v2\/pages\/2185","targetHints":{"allow":["GET"]}}],"collection":[{"href":"https:\/\/dkas.si\/fr\/wp-json\/wp\/v2\/pages"}],"about":[{"href":"https:\/\/dkas.si\/fr\/wp-json\/wp\/v2\/types\/page"}],"author":[{"embeddable":true,"href":"https:\/\/dkas.si\/fr\/wp-json\/wp\/v2\/users\/2"}],"replies":[{"embeddable":true,"href":"https:\/\/dkas.si\/fr\/wp-json\/wp\/v2\/comments?post=2185"}],"version-history":[{"count":3,"href":"https:\/\/dkas.si\/fr\/wp-json\/wp\/v2\/pages\/2185\/revisions"}],"predecessor-version":[{"id":2192,"href":"https:\/\/dkas.si\/fr\/wp-json\/wp\/v2\/pages\/2185\/revisions\/2192"}],"up":[{"embeddable":true,"href":"https:\/\/dkas.si\/fr\/wp-json\/wp\/v2\/pages\/176"}],"wp:featuredmedia":[{"embeddable":true,"href":"https:\/\/dkas.si\/fr\/wp-json\/wp\/v2\/media\/2186"}],"wp:attachment":[{"href":"https:\/\/dkas.si\/fr\/wp-json\/wp\/v2\/media?parent=2185"}],"curies":[{"name":"wp","href":"https:\/\/api.w.org\/{rel}","templated":true}]}}