{"id":2229,"date":"2025-10-05T12:03:38","date_gmt":"2025-10-05T10:03:38","guid":{"rendered":"https:\/\/newdkas.wpm.hehe.si\/?page_id=2229"},"modified":"2025-10-05T17:17:25","modified_gmt":"2025-10-05T15:17:25","slug":"nagrada-za-zivljenjsko-delo-2016-mag-niko-stare","status":"publish","type":"page","link":"https:\/\/dkas.si\/fr\/nagrade\/nagrade-in-priznanja\/nagrada-za-zivljenjsko-delo\/nagrada-za-zivljenjsko-delo-2016-mag-niko-stare\/","title":{"rendered":"Nagrada za \u017eivljenjsko delo 2016: mag. Niko Stare"},"content":{"rendered":"<h4>mag. Niko Stare (2016)<\/h4>\n<p><img loading=\"lazy\" decoding=\"async\" class=\"alignnone size-medium wp-image-2343\" src=\"https:\/\/dkas.si\/wp-content\/uploads\/2025\/10\/DKAS-nagrada_Niko-Stare-300x300.jpg\" alt=\"\" width=\"300\" height=\"300\" srcset=\"https:\/\/dkas.si\/wp-content\/uploads\/2025\/10\/DKAS-nagrada_Niko-Stare-300x300.jpg 300w, https:\/\/dkas.si\/wp-content\/uploads\/2025\/10\/DKAS-nagrada_Niko-Stare-150x150.jpg 150w, https:\/\/dkas.si\/wp-content\/uploads\/2025\/10\/DKAS-nagrada_Niko-Stare.jpg 553w\" sizes=\"auto, (max-width: 300px) 100vw, 300px\" \/><\/p>\n<p>Mag. Niko Stare je konec sedemdesetih in v osemdesetih letih oral ledino z vklju\u010devanjem metod krajinskega planiranja v prostorske in urbanisti\u010dne akte v severovzhodni Sloveniji, zlasti v sklopu urbanisti\u010dnega programa Maribora in krajinskih zasnov za Slovenske gorice, Dravsko polje ter Mariborsko in Ribni\u0161ko Pohorje, kjer je sodeloval s pokojno sodelavko krajinsko arhitektko Alenko Kol\u0161ek. Krajinske ureditve je predlagal tudi v kmetijskem prostoru ob melioracijah v dolinskem delu Slovenskih goric, v Prekmurju in v Vipavski dolini, kjer se \u0161ele v zadnjem desetletju prepoznava \u0161koda zaradi neupo\u0161tevanja ali slabe izvedbe takratnih predlogov. V okviru projekta Maribor-jug je zasnoval sistem mestnega zelenja, velik del strokovne pozornosti pa je namenil tudi detajlnim ureditvam zelenih in odprtih ter parkovnih povr\u0161in v Mariboru. Zato je bil med leti 1996 in 2000 imenovan za krajinskega arhitekta Maribora. Skupaj s soavtorji je za projekt ureditve treh ribnikov v Mariboru prejel Ple\u010dnikovo nagrado. Sodeloval je pri \u0161tevilnih prostorskih izvedbenih aktih po vsej dr\u017eavi. Pri ureditvi novega pokopali\u0161\u010da Dobrava v Mariboru je uvedel nekaj skupnih elementov, ki omogo\u010dajo enakost po smrti (post mortem), najvi\u0161jo demokrati\u010dno mo\u017enost, enakost, ki v \u017eivljenju nikoli ni dose\u017eena. Svoj pe\u010dat je pustil tudi pri urbanisti\u010dnih in krajinskih ureditvah drugih pokopali\u0161\u010d, katerih avtor ali soustvarjalec je bil, na primer na Vuzenici, v Kamnici, v Limbu\u0161u, v \u0160entilju, v Ho\u010dah, v Ru\u0161ah, v Pesnici pri Mariboru, v Pernici. Kot vodja projektov na Zavodu za urbanizem Maribor ter vsebinski in idejni motor delovne skupine je poskrbel za ustrezne ureditve ve\u010djih obmo\u010dij v naseljih in odprtem prostoru, kot so \u0161portno rekreacijski center ob Pekrskem potoku v Mariboru, v Stra\u017eunskem gozdu, na obmo\u010dju Ljudskega vrta \u2013 Branika, rekreacijskih povr\u0161in na Pohorju, v Radljah ob Dravi, Lenartu, gramoznici v Dupleku, pa tudi ureditve vinske ceste v Mariboru, baro\u010dnega kompleksa Dornava, obvodnega prostora ob Dravi od Ru\u0161 do Spodnjega Dupleka. V okviru projektnih ekip je sodeloval tudi pri na\u010drtovalskih in urbanisti\u010dnih projektih izven Slovenije, na Rijeki na Hrva\u0161kem in v Titogradu v \u010crni Gori.<\/p>\n<p>Pri nekaterih ureditvah, na primer pri ureditvi obre\u017eja Drave ob prenovi starega jedra Maribora \u2013 Lenta v sredini osemdesetih let prej\u0161njega stoletja, se je pokazalo, da je bil dale\u010d pred \u010dasom, ko je zagovarjal ureditev mirne cone brez avtomobilov, namenjene izklju\u010dno pe\u0161cem, kolesarjem, otrokom. Takrat je bilo za kaj takega 3 premalo podpore, zdaj pa ta del Maribora vedno bolj dobiva podobo, kot mu jo je magister Stare \u017eelel dati \u017ee pred desetletji.<\/p>\n<p>Tudi po upokojitvi je ohranil aktivni odnos do mesta \u2013 Maribora, kjer deli svoje znanje in predloge v okviru mariborske urbanisti\u010dne komisije, s svojimi prispevki v lokalnem \u010dasopisju pa izobra\u017euje, spodbuja razmi\u0161ljanje in s tem prispeva k izbolj\u0161anju stanja javnih povr\u0161in v mestu Maribor.<\/p>\n","protected":false},"excerpt":{"rendered":"<p>mag. Niko Stare (2016) Mag. Niko Stare je konec sedemdesetih in v osemdesetih letih oral ledino z vklju\u010devanjem metod krajinskega planiranja v prostorske in urbanisti\u010dne akte v severovzhodni Sloveniji, zlasti v sklopu urbanisti\u010dnega programa Maribora in krajinskih zasnov za Slovenske gorice, Dravsko polje ter Mariborsko in Ribni\u0161ko Pohorje, kjer je sodeloval s pokojno sodelavko krajinsko [&hellip;]<\/p>\n","protected":false},"author":3,"featured_media":0,"parent":203,"menu_order":0,"comment_status":"closed","ping_status":"closed","template":"","meta":{"footnotes":""},"class_list":["post-2229","page","type-page","status-publish","hentry"],"_links":{"self":[{"href":"https:\/\/dkas.si\/fr\/wp-json\/wp\/v2\/pages\/2229","targetHints":{"allow":["GET"]}}],"collection":[{"href":"https:\/\/dkas.si\/fr\/wp-json\/wp\/v2\/pages"}],"about":[{"href":"https:\/\/dkas.si\/fr\/wp-json\/wp\/v2\/types\/page"}],"author":[{"embeddable":true,"href":"https:\/\/dkas.si\/fr\/wp-json\/wp\/v2\/users\/3"}],"replies":[{"embeddable":true,"href":"https:\/\/dkas.si\/fr\/wp-json\/wp\/v2\/comments?post=2229"}],"version-history":[{"count":4,"href":"https:\/\/dkas.si\/fr\/wp-json\/wp\/v2\/pages\/2229\/revisions"}],"predecessor-version":[{"id":2345,"href":"https:\/\/dkas.si\/fr\/wp-json\/wp\/v2\/pages\/2229\/revisions\/2345"}],"up":[{"embeddable":true,"href":"https:\/\/dkas.si\/fr\/wp-json\/wp\/v2\/pages\/203"}],"wp:attachment":[{"href":"https:\/\/dkas.si\/fr\/wp-json\/wp\/v2\/media?parent=2229"}],"curies":[{"name":"wp","href":"https:\/\/api.w.org\/{rel}","templated":true}]}}