{"id":2235,"date":"2025-10-05T12:07:24","date_gmt":"2025-10-05T10:07:24","guid":{"rendered":"https:\/\/newdkas.wpm.hehe.si\/?page_id=2235"},"modified":"2025-10-05T12:07:24","modified_gmt":"2025-10-05T10:07:24","slug":"nagrada-za-zivljenjsko-delo-2017-mag-alenka-kolsek-posthumno","status":"publish","type":"page","link":"https:\/\/dkas.si\/fr\/nagrade\/nagrade-in-priznanja\/nagrada-za-zivljenjsko-delo\/nagrada-za-zivljenjsko-delo-2017-mag-alenka-kolsek-posthumno\/","title":{"rendered":"Nagrada za \u017eivljenjsko delo 2017: mag. Alenka Kol\u0161ek (posthumno)"},"content":{"rendered":"<h4>mag. Alenka Kol\u0161ek (2017, posthumno)<\/h4>\n<p>Krajinska arhitektka Alenka Kol\u0161ek je bila med prvimi konservatorji krajinskimi arhitekti, ki so se poglobljeno in sistemati\u010dno ukvarjali s prepoznavanjem in varstvom vrtnoarhitekturne dedi\u0161\u010dine\u00a0 v Sloveniji. Bila je odli\u010dna poznavalka zgodovinskih vrtov ob vilah, dvorcih in samostanih ter zdravili\u0161kih in mestnih parkov.\u00a0 Njeno delo je v veliki meri pripomoglo, da je bila vrtnoarhitekturna dedi\u0161\u010dina prepoznana kot specifi\u010den segment krajinske arhitekture in je dobila mesto v dru\u017ebi in znotraj koservatorske stroke.<\/p>\n<p>Magistrirala je z nalogo Slovenski zdravili\u0161ki parki \u2013 zgodovinski razvoj in vpra\u0161anje prenove, doktorata ji zaradi prezgodnje smrti ni uspelo kon\u010dati. Pripravila je konservatorske programe in projekte za prenovo \u0161tevilnih parkov: mestnega parka v Celju, zdravili\u0161kih parkov v Rimskih Toplicah in Roga\u0161ki Slatini, samostanskih vrtov v Olimju in \u017di\u010dah. Za prenovo parka pri dvorcu \u0160enek na Polzeli ji je Slovensko konservatorsko dru\u0161tvo podelilo Steletovo priznanje. Bila je ena od pobudnic za oblikovanje delovne komisije za varstvo vrtnoarhitekturne dedi\u0161\u010dine in kulturne krajine znotraj Zavoda za varstvo kulturne dedi\u0161\u010dine Slovenije kot predstavnica obmo\u010dne enote Celje. V delovni skupini, v kateri delujejo krajinski arhitekti z\u00a0 vseh obmo\u010dnih enot in pristojnega ministrstva, je prispevala k oblikovanju kriterijev vrednotenja za vrtnoarhitekturno dedi\u0161\u010dino in kulturno krajino. Na njeno pobudo je bila najpomembnej\u0161a vrtnoarhitekturna dedi\u0161\u010dina leta 1995 prvi\u010d predstavljena v posebni publikaciji Zgodovinski parki in vrtovi v okviru Dnevov evropske kulturne dedi\u0161\u010dine.<\/p>\n<p>Rezultate svojega \u0161tudijsko-raziskovalnega in konservatorskega dela je redno publicirala ter s tem ustvarila temeljna dela s podro\u010dja vrtnorhitekturne dedi\u0161\u010dine pri nas, ki so referen\u010dna tudi za sedanje delo stanovskih kolegov. V mednarodnem merilu izstopa njen prispevek za Enciklopedijo zgodovine vrtov (Oxford, Chicago). Leta 2007 je na Dunaju, \u017ee po njeni smrti, iz\u0161la knjiga Stadtparks in der oesterreichischen Monarchie 1765-1918, pri kateri je sodelovala kot soavtorica. V knjigi so predstavljeni tudi najpomembnej\u0161i slovenski parki.<\/p>\n<p>Bila je aktivna \u010dlanica stanovskih dru\u0161tev v sosednji Avstriji ter v Veliki Britaniji ter\u00a0 Slovenskega konservatorskega dru\u0161tva. V obdobju 2001 do 2003, ko je bila \u00a0predsednica Dru\u0161tva krajinskih arhitektov Slovenije, je skupaj s tedanjim upravnim odborom pripravila vse potrebno za uvedbo dru\u0161tvene nagrade\u00a0 in organizirala njeno prvo podelitev novembra 2002.<\/p>\n","protected":false},"excerpt":{"rendered":"<p>mag. Alenka Kol\u0161ek (2017, posthumno) Krajinska arhitektka Alenka Kol\u0161ek je bila med prvimi konservatorji krajinskimi arhitekti, ki so se poglobljeno in sistemati\u010dno ukvarjali s prepoznavanjem in varstvom vrtnoarhitekturne dedi\u0161\u010dine\u00a0 v Sloveniji. Bila je odli\u010dna poznavalka zgodovinskih vrtov ob vilah, dvorcih in samostanih ter zdravili\u0161kih in mestnih parkov.\u00a0 Njeno delo je v veliki meri pripomoglo, da [&hellip;]<\/p>\n","protected":false},"author":3,"featured_media":0,"parent":203,"menu_order":0,"comment_status":"closed","ping_status":"closed","template":"","meta":{"footnotes":""},"class_list":["post-2235","page","type-page","status-publish","hentry"],"_links":{"self":[{"href":"https:\/\/dkas.si\/fr\/wp-json\/wp\/v2\/pages\/2235","targetHints":{"allow":["GET"]}}],"collection":[{"href":"https:\/\/dkas.si\/fr\/wp-json\/wp\/v2\/pages"}],"about":[{"href":"https:\/\/dkas.si\/fr\/wp-json\/wp\/v2\/types\/page"}],"author":[{"embeddable":true,"href":"https:\/\/dkas.si\/fr\/wp-json\/wp\/v2\/users\/3"}],"replies":[{"embeddable":true,"href":"https:\/\/dkas.si\/fr\/wp-json\/wp\/v2\/comments?post=2235"}],"version-history":[{"count":1,"href":"https:\/\/dkas.si\/fr\/wp-json\/wp\/v2\/pages\/2235\/revisions"}],"predecessor-version":[{"id":2236,"href":"https:\/\/dkas.si\/fr\/wp-json\/wp\/v2\/pages\/2235\/revisions\/2236"}],"up":[{"embeddable":true,"href":"https:\/\/dkas.si\/fr\/wp-json\/wp\/v2\/pages\/203"}],"wp:attachment":[{"href":"https:\/\/dkas.si\/fr\/wp-json\/wp\/v2\/media?parent=2235"}],"curies":[{"name":"wp","href":"https:\/\/api.w.org\/{rel}","templated":true}]}}