{"id":2239,"date":"2025-10-05T12:10:59","date_gmt":"2025-10-05T10:10:59","guid":{"rendered":"https:\/\/newdkas.wpm.hehe.si\/?page_id=2239"},"modified":"2025-10-05T17:19:25","modified_gmt":"2025-10-05T15:19:25","slug":"nagrada-za-zivljenjsko-delo-2017-doc-dr-nikolaja-kravanja","status":"publish","type":"page","link":"https:\/\/dkas.si\/fr\/nagrade\/nagrade-in-priznanja\/nagrada-za-zivljenjsko-delo\/nagrada-za-zivljenjsko-delo-2017-doc-dr-nikolaja-kravanja\/","title":{"rendered":"Nagrada za \u017eivljenjsko delo 2017: doc. dr. Nikolaja Kravanja"},"content":{"rendered":"<h4>doc. dr. Nikolaja Kravanja (2017)<\/h4>\n<p><img loading=\"lazy\" decoding=\"async\" class=\"alignnone size-medium wp-image-2337\" src=\"https:\/\/dkas.si\/wp-content\/uploads\/2025\/10\/DKAS-nagrada_Nikolaja-Kravanja-300x300.jpg\" alt=\"\" width=\"300\" height=\"300\" srcset=\"https:\/\/dkas.si\/wp-content\/uploads\/2025\/10\/DKAS-nagrada_Nikolaja-Kravanja-300x300.jpg 300w, https:\/\/dkas.si\/wp-content\/uploads\/2025\/10\/DKAS-nagrada_Nikolaja-Kravanja-1024x1024.jpg 1024w, https:\/\/dkas.si\/wp-content\/uploads\/2025\/10\/DKAS-nagrada_Nikolaja-Kravanja-150x150.jpg 150w, https:\/\/dkas.si\/wp-content\/uploads\/2025\/10\/DKAS-nagrada_Nikolaja-Kravanja-768x768.jpg 768w, https:\/\/dkas.si\/wp-content\/uploads\/2025\/10\/DKAS-nagrada_Nikolaja-Kravanja.jpg 1536w\" sizes=\"auto, (max-width: 300px) 100vw, 300px\" \/><\/p>\n<p>Dr. Nikolaja Kravanja je bila \u010dlanica skupine pionirjev sodobne slovenske krajinske arhitekture na Slovenskem. \u0160tudij krajinske arhitekture je vpisala v prvi generaciji podiplomskega \u0161tudija, ki so ga skupaj organizirale Biotehni\u0161ka fakulteta Univerze v Ljubljani ter fakulteti\u00a0 za arhitekturo in agronomijo Univerze v Zagrebu. To je bila sploh prva \u2018magistrska\u2019 generacija slovenskih in hrva\u0161kih krajinskih arhitektov, ki je potem utirala pot drugim, ne nazadnje tudi rednima dodiplomskima \u0161tudijema krajinske arhitekture na Biotehni\u0161ki fakulteti v Ljubljani\u00a0 ter na Kmetijski fakulteti Univerze v Zagrebu. Njena dodiplomska usmerjenost, \u0161e v okviru \u0161tudiju kmetijstva, v podro\u010dje poznavanja in uporabe okrasnega rastlinja, tudi njene prakse v tujini, so zaznamovale njeno nadaljnje pedago\u0161ko in raziskovalno delovanje, predvsem poglobljen \u0161tudij\u00a0 uporabe rastlinja v vrtovih in javnih nasadih,\u00a0 \u0161tudij sistemov saditve rastlinja ter vloge rastlinja pri \u010dlovekovem do\u017eivljanju bivalnega okolja, posebej odprtega prostora.<\/p>\n<p>Poklicno delovanje dr. Nikolaje Kravanja je s podajanjem znanja in izku\u0161enj s podro\u010dja krajinske tehnike in poznavanja rastlinskega gradiva pomembno vplivalo na strokovne poti mladih krajinskih arhitektov.\u00a0 Njena ob\u010dutljivost do osnovnega krajinskega gradiva je pomagala bodo\u010dim krajinskih arhitektom ustvariti odnos do urbanega zelenja in pokazati pomen ustvarjanja pogojev za sobivanje ljudi in rastlin. Bila je mentorica \u0161tevilnim diplomantom, magistrom in somentorica na doktorskem \u0161tudiju.<\/p>\n<p>Pomembno je tudi njeno publicisti\u010dno sodelovanje pri\u00a0 \u0161irjenju znanja o okrasnem rastlinju v \u0161ir\u0161i javnosti. Celo planinsko (potopisno) pisanje sodi v nabor podro\u010dij njenega publicisti\u010dnega udejstvovanja. S tem je dr. Nikolaja Kravanja nakazala podro\u010dje udejstvovanja, ki je v slovenski krajinski arhitekturi ostalo in je \u0161e vedno preve\u010d ob strani, \u010deprav lahko skozi \u00bbplaninski potopis\u00ab dru\u017ebi odkrivamo krajino kot samostojno do\u017eivljajsko entiteto, ko je to v svojem obdobju storil \u00a0sloviti renesan\u010dni pesnik Francesco Petrarca. V zbirko podro\u010dij njenega zanimanja, ob posebni vlogi rastlinja, sodi tudi krajina sama, njene interpretacije, kot potrjujejo zapisi o krajini zgornje So\u0161ke doline, ne nazadnje tudi njen prispevek k inventarizaciji in vrednotenju slovenskih krajin.<\/p>\n<p>Poleg pedago\u0161ke in publicisti\u010dne dejavnosti je vidno tudi njeno raziskovalno delo, zlasti na podro\u010dju urejanja odprtega prostora v soseskah, mo\u017enosti za vklju\u010devanje krajinsko ekolo\u0161kih prvin v naselja, pa tudi \u0161tudij vpliva posegov v vodotoke ter ranljivosti in ustreznosti zemlji\u0161\u010d za namakanje v Sloveniji. Sedaj \u017ee \u0161tevilne generacije \u0161tudentov krajinske arhitekture jo poznajo predvsem kot poznavalko rastlinja in njegove uporabe pri urejanju odprtega prostora in kot eno od dejavnih \u010dlanic za\u010detne, pionirske pedago\u0161ke skupine, ki je postavila temelje dana\u0161njega \u0161tudija krajinske arhitekture na Univerzi v Ljubljani.<\/p>\n","protected":false},"excerpt":{"rendered":"<p>doc. dr. Nikolaja Kravanja (2017) Dr. Nikolaja Kravanja je bila \u010dlanica skupine pionirjev sodobne slovenske krajinske arhitekture na Slovenskem. \u0160tudij krajinske arhitekture je vpisala v prvi generaciji podiplomskega \u0161tudija, ki so ga skupaj organizirale Biotehni\u0161ka fakulteta Univerze v Ljubljani ter fakulteti\u00a0 za arhitekturo in agronomijo Univerze v Zagrebu. To je bila sploh prva \u2018magistrska\u2019 generacija [&hellip;]<\/p>\n","protected":false},"author":3,"featured_media":0,"parent":203,"menu_order":0,"comment_status":"closed","ping_status":"closed","template":"","meta":{"footnotes":""},"class_list":["post-2239","page","type-page","status-publish","hentry"],"_links":{"self":[{"href":"https:\/\/dkas.si\/fr\/wp-json\/wp\/v2\/pages\/2239","targetHints":{"allow":["GET"]}}],"collection":[{"href":"https:\/\/dkas.si\/fr\/wp-json\/wp\/v2\/pages"}],"about":[{"href":"https:\/\/dkas.si\/fr\/wp-json\/wp\/v2\/types\/page"}],"author":[{"embeddable":true,"href":"https:\/\/dkas.si\/fr\/wp-json\/wp\/v2\/users\/3"}],"replies":[{"embeddable":true,"href":"https:\/\/dkas.si\/fr\/wp-json\/wp\/v2\/comments?post=2239"}],"version-history":[{"count":5,"href":"https:\/\/dkas.si\/fr\/wp-json\/wp\/v2\/pages\/2239\/revisions"}],"predecessor-version":[{"id":2347,"href":"https:\/\/dkas.si\/fr\/wp-json\/wp\/v2\/pages\/2239\/revisions\/2347"}],"up":[{"embeddable":true,"href":"https:\/\/dkas.si\/fr\/wp-json\/wp\/v2\/pages\/203"}],"wp:attachment":[{"href":"https:\/\/dkas.si\/fr\/wp-json\/wp\/v2\/media?parent=2239"}],"curies":[{"name":"wp","href":"https:\/\/api.w.org\/{rel}","templated":true}]}}