{"id":2242,"date":"2025-10-05T12:24:32","date_gmt":"2025-10-05T10:24:32","guid":{"rendered":"https:\/\/newdkas.wpm.hehe.si\/?page_id=2242"},"modified":"2025-10-05T12:26:45","modified_gmt":"2025-10-05T10:26:45","slug":"priznanje-za-pomemben-krajinskoarhitekturni-dosezek-2022-projekt-in-izvedba-ureditve-slovenske-ulice-trga-zmage-in-luthrovega-drevoreda-v-murski-soboti","status":"publish","type":"page","link":"https:\/\/dkas.si\/fr\/nagrade\/nagrade-in-priznanja\/priznanje-za-pomemben-krajinskoarhitekturni-dosezek\/priznanje-za-pomemben-krajinskoarhitekturni-dosezek-2022-projekt-in-izvedba-ureditve-slovenske-ulice-trga-zmage-in-luthrovega-drevoreda-v-murski-soboti\/","title":{"rendered":"Priznanje za pomemben krajinskoarhitekturni dose\u017eek 2022: Projekt in izvedba Ureditve Slovenske ulice, Trga zmage in Luthrovega drevoreda v Murski Soboti"},"content":{"rendered":"<h4><img loading=\"lazy\" decoding=\"async\" class=\"alignnone size-full wp-image-1130\" src=\"https:\/\/dkas.si\/wp-content\/uploads\/2025\/09\/Ekipa-MS_foto-G.Jakovac.jpg\" sizes=\"auto, (max-width: 264px) 100vw, 264px\" srcset=\"https:\/\/dkas.si\/wp-content\/uploads\/2025\/09\/Ekipa-MS_foto-G.Jakovac.jpg 264w, https:\/\/dkas.si\/wp-content\/uploads\/2025\/09\/Ekipa-MS_foto-G.Jakovac-150x150.jpg 150w\" alt=\"\" width=\"264\" height=\"264\" data-mwl-img-id=\"1130\" \/><\/h4>\n<h4>Projekt in izvedba Ureditve Slovenske ulice, Trga zmage in Luthrovega drevoreda v Murski Soboti, avtorjev Mateja Blenku\u0161a, Darje Matja\u0161ec, Nejca Florjanca, Primo\u017ea \u017ditnika, Dominika Ko\u0161aka in Grega Valen\u010di\u010da (2022)<\/h4>\n<p>Projekt in izvedba ureditev Slovenske Ulice, Trga Zmage in Luthrovega drevoreda izhaja iz javnega nate\u010daja za urbanisti\u010dno, arhitekturno in kajinskoarhitekturno urejanje odprtih javnih povr\u0161in mestnega sredi\u0161\u010da Murske Sobote, ki ga je organiziral ZAPS leta 2016. Predlog za priznanje je na omenjenem nate\u010daju prejel prvo nagrado. Nominirane ureditve zavzemajo manj\u0161e obmo\u010dje, kot je bilo obravnavano v nate\u010daju, saj se ureditve izvajajo fazno, skladno s pridobivanjem namenskih sredstev ob\u010dine.<\/p>\n<p>Ureditve \u017eelijo mestno jedro Murske Sobote poenotiti, ozeleniti in narediti pe\u0161cu bolj prijaznega. Prva faza, prenova parka Trg zmage in Luthrovega drevoreda, izpostavlja eno pomembnej\u0161ih geometrijskih osi v Murski Soboti, to je povezavo med Sobo\u0161kim gradom in Luteransko cerkvijo. Prenova parka izkazuje spo\u0161tovanje in priznavanje predhodne zasnove arhitekta Ferija Novaka, predvsem z ohranjanjem osrednje elipse okoli spomenika ter zadr\u017eano novo zasaditvijo. Druga faza ureditve se osredoto\u010da na spomeni\u0161ko za\u0161\u010diteno Slovensko ulico, ki mestno jedro s transparentno zasaditvijo gledi\u010dij v dvoredni in domiselno \u010dlenjen drevored likovno odpira, vzpostavlja merilo \u010dloveka (pe\u0161ca) in odstira kakovostno arhitekturo urbanega sredi\u0161\u010da Murske Sobote.<\/p>\n<p>Izvedba projekta v slovensko prakso urejanja in oblikovanja zunanjih povr\u0161in vna\u0161a tudi nekaj tehni\u010dnih inovacij, kot je recimo ena prvih implementacij poroznega betona kot kon\u010dnega tlaka, recikliranje na lokaciji obstoje\u010dih tlakov iz pohorskega tonalita, uporaba Stockholmskega sistema priprave tal za sajenje dreves, sidranje dreves z jeklenimi sidri v drevesni grudi in namestitev zalivalnih vre\u010d v javne drevorede. V pri\u010dakovanju zaprtja Slovenske ceste za promet, je ureditev zasnovana dolgoro\u010dno, tako da ob odlo\u010ditvi za opustitev motornega prometa ne bodo potrebni novi posegi.<\/p>\n<p>Navedeni vidiki so bili prepoznani kot pomembni za razvoj krajinske arhitekture tako v slogovnem kot tehni\u010dnem vidiku. Pozitivni u\u010dinki v prostoru so \u017ee vidni, predvsem z zaprtjem nekaterih ulic za promet ter favoriziranjem pe\u0161ca pred prej dominantnimi motornimi vozili, vzpostavljanje prepoznavne in povezane podobe mestnega sredi\u0161\u010da pa prispeva k prepoznavnosti Murske Sobote, o \u010demer pri\u010dajo tudi medijske objave o projektu.<\/p>\n","protected":false},"excerpt":{"rendered":"<p>Projekt in izvedba Ureditve Slovenske ulice, Trga zmage in Luthrovega drevoreda v Murski Soboti, avtorjev Mateja Blenku\u0161a, Darje Matja\u0161ec, Nejca Florjanca, Primo\u017ea \u017ditnika, Dominika Ko\u0161aka in Grega Valen\u010di\u010da (2022) Projekt in izvedba ureditev Slovenske Ulice, Trga Zmage in Luthrovega drevoreda izhaja iz javnega nate\u010daja za urbanisti\u010dno, arhitekturno in kajinskoarhitekturno urejanje odprtih javnih povr\u0161in mestnega sredi\u0161\u010da [&hellip;]<\/p>\n","protected":false},"author":3,"featured_media":0,"parent":218,"menu_order":0,"comment_status":"closed","ping_status":"closed","template":"","meta":{"footnotes":""},"class_list":["post-2242","page","type-page","status-publish","hentry"],"_links":{"self":[{"href":"https:\/\/dkas.si\/fr\/wp-json\/wp\/v2\/pages\/2242","targetHints":{"allow":["GET"]}}],"collection":[{"href":"https:\/\/dkas.si\/fr\/wp-json\/wp\/v2\/pages"}],"about":[{"href":"https:\/\/dkas.si\/fr\/wp-json\/wp\/v2\/types\/page"}],"author":[{"embeddable":true,"href":"https:\/\/dkas.si\/fr\/wp-json\/wp\/v2\/users\/3"}],"replies":[{"embeddable":true,"href":"https:\/\/dkas.si\/fr\/wp-json\/wp\/v2\/comments?post=2242"}],"version-history":[{"count":1,"href":"https:\/\/dkas.si\/fr\/wp-json\/wp\/v2\/pages\/2242\/revisions"}],"predecessor-version":[{"id":2243,"href":"https:\/\/dkas.si\/fr\/wp-json\/wp\/v2\/pages\/2242\/revisions\/2243"}],"up":[{"embeddable":true,"href":"https:\/\/dkas.si\/fr\/wp-json\/wp\/v2\/pages\/218"}],"wp:attachment":[{"href":"https:\/\/dkas.si\/fr\/wp-json\/wp\/v2\/media?parent=2242"}],"curies":[{"name":"wp","href":"https:\/\/api.w.org\/{rel}","templated":true}]}}