{"id":2247,"date":"2025-10-05T12:30:31","date_gmt":"2025-10-05T10:30:31","guid":{"rendered":"https:\/\/newdkas.wpm.hehe.si\/?page_id=2247"},"modified":"2025-10-05T17:26:19","modified_gmt":"2025-10-05T15:26:19","slug":"priznanje-za-aktivnost-v-stroki-oz-drustvu-2017-doc-dr-ales-mlakar","status":"publish","type":"page","link":"https:\/\/dkas.si\/fr\/nagrade\/nagrade-in-priznanja\/priznanje-za-aktivnost-v-stroki-in-drustvu\/priznanje-za-aktivnost-v-stroki-oz-drustvu-2017-doc-dr-ales-mlakar\/","title":{"rendered":"Priznanje za aktivnost v stroki oz. dru\u0161tvu 2017: doc. dr. Ale\u0161 Mlakar"},"content":{"rendered":"<h4>doc. dr. Ale\u0161 Mlakar (2017)<\/h4>\n<p><img loading=\"lazy\" decoding=\"async\" class=\"alignnone size-medium wp-image-2338\" src=\"https:\/\/dkas.si\/wp-content\/uploads\/2025\/10\/DKAS-nagrada_Ales-Mlakar-300x300.jpg\" alt=\"\" width=\"300\" height=\"300\" srcset=\"https:\/\/dkas.si\/wp-content\/uploads\/2025\/10\/DKAS-nagrada_Ales-Mlakar-300x300.jpg 300w, https:\/\/dkas.si\/wp-content\/uploads\/2025\/10\/DKAS-nagrada_Ales-Mlakar-150x150.jpg 150w, https:\/\/dkas.si\/wp-content\/uploads\/2025\/10\/DKAS-nagrada_Ales-Mlakar.jpg 370w\" sizes=\"auto, (max-width: 300px) 100vw, 300px\" \/><\/p>\n<p>Dr. Ale\u0161 Mlakar se je po kon\u010dani be\u017eigrajski gimnaziji v Ljubljani vpisal na \u0161tudij krajinske arhitekture in na oddelku za krajinsko arhitekturo po uspe\u0161no opravljeni diplomi kon\u010dal tudi doktorski \u0161tudij.\u00a0 Poklicno pot je za\u010del leta 1994 na Ljubljanskem urbanisti\u010dnem zavodu, od leta 2007 pa deluje na samostojni poti. V posameznih obdobjih med leti 1997 in 2012 je bil sodelavec Oddelka za krajinsko arhitekturo na Biotehni\u0161ki fakulteti. V razli\u010dnih strokovnih in poslovnih okoljih doma in v tujini deluje na \u0161tevilnih podro\u010djih kot so na\u010drtovalska analiza in valorizacija, krajinsko in prostorsko planiranje, krajinsko oblikovanje, varstvo okolja, raziskovalno delo, priprava predpisov s podro\u010dja prostorskega na\u010drtovanja ter recenzije. Skupaj s prof. Maru\u0161i\u010dem je razvijal in uporabljal metode za presojanje razvojnih in varstvenih te\u017eenj oziroma izhodi\u0161\u010d. Pri tem je njegovo delo vseskozi zaznamovala skrb za uravnote\u017een razvoj prostora.<\/p>\n<p>Poleg visoke eti\u010dne in strokovne dr\u017ee Ale\u0161a Mlakarja zaznamuje predano pedago\u0161ko delo, preko katerega znanje in izku\u0161nje uspe\u0161no posreduje mlaj\u0161im kolegom. Posve\u010da se zlasti vsebinskim vpra\u0161anjem, skrbi za strokovnost in kakovosten\u00a0 prostor, \u0161e zlasti\u00a0 pri aktualnih spremembah zakonodaje, organizaciji strokovnih sre\u010danj ter pripravi zbornikov. Je aktiven \u010dlan projektne skupine Odgovorno do prostora; kot predstavnik krajinskih arhitektov v Zbornici za arhitekturo in prostor Slovenije je uvedel prakso rednih predavanj za arhitekte, krajinske arhitekte in prostorske na\u010drtovalce.\u00a0 V \u010dasu predsedovanja sekciji prostorskih na\u010drtovalcev\u00a0 je bil neprecenljiv njegov prispevek k polo\u017eaju stroke in pomena prostorskega na\u010drtovanja v okviru zbornice in \u0161ir\u0161e.<\/p>\n<p>Kot je v svoji recenziji predloga za priznanje zapisal prof.\u00a0 dr.\u00a0 Janez Maru\u0161i\u010d, v \u010dasu, ko je prostorsko na\u010drtovanje razgrajeno, potisnjeno v okvire, ki zanemarjajo njegovo poglavitno poslanstvo, lahko prav strokovnjak, kot je Ale\u0161 Mlakar, z znanjem na podro\u010dju na\u010drtovanja rabe in varstva zemlji\u0161\u010d in predvsem z bogatimi prakti\u010dnimi izku\u0161njami, odigra pomembno vlogo pri tem, da se prostorskemu na\u010drtovanju ponovno da polo\u017eaj in pomen dejavnika skrbnika nacionalnega prostora.<\/p>\n","protected":false},"excerpt":{"rendered":"<p>doc. dr. Ale\u0161 Mlakar (2017) Dr. Ale\u0161 Mlakar se je po kon\u010dani be\u017eigrajski gimnaziji v Ljubljani vpisal na \u0161tudij krajinske arhitekture in na oddelku za krajinsko arhitekturo po uspe\u0161no opravljeni diplomi kon\u010dal tudi doktorski \u0161tudij.\u00a0 Poklicno pot je za\u010del leta 1994 na Ljubljanskem urbanisti\u010dnem zavodu, od leta 2007 pa deluje na samostojni poti. V posameznih [&hellip;]<\/p>\n","protected":false},"author":3,"featured_media":0,"parent":210,"menu_order":0,"comment_status":"closed","ping_status":"closed","template":"","meta":{"footnotes":""},"class_list":["post-2247","page","type-page","status-publish","hentry"],"_links":{"self":[{"href":"https:\/\/dkas.si\/fr\/wp-json\/wp\/v2\/pages\/2247","targetHints":{"allow":["GET"]}}],"collection":[{"href":"https:\/\/dkas.si\/fr\/wp-json\/wp\/v2\/pages"}],"about":[{"href":"https:\/\/dkas.si\/fr\/wp-json\/wp\/v2\/types\/page"}],"author":[{"embeddable":true,"href":"https:\/\/dkas.si\/fr\/wp-json\/wp\/v2\/users\/3"}],"replies":[{"embeddable":true,"href":"https:\/\/dkas.si\/fr\/wp-json\/wp\/v2\/comments?post=2247"}],"version-history":[{"count":2,"href":"https:\/\/dkas.si\/fr\/wp-json\/wp\/v2\/pages\/2247\/revisions"}],"predecessor-version":[{"id":2350,"href":"https:\/\/dkas.si\/fr\/wp-json\/wp\/v2\/pages\/2247\/revisions\/2350"}],"up":[{"embeddable":true,"href":"https:\/\/dkas.si\/fr\/wp-json\/wp\/v2\/pages\/210"}],"wp:attachment":[{"href":"https:\/\/dkas.si\/fr\/wp-json\/wp\/v2\/media?parent=2247"}],"curies":[{"name":"wp","href":"https:\/\/api.w.org\/{rel}","templated":true}]}}