{"id":2252,"date":"2025-10-05T12:32:26","date_gmt":"2025-10-05T10:32:26","guid":{"rendered":"https:\/\/newdkas.wpm.hehe.si\/?page_id=2252"},"modified":"2025-10-05T12:35:03","modified_gmt":"2025-10-05T10:35:03","slug":"priznanje-za-aktivnost-v-stroki-oz-drustvu-2022-radovan-romih","status":"publish","type":"page","link":"https:\/\/dkas.si\/fr\/nagrade\/nagrade-in-priznanja\/priznanje-za-aktivnost-v-stroki-in-drustvu\/priznanje-za-aktivnost-v-stroki-oz-drustvu-2022-radovan-romih\/","title":{"rendered":"Priznanje za aktivnost v stroki oz. dru\u0161tvu 2022: Radovan Romih"},"content":{"rendered":"<h4><img loading=\"lazy\" decoding=\"async\" class=\"alignnone wp-image-1166\" src=\"https:\/\/dkas.si\/wp-content\/uploads\/2025\/09\/Rado-Romih_foto-G.Jakovac.jpg\" alt=\"\" width=\"239\" height=\"232\" \/><\/h4>\n<h4>Radovan Romih (2022)<\/h4>\n<p>Radovan Romih, predstavnik prve generacije iz\u0161olanih krajinskih arhitektov, je direktor podjetja Razvojni center Planiranje d.o.o. Celje, predsednik Mati\u010dne sekcije krajinskih arhitektov pri Zbornici za arhitekturo in prostor ter aktiven \u010dlan Dru\u0161tva krajinskih arhitektov Slovenije in Dru\u0161tva urbanistov in prostorskih planerjev Slovenije (DUPPS).<\/p>\n<p>Radovan Romih deluje na vseh ravneh prostorskega na\u010drtovanja, od strate\u0161kega planiranja, urbanizma, izvedbenih projektov, izdelave strokovnih podlag, prostorskih aktov, recenzij in raziskovalnih nalog. Sodeloval je na ve\u010d nate\u010dajih kot izdelovalec ali \u010dlan komisije. Leta 2017 je prejel nagrado ZAPS Zlati svin\u010dnik za nalogo \u00bbStrokovne podlage za UN Celje \u2013 poselitev, infrastruktura, reurbanizacija\u00ab. Poleg sodelovanja v razli\u010dnih prostorskona\u010drtovalskih nalogah je vse od ustanovitve Zbornice za arhitekturo in prostor njen aktivni \u010dlan, kjer je opravljal \u017ee ve\u010d funkcij. Kot predsednik sekcije krajinskih arhitektov je skrbel za interese stroke, obenem pa je opravljal delo \u010dlana Komisije za strokovni nadzor in predsednika Izpitne komisije za strokovni izpit za poobla\u0161\u010denega krajinskega arhitekta. V tej vlogi, pa tudi kot mentor v podjetju, pomaga pri razvoju \u0161tevilnih mladih krajinskih arhitektov.<\/p>\n<p>Opisano delovanje Radovana Romiha dokazuje njegovo visoko strokovno usposobljenost, skrb za razvoj in uveljavitev stroke, sposobnost transdisciplinarnega povezovanja ter velik ugled, ki ga u\u017eiva v \u0161ir\u0161i strokovni javnosti.<\/p>\n","protected":false},"excerpt":{"rendered":"<p>Radovan Romih (2022) Radovan Romih, predstavnik prve generacije iz\u0161olanih krajinskih arhitektov, je direktor podjetja Razvojni center Planiranje d.o.o. Celje, predsednik Mati\u010dne sekcije krajinskih arhitektov pri Zbornici za arhitekturo in prostor ter aktiven \u010dlan Dru\u0161tva krajinskih arhitektov Slovenije in Dru\u0161tva urbanistov in prostorskih planerjev Slovenije (DUPPS). Radovan Romih deluje na vseh ravneh prostorskega na\u010drtovanja, od strate\u0161kega [&hellip;]<\/p>\n","protected":false},"author":3,"featured_media":0,"parent":210,"menu_order":0,"comment_status":"closed","ping_status":"closed","template":"","meta":{"footnotes":""},"class_list":["post-2252","page","type-page","status-publish","hentry"],"_links":{"self":[{"href":"https:\/\/dkas.si\/fr\/wp-json\/wp\/v2\/pages\/2252","targetHints":{"allow":["GET"]}}],"collection":[{"href":"https:\/\/dkas.si\/fr\/wp-json\/wp\/v2\/pages"}],"about":[{"href":"https:\/\/dkas.si\/fr\/wp-json\/wp\/v2\/types\/page"}],"author":[{"embeddable":true,"href":"https:\/\/dkas.si\/fr\/wp-json\/wp\/v2\/users\/3"}],"replies":[{"embeddable":true,"href":"https:\/\/dkas.si\/fr\/wp-json\/wp\/v2\/comments?post=2252"}],"version-history":[{"count":1,"href":"https:\/\/dkas.si\/fr\/wp-json\/wp\/v2\/pages\/2252\/revisions"}],"predecessor-version":[{"id":2253,"href":"https:\/\/dkas.si\/fr\/wp-json\/wp\/v2\/pages\/2252\/revisions\/2253"}],"up":[{"embeddable":true,"href":"https:\/\/dkas.si\/fr\/wp-json\/wp\/v2\/pages\/210"}],"wp:attachment":[{"href":"https:\/\/dkas.si\/fr\/wp-json\/wp\/v2\/media?parent=2252"}],"curies":[{"name":"wp","href":"https:\/\/api.w.org\/{rel}","templated":true}]}}