{"id":2352,"date":"2025-10-05T17:47:21","date_gmt":"2025-10-05T15:47:21","guid":{"rendered":"https:\/\/newdkas.wpm.hehe.si\/?page_id=2352"},"modified":"2025-10-28T18:36:44","modified_gmt":"2025-10-28T17:36:44","slug":"projekti","status":"publish","type":"page","link":"https:\/\/dkas.si\/fr\/projekti-in-publikacije\/projekti\/","title":{"rendered":"Projekti"},"content":{"rendered":"<h2>Projekti dru\u0161tva<\/h2>\n<p><strong>Poleg rednih aktivnosti in odzivov na aktualno dogajanje, se v sklopu dru\u0161tvenih projektov poglobljeno lotevamo (premalo) izpostavljenih strokovnih tematik, z rezultati katerih stremimo k izbolj\u0161anju oz. vzpostavitvi prakse na podro\u010dju krajine in (javnega) prostora.<\/strong><\/p>\n<p><strong><span style=\"color: #99cc00;\">2023 <\/span><a href=\"https:\/\/dkas.si\/projekti-in-publikacije\/projekti\/mesto-dreves\/\">Mesto dreves<\/a><\/strong><\/p>\n<p style=\"padding-left: 40px;\">Vodenje projekta: Petra Grmek, Jana Kozamernik<br \/>\nSofinanciranje: Mre\u017ea za prostor (Podnebni program)<br \/>\nGrafi\u010dni materiali: Katja Mali, Petra Grmek<\/p>\n<p><strong><span style=\"color: #99cc00;\">2018-2020 <\/span><a href=\"https:\/\/dkas.si\/projekti-in-publikacije\/projekti\/krajinska-politika\/\">Varstvo in razvoj slovenske krajine: Izhodi\u0161\u010da za oblikovanje krajinske politike<\/a><\/strong><\/p>\n<p style=\"padding-left: 40px;\">Vodenje projekta: <span style=\"color: #ff9900;\">??? dr. Tadej Bevk, dr. Ale\u0161 Mlakar, mag. Jelka Hudoklin<\/span><br \/>\nPartnerji: IPoP, CIPRA<br \/>\nSofinanciranje: Ministrstvo za okolje in prostor<\/p>\n<p><strong><span style=\"color: #99cc00;\">2004-2005 <\/span><a href=\"https:\/\/dkas.si\/projekti-in-publikacije\/projekti\/mi-urejamo-krajino-we-are-making-our-landscape-2004-2005\/\">Mi urejamo krajino<\/a><\/strong><\/p>\n<p style=\"padding-left: 40px;\">Vodenje projekta: mag. Nata\u0161a Bratina Jurkovi\u010d, Jelena Hladnik<br \/>\nV sodelovanju z: Oddelek za krajinsko arhitekturo, BF<br \/>\nSofinanciranje: Ministrstvo za okolje, prostor in energijo<br \/>\nGrafi\u010dni materiali: dr. Tanja Simoni\u010d<\/p>\n","protected":false},"excerpt":{"rendered":"<p>Projekti dru\u0161tva Poleg rednih aktivnosti in odzivov na aktualno dogajanje, se v sklopu dru\u0161tvenih projektov poglobljeno lotevamo (premalo) izpostavljenih strokovnih tematik, z rezultati katerih stremimo k izbolj\u0161anju oz. vzpostavitvi prakse na podro\u010dju krajine in (javnega) prostora. 2023 Mesto dreves Vodenje projekta: Petra Grmek, Jana Kozamernik Sofinanciranje: Mre\u017ea za prostor (Podnebni program) Grafi\u010dni materiali: Katja Mali, [&hellip;]<\/p>\n","protected":false},"author":3,"featured_media":2134,"parent":59,"menu_order":0,"comment_status":"closed","ping_status":"closed","template":"","meta":{"footnotes":""},"class_list":["post-2352","page","type-page","status-publish","has-post-thumbnail","hentry"],"_links":{"self":[{"href":"https:\/\/dkas.si\/fr\/wp-json\/wp\/v2\/pages\/2352","targetHints":{"allow":["GET"]}}],"collection":[{"href":"https:\/\/dkas.si\/fr\/wp-json\/wp\/v2\/pages"}],"about":[{"href":"https:\/\/dkas.si\/fr\/wp-json\/wp\/v2\/types\/page"}],"author":[{"embeddable":true,"href":"https:\/\/dkas.si\/fr\/wp-json\/wp\/v2\/users\/3"}],"replies":[{"embeddable":true,"href":"https:\/\/dkas.si\/fr\/wp-json\/wp\/v2\/comments?post=2352"}],"version-history":[{"count":5,"href":"https:\/\/dkas.si\/fr\/wp-json\/wp\/v2\/pages\/2352\/revisions"}],"predecessor-version":[{"id":2421,"href":"https:\/\/dkas.si\/fr\/wp-json\/wp\/v2\/pages\/2352\/revisions\/2421"}],"up":[{"embeddable":true,"href":"https:\/\/dkas.si\/fr\/wp-json\/wp\/v2\/pages\/59"}],"wp:featuredmedia":[{"embeddable":true,"href":"https:\/\/dkas.si\/fr\/wp-json\/wp\/v2\/media\/2134"}],"wp:attachment":[{"href":"https:\/\/dkas.si\/fr\/wp-json\/wp\/v2\/media?parent=2352"}],"curies":[{"name":"wp","href":"https:\/\/api.w.org\/{rel}","templated":true}]}}