{"id":2364,"date":"2025-10-06T22:35:34","date_gmt":"2025-10-06T20:35:34","guid":{"rendered":"https:\/\/newdkas.wpm.hehe.si\/?page_id=2364"},"modified":"2025-10-06T22:44:04","modified_gmt":"2025-10-06T20:44:04","slug":"mi-urejamo-krajino-zbornik","status":"publish","type":"page","link":"https:\/\/dkas.si\/fr\/projekti-in-publikacije\/publikacije\/mi-urejamo-krajino-zbornik\/","title":{"rendered":"Mi urejamo krajino ZBORNIK"},"content":{"rendered":"<h2>Mi urejamo krajino<\/h2>\n<p><a href=\"https:\/\/dkas.si\/wp-content\/uploads\/2025\/10\/MUK_zbornik.pdf\">Mi urejamo krajino &#8211; zbornik predstavitvene delavnice<\/a><\/p>\n<p><a href=\"https:\/\/dkas.si\/wp-content\/uploads\/2025\/10\/MUK_zlozenka_SLO.pdf\">Mi urejamo krajino &#8211; zlo\u017eenka_SLO<\/a><\/p>\n<p><a href=\"https:\/\/dkas.si\/wp-content\/uploads\/2025\/10\/MUK_brochure_ENG.pdf\">Mi urejamo krajino &#8211; brochure_ENG<\/a><\/p>\n<p>Ljubljana,<br \/>\nCenter Vlade za informatiko<br \/>\n5. november 2004<\/p>\n<p>Izdalo: Dru\u0161tvo krajinskih arhitektov Slovenije<\/p>\n<p>Organizacijski in uredni\u0161ki odbor:<\/p>\n<p>Jelena Hladnik<br \/>\nmag. Nata\u0161a Bratina Jurkovi\u010d<br \/>\ndr. Tanja Simoni\u010d<\/p>\n<p>Oblikovanje, risba na naslovnici:<br \/>\nTanja Simoni\u010d<\/p>\n<div id='gallery-1' class='gallery galleryid-2364 gallery-columns-3 gallery-size-thumbnail'><figure class='gallery-item'>\n\t\t\t<div class='gallery-icon portrait'>\n\t\t\t\t<a href='https:\/\/dkas.si\/fr\/projekti-in-publikacije\/publikacije\/mi-urejamo-krajino-zbornik\/muk_brochure_eng-2\/'><img loading=\"lazy\" decoding=\"async\" width=\"150\" height=\"150\" src=\"https:\/\/dkas.si\/wp-content\/uploads\/2025\/10\/MUK_brochure_ENG-150x150.jpg\" class=\"attachment-thumbnail size-thumbnail\" alt=\"\" \/><\/a>\n\t\t\t<\/div><\/figure><figure class='gallery-item'>\n\t\t\t<div class='gallery-icon portrait'>\n\t\t\t\t<a href='https:\/\/dkas.si\/fr\/projekti-in-publikacije\/publikacije\/mi-urejamo-krajino-zbornik\/muk_zlozenka_slo-2\/'><img loading=\"lazy\" decoding=\"async\" width=\"150\" height=\"150\" src=\"https:\/\/dkas.si\/wp-content\/uploads\/2025\/10\/MUK_zlozenka_SLO-150x150.jpg\" class=\"attachment-thumbnail size-thumbnail\" alt=\"\" \/><\/a>\n\t\t\t<\/div><\/figure><figure class='gallery-item'>\n\t\t\t<div class='gallery-icon portrait'>\n\t\t\t\t<a href='https:\/\/dkas.si\/fr\/projekti-in-publikacije\/publikacije\/mi-urejamo-krajino-zbornik\/2008_muk-plakat2-cdr\/'><img loading=\"lazy\" decoding=\"async\" width=\"150\" height=\"150\" src=\"https:\/\/dkas.si\/wp-content\/uploads\/2025\/10\/2008_MUK-poster_eng-150x150.jpg\" class=\"attachment-thumbnail size-thumbnail\" alt=\"\" \/><\/a>\n\t\t\t<\/div><\/figure><figure class='gallery-item'>\n\t\t\t<div class='gallery-icon portrait'>\n\t\t\t\t<a href='https:\/\/dkas.si\/fr\/projekti-in-publikacije\/publikacije\/mi-urejamo-krajino-zbornik\/alpske_krajine_o\/'><img loading=\"lazy\" decoding=\"async\" width=\"150\" height=\"150\" src=\"https:\/\/dkas.si\/wp-content\/uploads\/2025\/10\/alpske_krajine_o-150x150.jpg\" class=\"attachment-thumbnail size-thumbnail\" alt=\"\" \/><\/a>\n\t\t\t<\/div><\/figure><figure class='gallery-item'>\n\t\t\t<div class='gallery-icon portrait'>\n\t\t\t\t<a href='https:\/\/dkas.si\/fr\/projekti-in-publikacije\/publikacije\/mi-urejamo-krajino-zbornik\/kraske_krajine_o\/'><img loading=\"lazy\" decoding=\"async\" width=\"150\" height=\"150\" src=\"https:\/\/dkas.si\/wp-content\/uploads\/2025\/10\/kraske_krajine_o-150x150.jpg\" class=\"attachment-thumbnail size-thumbnail\" alt=\"\" \/><\/a>\n\t\t\t<\/div><\/figure><figure class='gallery-item'>\n\t\t\t<div class='gallery-icon portrait'>\n\t\t\t\t<a href='https:\/\/dkas.si\/fr\/projekti-in-publikacije\/publikacije\/mi-urejamo-krajino-zbornik\/predalpske_krajine_o\/'><img loading=\"lazy\" decoding=\"async\" width=\"150\" height=\"150\" src=\"https:\/\/dkas.si\/wp-content\/uploads\/2025\/10\/predalpske_krajine_o-150x150.jpg\" class=\"attachment-thumbnail size-thumbnail\" alt=\"\" \/><\/a>\n\t\t\t<\/div><\/figure><figure class='gallery-item'>\n\t\t\t<div class='gallery-icon portrait'>\n\t\t\t\t<a href='https:\/\/dkas.si\/fr\/projekti-in-publikacije\/publikacije\/mi-urejamo-krajino-zbornik\/primorske_krajine_o\/'><img loading=\"lazy\" decoding=\"async\" width=\"150\" height=\"150\" src=\"https:\/\/dkas.si\/wp-content\/uploads\/2025\/10\/primorske_krajine_o-150x150.jpg\" class=\"attachment-thumbnail size-thumbnail\" alt=\"\" \/><\/a>\n\t\t\t<\/div><\/figure><figure class='gallery-item'>\n\t\t\t<div class='gallery-icon portrait'>\n\t\t\t\t<a href='https:\/\/dkas.si\/fr\/projekti-in-publikacije\/publikacije\/mi-urejamo-krajino-zbornik\/subpanonske_krajine_\/'><img loading=\"lazy\" decoding=\"async\" width=\"150\" height=\"150\" src=\"https:\/\/dkas.si\/wp-content\/uploads\/2025\/10\/Subpanonske_krajine_-150x150.jpg\" class=\"attachment-thumbnail size-thumbnail\" alt=\"\" \/><\/a>\n\t\t\t<\/div><\/figure><figure class='gallery-item'>\n\t\t\t<div class='gallery-icon landscape'>\n\t\t\t\t<a href='https:\/\/dkas.si\/fr\/projekti-in-publikacije\/publikacije\/mi-urejamo-krajino-zbornik\/vabilo_sponzorjil\/'><img loading=\"lazy\" decoding=\"async\" width=\"150\" height=\"150\" src=\"https:\/\/dkas.si\/wp-content\/uploads\/2025\/10\/vabilo_sponzorjiL-150x150.jpg\" class=\"attachment-thumbnail size-thumbnail\" alt=\"\" \/><\/a>\n\t\t\t<\/div><\/figure>\n\t\t<\/div>\n\n<p>&nbsp;<\/p>\n<div class=\"mceTemp\"><\/div>\n","protected":false},"excerpt":{"rendered":"<p>Mi urejamo krajino Mi urejamo krajino &#8211; zbornik predstavitvene delavnice Mi urejamo krajino &#8211; zlo\u017eenka_SLO Mi urejamo krajino &#8211; brochure_ENG Ljubljana, Center Vlade za informatiko 5. november 2004 Izdalo: Dru\u0161tvo krajinskih arhitektov Slovenije Organizacijski in uredni\u0161ki odbor: Jelena Hladnik mag. Nata\u0161a Bratina Jurkovi\u010d dr. Tanja Simoni\u010d Oblikovanje, risba na naslovnici: Tanja Simoni\u010d &nbsp;<\/p>\n","protected":false},"author":2,"featured_media":2366,"parent":89,"menu_order":0,"comment_status":"closed","ping_status":"closed","template":"","meta":{"footnotes":""},"class_list":["post-2364","page","type-page","status-publish","has-post-thumbnail","hentry"],"_links":{"self":[{"href":"https:\/\/dkas.si\/fr\/wp-json\/wp\/v2\/pages\/2364","targetHints":{"allow":["GET"]}}],"collection":[{"href":"https:\/\/dkas.si\/fr\/wp-json\/wp\/v2\/pages"}],"about":[{"href":"https:\/\/dkas.si\/fr\/wp-json\/wp\/v2\/types\/page"}],"author":[{"embeddable":true,"href":"https:\/\/dkas.si\/fr\/wp-json\/wp\/v2\/users\/2"}],"replies":[{"embeddable":true,"href":"https:\/\/dkas.si\/fr\/wp-json\/wp\/v2\/comments?post=2364"}],"version-history":[{"count":3,"href":"https:\/\/dkas.si\/fr\/wp-json\/wp\/v2\/pages\/2364\/revisions"}],"predecessor-version":[{"id":2382,"href":"https:\/\/dkas.si\/fr\/wp-json\/wp\/v2\/pages\/2364\/revisions\/2382"}],"up":[{"embeddable":true,"href":"https:\/\/dkas.si\/fr\/wp-json\/wp\/v2\/pages\/89"}],"wp:featuredmedia":[{"embeddable":true,"href":"https:\/\/dkas.si\/fr\/wp-json\/wp\/v2\/media\/2366"}],"wp:attachment":[{"href":"https:\/\/dkas.si\/fr\/wp-json\/wp\/v2\/media?parent=2364"}],"curies":[{"name":"wp","href":"https:\/\/api.w.org\/{rel}","templated":true}]}}