{"id":2536,"date":"2025-10-15T11:41:33","date_gmt":"2025-10-15T09:41:33","guid":{"rendered":"https:\/\/newdkas.wpm.hehe.si\/?page_id=2536"},"modified":"2025-11-04T10:10:29","modified_gmt":"2025-11-04T09:10:29","slug":"ekskurzije","status":"publish","type":"page","link":"https:\/\/dkas.si\/fr\/aktivnosti\/ekskurzije\/","title":{"rendered":"Ekskurzije"},"content":{"rendered":"<h2><\/h2>\n<h2>Ekskurzije<\/h2>\n<h4>2023 DKAS ekskurzija: Kozjansko in Posavje<\/h4>\n<p>V okviru meseca krajinske arhitekture smo se v soboto, 13. maja 2023, odpravili na strokovno ekskurzijo na Kozjansko in v Posavje. Po Kozjanskem parku nas je vodila na\u0161a kolegica Vesna Zakonj\u0161ek in nam predstavila nabor projektov, ki jih izvajajo v okviru parka. Ogledali smo si trg Podsreda, drevesnico starih sort jablan in grad Podsreda. S potjo smo nadaljevali proti vasi Kapele, kjer smo ogledali obmo\u010dje naravnega parka Jovsi. Ekskurzijo smo zaklju\u010dili v Kr\u0161kem z ogledom urbanih intervencij, ki jih v sodelovanju z Mestno ob\u010dino Kr\u0161ko ustvarja ekipa Prostor vmes.<\/p>\n<div id='gallery-1' class='gallery galleryid-2536 gallery-columns-3 gallery-size-thumbnail'><figure class='gallery-item'>\n\t\t\t<div class='gallery-icon landscape'>\n\t\t\t\t<a href='https:\/\/dkas.si\/fr\/aktivnosti\/ekskurzije\/2023_ek00\/'><img loading=\"lazy\" decoding=\"async\" width=\"150\" height=\"150\" src=\"https:\/\/dkas.si\/wp-content\/uploads\/2025\/11\/2023_ek00-150x150.jpg\" class=\"attachment-thumbnail size-thumbnail\" alt=\"\" \/><\/a>\n\t\t\t<\/div><\/figure><figure class='gallery-item'>\n\t\t\t<div class='gallery-icon landscape'>\n\t\t\t\t<a href='https:\/\/dkas.si\/fr\/aktivnosti\/ekskurzije\/2023_ek01\/'><img loading=\"lazy\" decoding=\"async\" width=\"150\" height=\"150\" src=\"https:\/\/dkas.si\/wp-content\/uploads\/2025\/11\/2023_ek01-150x150.jpg\" class=\"attachment-thumbnail size-thumbnail\" alt=\"\" \/><\/a>\n\t\t\t<\/div><\/figure><figure class='gallery-item'>\n\t\t\t<div class='gallery-icon landscape'>\n\t\t\t\t<a href='https:\/\/dkas.si\/fr\/aktivnosti\/ekskurzije\/2023_ek02\/'><img loading=\"lazy\" decoding=\"async\" width=\"150\" height=\"150\" src=\"https:\/\/dkas.si\/wp-content\/uploads\/2025\/11\/2023_ek02-150x150.jpg\" class=\"attachment-thumbnail size-thumbnail\" alt=\"\" \/><\/a>\n\t\t\t<\/div><\/figure><figure class='gallery-item'>\n\t\t\t<div class='gallery-icon landscape'>\n\t\t\t\t<a href='https:\/\/dkas.si\/fr\/aktivnosti\/ekskurzije\/2023_ek03\/'><img loading=\"lazy\" decoding=\"async\" width=\"150\" height=\"150\" src=\"https:\/\/dkas.si\/wp-content\/uploads\/2025\/11\/2023_ek03-150x150.jpg\" class=\"attachment-thumbnail size-thumbnail\" alt=\"\" \/><\/a>\n\t\t\t<\/div><\/figure><figure class='gallery-item'>\n\t\t\t<div class='gallery-icon landscape'>\n\t\t\t\t<a href='https:\/\/dkas.si\/fr\/aktivnosti\/ekskurzije\/2023_ek04\/'><img loading=\"lazy\" decoding=\"async\" width=\"150\" height=\"150\" src=\"https:\/\/dkas.si\/wp-content\/uploads\/2025\/11\/2023_ek04-150x150.jpg\" class=\"attachment-thumbnail size-thumbnail\" alt=\"\" \/><\/a>\n\t\t\t<\/div><\/figure><figure class='gallery-item'>\n\t\t\t<div class='gallery-icon portrait'>\n\t\t\t\t<a href='https:\/\/dkas.si\/fr\/aktivnosti\/ekskurzije\/2023_ek040\/'><img loading=\"lazy\" decoding=\"async\" width=\"150\" height=\"150\" src=\"https:\/\/dkas.si\/wp-content\/uploads\/2025\/11\/2023_ek040-150x150.jpg\" class=\"attachment-thumbnail size-thumbnail\" alt=\"\" \/><\/a>\n\t\t\t<\/div><\/figure><figure class='gallery-item'>\n\t\t\t<div class='gallery-icon portrait'>\n\t\t\t\t<a href='https:\/\/dkas.si\/fr\/aktivnosti\/ekskurzije\/2023_ek041\/'><img loading=\"lazy\" decoding=\"async\" width=\"150\" height=\"150\" src=\"https:\/\/dkas.si\/wp-content\/uploads\/2025\/11\/2023_ek041-150x150.jpg\" class=\"attachment-thumbnail size-thumbnail\" alt=\"\" \/><\/a>\n\t\t\t<\/div><\/figure><figure class='gallery-item'>\n\t\t\t<div class='gallery-icon landscape'>\n\t\t\t\t<a href='https:\/\/dkas.si\/fr\/aktivnosti\/ekskurzije\/2023_ek042\/'><img loading=\"lazy\" decoding=\"async\" width=\"150\" height=\"150\" src=\"https:\/\/dkas.si\/wp-content\/uploads\/2025\/11\/2023_ek042-150x150.jpg\" class=\"attachment-thumbnail size-thumbnail\" alt=\"\" \/><\/a>\n\t\t\t<\/div><\/figure><figure class='gallery-item'>\n\t\t\t<div class='gallery-icon landscape'>\n\t\t\t\t<a href='https:\/\/dkas.si\/fr\/aktivnosti\/ekskurzije\/2023_ek043\/'><img loading=\"lazy\" decoding=\"async\" width=\"150\" height=\"150\" src=\"https:\/\/dkas.si\/wp-content\/uploads\/2025\/11\/2023_ek043-150x150.jpg\" class=\"attachment-thumbnail size-thumbnail\" alt=\"\" \/><\/a>\n\t\t\t<\/div><\/figure><figure class='gallery-item'>\n\t\t\t<div class='gallery-icon landscape'>\n\t\t\t\t<a href='https:\/\/dkas.si\/fr\/aktivnosti\/ekskurzije\/2023_ek044\/'><img loading=\"lazy\" decoding=\"async\" width=\"150\" height=\"150\" src=\"https:\/\/dkas.si\/wp-content\/uploads\/2025\/11\/2023_ek044-150x150.jpg\" class=\"attachment-thumbnail size-thumbnail\" alt=\"\" \/><\/a>\n\t\t\t<\/div><\/figure><figure class='gallery-item'>\n\t\t\t<div class='gallery-icon portrait'>\n\t\t\t\t<a href='https:\/\/dkas.si\/fr\/aktivnosti\/ekskurzije\/2023_ek046\/'><img loading=\"lazy\" decoding=\"async\" width=\"150\" height=\"150\" src=\"https:\/\/dkas.si\/wp-content\/uploads\/2025\/11\/2023_ek046-150x150.jpg\" class=\"attachment-thumbnail size-thumbnail\" alt=\"\" \/><\/a>\n\t\t\t<\/div><\/figure><figure class='gallery-item'>\n\t\t\t<div class='gallery-icon landscape'>\n\t\t\t\t<a href='https:\/\/dkas.si\/fr\/aktivnosti\/ekskurzije\/2023_ek047\/'><img loading=\"lazy\" decoding=\"async\" width=\"150\" height=\"150\" src=\"https:\/\/dkas.si\/wp-content\/uploads\/2025\/11\/2023_ek047-150x150.jpg\" class=\"attachment-thumbnail size-thumbnail\" alt=\"\" \/><\/a>\n\t\t\t<\/div><\/figure><figure class='gallery-item'>\n\t\t\t<div class='gallery-icon landscape'>\n\t\t\t\t<a href='https:\/\/dkas.si\/fr\/aktivnosti\/ekskurzije\/2023_ek048\/'><img loading=\"lazy\" decoding=\"async\" width=\"150\" height=\"150\" src=\"https:\/\/dkas.si\/wp-content\/uploads\/2025\/11\/2023_ek048-150x150.jpg\" class=\"attachment-thumbnail size-thumbnail\" alt=\"\" \/><\/a>\n\t\t\t<\/div><\/figure><figure class='gallery-item'>\n\t\t\t<div class='gallery-icon landscape'>\n\t\t\t\t<a href='https:\/\/dkas.si\/fr\/aktivnosti\/ekskurzije\/2023_ek060\/'><img loading=\"lazy\" decoding=\"async\" width=\"150\" height=\"150\" src=\"https:\/\/dkas.si\/wp-content\/uploads\/2025\/11\/2023_ek060-150x150.jpg\" class=\"attachment-thumbnail size-thumbnail\" alt=\"\" \/><\/a>\n\t\t\t<\/div><\/figure><figure class='gallery-item'>\n\t\t\t<div class='gallery-icon landscape'>\n\t\t\t\t<a href='https:\/\/dkas.si\/fr\/aktivnosti\/ekskurzije\/2023_ek070\/'><img loading=\"lazy\" decoding=\"async\" width=\"150\" height=\"150\" src=\"https:\/\/dkas.si\/wp-content\/uploads\/2025\/11\/2023_ek070-150x150.jpg\" class=\"attachment-thumbnail size-thumbnail\" alt=\"\" \/><\/a>\n\t\t\t<\/div><\/figure>\n\t\t<\/div>\n\n<h3><\/h3>\n<h3><\/h3>\n<h4>2017 DKAS ekskurzija: Prekmurje<\/h4>\n<p>V sklopu dogodkov ob praznovanju 25-letnice ustanovitve DKAS smo se 21. oktobra 2017 odpravili na potep po Prekmurju ter obiskali grad Grad v Krajinskem parku Gori\u010dko, Bukovni\u0161ko jezero, kjer nas je gostil \u017eupan ob\u010dine Dobrovnik Marjan Kardinar, ogledali smo si razstavo BIO25 &lsquo;Tako dale\u010d, tako blizu&rsquo; v Genterovcih, \u017eidovsko pokopali\u0161\u010de v Dolgi vasi ter se za zaklju\u010dek povzpeli na razgledni stolp Vinarium v Dolgova\u0161kih Goricah.<\/p>\n<p>foto: Luka Vidic in Stanka De\u0161nik<\/p>\n<div id='gallery-2' class='gallery galleryid-2536 gallery-columns-3 gallery-size-thumbnail'><figure class='gallery-item'>\n\t\t\t<div class='gallery-icon landscape'>\n\t\t\t\t<a href='https:\/\/dkas.si\/fr\/aktivnosti\/ekskurzije\/izlet-lendava-grad-2\/'><img loading=\"lazy\" decoding=\"async\" width=\"150\" height=\"150\" src=\"https:\/\/dkas.si\/wp-content\/uploads\/2025\/11\/DKAS-izlet_Goricko_001-150x150.jpg\" class=\"attachment-thumbnail size-thumbnail\" alt=\"\" \/><\/a>\n\t\t\t<\/div><\/figure><figure class='gallery-item'>\n\t\t\t<div class='gallery-icon landscape'>\n\t\t\t\t<a href='https:\/\/dkas.si\/fr\/aktivnosti\/ekskurzije\/izlet-lendava-grad-3\/'><img loading=\"lazy\" decoding=\"async\" width=\"150\" height=\"150\" src=\"https:\/\/dkas.si\/wp-content\/uploads\/2025\/11\/DKAS-izlet_Goricko_005-150x150.jpg\" class=\"attachment-thumbnail size-thumbnail\" alt=\"\" \/><\/a>\n\t\t\t<\/div><\/figure><figure class='gallery-item'>\n\t\t\t<div class='gallery-icon landscape'>\n\t\t\t\t<a href='https:\/\/dkas.si\/fr\/aktivnosti\/ekskurzije\/izlet-lendava-grad-4\/'><img loading=\"lazy\" decoding=\"async\" width=\"150\" height=\"150\" src=\"https:\/\/dkas.si\/wp-content\/uploads\/2025\/11\/DKAS-izlet_Goricko_006-150x150.jpg\" class=\"attachment-thumbnail size-thumbnail\" alt=\"\" \/><\/a>\n\t\t\t<\/div><\/figure><figure class='gallery-item'>\n\t\t\t<div class='gallery-icon landscape'>\n\t\t\t\t<a href='https:\/\/dkas.si\/fr\/aktivnosti\/ekskurzije\/izlet-lendava-grad-5\/'><img loading=\"lazy\" decoding=\"async\" width=\"150\" height=\"150\" src=\"https:\/\/dkas.si\/wp-content\/uploads\/2025\/11\/DKAS-izlet_Goricko_011-150x150.jpg\" class=\"attachment-thumbnail size-thumbnail\" alt=\"\" \/><\/a>\n\t\t\t<\/div><\/figure><figure class='gallery-item'>\n\t\t\t<div class='gallery-icon landscape'>\n\t\t\t\t<a href='https:\/\/dkas.si\/fr\/aktivnosti\/ekskurzije\/izlet-lendava-grad-6\/'><img loading=\"lazy\" decoding=\"async\" width=\"150\" height=\"150\" src=\"https:\/\/dkas.si\/wp-content\/uploads\/2025\/11\/DKAS-izlet_Goricko_016-150x150.jpg\" class=\"attachment-thumbnail size-thumbnail\" alt=\"\" \/><\/a>\n\t\t\t<\/div><\/figure><figure class='gallery-item'>\n\t\t\t<div class='gallery-icon landscape'>\n\t\t\t\t<a href='https:\/\/dkas.si\/fr\/aktivnosti\/ekskurzije\/izlet-lendava-grad-7\/'><img loading=\"lazy\" decoding=\"async\" width=\"150\" height=\"150\" src=\"https:\/\/dkas.si\/wp-content\/uploads\/2025\/11\/DKAS-izlet_Goricko_019-150x150.jpg\" class=\"attachment-thumbnail size-thumbnail\" alt=\"\" srcset=\"https:\/\/dkas.si\/wp-content\/uploads\/2025\/11\/DKAS-izlet_Goricko_019-150x150.jpg 150w, https:\/\/dkas.si\/wp-content\/uploads\/2025\/11\/DKAS-izlet_Goricko_019-300x300.jpg 300w, https:\/\/dkas.si\/wp-content\/uploads\/2025\/11\/DKAS-izlet_Goricko_019-1024x1024.jpg 1024w, https:\/\/dkas.si\/wp-content\/uploads\/2025\/11\/DKAS-izlet_Goricko_019-768x768.jpg 768w, https:\/\/dkas.si\/wp-content\/uploads\/2025\/11\/DKAS-izlet_Goricko_019.jpg 1181w\" sizes=\"auto, (max-width: 150px) 100vw, 150px\" \/><\/a>\n\t\t\t<\/div><\/figure><figure class='gallery-item'>\n\t\t\t<div class='gallery-icon landscape'>\n\t\t\t\t<a href='https:\/\/dkas.si\/fr\/aktivnosti\/ekskurzije\/izlet-lendava-grad-8\/'><img loading=\"lazy\" decoding=\"async\" width=\"150\" height=\"150\" src=\"https:\/\/dkas.si\/wp-content\/uploads\/2025\/11\/DKAS-izlet_Goricko_038_1-150x150.jpg\" class=\"attachment-thumbnail size-thumbnail\" alt=\"\" \/><\/a>\n\t\t\t<\/div><\/figure><figure class='gallery-item'>\n\t\t\t<div class='gallery-icon landscape'>\n\t\t\t\t<a href='https:\/\/dkas.si\/fr\/aktivnosti\/ekskurzije\/izlet-lendava-grad-9\/'><img loading=\"lazy\" decoding=\"async\" width=\"150\" height=\"150\" src=\"https:\/\/dkas.si\/wp-content\/uploads\/2025\/11\/DKAS-izlet_Goricko_040_1-150x150.jpg\" class=\"attachment-thumbnail size-thumbnail\" alt=\"\" \/><\/a>\n\t\t\t<\/div><\/figure><figure class='gallery-item'>\n\t\t\t<div class='gallery-icon landscape'>\n\t\t\t\t<a href='https:\/\/dkas.si\/fr\/aktivnosti\/ekskurzije\/dsc_1026_1\/'><img loading=\"lazy\" decoding=\"async\" width=\"150\" height=\"150\" src=\"https:\/\/dkas.si\/wp-content\/uploads\/2025\/11\/DSC_1026_1-150x150.jpg\" class=\"attachment-thumbnail size-thumbnail\" alt=\"\" \/><\/a>\n\t\t\t<\/div><\/figure><figure class='gallery-item'>\n\t\t\t<div class='gallery-icon landscape'>\n\t\t\t\t<a href='https:\/\/dkas.si\/fr\/aktivnosti\/ekskurzije\/dsc_1080_1\/'><img loading=\"lazy\" decoding=\"async\" width=\"150\" height=\"150\" src=\"https:\/\/dkas.si\/wp-content\/uploads\/2025\/11\/DSC_1080_1-150x150.jpg\" class=\"attachment-thumbnail size-thumbnail\" alt=\"\" \/><\/a>\n\t\t\t<\/div><\/figure><figure class='gallery-item'>\n\t\t\t<div class='gallery-icon portrait'>\n\t\t\t\t<a href='https:\/\/dkas.si\/fr\/aktivnosti\/ekskurzije\/dsc_1090_1\/'><img loading=\"lazy\" decoding=\"async\" width=\"150\" height=\"150\" src=\"https:\/\/dkas.si\/wp-content\/uploads\/2025\/11\/DSC_1090_1-150x150.jpg\" class=\"attachment-thumbnail size-thumbnail\" alt=\"\" \/><\/a>\n\t\t\t<\/div><\/figure><figure class='gallery-item'>\n\t\t\t<div class='gallery-icon landscape'>\n\t\t\t\t<a href='https:\/\/dkas.si\/fr\/aktivnosti\/ekskurzije\/dsc_1091_1\/'><img loading=\"lazy\" decoding=\"async\" width=\"150\" height=\"150\" src=\"https:\/\/dkas.si\/wp-content\/uploads\/2025\/11\/DSC_1091_1-150x150.jpg\" class=\"attachment-thumbnail size-thumbnail\" alt=\"\" \/><\/a>\n\t\t\t<\/div><\/figure>\n\t\t<\/div>\n\n<p>&nbsp;<\/p>\n<h3>2015 DKAS ekskurzija: Planica<\/h3>\n<p>3. oktobra 2015 je bila organizirana strokovna ekskurzija na prizori\u0161\u010de smu\u010darskih skokov, v Planico. Kolega Luka Javornik in Ana Ku\u010dan sta predstavila projekt Nordijskega centra Planica &#8211; krajinske ureditve od ideje do realizacije. Ve\u010d o projektu si lahko na spletnih straneh AKKA in Nordijskega centra Planica.<\/p>\n<p>&nbsp;<\/p>\n<h3>2013 DKAS ekskurzija: Velenje in Celje<\/h3>\n<p>V okviru meseca krajinske arhitekture 2013, 6. aprila, je bila organizirana strokovna ekskurzija v Velenje in Celje. Kolegi s sodelavci so predstavili krajinske ureditve od ideje do realizacije. Ogledali smo si: vilo Mayer in ureditev okolice v \u0160o\u0161tanju, ogled Gradu in ureditev okolice v Komendi (Polzela), ureditve obmo\u010dja ribnika Vrbje v \u017dalcu, ureditev odprtih prostorov v Celju ter obmo\u010dje \u0160martinskega jezera.<\/p>\n<p>&nbsp;<\/p>\n<h3>2012 DKAS ekskurzija: Istra in Rovinj z okolico<\/h3>\n<p>31. marca 2012 je bila v okviru meseca krajinske arhitekture organizirana ekskurzija v Istro in Rovinj z okolico. Ogledali smo si: kompleks Kempinski v Savudriji, mesta Rovinj in ureditev prof. Ogrina, ter vodeni ogled ureditev Punta Corrente &#8211; Lone &#8211; Mulini &#8211; Tvornica Duhana (Kanfanar).<\/p>\n","protected":false},"excerpt":{"rendered":"<p>Ekskurzije 2023 DKAS ekskurzija: Kozjansko in Posavje V okviru meseca krajinske arhitekture smo se v soboto, 13. maja 2023, odpravili na strokovno ekskurzijo na Kozjansko in v Posavje. Po Kozjanskem parku nas je vodila na\u0161a kolegica Vesna Zakonj\u0161ek in nam predstavila nabor projektov, ki jih izvajajo v okviru parka. Ogledali smo si trg Podsreda, drevesnico [&hellip;]<\/p>\n","protected":false},"author":1,"featured_media":2467,"parent":173,"menu_order":10,"comment_status":"closed","ping_status":"closed","template":"","meta":{"footnotes":""},"class_list":["post-2536","page","type-page","status-publish","has-post-thumbnail","hentry"],"_links":{"self":[{"href":"https:\/\/dkas.si\/fr\/wp-json\/wp\/v2\/pages\/2536","targetHints":{"allow":["GET"]}}],"collection":[{"href":"https:\/\/dkas.si\/fr\/wp-json\/wp\/v2\/pages"}],"about":[{"href":"https:\/\/dkas.si\/fr\/wp-json\/wp\/v2\/types\/page"}],"author":[{"embeddable":true,"href":"https:\/\/dkas.si\/fr\/wp-json\/wp\/v2\/users\/1"}],"replies":[{"embeddable":true,"href":"https:\/\/dkas.si\/fr\/wp-json\/wp\/v2\/comments?post=2536"}],"version-history":[{"count":18,"href":"https:\/\/dkas.si\/fr\/wp-json\/wp\/v2\/pages\/2536\/revisions"}],"predecessor-version":[{"id":2810,"href":"https:\/\/dkas.si\/fr\/wp-json\/wp\/v2\/pages\/2536\/revisions\/2810"}],"up":[{"embeddable":true,"href":"https:\/\/dkas.si\/fr\/wp-json\/wp\/v2\/pages\/173"}],"wp:featuredmedia":[{"embeddable":true,"href":"https:\/\/dkas.si\/fr\/wp-json\/wp\/v2\/media\/2467"}],"wp:attachment":[{"href":"https:\/\/dkas.si\/fr\/wp-json\/wp\/v2\/media?parent=2536"}],"curies":[{"name":"wp","href":"https:\/\/api.w.org\/{rel}","templated":true}]}}