{"id":610,"date":"2025-04-12T20:53:08","date_gmt":"2025-04-12T18:53:08","guid":{"rendered":"https:\/\/newdkas.wpm.hehe.si\/?page_id=610"},"modified":"2025-09-23T18:28:58","modified_gmt":"2025-09-23T16:28:58","slug":"mestno-drevje","status":"publish","type":"page","link":"https:\/\/dkas.si\/fr\/projekti-in-publikacije\/publikacije\/mestno-drevje\/","title":{"rendered":"Mestno drevje"},"content":{"rendered":"<h2>Mestno drevje<\/h2>\n<p><img loading=\"lazy\" decoding=\"async\" class=\"size-medium wp-image-613\" src=\"https:\/\/dkas.si\/wp-content\/uploads\/2025\/04\/MD_NASLOVNICA-200x300.jpg\" alt=\"\" width=\"200\" height=\"300\" srcset=\"https:\/\/dkas.si\/wp-content\/uploads\/2025\/04\/MD_NASLOVNICA-200x300.jpg 200w, https:\/\/dkas.si\/wp-content\/uploads\/2025\/04\/MD_NASLOVNICA.jpg 480w\" sizes=\"auto, (max-width: 200px) 100vw, 200px\" \/><\/p>\n<p>Avtorji: Aleksander \u0160iftar, Tanja Maljevac, Maja Simoneti, Jo\u017ee Bavcon<\/p>\n<p>Izdal: Botani\u010dni vrt, Oddelek za biologijo, Biotehni\u0161ka fakulteta, Univerza v Ljubljani<\/p>\n<p>Ljubljana, 2011<\/p>\n<p>Oblikovanje in prelom: Eva Zupan<br \/>\nUredili: Tanja Maljevac, Maja Simoneti in Jo\u017ee Bavcon<br \/>\nFoto urednik: Sergej Hiti<br \/>\nLektoriranje: Aleksander Lavrini<br \/>\nTisk: Littera picta, d. o. o.<br \/>\nNaklada: 500<\/p>\n<p>CIP &#8211; Katalo\u017eni zapis o publikaciji<br \/>\nNarodna in univerzitetna knji\u017enica, Ljubljana<br \/>\n582.091(1-21)<\/p>\n<p>Knjiga je zbirka mednarodno uveljavljenih priporo\u010dil in pravil za ravnanje z mestnim drevjem. Namenjena je tistim, ki se pri svojem delu kot na\u010drtovalci, vzdr\u017eevalci, upravitelji, graditelji, nadzorniki, lastniki in razli\u010dne druge vrste skrbniki drevja in javnih ureditev sre\u010dujejo z odlo\u010danjem o saditvi, vzdr\u017eevanju, varstvu in odstranjevanju dreves v mestu. Namen knjige je prispevati h kakovosti ravnanja z mestnim drevjem v vseh \u017eivljenjskih obdobjih in tako prepre\u010devati nepovratno \u0161kodo, ki jo povzro\u010dajo nedomi\u0161ljeno na\u010drtovanje, slaba izvedba novih saditev, malomarno vzdr\u017eevanje in neustrezna za\u0161\u010dita drevja pred vplivi iz okolja.<\/p>\n<p>V mestu je mnogo te\u017eje posaditi in vzgojiti drevo kot zgraditi hi\u0161o. Pogoji za rast se z razvojem mesta in podnebnimi spremembami samo zaostrujejo zato dobra praksa ravnanja z mestnim drevjem edina lahko zagotovi u\u010dinkovit sistem varovanja odraslega drevja, ki omogo\u010da, da se mestni drevesni fond razvija, da se njegov obseg in kakovost ne zmanj\u0161ujeta, ampak rasteta.<\/p>\n<p>Nakup knjige je mo\u017een v Botani\u010dnem vrtu v Ljubljani na I\u017eanski cesti 15 in po elektronski po\u0161ti na naslov\u00a0<a href=\"mailto:botanicni.vrt@siol.net\">botanicni.vrt@siol.net<\/a>.<br \/>\nCena knjige je 34\u20ac z DDV.<\/p>\n","protected":false},"excerpt":{"rendered":"<p>Mestno drevje Avtorji: Aleksander \u0160iftar, Tanja Maljevac, Maja Simoneti, Jo\u017ee Bavcon Izdal: Botani\u010dni vrt, Oddelek za biologijo, Biotehni\u0161ka fakulteta, Univerza v Ljubljani Ljubljana, 2011 Oblikovanje in prelom: Eva Zupan Uredili: Tanja Maljevac, Maja Simoneti in Jo\u017ee Bavcon Foto urednik: Sergej Hiti Lektoriranje: Aleksander Lavrini Tisk: Littera picta, d. o. o. Naklada: 500 CIP &#8211; Katalo\u017eni [&hellip;]<\/p>\n","protected":false},"author":2,"featured_media":501,"parent":89,"menu_order":2,"comment_status":"closed","ping_status":"closed","template":"","meta":{"footnotes":""},"class_list":["post-610","page","type-page","status-publish","has-post-thumbnail","hentry"],"_links":{"self":[{"href":"https:\/\/dkas.si\/fr\/wp-json\/wp\/v2\/pages\/610","targetHints":{"allow":["GET"]}}],"collection":[{"href":"https:\/\/dkas.si\/fr\/wp-json\/wp\/v2\/pages"}],"about":[{"href":"https:\/\/dkas.si\/fr\/wp-json\/wp\/v2\/types\/page"}],"author":[{"embeddable":true,"href":"https:\/\/dkas.si\/fr\/wp-json\/wp\/v2\/users\/2"}],"replies":[{"embeddable":true,"href":"https:\/\/dkas.si\/fr\/wp-json\/wp\/v2\/comments?post=610"}],"version-history":[{"count":4,"href":"https:\/\/dkas.si\/fr\/wp-json\/wp\/v2\/pages\/610\/revisions"}],"predecessor-version":[{"id":1247,"href":"https:\/\/dkas.si\/fr\/wp-json\/wp\/v2\/pages\/610\/revisions\/1247"}],"up":[{"embeddable":true,"href":"https:\/\/dkas.si\/fr\/wp-json\/wp\/v2\/pages\/89"}],"wp:featuredmedia":[{"embeddable":true,"href":"https:\/\/dkas.si\/fr\/wp-json\/wp\/v2\/media\/501"}],"wp:attachment":[{"href":"https:\/\/dkas.si\/fr\/wp-json\/wp\/v2\/media?parent=610"}],"curies":[{"name":"wp","href":"https:\/\/api.w.org\/{rel}","templated":true}]}}