{"id":744,"date":"2025-09-18T20:23:32","date_gmt":"2025-09-18T18:23:32","guid":{"rendered":"https:\/\/newdkas.wpm.hehe.si\/?page_id=744"},"modified":"2025-10-28T21:51:33","modified_gmt":"2025-10-28T20:51:33","slug":"razstava-polhograjskega-dnevnika","status":"publish","type":"page","link":"https:\/\/dkas.si\/fr\/aktivnosti\/razstave\/razstava-polhograjskega-dnevnika\/","title":{"rendered":"2025 Razstava Polhograjskega dnevnika"},"content":{"rendered":"<h3>RAZSTAVA POLHOGRAJSKEGA DNEVNIKA,<br \/>\nniz analiti\u010dnih skic krajine in stavbarstva v Polhograjcih<\/h3>\n<p><strong>V soboto, 12. aprila 2025,<\/strong> je <strong>Doma\u010dija Pr\u2019 Lenart na Belem v Medvodah<\/strong> gostila edinstven kulturni dogodek, ki je potekal <strong>v sklopu Meseca krajinske arhitekture<\/strong>.<\/p>\n<p>Obiskovalci so lahko u\u017eivali v <strong>razstavi Polhograjskega dnevnika<\/strong>, se udele\u017eili delavnice risanja krajine ter do\u017eiveli umetni\u0161ko svetlobno projekcijo risb. Dogodek, ki je zdru\u017eeval krajinsko arhitekturo, umetnost in kulturno dedi\u0161\u010dino, je pritegnil okoli 20 obiskovalcev.<\/p>\n<p><strong>Razstava Polhograjskega dnevnika, zbirke 31 analiti\u010dnih risb, ki jih je ustvaril krajinski arhitekt Tim Gerdin<\/strong> med raziskovanjem Polhograjskih dolomitov v okviru magistrskega dela, je obiskovalce popeljala v raznolikost in prepoznavnost krajin tega obmo\u010dja. Risbe, ki so nastajale neposredno na terenu, prikazujejo zna\u010dilnosti kulturne in naravne krajine, kot jih vidi strokovno, a tudi ob\u010duteno oko avtorja.<\/p>\n<p>Dogodku je sledila <strong>delavnica risanja krajine<\/strong>, ki jo je vodil prav avtor razstave, Tim Gerdin. Udele\u017eencem je pojasnil, kako se krajinska risba lahko oblikuje kot kombinacija razli\u010dnih pogledov, vklju\u010dno s tlorisnimi prikazi. Udele\u017eenci so se nau\u010dili prepoznavanja motivov v naravi \u2013 od silhuet in cest do objektov kulturne dedi\u0161\u010dine \u2013 in jih prenesli na papir z uporabo \u010drno-bele in barvne tehnike. Delavnica je bila namenjena tako odraslim kot otrokom, ki so s svojo domi\u0161ljijo dogodek \u0161e dodatno popestrili \u2013 na njihovih risbah so se hitro pojavili avtobusi, rakete in druge domi\u0161ljijske podobe.<\/p>\n<p>Vrhunec ve\u010dera je predstavljala <strong>umetni\u0161ka svetlobna projekcija Henrike von Dewitz<\/strong>, vizualne umetnice in antropologinje iz Nem\u010dije, ki je z uporabo risb iz Polhograjske ga dnevnika ustvarila za\u010dasno svetlobno instalacijo. Risbe so bile digitalno obdelane in projicirane na arhitekturne povr\u0161ine doma\u010dije, kar je ustvarilo poeti\u010den dialog med kulturno in naravno dedi\u0161\u010dino ter sodobno umetnostjo. Projekcija, ki se je odvijala ob za\u010detku mraka, je s svojo subtilnostjo navdu\u0161ila obiskovalce in pokazala, kako je mogo\u010de umetnost spo\u0161tljivo vnesti tudi v zavarovana okolja in bolj odro\u010dne kraje.<\/p>\n<p>V sodelovanju z Javnim za vodom Polhograjska gra\u0161\u010dina \u017ee potekajo dogovori, da bi umetni\u0161ko delo Henrike von Dewitz predstavili tudi v Polhovem Gradcu in tako omogo\u010dili \u0161ir\u0161i publiki dostop do tovrstne umetni\u0161ke izku\u0161nje.<\/p>\n<p>Doma\u010dija Pr\u2019 Lenart, kulturni spomenik iz 16. stoletja, je dokazala, da je prostor, kjer se lahko sre\u010data preteklost in sodobna umetnost. S svojim raznolikim programom in gostovanjem umetni\u0161kih ter humanisti\u010dnih rezidenc odpira vrata ustvarjalcem, ki si \u017eelijo delovati izven urbanih sredi\u0161\u010d in se povezovati z lokalnimi skupnostmi.<\/p>\n<p>Dogodek je obiskovalcem ponudil tudi nekaj doma\u010de kulinarike \u2013 poleg zelenjavne juhe so se lahko okrep\u010dali v prijetnem ambientu ob kulturni izku\u0161nji, ki je povezala strokovnost, umetni\u0161ko vizijo in pristno naravno okolje Polhograjskih dolomitov.<\/p>\n<p>&nbsp;<\/p>\n<p>Fotografije: Ne\u017ea Arko, Tim Gerdin, Tim Tav\u010dar<\/p>\n<p><em>Povzet \u010dlanek iz Na\u0161 \u010dasopis, Leto LII, \u0161t. 536, 28. april 2025 (vir:\u00a0<a href=\"https:\/\/www.mojaobcina.si\/e_izdaje\/vrhnika\/Nas_casopis_536_11..pdf\">Na\u0161 \u010dasopis)<\/a><\/em><\/p>\n<p>&nbsp;<\/p>\n<p><img loading=\"lazy\" decoding=\"async\" class=\"alignleft size-large wp-image-734\" src=\"https:\/\/dkas.si\/wp-content\/uploads\/2025\/09\/IMG-20250901-WA0021-1024x472.jpg\" alt=\"\" width=\"1024\" height=\"472\" srcset=\"https:\/\/dkas.si\/wp-content\/uploads\/2025\/09\/IMG-20250901-WA0021-1024x472.jpg 1024w, https:\/\/dkas.si\/wp-content\/uploads\/2025\/09\/IMG-20250901-WA0021-300x138.jpg 300w, https:\/\/dkas.si\/wp-content\/uploads\/2025\/09\/IMG-20250901-WA0021-768x354.jpg 768w, https:\/\/dkas.si\/wp-content\/uploads\/2025\/09\/IMG-20250901-WA0021-1536x708.jpg 1536w, https:\/\/dkas.si\/wp-content\/uploads\/2025\/09\/IMG-20250901-WA0021.jpg 1600w\" sizes=\"auto, (max-width: 1024px) 100vw, 1024px\" \/> <img loading=\"lazy\" decoding=\"async\" class=\"alignleft size-large wp-image-732\" src=\"https:\/\/dkas.si\/wp-content\/uploads\/2025\/09\/IMG-20250901-WA0019-1024x472.jpg\" alt=\"\" width=\"1024\" height=\"472\" srcset=\"https:\/\/dkas.si\/wp-content\/uploads\/2025\/09\/IMG-20250901-WA0019-1024x472.jpg 1024w, https:\/\/dkas.si\/wp-content\/uploads\/2025\/09\/IMG-20250901-WA0019-300x138.jpg 300w, https:\/\/dkas.si\/wp-content\/uploads\/2025\/09\/IMG-20250901-WA0019-768x354.jpg 768w, https:\/\/dkas.si\/wp-content\/uploads\/2025\/09\/IMG-20250901-WA0019-1536x708.jpg 1536w, https:\/\/dkas.si\/wp-content\/uploads\/2025\/09\/IMG-20250901-WA0019.jpg 1600w\" sizes=\"auto, (max-width: 1024px) 100vw, 1024px\" \/> <img loading=\"lazy\" decoding=\"async\" class=\"alignleft size-large wp-image-733\" src=\"https:\/\/dkas.si\/wp-content\/uploads\/2025\/09\/IMG-20250901-WA0020-1024x472.jpg\" alt=\"\" width=\"1024\" height=\"472\" srcset=\"https:\/\/dkas.si\/wp-content\/uploads\/2025\/09\/IMG-20250901-WA0020-1024x472.jpg 1024w, https:\/\/dkas.si\/wp-content\/uploads\/2025\/09\/IMG-20250901-WA0020-300x138.jpg 300w, https:\/\/dkas.si\/wp-content\/uploads\/2025\/09\/IMG-20250901-WA0020-768x354.jpg 768w, https:\/\/dkas.si\/wp-content\/uploads\/2025\/09\/IMG-20250901-WA0020-1536x708.jpg 1536w, https:\/\/dkas.si\/wp-content\/uploads\/2025\/09\/IMG-20250901-WA0020.jpg 1600w\" sizes=\"auto, (max-width: 1024px) 100vw, 1024px\" \/> <img loading=\"lazy\" decoding=\"async\" class=\"alignleft size-large wp-image-735\" src=\"https:\/\/dkas.si\/wp-content\/uploads\/2025\/09\/IMG-20250901-WA0022-1024x472.jpg\" alt=\"\" width=\"1024\" height=\"472\" srcset=\"https:\/\/dkas.si\/wp-content\/uploads\/2025\/09\/IMG-20250901-WA0022-1024x472.jpg 1024w, https:\/\/dkas.si\/wp-content\/uploads\/2025\/09\/IMG-20250901-WA0022-300x138.jpg 300w, https:\/\/dkas.si\/wp-content\/uploads\/2025\/09\/IMG-20250901-WA0022-768x354.jpg 768w, https:\/\/dkas.si\/wp-content\/uploads\/2025\/09\/IMG-20250901-WA0022-1536x708.jpg 1536w, https:\/\/dkas.si\/wp-content\/uploads\/2025\/09\/IMG-20250901-WA0022.jpg 1600w\" sizes=\"auto, (max-width: 1024px) 100vw, 1024px\" \/> <img loading=\"lazy\" decoding=\"async\" class=\"alignleft size-large wp-image-731\" src=\"https:\/\/dkas.si\/wp-content\/uploads\/2025\/09\/IMG-20250901-WA0018-1024x472.jpg\" alt=\"\" width=\"1024\" height=\"472\" srcset=\"https:\/\/dkas.si\/wp-content\/uploads\/2025\/09\/IMG-20250901-WA0018-1024x472.jpg 1024w, https:\/\/dkas.si\/wp-content\/uploads\/2025\/09\/IMG-20250901-WA0018-300x138.jpg 300w, https:\/\/dkas.si\/wp-content\/uploads\/2025\/09\/IMG-20250901-WA0018-768x354.jpg 768w, https:\/\/dkas.si\/wp-content\/uploads\/2025\/09\/IMG-20250901-WA0018-1536x708.jpg 1536w, https:\/\/dkas.si\/wp-content\/uploads\/2025\/09\/IMG-20250901-WA0018.jpg 1600w\" sizes=\"auto, (max-width: 1024px) 100vw, 1024px\" \/><\/p>\n","protected":false},"excerpt":{"rendered":"<p>RAZSTAVA POLHOGRAJSKEGA DNEVNIKA, niz analiti\u010dnih skic krajine in stavbarstva v Polhograjcih V soboto, 12. aprila 2025, je Doma\u010dija Pr\u2019 Lenart na Belem v Medvodah gostila edinstven kulturni dogodek, ki je potekal v sklopu Meseca krajinske arhitekture. Obiskovalci so lahko u\u017eivali v razstavi Polhograjskega dnevnika, se udele\u017eili delavnice risanja krajine ter do\u017eiveli umetni\u0161ko svetlobno projekcijo risb. [&hellip;]<\/p>\n","protected":false},"author":7,"featured_media":741,"parent":180,"menu_order":0,"comment_status":"closed","ping_status":"closed","template":"","meta":{"footnotes":""},"class_list":["post-744","page","type-page","status-publish","has-post-thumbnail","hentry"],"_links":{"self":[{"href":"https:\/\/dkas.si\/fr\/wp-json\/wp\/v2\/pages\/744","targetHints":{"allow":["GET"]}}],"collection":[{"href":"https:\/\/dkas.si\/fr\/wp-json\/wp\/v2\/pages"}],"about":[{"href":"https:\/\/dkas.si\/fr\/wp-json\/wp\/v2\/types\/page"}],"author":[{"embeddable":true,"href":"https:\/\/dkas.si\/fr\/wp-json\/wp\/v2\/users\/7"}],"replies":[{"embeddable":true,"href":"https:\/\/dkas.si\/fr\/wp-json\/wp\/v2\/comments?post=744"}],"version-history":[{"count":6,"href":"https:\/\/dkas.si\/fr\/wp-json\/wp\/v2\/pages\/744\/revisions"}],"predecessor-version":[{"id":2663,"href":"https:\/\/dkas.si\/fr\/wp-json\/wp\/v2\/pages\/744\/revisions\/2663"}],"up":[{"embeddable":true,"href":"https:\/\/dkas.si\/fr\/wp-json\/wp\/v2\/pages\/180"}],"wp:featuredmedia":[{"embeddable":true,"href":"https:\/\/dkas.si\/fr\/wp-json\/wp\/v2\/media\/741"}],"wp:attachment":[{"href":"https:\/\/dkas.si\/fr\/wp-json\/wp\/v2\/media?parent=744"}],"curies":[{"name":"wp","href":"https:\/\/api.w.org\/{rel}","templated":true}]}}