{"id":80,"date":"2024-05-13T00:33:00","date_gmt":"2024-05-12T22:33:00","guid":{"rendered":"https:\/\/newdkas.wpm.hehe.si\/?page_id=80"},"modified":"2026-03-09T20:24:36","modified_gmt":"2026-03-09T19:24:36","slug":"o-drustvu","status":"publish","type":"page","link":"https:\/\/dkas.si\/fr\/drustvo\/o-drustvu\/","title":{"rendered":"O dru\u0161tvu"},"content":{"rendered":"<h2 class=\"title\">O dru\u0161tvu<\/h2>\n<p><strong>Dru\u0161tvo krajinskih arhitektov Slovenije (DKAS) je strokovno zdru\u017eenje krajinskih arhitektov, ustavljeno na prvi pomladni dan leta 1992. V svojih vrstah zdru\u017euje prek 100 \u010dlanov razli\u010dnih generacij, aktivnih na razli\u010dnih ravneh in podro\u010djih prostorskega in urbanisti\u010dnega na\u010drtovanja, urejanja krajine, projektiranja, varstva narave in kulturne dedi\u0161\u010dine, varstva in razvoja krajine.<\/strong><\/p>\n<p>Kot nevladna organizacija v javnem interesu, dru\u0161tvo dosledno zavzema aktivno dr\u017eo v procesu sprejemanja prostorske, gradbene, okoljske in druge sektorske zakonodaje in dejavno sodeluje s stanovskimi dru\u0161tvi, njegovi \u010dlan pa so prepoznavni sogovorniki pri raznolikih vpra\u0161anjih urejanja prostora in krajine. Temeljna na\u010dela, ki jih pri svojem delu spo\u0161tujemo, so celovitost v pristopu do problema, interdisciplinarnost, upo\u0161tevanje tako okoljskih kot socialnih in ekonomskih vidikov razvoja in varstva, transparentnost in iskanje prostorskih re\u0161itev v sodelovanju z razli\u010dnimi javnostmi.<\/p>\n<p>O kvaliteti dela \u010dlanov dru\u0161tva pri\u010dajo \u0161tevilne nagrade, ki so jih \u010dlani prejeli za svoje strokovno udejstvovanje v in izven dru\u0161tva, prav tako pa je bilo za svoje aktivnosti (projekte) nagrajeno tudi dru\u0161tvo. Kot pomembno mednarodno priznanje zagotovo lahko izpostavimo prejeti priznanji v sklopu nagrade Sveta Evrope za krajino v letu 2010-2011 za enoletni projekt DKAS <a href=\"https:\/\/dkas.si\/projekti-in-publikacije\/projekti\/mi-urejamo-krajino-we-are-making-our-landscape-2004-2005\/\">\u00bbMi urejamo krajino\u00ab<\/a> ter v obdobju 2022-2024 za projekt <a href=\"https:\/\/dkas.si\/projekti-in-publikacije\/projekti\/krajinska-politika\/\">\u00bbVarstvo in razvoj slovenske krajine: Izhodi\u0161\u010da za oblikovanje krajinske politike\u00ab<\/a>, ki ga je DKAS izvedel v sodelovanju s CIPRA in IPoP.<\/p>\n<h4><strong>Pregled predsednikov in \u010dlanov upravnih odborov:<\/strong><\/h4>\n<p><strong><span style=\"color: #99cc00;\">2026-2028<\/span><\/strong>\u00a0<strong>Tadej Bevk<\/strong> \/\/ Nejc Florjanc, Klavdija Peperko, Barbara Kostanj\u0161ek, Gaja Trbi\u017ean, Naja Zupan\u010di\u010d, Tim Gerdin<\/p>\n<p><strong><span style=\"color: #99cc00;\">2024-2025<\/span><\/strong> <strong>Stanka De\u0161nik<\/strong> \/\/ Martina Augu\u0161tin, Nika \u010cufer, Nejc Florjanc, Tadej Kozar, Klavdija Peperko, Nevenka \u017dvokelj<br \/>\n<strong><span style=\"color: #99cc00;\">2022-2023<\/span>\u00a0Jana Kozamernik<\/strong> \/\/ Petra Grmek, Katja Mali, \u017diva Pe\u010denko, Mojca Smrkolj, Tanja Srdi\u0107, Ur\u0161ka Kristina \u0160kerl<br \/>\n<strong><span style=\"color: #99cc00;\">2020-2021 <\/span>Barbara Kostanj\u0161ek<\/strong> \/\/ \u0160pela Bra\u010dko Kragelj, Nika Cigoj Sitar, Kaja Flis, Eva Harmel, Zala Jerman, Damjana Gantar<br \/>\n<strong><span style=\"color: #99cc00;\">2018-2019<\/span> Luka Javornik<\/strong> \/\/ Tadej Bevk, Barbara Mlakar, Du\u0161an Stupar, Tina Trampu\u0161, Gaja Trbi\u017ean, Luka Vidic<br \/>\n<strong><span style=\"color: #99cc00;\">2016-2017<\/span> Jo\u017ee Novak<\/strong> \/\/ Toma\u017e Acman, Nu\u0161a Britov\u0161ek, Mojca Golobi\u010d, Lucija Gritli, Alenka Pade\u017enik, Sa\u0161a Piano, Petra Vertelj Nared<br \/>\n<strong><span style=\"color: #99cc00;\">2014-2015<\/span> Nevenka \u017dvokelj<\/strong> \/\/ Metka Jug, Nina Lipu\u0161\u010dek, Nasta Rak, Radovan Romih, \u00a0Mojca Rupnik, Ur\u0161ka Zori\u010d<br \/>\n<strong><span style=\"color: #99cc00;\">2012-2013<\/span><\/strong>\u00a0<strong>Suzana Simi\u010d<\/strong> \/\/ Jana Kozamernik, \u0160pela Kragelj Bra\u010dko, Petra Krajner, Lenart \u00a0Pretnar, Nevenka \u017dvokelj<br \/>\n<strong><span style=\"color: #99cc00;\">2010-2011<\/span><\/strong>\u00a0<strong>Barbara Goli\u010dnik Maru\u0161i\u0107<\/strong> \/\/ Mojca Balant, Blanka Bartol, Damjan \u010cerne, Du\u0161an Stupar, Tina Verbi\u010d, Andreja Zapu\u0161ek \u010cerne<br \/>\n<strong><span style=\"color: #99cc00;\">2008-2009<\/span>\u00a0Maja Simoneti<\/strong> \/\/ Sergej Hiti, Jelka Hudoklin, Ana Ku\u010dan, Tanja Maljevac, Darja Matja\u0161ec, Andreja Zapu\u0161ek<br \/>\n<strong><span style=\"color: #99cc00;\">2006-2007<\/span><\/strong>\u00a0<strong>Nata\u0161a Bu\u010dar Draksler<\/strong> \/\/ Andreja Ba\u0161kov\u010d, Damjan \u010cerne, Jasna Koblar, Matej Ku\u010dina<br \/>\n<strong><span style=\"color: #99cc00;\">2003-2005<\/span><\/strong>\u00a0<strong>Andrej Strgar<\/strong> \/\/ Jelena Hladnik, Iztok Kav\u010di\u010d, Ale\u0161 Kopriv\u0161ek, Darja Pergovnik<br \/>\n<strong><span style=\"color: #99cc00;\">2001-2003<\/span><\/strong>\u00a0<strong>Alenka Kol\u0161ek<\/strong> \/\/ Blanka Bartol, Stanka De\u0161nik, Janez Dolinar, Izidor Jerala, Sa\u0161a Piano, Niko Stare<br \/>\n<strong><span style=\"color: #99cc00;\">1998-2000<\/span>\u00a0Ale\u0161 Bizjak<\/strong> \/\/ Karla Jankovi\u010d, Vesna Kolar Planin\u0161i\u010d, Barbara Mlakar, Maja Vodnik<br \/>\n<strong><span style=\"color: #99cc00;\">1996-1998<\/span>\u00a0Marko Prem<\/strong> \/\/ Mateja Dole\u017eal, Ana Ku\u010dan, Darja Marin\u010dek, Irena Rozman Fattori, Maja Simoneti, Miran Vatovec<br \/>\n<strong><span style=\"color: #99cc00;\">1995-1996<\/span><\/strong>\u00a0<strong>Igor Vu\u010der<\/strong> \/\/ Nata\u0161a Bratina, Jelka Hudoklin, Andreja Ogulin,\u00a0 Marsela Podboj, Igor Zakotnik<br \/>\n<strong><span style=\"color: #99cc00;\">1994-1995<\/span><\/strong>\u00a0<strong>Nata\u0161a Bratina<\/strong> \/\/ Sa\u0161o Draksler, Jelka Hudoklin, Marsela Podboj, Irena Rozman Fattori, Igor Zakotnik, Bojan \u017dnidar\u0161i\u010d<br \/>\n<strong><span style=\"color: #99cc00;\">1992-1994<\/span>\u00a0Ale\u0161 Hafner<\/strong> \/\/ Blanka Bartol, Davorin Gazvoda, Izidor Habjani\u010d, Jelka Habjan, Irena Rozman Fattori<\/p>\n<div id=\"gtx-trans\" style=\"position: absolute; left: -89px; top: 48px;\">\n<div class=\"gtx-trans-icon\"><\/div>\n<\/div>\n","protected":false},"excerpt":{"rendered":"<p>O dru\u0161tvu Dru\u0161tvo krajinskih arhitektov Slovenije (DKAS) je strokovno zdru\u017eenje krajinskih arhitektov, ustavljeno na prvi pomladni dan leta 1992. V svojih vrstah zdru\u017euje prek 100 \u010dlanov razli\u010dnih generacij, aktivnih na razli\u010dnih ravneh in podro\u010djih prostorskega in urbanisti\u010dnega na\u010drtovanja, urejanja krajine, projektiranja, varstva narave in kulturne dedi\u0161\u010dine, varstva in razvoja krajine. Kot nevladna organizacija v javnem [&hellip;]<\/p>\n","protected":false},"author":1,"featured_media":1923,"parent":58,"menu_order":1,"comment_status":"closed","ping_status":"closed","template":"","meta":{"footnotes":""},"class_list":["post-80","page","type-page","status-publish","has-post-thumbnail","hentry"],"_links":{"self":[{"href":"https:\/\/dkas.si\/fr\/wp-json\/wp\/v2\/pages\/80","targetHints":{"allow":["GET"]}}],"collection":[{"href":"https:\/\/dkas.si\/fr\/wp-json\/wp\/v2\/pages"}],"about":[{"href":"https:\/\/dkas.si\/fr\/wp-json\/wp\/v2\/types\/page"}],"author":[{"embeddable":true,"href":"https:\/\/dkas.si\/fr\/wp-json\/wp\/v2\/users\/1"}],"replies":[{"embeddable":true,"href":"https:\/\/dkas.si\/fr\/wp-json\/wp\/v2\/comments?post=80"}],"version-history":[{"count":23,"href":"https:\/\/dkas.si\/fr\/wp-json\/wp\/v2\/pages\/80\/revisions"}],"predecessor-version":[{"id":3045,"href":"https:\/\/dkas.si\/fr\/wp-json\/wp\/v2\/pages\/80\/revisions\/3045"}],"up":[{"embeddable":true,"href":"https:\/\/dkas.si\/fr\/wp-json\/wp\/v2\/pages\/58"}],"wp:featuredmedia":[{"embeddable":true,"href":"https:\/\/dkas.si\/fr\/wp-json\/wp\/v2\/media\/1923"}],"wp:attachment":[{"href":"https:\/\/dkas.si\/fr\/wp-json\/wp\/v2\/media?parent=80"}],"curies":[{"name":"wp","href":"https:\/\/api.w.org\/{rel}","templated":true}]}}